{"id":2728,"date":"2020-06-08T12:55:42","date_gmt":"2020-06-08T10:55:42","guid":{"rendered":"https:\/\/www.e2b-consulting.com\/?page_id=2728"},"modified":"2022-02-11T10:55:30","modified_gmt":"2022-02-11T09:55:30","slug":"community-management-tunisie","status":"publish","type":"page","link":"https:\/\/www.e2b-consulting.com\/en\/community-management-tunisie\/","title":{"rendered":"Community management"},"content":{"rendered":"<p><section id=\"bt_bb_section69f38334d7b29\" class=\"bt_bb_section bt_bb_layout_boxed_1200 bt_bb_vertical_align_top bt_bb_top_section_coverage_image bt_bb_section_with_top_coverage_image bt_bb_top_spacing_normal bt_bb_section_show_right_boxed_content\"  data-bt-override-class=\"null\"><div class=\"bt_bb_port\"><div class=\"bt_bb_cell\"><div class=\"bt_bb_cell_inner\"><div class=\"bt_bb_row\"  data-bt-override-class=\"{}\"><div class=\"bt_bb_row_holder\" ><div  class=\"bt_bb_column col-xl-6 bt_bb_align_right bt_bb_vertical_align_top bt_bb_animation_fade_in animate bt_bb_padding_double bt_bb_animation_fade_in animate\"  data-width=\"6\" data-bt-override-class=\"{}\"><div class=\"bt_bb_column_content\"><div class=\"bt_bb_separator bt_bb_border_style_none bt_bb_bottom_spacing_medium\" data-bt-override-class=\"null\"><\/div><div class=\"bt_bb_image bt_bb_shape_square bt_bb_target_self bt_bb_align_inherit bt_bb_hover_style_simple bt_bb_content_display_always bt_bb_content_align_middle\" data-bt-override-class=\"{}\"><span><img loading=\"lazy\" decoding=\"async\" width=\"800\" height=\"843\" src=\"https:\/\/www.e2b-consulting.com\/wp-content\/uploads\/2020\/06\/community-manager.png\" class=\"attachment-full size-full\" alt=\"Agence de community management Tunisie\" data-full_image_src=\"https:\/\/www.e2b-consulting.com\/wp-content\/uploads\/2020\/06\/community-manager.png\" title=\"Agence de community management Tunisie\" srcset=\"https:\/\/www.e2b-consulting.com\/wp-content\/uploads\/2020\/06\/community-manager.png 800w, https:\/\/www.e2b-consulting.com\/wp-content\/uploads\/2020\/06\/community-manager-600x632.png 600w, https:\/\/www.e2b-consulting.com\/wp-content\/uploads\/2020\/06\/community-manager-640x674.png 640w, https:\/\/www.e2b-consulting.com\/wp-content\/uploads\/2020\/06\/community-manager-768x809.png 768w, https:\/\/www.e2b-consulting.com\/wp-content\/uploads\/2020\/06\/community-manager-320x337.png 320w\" sizes=\"(max-width: 800px) 100vw, 800px\" \/><\/span><\/div><div class=\"bt_bb_separator bt_bb_border_style_none bt_bb_bottom_spacing_medium\" data-bt-override-class=\"null\"><\/div><\/div><\/div><div  class=\"bt_bb_column col-xl-6 bt_bb_align_left bt_bb_vertical_align_middle bt_bb_animation_fade_in zoom_out animate bt_bb_padding_normal bt_bb_animation_fade_in bt_bb_animation_zoom_out animate\"  data-width=\"6\" data-bt-override-class=\"{}\"><div class=\"bt_bb_column_content\"><header class=\"bt_bb_headline bt_bb_dash_none bt_bb_superheadline bt_bb_superheadline_outside bt_bb_subheadline bt_bb_size_large bt_bb_align_inherit\" data-bt-override-class=\"{}\"><div class=\"bt_bb_headline_superheadline_outside\"><span class=\"bt_bb_headline_superheadline\">COMMUNITY MANAGEMENT AGENCY IN TUNISIA<\/span><\/div><h1 class=\"bt_bb_headline_tag\"><span class=\"bt_bb_headline_content\"><span><b>Community management agency <\/b> <u>in Tunisia<\/u> <\/span><\/span><\/h1><div class=\"bt_bb_headline_subheadline\">Need a community management agency? Manage your Facebook and Instagram page ?<\/div><\/header><div class=\"bt_bb_separator bt_bb_border_style_solid bt_bb_top_spacing_normal bt_bb_bottom_spacing_normal\" data-bt-override-class=\"null\"><\/div><div class=\"bt_bb_row_inner\"   data-bt-override-class=\"{}\"><div class=\"bt_bb_row_inner_holder\"  ><div  class=\"bt_bb_column_inner col-xl-6 bt_bb_align_left bt_bb_vertical_align_top\"  data-width=\"6\" data-bt-override-class=\"{}\"><div class=\"bt_bb_column_inner_content\"><div  class=\"bt_bb_text\" ><\/p>\n<p>Discover <strong>social network management with<\/strong> our <strong>community management agency<\/strong><br \/>\n\u00ab\u00a0e2business consulting and training \u00a0\u00bb<\/p>\n<p><strong>The community management :<\/strong>:<\/p>\n<p>Community management is often used interchangeably with social media management. And while it\u2019s definitely a key part of any social media strategy,<\/p>\n<p>\n<\/div><\/div><\/div><div  class=\"bt_bb_column_inner col-xl-6 bt_bb_align_left bt_bb_vertical_align_top\"  data-width=\"6\" data-bt-override-class=\"{}\"><div class=\"bt_bb_column_inner_content\"><div  class=\"bt_bb_text\" ><\/p>\n<p>Now you are wondering :<\/p>\n<ul>\n<li>Which certificate is nneded to become a community manager ?<\/li>\n<li>Quel est le r\u00f4le d&rsquo;un Community Manager ?<\/li>\n<li>Why do you want to be a community manager ?<\/li>\n<\/ul>\n<p>through our article we will try to answer all your questions<\/p>\n<p>\n<\/div><\/div><\/div><\/div><\/div><\/div><\/div><\/div><\/div><\/div><!-- cell_inner --><\/div><!-- cell --><\/div><!-- port --><div class=\"bt_bb_section_top_section_coverage_image\"><img decoding=\"async\" src=\"https:\/\/www.e2b-consulting.com\/wp-content\/uploads\/2019\/04\/bgn-top-1.png\" alt=\"bt_bb_section_top_section_coverage_image\" \/><\/div><\/section><section id=\"bt_bb_section69f38334d9978\" class=\"bt_bb_section bt_bb_layout_boxed_1200 bt_bb_vertical_align_top bt_bb_top_spacing_normal bt_bb_bottom_spacing_normal bt_bb_section_allow_content_outside\"  data-bt-override-class=\"null\"><div class=\"bt_bb_port\"><div class=\"bt_bb_cell\"><div class=\"bt_bb_cell_inner\"><div class=\"bt_bb_row\"  data-bt-override-class=\"{}\"><div class=\"bt_bb_row_holder\" ><div  class=\"bt_bb_column col-xl-8 bt_bb_align_left bt_bb_vertical_align_top bt_bb_animation_fade_in animate bt_bb_padding_normal bt_bb_animation_fade_in animate\"  data-width=\"8\" data-bt-override-class=\"{}\"><div class=\"bt_bb_column_content\"><header class=\"bt_bb_headline bt_bb_dash_none bt_bb_superheadline bt_bb_size_inherit bt_bb_align_inherit\" data-bt-override-class=\"{}\"><h2 class=\"bt_bb_headline_tag\"><span class=\"bt_bb_headline_superheadline\">BECOME A COMMUNITY MANAGER<\/span><span class=\"bt_bb_headline_content\"><span><b> The job of<\/b> <u>Community management <\/u> <\/span><\/span><\/h2><\/header><div class=\"bt_bb_separator bt_bb_border_style_none bt_bb_top_spacing_normal\" data-bt-override-class=\"null\"><\/div><div  class=\"bt_bb_text\" ><\/p>\n<p>The <strong>Community management<\/strong> is the fostering and management of brand loyalists and patrons of your business at any number of social websites or apps. \u201cCommunity\u201d might suggest a single location, but in reality, your community is spread out all over the internet.<\/p>\n<p>Building an active community is like pouring rocket fuel on your brand strategy <strong>,\" says David Broderick,<\/strong> Community Manager at Traffic Think Tank. Community can bring people together, online and offline, and builds a sense of belonging amongst its members. Managing a community can seem confusing at first. So, let\u2019s make it simple by breaking down community management into 4 parts:<\/p>\n<p>Il doit \u00eatre Toujours \u00e0 l&rsquo;aff\u00fbt de l\u2019innovation et de la cr\u00e9ativit\u00e9\u00a0 , il doit disposer d\u2019un bon nombre de qualit\u00e9 pour pouvoir assurer son m\u00e9tier.<\/p>\n<p>Engaging: Keeping conversations alive and proactively engaging with customers, prospects, and influencers.<\/p>\n<p>Moderating: Weeding out comments and conversations that don\u2019t add value, and troubleshooting customer complaints.<\/p>\n<p>Measuring: Analyzing how your brand is perceived and getting real, unfiltered feedback.<\/p>\n<p>\n<\/div><div class=\"bt_bb_separator bt_bb_border_style_solid bt_bb_top_spacing_normal bt_bb_bottom_spacing_normal\" data-bt-override-class=\"null\"><\/div><\/div><\/div><div  class=\"bt_bb_column col-xl-4 bt_bb_align_left bt_bb_vertical_align_top bt_bb_animation_fade_in animate bt_bb_padding_double bt_bb_animation_fade_in animate\"  data-width=\"4\" data-bt-override-class=\"{}\"><div class=\"bt_bb_column_content\"><div class=\"bt_bb_separator bt_bb_border_style_none bt_bb_top_spacing_medium bt_bb_bottom_spacing_normal\" data-bt-override-class=\"null\"><\/div><div class=\"bt_bb_image bt_bb_shape_hard-rounded bt_bb_target_self bt_bb_align_inherit bt_bb_hover_style_simple bt_bb_content_display_always bt_bb_content_align_middle\" data-bt-override-class=\"{}\"><span><img loading=\"lazy\" decoding=\"async\" width=\"1280\" height=\"1280\" src=\"https:\/\/www.e2b-consulting.com\/wp-content\/uploads\/2020\/06\/le-m\u00e9tier-de-community-manager-.png\" class=\"attachment-full size-full\" alt=\"le m\u00e9tier de community manager\" data-full_image_src=\"https:\/\/www.e2b-consulting.com\/wp-content\/uploads\/2020\/06\/le-m\u00e9tier-de-community-manager-.png\" title=\"the community manager&#039;s job\" srcset=\"https:\/\/www.e2b-consulting.com\/wp-content\/uploads\/2020\/06\/le-m\u00e9tier-de-community-manager-.png 1280w, https:\/\/www.e2b-consulting.com\/wp-content\/uploads\/2020\/06\/le-m\u00e9tier-de-community-manager--300x300.png 300w, https:\/\/www.e2b-consulting.com\/wp-content\/uploads\/2020\/06\/le-m\u00e9tier-de-community-manager--100x100.png 100w, https:\/\/www.e2b-consulting.com\/wp-content\/uploads\/2020\/06\/le-m\u00e9tier-de-community-manager--600x600.png 600w, https:\/\/www.e2b-consulting.com\/wp-content\/uploads\/2020\/06\/le-m\u00e9tier-de-community-manager--640x640.png 640w, https:\/\/www.e2b-consulting.com\/wp-content\/uploads\/2020\/06\/le-m\u00e9tier-de-community-manager--160x160.png 160w, https:\/\/www.e2b-consulting.com\/wp-content\/uploads\/2020\/06\/le-m\u00e9tier-de-community-manager--768x768.png 768w, https:\/\/www.e2b-consulting.com\/wp-content\/uploads\/2020\/06\/le-m\u00e9tier-de-community-manager--320x320.png 320w\" sizes=\"(max-width: 1280px) 100vw, 1280px\" \/><\/span><\/div><\/div><\/div><\/div><\/div><\/div><!-- cell_inner --><\/div><!-- cell --><\/div><!-- port --><\/section><section id=\"bt_bb_section69f38334db734\" class=\"bt_bb_section bt_bb_layout_boxed_1200 bt_bb_vertical_align_top bt_bb_top_spacing_large bt_bb_bottom_spacing_large\"  data-bt-override-class=\"null\"><div class=\"bt_bb_background_image_holder_wrapper\"><div class=\"bt_bb_background_image_holder btLazyLoadBackground\"  data-background_image_src=\"https:\/\/www.e2b-consulting.com\/wp-content\/uploads\/2020\/11\/Agence-de-community-management-en-Tunisie.png\" data-parallax-zoom-start=\"1\" data-parallax-zoom-end=\"1\" data-parallax-blur-start=\"0\" data-parallax-blur-end=\"0\" data-parallax-opacity-start=\"1\" data-parallax-opacity-end=\"1\" style=\" background-image: url(&#039;https:\/\/www.e2b-consulting.com\/wp-content\/plugins\/bold-page-builder\/img\/blank.gif&#039;);\"><\/div><\/div><div class=\"bt_bb_port\"><div class=\"bt_bb_cell\"><div class=\"bt_bb_cell_inner\"><div class=\"bt_bb_row\"  data-bt-override-class=\"{}\"><div class=\"bt_bb_row_holder\" ><div  class=\"bt_bb_column col-xl-12 bt_bb_align_center bt_bb_vertical_align_top bt_bb_animation_fade_in zoom_out animate bt_bb_padding_normal bt_bb_animation_fade_in bt_bb_animation_zoom_out animate\"  data-width=\"12\" data-bt-override-class=\"{}\"><div class=\"bt_bb_column_content\"><header class=\"bt_bb_headline bt_bb_dash_none bt_bb_superheadline bt_bb_size_medium bt_bb_align_inherit\" data-bt-override-class=\"{}\"><h3 class=\"bt_bb_headline_tag\"><span class=\"bt_bb_headline_superheadline\">COMMUNITY MANAGEMENT INTERESTS YOU!<\/span><span class=\"bt_bb_headline_content\"><span><b>Let professionals manage your<\/b> <u>social networks<\/u><\/span><\/span><\/h3><\/header><div class=\"bt_bb_separator bt_bb_border_style_none bt_bb_top_spacing_normal\" data-bt-override-class=\"null\"><\/div><div class=\"bt_bb_button bt_bb_color_scheme_6 bt_bb_icon_position_left bt_bb_style_filled bt_bb_size_normal bt_bb_width_inline bt_bb_shape_inherit bt_bb_target_blank bt_bb_align_inherit\" style=\"; --primary-color:#ffffff; --secondary-color:#b73235;\" data-bt-override-class=\"{}\"><a href=\"https:\/\/www.e2b-consulting.com\/en\/contactez-nous\/\" target=\"_blank\" class=\"bt_bb_link\" title=\"CONTACT US\"><span class=\"bt_bb_button_text\" >CONTACT US<\/span><\/a><\/div><\/div><\/div><\/div><\/div><\/div><!-- cell_inner --><\/div><!-- cell --><\/div><!-- port --><\/section><section id=\"bt_bb_section69f38334dc5c1\" class=\"bt_bb_section bt_bb_layout_boxed_1200 bt_bb_vertical_align_top bt_bb_top_spacing_normal\"  data-bt-override-class=\"null\"><div class=\"bt_bb_background_image_holder_wrapper\"><div class=\"bt_bb_background_image_holder btLazyLoadBackground\"  data-background_image_src=\"https:\/\/www.e2b-consulting.com\/wp-content\/uploads\/2019\/04\/bgn-people-2.png\" data-parallax-zoom-start=\"1\" data-parallax-zoom-end=\"1\" data-parallax-blur-start=\"0\" data-parallax-blur-end=\"0\" data-parallax-opacity-start=\"1\" data-parallax-opacity-end=\"1\" style=\" background-image: url(&#039;https:\/\/www.e2b-consulting.com\/wp-content\/plugins\/bold-page-builder\/img\/blank.gif&#039;);\"><\/div><\/div><div class=\"bt_bb_port\"><div class=\"bt_bb_cell\"><div class=\"bt_bb_cell_inner\"><div class=\"bt_bb_row\"  data-bt-override-class=\"{}\"><div class=\"bt_bb_row_holder\" ><div  class=\"bt_bb_column col-xl-12 bt_bb_align_left bt_bb_vertical_align_top bt_bb_animation_fade_in zoom_out animate bt_bb_padding_normal bt_bb_animation_fade_in bt_bb_animation_zoom_out animate\"  data-width=\"12\" data-bt-override-class=\"{}\"><div class=\"bt_bb_column_content\"><header class=\"bt_bb_headline bt_bb_dash_none bt_bb_subheadline bt_bb_size_large bt_bb_align_inherit\" data-bt-override-class=\"{}\"><h2 class=\"bt_bb_headline_tag\"><span class=\"bt_bb_headline_content\"><span><b>The importance of the community manager's role<\/b> <u>for the company?<\/u><\/span><\/span><\/h2><div class=\"bt_bb_headline_subheadline\">The community manager is the mouthpiece of the company, it is important because it maintains the social links between the company and its community of customers <\/div><\/header><\/div><\/div><\/div><\/div><div class=\"bt_bb_row  bt_bb_column_gap_45\" style=\"; --column-gap:45px;\" data-bt-override-class=\"{}\"><div class=\"bt_bb_row_holder\" ><div  class=\"bt_bb_column col-xl-6 bt_bb_align_left bt_bb_vertical_align_top bt_bb_animation_fade_in zoom_out animate bt_bb_padding_normal bt_bb_animation_fade_in bt_bb_animation_zoom_out animate\"  data-width=\"6\" data-bt-override-class=\"{}\"><div class=\"bt_bb_column_content\"><div class=\"bt_bb_separator bt_bb_border_style_none bt_bb_top_spacing_normal\" data-bt-override-class=\"null\"><\/div><div  class=\"bt_bb_text\" ><\/p>\n<p>A community management strategy can help your brand build a more loyal customer base and maintain your online reputation. By gathering happy customers in one space and nurturing them repeatedly, you\u2019re helping foster those relationships and keep them coming back.<\/p>\n<p>But to create a successful community management strategy, you need to know what you\u2019re hoping to get out of it, who your audience is, and how to properly engage them.<\/p>\n<p>Always consider what kind of outcome you\u2019re looking for with your brand community. Do you want to reward happy customers with exclusive deals and sales? Do you want to provide support, tutorials, and use cases for a more complex product or service? Do you want to create a loyal group of customers?<\/p>\n<p>\n<\/div><\/div><\/div><div  class=\"bt_bb_column col-xl-6 bt_bb_align_left bt_bb_vertical_align_top bt_bb_padding_normal\"  data-width=\"6\" data-bt-override-class=\"{}\"><div class=\"bt_bb_column_content\"><div class=\"bt_bb_separator bt_bb_border_style_none bt_bb_top_spacing_normal\" data-bt-override-class=\"null\"><\/div><div  class=\"bt_bb_text\" ><\/p>\n<p><strong>Build up your community to build up your business<\/strong> Finding or starting conversations and growing your community is a must for lasting businesses, and increases in importance and impact as your business grows.<\/p>\n<p>Good community management presents your brand to the world as a likeable, knowledgable personality that others can\u2019t help but want to engage with, and it surfaces opportunities to fuel positive discussions about and around your products.<\/p>\n<p>Invest in a strong community and you\u2019ll build a loyal fan base that will advocate on behalf of your brand and even come to your rescue when you need it.<\/p>\n<p>Community management is a full-time job you can\u2019t just turn it on and off.<\/p>\n<p>\n<\/div><\/div><\/div><\/div><\/div><\/div><!-- cell_inner --><\/div><!-- cell --><\/div><!-- port --><\/section><section id=\"bt_bb_section69f38334dd376\" class=\"bt_bb_section bt_bb_layout_boxed_1200 bt_bb_vertical_align_top bt_bb_top_spacing_normal\"  data-bt-override-class=\"null\"><div class=\"bt_bb_port\"><div class=\"bt_bb_cell\"><div class=\"bt_bb_cell_inner\"><div class=\"bt_bb_row\"  data-bt-override-class=\"{}\"><div class=\"bt_bb_row_holder\" ><div  class=\"bt_bb_column col-xl-12 bt_bb_align_left bt_bb_vertical_align_top bt_bb_padding_normal\"  data-width=\"12\" data-bt-override-class=\"{}\"><div class=\"bt_bb_column_content\"><header class=\"bt_bb_headline bt_bb_dash_none bt_bb_subheadline bt_bb_size_large bt_bb_align_inherit\" data-bt-override-class=\"{}\"><h2 class=\"bt_bb_headline_tag\"><span class=\"bt_bb_headline_content\"><span><b>Management of <\/b> <u>social networks in Tunisia<\/u><\/span><\/span><\/h2><div class=\"bt_bb_headline_subheadline\">The community manager is the mouthpiece of the company, it is important because it maintains the social links between the company and its community of customers <\/div><\/header><div class=\"bt_bb_separator bt_bb_border_style_none bt_bb_top_spacing_normal\" data-bt-override-class=\"null\"><\/div><div  class=\"bt_bb_text\" ><\/p>\n<p>For a while now, we've been talking about the importance of community management,<\/p>\n<p>But we want to remind you that the good work of a community manager is only the result of a good training.<\/p>\n<p><span style=\"font-weight: 400;\">We\u2019re <\/span><b>Consulting and Training<\/b>\u00a0offers you a global course <strong>in community<\/strong> <strong>management<\/strong> <strong>in this course<\/strong> <strong>you will understand; what It Is and How to Create a Profitable Strategy<\/strong> You can consult this page to see the program of the training course <a href=\"https:\/\/www.e2b-consulting.com\/en\/formations\/\">Training<\/a>)<\/p>\n<p><span style=\"font-weight: 400;\">As we can take over\u00a0 <\/span><span style=\"font-weight: 400;\"><strong>the management of your social networks<\/strong> <a href=\"https:\/\/www.e2b-consulting.com\/en\/contactez-nous\/\">Contact us<\/a><\/span><\/p>\n<p>Pour un suppl\u00e9ment d&rsquo;informations sur le sujet ce lien peut vous \u00eatre utile : <a href=\"https:\/\/www.journalducm.com\/community-management\/\">journalducm<\/a><\/p>\n<p>\n<\/div><\/div><\/div><\/div><\/div><\/div><!-- cell_inner --><\/div><!-- cell --><\/div><!-- port --><\/section><section id=\"bt_bb_section69f38334ddab4\" class=\"bt_bb_section bt_bb_layout_boxed_1200\"  data-bt-override-class=\"null\"><div class=\"bt_bb_port\"><div class=\"bt_bb_cell\"><div class=\"bt_bb_cell_inner\"><div class=\"bt_bb_row\"  data-bt-override-class=\"{}\"><div class=\"bt_bb_row_holder\" ><div  class=\"bt_bb_column col-xl-12 bt_bb_align_left bt_bb_vertical_align_top bt_bb_padding_normal\"  data-width=\"12\" data-bt-override-class=\"{}\"><div class=\"bt_bb_column_content\"><div  class=\"bt_bb_text\" ><\/p>\n<p><script type=\"application\/ld+json\">{\"@context\":\"https:\/\/schema.org\",\"@type\":\"FAQPage\",\"mainEntity\":[{\"@type\":\"Question\",\"name\":\"La pr\u00e9sence de votre entreprise en ligne\",\"acceptedAnswer\":[{\"@type\":\"Answer\",\"text\":\"En tant qu\u2019entreprise, vous devez assurer votre pr\u00e9sence sur le web et multiplier vos points de rencontre avec votre cible Tout d\u00e9pendra de votre secteur d\u2019activit\u00e9, de votre positionnement march\u00e9, ou encore de votre strat\u00e9gie de communication.\"}]},{\"@type\":\"Question\",\"name\":\"Comment optimiser votre strat\u00e9gie sur les r\u00e9seaux sociaux ?\",\"acceptedAnswer\":[{\"@type\":\"Answer\",\"text\":\"Les outils pour r\u00e9seaux sociaux vous font b\u00e9n\u00e9ficier de toutes leurs ressources et deviennent rapidement indispensables\"}]}]}<\/script><!-- Generated by https:\/\/www.matthewwoodward.co.uk\/ --><\/p>\n<p>\n<\/div><\/div><\/div><\/div><\/div><\/div><!-- cell_inner --><\/div><!-- cell --><\/div><!-- port --><\/section><\/p>","protected":false},"excerpt":{"rendered":"","protected":false},"author":8,"featured_media":6110,"parent":0,"menu_order":0,"comment_status":"closed","ping_status":"closed","template":"","meta":{"footnotes":""},"class_list":["post-2728","page","type-page","status-publish","has-post-thumbnail","hentry"],"aioseo_notices":[],"_links":{"self":[{"href":"https:\/\/www.e2b-consulting.com\/en\/wp-json\/wp\/v2\/pages\/2728"}],"collection":[{"href":"https:\/\/www.e2b-consulting.com\/en\/wp-json\/wp\/v2\/pages"}],"about":[{"href":"https:\/\/www.e2b-consulting.com\/en\/wp-json\/wp\/v2\/types\/page"}],"author":[{"embeddable":true,"href":"https:\/\/www.e2b-consulting.com\/en\/wp-json\/wp\/v2\/users\/8"}],"replies":[{"embeddable":true,"href":"https:\/\/www.e2b-consulting.com\/en\/wp-json\/wp\/v2\/comments?post=2728"}],"version-history":[{"count":0,"href":"https:\/\/www.e2b-consulting.com\/en\/wp-json\/wp\/v2\/pages\/2728\/revisions"}],"wp:featuredmedia":[{"embeddable":true,"href":"https:\/\/www.e2b-consulting.com\/en\/wp-json\/wp\/v2\/media\/6110"}],"wp:attachment":[{"href":"https:\/\/www.e2b-consulting.com\/en\/wp-json\/wp\/v2\/media?parent=2728"}],"curies":[{"name":"wp","href":"https:\/\/api.w.org\/{rel}","templated":true}]}}