{"id":2925,"date":"2020-06-11T13:31:47","date_gmt":"2020-06-11T11:31:47","guid":{"rendered":"https:\/\/www.e2b-consulting.com\/?page_id=2925"},"modified":"2022-12-05T16:18:03","modified_gmt":"2022-12-05T15:18:03","slug":"agence-referencement-tunisie","status":"publish","type":"page","link":"https:\/\/www.e2b-consulting.com\/en\/agence-referencement-tunisie\/","title":{"rendered":"Search Engine Advertising (SEA)"},"content":{"rendered":"<p><section id=\"bt_bb_section69deeb7b72dc0\" class=\"bt_bb_section bt_bb_layout_boxed_1200 bt_bb_vertical_align_top bt_bb_top_spacing_large bt_bb_bottom_spacing_normal bt_bb_section_allow_content_outside bt_bb_section_show_left_boxed_content\"  data-bt-override-class=\"null\"><div class=\"bt_bb_port\"><div class=\"bt_bb_cell\"><div class=\"bt_bb_cell_inner\"><div class=\"bt_bb_row\"  data-bt-override-class=\"{}\"><div class=\"bt_bb_row_holder\" ><div  class=\"bt_bb_column col-xl-6 bt_bb_align_left bt_bb_vertical_align_top bt_bb_padding_normal\"  data-width=\"6\" data-bt-override-class=\"{}\"><div class=\"bt_bb_column_content\"><header class=\"bt_bb_headline bt_bb_dash_none bt_bb_size_inherit bt_bb_align_inherit\" data-bt-override-class=\"{&quot;bt_bb_size_&quot;:{&quot;current_class&quot;:&quot;bt_bb_size_inherit&quot;,&quot;xxl&quot;:&quot;inherit&quot;,&quot;xl&quot;:&quot;inherit&quot;},&quot;bt_bb_align_&quot;:{&quot;current_class&quot;:&quot;bt_bb_align_inherit&quot;,&quot;xxl&quot;:&quot;inherit&quot;,&quot;xl&quot;:&quot;inherit&quot;}}\"><h2 class=\"bt_bb_headline_tag\"><span class=\"bt_bb_headline_content\"><span><b>Paid Search<\/b><br \/><br \/>\n<u>campagne Google Ads<\/u><\/span><\/span><\/h2><\/header><div class=\"bt_bb_separator bt_bb_border_style_none bt_bb_top_spacing_small bt_bb_bottom_spacing_small\" data-bt-override-class=\"null\"><\/div><div  class=\"bt_bb_text\" ><\/p>\n<p><span style=\"font-weight: 400;\">Are you wondering about <strong>Search Engine Advertising (SEA)<\/strong>and how you launch an <strong>adwords campagne\u00a0 <\/strong>?<\/span><\/p>\n<p><span style=\"font-weight: 400;\">\u2013 How to create an ad ?\u00a0<\/span><\/p>\n<p><span style=\"font-weight: 400;\">\u2013 How to create high-performance ads?<\/span><\/p>\n<p><span style=\"font-weight: 400;\">\u2013 How to create <strong>relevant<\/strong> ads ?<\/span><\/p>\n<p><span style=\"font-weight: 400;\">\u2013 How to optimize a Google ads campaign ?<\/span><\/p>\n<p><span style=\"font-weight: 400;\">La liste est loin d&rsquo;\u00eatre finie\u2026 mais pas de panique on a les r\u00e9ponses \u00e0 toutes vos questions parce qu&rsquo;on sait tr\u00e8s bien que vous avez besoin d\u2019un accompagnement, notre but est de vous rapprocher le plus possible des prospects qui sont \u00e0 la recherche de vos produits ou services gr\u00e2ce \u00e0 <strong>If people see your advertising, it is because they were looking for something related to your products or services. So, the SEA will allow you to increase your traffic but only with people who need what you propose.<\/strong>.<\/span><\/p>\n<p><span style=\"font-weight: 400;\">Our SEO agency in Tunisia, E2Business consulting and training supports you in the development of your advertising campaigns via the <strong>Google ads plateform<\/strong> . We launch campagnes such as ;<\/span><\/p>\n<ul>\n<li style=\"font-weight: 400;\"><span style=\"font-weight: 400;\">le Search<\/span><\/li>\n<li style=\"font-weight: 400;\"><span style=\"font-weight: 400;\">le Display\u00a0<\/span><\/li>\n<\/ul>\n<p><span style=\"font-weight: 400;\">We answer all your questions and mobilize our teams to manage your advertising campaigns via Google (display, sponsored links).\u00a0<\/span><\/p>\n<p><span style=\"font-weight: 400;\">An effective SEO strategy <strong>can help you earn long-term traffic,\u00a0<\/strong><\/span><strong>while search engine ads<\/strong> <span style=\"font-weight: 400;\">can help improve your visibility <strong>and earn clicks from people ready<\/strong> to buy your product.<\/span><\/p>\n<p>\n<\/div><\/div><\/div><div  class=\"bt_bb_column col-xl-6 bt_bb_align_left bt_bb_vertical_align_top bt_bb_padding_normal\"  data-width=\"6\" data-bt-override-class=\"{}\"><div class=\"bt_bb_column_content\"><div class=\"bt_bb_image bt_bb_shape_square bt_bb_target_self bt_bb_align_inherit bt_bb_hover_style_simple bt_bb_content_display_always bt_bb_content_align_middle\" data-bt-override-class=\"{}\"><span><img loading=\"lazy\" decoding=\"async\" width=\"813\" height=\"800\" src=\"https:\/\/www.e2b-consulting.com\/wp-content\/uploads\/2020\/06\/r\u00e9f\u00e9rencement-payant-campagne-adwords.png\" class=\"attachment-full size-full\" alt=\"r\u00e9f\u00e9rencement payant - campagne adwords\" data-full_image_src=\"https:\/\/www.e2b-consulting.com\/wp-content\/uploads\/2020\/06\/r\u00e9f\u00e9rencement-payant-campagne-adwords.png\" title=\"r\u00e9f\u00e9rencement payant - campagne adwords\" srcset=\"https:\/\/www.e2b-consulting.com\/wp-content\/uploads\/2020\/06\/r\u00e9f\u00e9rencement-payant-campagne-adwords.png 813w, https:\/\/www.e2b-consulting.com\/wp-content\/uploads\/2020\/06\/r\u00e9f\u00e9rencement-payant-campagne-adwords-600x590.png 600w, https:\/\/www.e2b-consulting.com\/wp-content\/uploads\/2020\/06\/r\u00e9f\u00e9rencement-payant-campagne-adwords-640x630.png 640w, https:\/\/www.e2b-consulting.com\/wp-content\/uploads\/2020\/06\/r\u00e9f\u00e9rencement-payant-campagne-adwords-768x756.png 768w, https:\/\/www.e2b-consulting.com\/wp-content\/uploads\/2020\/06\/r\u00e9f\u00e9rencement-payant-campagne-adwords-320x315.png 320w\" sizes=\"(max-width: 813px) 100vw, 813px\" \/><\/span><\/div><\/div><\/div><\/div><\/div><\/div><!-- cell_inner --><\/div><!-- cell --><\/div><!-- port --><\/section><section id=\"bt_bb_section69deeb7b742f8\" class=\"bt_bb_section bt_bb_layout_boxed_1200 bt_bb_vertical_align_top bt_bb_top_spacing_large bt_bb_bottom_spacing_large\"  data-bt-override-class=\"null\"><div class=\"bt_bb_background_image_holder_wrapper\"><div class=\"bt_bb_background_image_holder btLazyLoadBackground\"  data-background_image_src=\"https:\/\/www.e2b-consulting.com\/wp-content\/uploads\/2020\/11\/R\u00e9f\u00e9rencement-payant-Tunisie-campagne.png\" data-parallax-zoom-start=\"1\" data-parallax-zoom-end=\"1\" data-parallax-blur-start=\"0\" data-parallax-blur-end=\"0\" data-parallax-opacity-start=\"1\" data-parallax-opacity-end=\"1\" style=\" background-image: url(&#039;https:\/\/www.e2b-consulting.com\/wp-content\/plugins\/bold-page-builder\/img\/blank.gif&#039;);\"><\/div><\/div><div class=\"bt_bb_port\"><div class=\"bt_bb_cell\"><div class=\"bt_bb_cell_inner\"><div class=\"bt_bb_row\"  data-bt-override-class=\"{}\"><div class=\"bt_bb_row_holder\" ><div  class=\"bt_bb_column col-xl-12 bt_bb_align_center bt_bb_vertical_align_top bt_bb_animation_fade_in zoom_out animate bt_bb_padding_normal bt_bb_animation_fade_in bt_bb_animation_zoom_out animate\"  data-width=\"12\" data-bt-override-class=\"{}\"><div class=\"bt_bb_column_content\"><header class=\"bt_bb_headline bt_bb_dash_none bt_bb_superheadline bt_bb_size_medium bt_bb_align_inherit\" data-bt-override-class=\"{}\"><h3 class=\"bt_bb_headline_tag\"><span class=\"bt_bb_headline_superheadline\">Search Engine Advertising (SEA)<\/span><span class=\"bt_bb_headline_content\"><span><b>Take advantage of paid SEO<\/b> <u>and video advertising on YouTube.<\/u><\/span><\/span><\/h3><\/header><div class=\"bt_bb_separator bt_bb_border_style_none bt_bb_top_spacing_normal\" data-bt-override-class=\"null\"><\/div><div class=\"bt_bb_button bt_bb_color_scheme_6 bt_bb_icon_position_left bt_bb_style_filled bt_bb_size_normal bt_bb_width_inline bt_bb_shape_inherit bt_bb_target_blank bt_bb_align_inherit\" style=\"; --primary-color:#ffffff; --secondary-color:#b73235;\" data-bt-override-class=\"{}\"><a href=\"https:\/\/www.e2b-consulting.com\/en\/contactez-nous\/\" target=\"_blank\" class=\"bt_bb_link\" title=\"CONTACT US\"><span class=\"bt_bb_button_text\" >CONTACT US<\/span><\/a><\/div><\/div><\/div><\/div><\/div><\/div><!-- cell_inner --><\/div><!-- cell --><\/div><!-- port --><\/section><section id=\"bt_bb_section69deeb7b748c0\" class=\"bt_bb_section bt_bb_layout_boxed_1200 bt_bb_vertical_align_top bt_bb_top_spacing_normal bt_bb_bottom_spacing_normal\"  data-bt-override-class=\"null\"><div class=\"bt_bb_port\"><div class=\"bt_bb_cell\"><div class=\"bt_bb_cell_inner\"><div class=\"bt_bb_row\"  data-bt-override-class=\"{}\"><div class=\"bt_bb_row_holder\" ><div  class=\"bt_bb_column col-xl-6 bt_bb_align_left bt_bb_vertical_align_top bt_bb_padding_normal\"  data-width=\"6\" data-bt-override-class=\"{}\"><div class=\"bt_bb_column_content\"><header class=\"bt_bb_headline bt_bb_dash_none bt_bb_size_inherit bt_bb_align_inherit\" data-bt-override-class=\"{}\"><h2 class=\"bt_bb_headline_tag\"><span class=\"bt_bb_headline_content\"><span><b>Why opt for<\/b> <u>Search Engine Advertising (SEA)<\/u><\/span><\/span><\/h2><\/header><div class=\"bt_bb_separator bt_bb_border_style_none bt_bb_top_spacing_normal bt_bb_bottom_spacing_normal\" data-bt-override-class=\"null\"><\/div><div class=\"bt_bb_service bt_bb_style_filled bt_bb_shape_circle bt_bb_size_small bt_bb_align_inherit\" data-bt-override-class=\"null\"><span  data-ico-=\"&#x;\" class=\"bt_bb_icon_holder\"><\/span><div class=\"bt_bb_service_content\"><div class=\"bt_bb_service_content_title\">WHY CHOOSE PAID SEARCH <\/div><div class=\"bt_bb_service_content_text\">The SEA, isan effective conversion tool for your business !<\/p><br \/>\n<p>* Build awareness<br \/><br \/>\n* Follow a trend<br \/><br \/>\n* Maximize your ROI<br \/><br \/>\n* Accurate targeting<\/div><\/div><\/div><\/div><\/div><div  class=\"bt_bb_column col-xl-6 bt_bb_align_left bt_bb_vertical_align_top bt_bb_padding_normal\"  data-width=\"6\" data-bt-override-class=\"{}\"><div class=\"bt_bb_column_content\"><header class=\"bt_bb_headline bt_bb_dash_none bt_bb_size_inherit bt_bb_align_inherit\" data-bt-override-class=\"{&quot;bt_bb_size_&quot;:{&quot;current_class&quot;:&quot;bt_bb_size_inherit&quot;,&quot;xxl&quot;:&quot;inherit&quot;,&quot;xl&quot;:&quot;inherit&quot;},&quot;bt_bb_align_&quot;:{&quot;current_class&quot;:&quot;bt_bb_align_inherit&quot;,&quot;xxl&quot;:&quot;inherit&quot;,&quot;xl&quot;:&quot;inherit&quot;}}\"><h3 class=\"bt_bb_headline_tag\"><span class=\"bt_bb_headline_content\"><span><b>Paid search in tunisia -<\/b> <u>Campagne ads <\/u><\/span><\/span><\/h3><\/header><div class=\"bt_bb_separator bt_bb_border_style_none bt_bb_top_spacing_normal\" data-bt-override-class=\"null\"><\/div><div  class=\"bt_bb_text\" ><\/p>\n<p><span style=\"font-weight: 400;\">The <strong>Advertising Objectives<\/strong> (search engine advertising), or <strong>Search Engine Advertising (SEA)<\/strong> allows companies to position themselves <\/span><span style=\"font-weight: 400;\">in the first web results in search engines.\u00a0<\/span><\/p>\n<p><span style=\"font-weight: 400;\">The concept is simple you pay to advertise<\/span><span style=\"font-weight: 400;\">No need to be reminded, you gain visibility <\/span><span style=\"font-weight: 400;\">by positioning yourself on certain keywords, <\/span>payment is made once the customer clicks on your ad.<\/p>\n<p><span style=\"font-weight: 400;\">The core idea is ; <strong>If people see your advertising, it is because they were looking for something related to your products or services. So, the SEA will allow you to increase your traffic but only with people who need what you propose.<\/strong> It is based on an auction system, so the more competition is <\/span>, the more expensive the price per click.<\/p>\n<p>\n<\/div><\/div><\/div><\/div><\/div><\/div><!-- cell_inner --><\/div><!-- cell --><\/div><!-- port --><\/section><section id=\"bt_bb_section69deeb7b75071\" class=\"bt_bb_section bt_bb_layout_boxed_1200 bt_bb_vertical_align_top bt_bb_top_spacing_normal bt_bb_bottom_spacing_normal\"  data-bt-override-class=\"null\"><div class=\"bt_bb_port\"><div class=\"bt_bb_cell\"><div class=\"bt_bb_cell_inner\"><div class=\"bt_bb_row\"  data-bt-override-class=\"{}\"><div class=\"bt_bb_row_holder\" ><div  class=\"bt_bb_column col-xl-6 bt_bb_align_left bt_bb_vertical_align_top bt_bb_padding_normal\"  data-width=\"6\" data-bt-override-class=\"{}\"><div class=\"bt_bb_column_content\"><header class=\"bt_bb_headline bt_bb_dash_none bt_bb_size_inherit bt_bb_align_inherit\" data-bt-override-class=\"{&quot;bt_bb_size_&quot;:{&quot;current_class&quot;:&quot;bt_bb_size_inherit&quot;,&quot;xxl&quot;:&quot;inherit&quot;,&quot;xl&quot;:&quot;inherit&quot;},&quot;bt_bb_align_&quot;:{&quot;current_class&quot;:&quot;bt_bb_align_inherit&quot;,&quot;xxl&quot;:&quot;inherit&quot;,&quot;xl&quot;:&quot;inherit&quot;}}\"><h3 class=\"bt_bb_headline_tag\"><span class=\"bt_bb_headline_content\"><span><b>SEA<\/b> <u>Advertising Objectives<\/u><\/span><\/span><\/h3><\/header><div class=\"bt_bb_separator bt_bb_border_style_none bt_bb_top_spacing_normal bt_bb_bottom_spacing_normal\" data-bt-override-class=\"null\"><\/div><div  class=\"bt_bb_text\" ><\/p>\n<p>Our Tunisia SEO agency helps you to develop different types of google ads campaigns, according to your advertising objectives;<\/p>\n<p><span style=\"font-weight: 400;\">- Sales<\/span><\/p>\n<p><span style=\"font-weight: 400;\">&#8211; Prospects<\/span><\/p>\n<p><span style=\"font-weight: 400;\">- Website traffic<\/span><\/p>\n<p><span style=\"font-weight: 400;\">- Interest in brand and products<\/span><\/p>\n<p><span style=\"font-weight: 400;\">- Audience and brand awareness<\/span><\/p>\n<p><span style=\"font-weight: 400;\">&#8211; Promotion d&rsquo;applications<\/span><\/p>\n<p>\n<\/div><\/div><\/div><div  class=\"bt_bb_column col-xl-6 bt_bb_align_left bt_bb_vertical_align_top bt_bb_padding_normal\"  data-width=\"6\" data-bt-override-class=\"{}\"><div class=\"bt_bb_column_content\"><div class=\"bt_bb_slider bt_bb_height_auto bt_bb_show_dots_bottom bt_bb_animation_slide animate bt_bb_dots_style_light_dot bt_bb_arrows_size_normal bt_bb_arrows_style_accent_light\"><div class=\"slick-slider\"  data-slick='{ \"lazyLoad\": \"progressive\", \"cssEase\": \"ease-out\", \"speed\": \"300\", \"adaptiveHeight\": true, \"dots\": true, \"prevArrow\": \"&lt;button type=\\\"button\\\" class=\\\"slick-prev\\\" aria-label=\\\"Previous\\\" tabindex=\\\"0\\\" role=\\\"button\\\"&gt;&lt;\/button&gt;\", \"nextArrow\": \"&lt;button type=\\\"button\\\" class=\\\"slick-next\\\" aria-label=\\\"Next\\\" tabindex=\\\"0\\\" role=\\\"button\\\"&gt;&lt;\/button&gt;\"}' ><div class=\"bt_bb_slider_item\" data-src-full=\"https:\/\/www.e2b-consulting.com\/wp-content\/uploads\/2020\/06\/campagnes-google-ads.png\"><img decoding=\"async\" src=\"https:\/\/www.e2b-consulting.com\/wp-content\/uploads\/2020\/06\/campagnes-google-ads.png\" alt=\"campagnes google ads\"  title=\"campagnes google ads\"><\/div><div class=\"bt_bb_slider_item\" data-src-full=\"https:\/\/www.e2b-consulting.com\/wp-content\/uploads\/2020\/06\/r\u00e9f\u00e9rencement-payant.png\"><img decoding=\"async\" src=\"https:\/\/www.e2b-consulting.com\/wp-content\/uploads\/2020\/06\/r\u00e9f\u00e9rencement-payant.png\" alt=\"r\u00e9f\u00e9rencement payant\"  title=\"Search Engine Advertising (SEA)\"><\/div><div class=\"bt_bb_slider_item\" data-src-full=\"https:\/\/www.e2b-consulting.com\/wp-content\/uploads\/2020\/06\/r\u00e9f\u00e9rencement-payant-campagne-adwords-1.png\"><img decoding=\"async\" src=\"https:\/\/www.e2b-consulting.com\/wp-content\/uploads\/2020\/06\/r\u00e9f\u00e9rencement-payant-campagne-adwords-1.png\" alt=\"campagne adwords tunisie\"  title=\"r\u00e9f\u00e9rencement payant - campagne adwords\"><\/div><\/div><\/div><div class=\"bt_bb_separator bt_bb_border_style_none bt_bb_top_spacing_small\" data-bt-override-class=\"null\"><\/div><div  class=\"bt_bb_text\" ><\/p>\n<p><span style=\"font-weight: 400;\">We help you create effective, relevant ads that make you more visible\u00a0 <\/span><span style=\"font-weight: 400;\">, boost your traffic and increase your revenue.<\/span><\/p>\n<p>Voici le lien pour s&rsquo;inscrire \u00e0 notre formation en <a href=\"https:\/\/www.e2b-consulting.com\/en\/produit\/maitriser-la-publicite-sur-google-ads\/\">Search Engine Advertising (SEA)<\/a><\/p>\n<p>We suggest you read this\u00a0 <a href=\"https:\/\/blog.hubspot.fr\/marketing\/guide-complet-google-ads\">article\u00a0<\/a><\/p>\n<p>\n<\/div><\/div><\/div><\/div><\/div><\/div><!-- cell_inner --><\/div><!-- cell --><\/div><!-- port --><\/section><section id=\"bt_bb_section69deeb7b764ff\" class=\"bt_bb_section bt_bb_layout_boxed_1200\"  data-bt-override-class=\"null\"><div class=\"bt_bb_port\"><div class=\"bt_bb_cell\"><div class=\"bt_bb_cell_inner\"><div class=\"bt_bb_row\"  data-bt-override-class=\"{}\"><div class=\"bt_bb_row_holder\" ><div  class=\"bt_bb_column col-xl-12 bt_bb_align_left bt_bb_vertical_align_top bt_bb_padding_normal\"  data-width=\"12\" data-bt-override-class=\"{}\"><div class=\"bt_bb_column_content\"><div  class=\"bt_bb_text\" ><\/p>\n<p><script type=\"application\/ld+json\">{\"@context\":\"https:\/\/schema.org\",\"@type\":\"FAQPage\",\"mainEntity\":[{\"@type\":\"Question\",\"name\":\"Comment faire une strat\u00e9gie de r\u00e9f\u00e9rencement payant  ?\",\"acceptedAnswer\":[{\"@type\":\"Answer\",\"text\":\"Le r\u00e9f\u00e9rencement naturel est une \u00e9tape obligatoire permettant un site d\u2019\u00eatre visible dans les r\u00e9sultats des premi\u00e8res pages. Mais, il existe aussi le r\u00e9f\u00e9rencement payant qui demande une attention pr\u00e9cise et une approche d\u00e9taill\u00e9e parce que le co\u00fbt des diff\u00e9rentes annonces d\u00e9pend de la coh\u00e9rence de la strat\u00e9gie de Search marketing SEA utilis\u00e9e.\"}]},{\"@type\":\"Question\",\"name\":\"Comment faire du r\u00e9f\u00e9rencement payant ?\",\"acceptedAnswer\":[{\"@type\":\"Answer\",\"text\":\"Acheter les bons mots cl\u00e9s, Surveiller les r\u00e9sultats, Faire appel \u00e0 des pros\"}]},{\"@type\":\"Question\",\"name\":\"Pourquoi faire du r\u00e9f\u00e9rencement payant ?\",\"acceptedAnswer\":[{\"@type\":\"Answer\",\"text\":\"Le r\u00e9f\u00e9rencement payant (SEA) permet d'augmenter rapidement votre classement sur les moteurs de recherche en fonction d'un budget donn\u00e9, il assure la bonne visibilit\u00e9 de votre site Internet.\"}]}]}<\/script><!-- Generated by https:\/\/www.matthewwoodward.co.uk\/ --><\/p>\n<p>\n<\/div><\/div><\/div><\/div><\/div><\/div><!-- cell_inner --><\/div><!-- cell --><\/div><!-- port --><\/section><\/p>","protected":false},"excerpt":{"rendered":"","protected":false},"author":8,"featured_media":2928,"parent":0,"menu_order":0,"comment_status":"closed","ping_status":"closed","template":"","meta":{"footnotes":""},"class_list":["post-2925","page","type-page","status-publish","has-post-thumbnail","hentry"],"aioseo_notices":[],"_links":{"self":[{"href":"https:\/\/www.e2b-consulting.com\/en\/wp-json\/wp\/v2\/pages\/2925"}],"collection":[{"href":"https:\/\/www.e2b-consulting.com\/en\/wp-json\/wp\/v2\/pages"}],"about":[{"href":"https:\/\/www.e2b-consulting.com\/en\/wp-json\/wp\/v2\/types\/page"}],"author":[{"embeddable":true,"href":"https:\/\/www.e2b-consulting.com\/en\/wp-json\/wp\/v2\/users\/8"}],"replies":[{"embeddable":true,"href":"https:\/\/www.e2b-consulting.com\/en\/wp-json\/wp\/v2\/comments?post=2925"}],"version-history":[{"count":0,"href":"https:\/\/www.e2b-consulting.com\/en\/wp-json\/wp\/v2\/pages\/2925\/revisions"}],"wp:featuredmedia":[{"embeddable":true,"href":"https:\/\/www.e2b-consulting.com\/en\/wp-json\/wp\/v2\/media\/2928"}],"wp:attachment":[{"href":"https:\/\/www.e2b-consulting.com\/en\/wp-json\/wp\/v2\/media?parent=2925"}],"curies":[{"name":"wp","href":"https:\/\/api.w.org\/{rel}","templated":true}]}}