{"id":2965,"date":"2020-06-12T10:56:58","date_gmt":"2020-06-12T08:56:58","guid":{"rendered":"https:\/\/www.e2b-consulting.com\/?page_id=2965"},"modified":"2022-12-05T12:42:06","modified_gmt":"2022-12-05T11:42:06","slug":"consulting-facebook-ads","status":"publish","type":"page","link":"https:\/\/www.e2b-consulting.com\/en\/consulting-facebook-ads\/","title":{"rendered":"Facebook ads"},"content":{"rendered":"<p><section id=\"bt_bb_section69d27d599272d\" class=\"bt_bb_section bt_bb_layout_boxed_1200 bt_bb_vertical_align_top bt_bb_top_spacing_medium bt_bb_bottom_spacing_normal\" style=\"background-position:center bottom;background-size:contain;\" data-bt-override-class=\"null\"><div class=\"bt_bb_background_image_holder_wrapper\"><div class=\"bt_bb_background_image_holder btLazyLoadBackground\"  data-background_image_src=\"https:\/\/www.e2b-consulting.com\/wp-content\/uploads\/2019\/04\/bgn-lines.png\" data-parallax-zoom-start=\"1\" data-parallax-zoom-end=\"1\" data-parallax-blur-start=\"0\" data-parallax-blur-end=\"0\" data-parallax-opacity-start=\"1\" data-parallax-opacity-end=\"1\" style=\" background-image: url(&#039;https:\/\/www.e2b-consulting.com\/wp-content\/plugins\/bold-page-builder\/img\/blank.gif&#039;);\"><\/div><\/div><div class=\"bt_bb_port\"><div class=\"bt_bb_cell\"><div class=\"bt_bb_cell_inner\"><div class=\"bt_bb_row  bt_bb_column_gap_30\" style=\"; --column-gap:30px;\" data-bt-override-class=\"{}\"><div class=\"bt_bb_row_holder\" ><div  class=\"bt_bb_column col-xl-6 bt_bb_align_left bt_bb_vertical_align_top bt_bb_animation_fade_in zoom_out animate bt_bb_padding_normal bt_bb_animation_fade_in bt_bb_animation_zoom_out animate\"  data-width=\"6\" data-bt-override-class=\"{}\"><div class=\"bt_bb_column_content\"><div class=\"bt_bb_image bt_bb_shape_hard-rounded bt_bb_target_self bt_bb_align_inherit bt_bb_hover_style_simple bt_bb_content_display_always bt_bb_content_align_middle bt_bb_hidden_md bt_bb_hidden_lg\" data-bt-override-class=\"{}\"><span><img loading=\"lazy\" decoding=\"async\" width=\"1280\" height=\"1280\" src=\"https:\/\/www.e2b-consulting.com\/wp-content\/uploads\/2020\/06\/la-publicit\u00e9-sur-Facebook-Facebook-ads-1280x1280.png\" class=\"attachment-boldthemes_large_square size-boldthemes_large_square\" alt=\"la publicit\u00e9 sur Facebook Facebook ads\" data-full_image_src=\"https:\/\/www.e2b-consulting.com\/wp-content\/uploads\/2020\/06\/la-publicit\u00e9-sur-Facebook-Facebook-ads.png\" title=\"la publicit\u00e9 sur Facebook Facebook ads\" srcset=\"https:\/\/www.e2b-consulting.com\/wp-content\/uploads\/2020\/06\/la-publicit\u00e9-sur-Facebook-Facebook-ads.png 1280w, https:\/\/www.e2b-consulting.com\/wp-content\/uploads\/2020\/06\/la-publicit\u00e9-sur-Facebook-Facebook-ads-300x300.png 300w, https:\/\/www.e2b-consulting.com\/wp-content\/uploads\/2020\/06\/la-publicit\u00e9-sur-Facebook-Facebook-ads-100x100.png 100w, https:\/\/www.e2b-consulting.com\/wp-content\/uploads\/2020\/06\/la-publicit\u00e9-sur-Facebook-Facebook-ads-600x600.png 600w, https:\/\/www.e2b-consulting.com\/wp-content\/uploads\/2020\/06\/la-publicit\u00e9-sur-Facebook-Facebook-ads-640x640.png 640w, https:\/\/www.e2b-consulting.com\/wp-content\/uploads\/2020\/06\/la-publicit\u00e9-sur-Facebook-Facebook-ads-160x160.png 160w, https:\/\/www.e2b-consulting.com\/wp-content\/uploads\/2020\/06\/la-publicit\u00e9-sur-Facebook-Facebook-ads-768x768.png 768w, https:\/\/www.e2b-consulting.com\/wp-content\/uploads\/2020\/06\/la-publicit\u00e9-sur-Facebook-Facebook-ads-320x320.png 320w\" sizes=\"(max-width: 1280px) 100vw, 1280px\" \/><\/span><\/div><div class=\"bt_bb_separator bt_bb_border_style_none bt_bb_bottom_spacing_normal\" data-bt-override-class=\"null\"><\/div><header class=\"bt_bb_headline bt_bb_dash_top bt_bb_size_medium bt_bb_align_inherit\" data-bt-override-class=\"{&quot;bt_bb_size_&quot;:{&quot;current_class&quot;:&quot;bt_bb_size_medium&quot;,&quot;xxl&quot;:&quot;medium&quot;,&quot;xl&quot;:&quot;medium&quot;},&quot;bt_bb_align_&quot;:{&quot;current_class&quot;:&quot;bt_bb_align_inherit&quot;,&quot;xxl&quot;:&quot;inherit&quot;,&quot;xl&quot;:&quot;inherit&quot;}}\"><h1 class=\"bt_bb_headline_tag\"><span class=\"bt_bb_headline_content\"><span><b><\/b><br \/><br \/>\n<b>Advertising on Facebook <\/b> <u>Facebook ads ?<\/u><\/span><\/span><\/h1><\/header><div class=\"bt_bb_separator bt_bb_border_style_none bt_bb_bottom_spacing_normal\" data-bt-override-class=\"null\"><\/div><div  class=\"bt_bb_text\" ><\/p>\n<h6>Facebook Ads<\/h6>\n<p>Facebook Ads<\/p>\n<p><span style=\"font-weight: 400;\">Facebook ads now come in several varieties. You can promote your Page, posts on your Page, actions users took, or your website itself. Despite Facebook\u2019s increasing focus on native ads and keeping traffic on its site, you can still be successful in sending users to your website.<\/span><\/p>\n<p><span style=\"font-weight: 400;\">Facebook\u2019s ads <strong>allow<\/strong> for extremely <\/span><span style=\"font-weight: 400;\">precisely targeted options. Businesses can define their own audiences based off of the above categories and then setup campaigns for these \u201ccore audiences.\u201d Another one of the best benefits of Facebook advertising for your business is that you can also target people who have previously interacted with your brand.<\/span><\/p>\n<p>Know that Facebook can meet almost all of your marketing goals<\/p>\n<p><span style=\"font-weight: 400;\">Facebook business ads are ideal for brands that are looking to run both short-term and long-term digital marketing strategies \u2013 since they can start providing revenue\/conversion as soon as they go live.<\/span><\/p>\n<p><span style=\"font-weight: 400;\">Then why not invest in Facebook ads and make relevant ads that will only\u00a0 <\/span><span style=\"font-weight: 400;\">have positive reviews on your business<\/span><\/p>\n<p>\n<\/div><\/div><\/div><div  class=\"bt_bb_column col-xl-6 bt_bb_align_left bt_bb_vertical_align_top bt_bb_animation_fade_in zoom_out animate bt_bb_padding_normal bt_bb_animation_fade_in bt_bb_animation_zoom_out animate\"  data-width=\"6\" data-bt-override-class=\"{}\"><div class=\"bt_bb_column_content\"><div class=\"bt_bb_image bt_bb_shape_hard-rounded bt_bb_target_self bt_bb_align_inherit bt_bb_hover_style_simple bt_bb_content_display_always bt_bb_content_align_middle bt_bb_hidden_xs bt_bb_hidden_ms bt_bb_hidden_sm\" data-bt-override-class=\"{}\"><span><img loading=\"lazy\" decoding=\"async\" width=\"1280\" height=\"1280\" src=\"https:\/\/www.e2b-consulting.com\/wp-content\/uploads\/2020\/06\/la-publicit\u00e9-sur-Facebook-Facebook-ads-1280x1280.png\" class=\"attachment-boldthemes_large_square size-boldthemes_large_square\" alt=\"la publicit\u00e9 sur Facebook Facebook ads\" data-full_image_src=\"https:\/\/www.e2b-consulting.com\/wp-content\/uploads\/2020\/06\/la-publicit\u00e9-sur-Facebook-Facebook-ads.png\" title=\"la publicit\u00e9 sur Facebook Facebook ads\" srcset=\"https:\/\/www.e2b-consulting.com\/wp-content\/uploads\/2020\/06\/la-publicit\u00e9-sur-Facebook-Facebook-ads.png 1280w, https:\/\/www.e2b-consulting.com\/wp-content\/uploads\/2020\/06\/la-publicit\u00e9-sur-Facebook-Facebook-ads-300x300.png 300w, https:\/\/www.e2b-consulting.com\/wp-content\/uploads\/2020\/06\/la-publicit\u00e9-sur-Facebook-Facebook-ads-100x100.png 100w, https:\/\/www.e2b-consulting.com\/wp-content\/uploads\/2020\/06\/la-publicit\u00e9-sur-Facebook-Facebook-ads-600x600.png 600w, https:\/\/www.e2b-consulting.com\/wp-content\/uploads\/2020\/06\/la-publicit\u00e9-sur-Facebook-Facebook-ads-640x640.png 640w, https:\/\/www.e2b-consulting.com\/wp-content\/uploads\/2020\/06\/la-publicit\u00e9-sur-Facebook-Facebook-ads-160x160.png 160w, https:\/\/www.e2b-consulting.com\/wp-content\/uploads\/2020\/06\/la-publicit\u00e9-sur-Facebook-Facebook-ads-768x768.png 768w, https:\/\/www.e2b-consulting.com\/wp-content\/uploads\/2020\/06\/la-publicit\u00e9-sur-Facebook-Facebook-ads-320x320.png 320w\" sizes=\"(max-width: 1280px) 100vw, 1280px\" \/><\/span><\/div><\/div><\/div><\/div><\/div><\/div><!-- cell_inner --><\/div><!-- cell --><\/div><!-- port --><\/section><section id=\"bt_bb_section69d27d5995f31\" class=\"bt_bb_section bt_bb_layout_boxed_1200 bt_bb_vertical_align_top bt_bb_section_show_right_boxed_content\"  data-bt-override-class=\"null\"><div class=\"bt_bb_port\"><div class=\"bt_bb_cell\"><div class=\"bt_bb_cell_inner\"><div class=\"bt_bb_row\"  data-bt-override-class=\"{}\"><div class=\"bt_bb_row_holder\" ><div  class=\"bt_bb_column col-xl-6 bt_bb_align_right bt_bb_vertical_align_top bt_bb_padding_double\"  data-width=\"6\" data-bt-override-class=\"{}\"><div class=\"bt_bb_column_content\"><div class=\"bt_bb_image bt_bb_shape_square bt_bb_target_self bt_bb_align_inherit bt_bb_hover_style_simple bt_bb_content_display_always bt_bb_content_align_middle\" data-bt-override-class=\"{}\"><span><img loading=\"lazy\" decoding=\"async\" width=\"813\" height=\"800\" src=\"https:\/\/www.e2b-consulting.com\/wp-content\/uploads\/2020\/06\/campagne-publicitaire-sur-Facebook.png\" class=\"attachment-full size-full\" alt=\"campagne publicitaire sur Facebook\" data-full_image_src=\"https:\/\/www.e2b-consulting.com\/wp-content\/uploads\/2020\/06\/campagne-publicitaire-sur-Facebook.png\" title=\"campagne publicitaire sur Facebook\" srcset=\"https:\/\/www.e2b-consulting.com\/wp-content\/uploads\/2020\/06\/campagne-publicitaire-sur-Facebook.png 813w, https:\/\/www.e2b-consulting.com\/wp-content\/uploads\/2020\/06\/campagne-publicitaire-sur-Facebook-600x590.png 600w, https:\/\/www.e2b-consulting.com\/wp-content\/uploads\/2020\/06\/campagne-publicitaire-sur-Facebook-640x630.png 640w, https:\/\/www.e2b-consulting.com\/wp-content\/uploads\/2020\/06\/campagne-publicitaire-sur-Facebook-768x756.png 768w, https:\/\/www.e2b-consulting.com\/wp-content\/uploads\/2020\/06\/campagne-publicitaire-sur-Facebook-320x315.png 320w\" sizes=\"(max-width: 813px) 100vw, 813px\" \/><\/span><\/div><div class=\"bt_bb_separator bt_bb_border_style_none bt_bb_bottom_spacing_normal bt_bb_hidden_md bt_bb_hidden_lg\" data-bt-override-class=\"null\"><\/div><\/div><\/div><div  class=\"bt_bb_column col-xl-6 bt_bb_align_left bt_bb_vertical_align_top bt_bb_animation_fade_in zoom_out animate bt_bb_padding_normal bt_bb_animation_fade_in bt_bb_animation_zoom_out animate\"  data-width=\"6\" data-bt-override-class=\"{}\"><div class=\"bt_bb_column_content\"><div class=\"bt_bb_separator bt_bb_border_style_none bt_bb_bottom_spacing_large bt_bb_hidden_xs bt_bb_hidden_ms bt_bb_hidden_sm\" data-bt-override-class=\"null\"><\/div><header class=\"bt_bb_headline bt_bb_dash_top bt_bb_size_medium bt_bb_align_inherit\" data-bt-override-class=\"{}\"><h3 class=\"bt_bb_headline_tag\"><span class=\"bt_bb_headline_content\"><span><b>Why should I<\/b> <u> advertise on Facebook ? <\/u><\/p><br \/>\n<p><\/span><\/span><\/h3><\/header><div class=\"bt_bb_separator bt_bb_border_style_none bt_bb_bottom_spacing_normal\" data-bt-override-class=\"null\"><\/div><div  class=\"bt_bb_text\" ><\/p>\n<p><span style=\"font-weight: 400;\">Simply, Facebook ads can help a business get more visibility for their Facebook content and boost traffic to their core website content, <\/span><span style=\"font-weight: 400;\">\u00a0this network has almost 2.6 billion users.<\/span><\/p>\n<p><span style=\"font-weight: 400;\">D\u2019apr\u00e8s les statistiques r\u00e9alis\u00e9es\u00a0 la port\u00e9e organique , reste \u00e0 elle seule insuffisante pour toucher une large audience surtout avec les mises \u00e0 jour de l&rsquo;algorithme de facebook , rien n\u2019est s\u00fbr.<\/span><\/p>\n<p><span style=\"font-weight: 400;\">Alors, pourquoi pas ne pas se tourner vers la sponsorisation des posts facebook cela facilitera la t\u00e2che pour vos marketeurs et\u00a0 pour vous , la sponsorisation facebook reste une m\u00e9thode d&rsquo;acquisition efficace qui a fait <\/span><\/p>\n<p><span style=\"font-weight: 400;\">Think about it.<\/span><\/p>\n<p><span style=\"font-weight: 400;\">What matters most is the optimum use <strong>of advertising on Facebook.<\/strong> :<\/span><\/p>\n<ul>\n<li><span style=\"font-weight: 400;\">Be aware of how to target.\u00a0<\/span><\/li>\n<li>Creating Personalized Audiences<\/li>\n<li>Develop multiple types of campaigns.<\/li>\n<\/ul>\n<h6><\/h6>\n<p>\n<\/div><\/div><\/div><\/div><\/div><\/div><!-- cell_inner --><\/div><!-- cell --><\/div><!-- port --><\/section><section id=\"bt_bb_section69d27d5998025\" class=\"bt_bb_section bt_bb_layout_boxed_1200 bt_bb_vertical_align_top bt_bb_top_spacing_large bt_bb_bottom_spacing_large\"  data-bt-override-class=\"null\"><div class=\"bt_bb_background_image_holder_wrapper\"><div class=\"bt_bb_background_image_holder btLazyLoadBackground\"  data-background_image_src=\"https:\/\/www.e2b-consulting.com\/wp-content\/uploads\/2020\/11\/Pourquoi-faire-de-la-publicit\u00e9-sur-Facebook.png\" data-parallax-zoom-start=\"1\" data-parallax-zoom-end=\"1\" data-parallax-blur-start=\"0\" data-parallax-blur-end=\"0\" data-parallax-opacity-start=\"1\" data-parallax-opacity-end=\"1\" style=\" background-image: url(&#039;https:\/\/www.e2b-consulting.com\/wp-content\/plugins\/bold-page-builder\/img\/blank.gif&#039;);\"><\/div><\/div><div class=\"bt_bb_port\"><div class=\"bt_bb_cell\"><div class=\"bt_bb_cell_inner\"><div class=\"bt_bb_row\"  data-bt-override-class=\"{}\"><div class=\"bt_bb_row_holder\" ><div  class=\"bt_bb_column col-xl-12 bt_bb_align_center bt_bb_vertical_align_top bt_bb_animation_fade_in zoom_out animate bt_bb_padding_normal bt_bb_animation_fade_in bt_bb_animation_zoom_out animate\"  data-width=\"12\" data-bt-override-class=\"{}\"><div class=\"bt_bb_column_content\"><header class=\"bt_bb_headline bt_bb_dash_none bt_bb_superheadline bt_bb_size_medium bt_bb_align_inherit\" data-bt-override-class=\"{}\"><h3 class=\"bt_bb_headline_tag\"><span class=\"bt_bb_headline_superheadline\">FACEBOOK ADVERTISING AGENCY<\/span><span class=\"bt_bb_headline_content\"><span><b>Publicit\u00e9 sur Facebook &amp; Instagram :<\/b> <u>Sponsoring your publications<\/u><\/span><\/span><\/h3><\/header><div class=\"bt_bb_separator bt_bb_border_style_none bt_bb_top_spacing_normal\" data-bt-override-class=\"null\"><\/div><div class=\"bt_bb_button bt_bb_color_scheme_6 bt_bb_icon_position_left bt_bb_style_filled bt_bb_size_normal bt_bb_width_inline bt_bb_shape_inherit bt_bb_target_blank bt_bb_align_inherit\" style=\"; --primary-color:#ffffff; --secondary-color:#b73235;\" data-bt-override-class=\"{}\"><a href=\"https:\/\/www.e2b-consulting.com\/en\/contactez-nous\/\" target=\"_blank\" class=\"bt_bb_link\" title=\"CONTACT US\"><span class=\"bt_bb_button_text\" >CONTACT US<\/span><\/a><\/div><\/div><\/div><\/div><\/div><\/div><!-- cell_inner --><\/div><!-- cell --><\/div><!-- port --><\/section><section id=\"bt_bb_section69d27d5998e34\" class=\"bt_bb_section bt_bb_layout_boxed_1200 bt_bb_vertical_align_top bt_bb_top_spacing_normal bt_bb_bottom_spacing_normal\"  data-bt-override-class=\"null\"><div class=\"bt_bb_port\"><div class=\"bt_bb_cell\"><div class=\"bt_bb_cell_inner\"><div class=\"bt_bb_row\"  data-bt-override-class=\"{}\"><div class=\"bt_bb_row_holder\" ><div  class=\"bt_bb_column col-xl-6 bt_bb_align_left bt_bb_vertical_align_top bt_bb_animation_fade_in zoom_out animate bt_bb_padding_normal bt_bb_animation_fade_in bt_bb_animation_zoom_out animate\"  data-width=\"6\" data-bt-override-class=\"{}\"><div class=\"bt_bb_column_content\"><div class=\"bt_bb_image bt_bb_shape_hard-rounded bt_bb_target_self bt_bb_align_inherit bt_bb_hover_style_simple bt_bb_content_display_always bt_bb_content_align_middle bt_bb_hidden_md bt_bb_hidden_lg\" data-bt-override-class=\"{}\"><span><img loading=\"lazy\" decoding=\"async\" width=\"1280\" height=\"1280\" src=\"https:\/\/www.e2b-consulting.com\/wp-content\/uploads\/2020\/06\/publicit\u00e9-sur-Facebook-1280x1280.png\" class=\"attachment-boldthemes_large_square size-boldthemes_large_square\" alt=\"publicit\u00e9 sur Facebook\" data-full_image_src=\"https:\/\/www.e2b-consulting.com\/wp-content\/uploads\/2020\/06\/publicit\u00e9-sur-Facebook.png\" title=\"publicit\u00e9 sur Facebook\" srcset=\"https:\/\/www.e2b-consulting.com\/wp-content\/uploads\/2020\/06\/publicit\u00e9-sur-Facebook.png 1280w, https:\/\/www.e2b-consulting.com\/wp-content\/uploads\/2020\/06\/publicit\u00e9-sur-Facebook-300x300.png 300w, https:\/\/www.e2b-consulting.com\/wp-content\/uploads\/2020\/06\/publicit\u00e9-sur-Facebook-100x100.png 100w, https:\/\/www.e2b-consulting.com\/wp-content\/uploads\/2020\/06\/publicit\u00e9-sur-Facebook-600x600.png 600w, https:\/\/www.e2b-consulting.com\/wp-content\/uploads\/2020\/06\/publicit\u00e9-sur-Facebook-640x640.png 640w, https:\/\/www.e2b-consulting.com\/wp-content\/uploads\/2020\/06\/publicit\u00e9-sur-Facebook-160x160.png 160w, https:\/\/www.e2b-consulting.com\/wp-content\/uploads\/2020\/06\/publicit\u00e9-sur-Facebook-768x768.png 768w, https:\/\/www.e2b-consulting.com\/wp-content\/uploads\/2020\/06\/publicit\u00e9-sur-Facebook-320x320.png 320w\" sizes=\"(max-width: 1280px) 100vw, 1280px\" \/><\/span><\/div><div class=\"bt_bb_separator bt_bb_border_style_none bt_bb_bottom_spacing_normal\" data-bt-override-class=\"null\"><\/div><header class=\"bt_bb_headline bt_bb_dash_top bt_bb_size_medium bt_bb_align_inherit\" data-bt-override-class=\"{}\"><h2 class=\"bt_bb_headline_tag\"><span class=\"bt_bb_headline_content\"><span><b>Successful advertising campaign on <\/b> <u> Facebook ads ?<\/u><\/span><\/span><\/h2><\/header><div class=\"bt_bb_separator bt_bb_border_style_none bt_bb_bottom_spacing_normal\" data-bt-override-class=\"null\"><\/div><div  class=\"bt_bb_text\" ><\/p>\n<p><span style=\"font-weight: 400;\">you have goals to achieve through <strong>online advertising on Facebook<\/strong> , sales or any other purpose,<\/span><\/p>\n<p><span style=\"font-weight: 400;\"> you are ready to pay, but you don't want to throw your money out the window, <\/span><\/p>\n<p><span style=\"font-weight: 400;\">if you want to do facebook sponsorship successfully\u00a0<\/span><\/p>\n<p><span style=\"font-weight: 400;\">you can contact us to train you, or to train your employees,<\/span><\/p>\n<p><span style=\"font-weight: 400;\"> we help you to define your target, until the optimization of your score of relevance\u00a0<\/span><\/p>\n<p><span style=\"font-weight: 400;\">E2business consulting and training, your digital firm in Tunis offers you the opportunity to do Facebook sponsorship training\u00a0<\/span><\/p>\n<p><span style=\"font-weight: 400;\">for any information you can contact us (<\/span><a href=\"https:\/\/www.e2b-consulting.com\/en\/formations\/\">Facebook Ads: Online Advertising Facebook Ads)<\/a><\/p>\n<p>pour plus d&rsquo;informations sur le sujet vous pouvez lire cet article : <a href=\"https:\/\/www.journalducm.com\/publicite-facebook-guide\/\">Facebook\u00a0<\/a><\/p>\n<p>\n<\/div><\/div><\/div><div  class=\"bt_bb_column col-xl-6 bt_bb_align_left bt_bb_vertical_align_top bt_bb_animation_fade_in zoom_out animate bt_bb_padding_normal bt_bb_animation_fade_in bt_bb_animation_zoom_out animate\"  data-width=\"6\" data-bt-override-class=\"{}\"><div class=\"bt_bb_column_content\"><div class=\"bt_bb_image bt_bb_shape_hard-rounded bt_bb_target_self bt_bb_align_inherit bt_bb_hover_style_simple bt_bb_content_display_always bt_bb_content_align_middle bt_bb_hidden_xs bt_bb_hidden_ms bt_bb_hidden_sm\" data-bt-override-class=\"{}\"><span><img loading=\"lazy\" decoding=\"async\" width=\"1280\" height=\"1280\" src=\"https:\/\/www.e2b-consulting.com\/wp-content\/uploads\/2020\/06\/publicit\u00e9-sur-Facebook-1280x1280.png\" class=\"attachment-boldthemes_large_square size-boldthemes_large_square\" alt=\"publicit\u00e9 sur Facebook\" data-full_image_src=\"https:\/\/www.e2b-consulting.com\/wp-content\/uploads\/2020\/06\/publicit\u00e9-sur-Facebook.png\" title=\"publicit\u00e9 sur Facebook\" srcset=\"https:\/\/www.e2b-consulting.com\/wp-content\/uploads\/2020\/06\/publicit\u00e9-sur-Facebook.png 1280w, https:\/\/www.e2b-consulting.com\/wp-content\/uploads\/2020\/06\/publicit\u00e9-sur-Facebook-300x300.png 300w, https:\/\/www.e2b-consulting.com\/wp-content\/uploads\/2020\/06\/publicit\u00e9-sur-Facebook-100x100.png 100w, https:\/\/www.e2b-consulting.com\/wp-content\/uploads\/2020\/06\/publicit\u00e9-sur-Facebook-600x600.png 600w, https:\/\/www.e2b-consulting.com\/wp-content\/uploads\/2020\/06\/publicit\u00e9-sur-Facebook-640x640.png 640w, https:\/\/www.e2b-consulting.com\/wp-content\/uploads\/2020\/06\/publicit\u00e9-sur-Facebook-160x160.png 160w, https:\/\/www.e2b-consulting.com\/wp-content\/uploads\/2020\/06\/publicit\u00e9-sur-Facebook-768x768.png 768w, https:\/\/www.e2b-consulting.com\/wp-content\/uploads\/2020\/06\/publicit\u00e9-sur-Facebook-320x320.png 320w\" sizes=\"(max-width: 1280px) 100vw, 1280px\" \/><\/span><\/div><\/div><\/div><\/div><\/div><\/div><!-- cell_inner --><\/div><!-- cell --><\/div><!-- port --><\/section><section id=\"bt_bb_section69d27d599b6ce\" class=\"bt_bb_section bt_bb_layout_boxed_1200 bt_bb_vertical_align_top bt_bb_top_spacing_normal\"  data-bt-override-class=\"null\"><div class=\"bt_bb_port\"><div class=\"bt_bb_cell\"><div class=\"bt_bb_cell_inner\"><div class=\"bt_bb_row\"  data-bt-override-class=\"{}\"><div class=\"bt_bb_row_holder\" ><div  class=\"bt_bb_column col-xl-12 bt_bb_align_left bt_bb_vertical_align_top bt_bb_padding_normal\"  data-width=\"12\" data-bt-override-class=\"{}\"><div class=\"bt_bb_column_content\"><header class=\"bt_bb_headline bt_bb_dash_none bt_bb_size_inherit bt_bb_align_inherit\" data-bt-override-class=\"{}\"><h3 class=\"bt_bb_headline_tag\"><span class=\"bt_bb_headline_content\"><span><b>Figures from the social network:<\/b> <u>Facebook<\/u><\/span><\/span><\/h3><\/header><div class=\"bt_bb_separator bt_bb_border_style_none bt_bb_top_spacing_normal\" data-bt-override-class=\"null\"><\/div><div  class=\"bt_bb_text\" ><\/p>\n<p>If you still hesitate to get into <strong>Facebook ads advertising<\/strong> , en voici quelques chiffres sur l&rsquo;usage de <strong>Facebook in Tunisia<\/strong> , according to a study by We Are Social and the Hootsuite platform :<\/p>\n<ul>\n<li>Le nombre d&rsquo;utilisateurs des r\u00e9seaux sociaux en Tunisie en janvier 2020 est de 7,30 millions , une augmentation de plus 6,9 % entre avril 2019 et janvier 2020.<\/li>\n<li>Selon l&rsquo;\u00e9tude le nombre de personnes qui peuvent \u00eatre atteints sur la plateforme avec des publicit\u00e9s sont au nombre de 6.9 millions.<\/li>\n<li>Un chiffre d&rsquo;une grande ampleur qui cache beaucoup d&rsquo;opportunit\u00e9s pour les diff\u00e9rentes entreprises pr\u00e9sentes sur le r\u00e9seau.<\/li>\n<li>Le nombre de port\u00e9e publicitaire par rapport \u00e0 l&rsquo;ensemble de la population \u00e2g\u00e9e de plus de 13 ans est de est de 75%.<\/li>\n<li>Facebook users on all types of mobile accounts for 96.8%.<\/li>\n<li>L\u2019audience publicitaire f\u00e9minine sur Facebook est de 44.9 %\u00a0 quant \u00e0 l&rsquo;audience masculine le chiffre est de 55.1 %.<\/li>\n<li>Le pourcentage des utilisateurs Facebook \u00e0 partir d&rsquo;un ordinateur est \u00e9gale \u00e0 3.2 %.<\/li>\n<li>People who access the platform via mobile and desktop account for 20.5%<\/li>\n<li>76.3% the percentage of Facebook users, who connect only on smartphone.<\/li>\n<\/ul>\n<p>Voici\u00a0 le lien de l&rsquo;\u00e9tude : <a href=\"https:\/\/www.digital-discovery.tn\/chiffres-digital-internet-tunisie-2020\/#:~:text=LesinternautesenTunisie,64enjanvier2020.\">Digital 2020<\/a><\/p>\n<p>Facebook has great potential to promote all types of content while achieving different objectives<br \/>\nWhat sets Facebook apart from other platforms is its quality\/price ratio, allowing to achieve impressive results with a minimum of expenses.<\/p>\n<p>\n<\/div><\/div><\/div><\/div><\/div><\/div><!-- cell_inner --><\/div><!-- cell --><\/div><!-- port --><\/section><\/p>","protected":false},"excerpt":{"rendered":"","protected":false},"author":8,"featured_media":6104,"parent":0,"menu_order":0,"comment_status":"closed","ping_status":"closed","template":"","meta":{"footnotes":""},"class_list":["post-2965","page","type-page","status-publish","has-post-thumbnail","hentry"],"aioseo_notices":[],"_links":{"self":[{"href":"https:\/\/www.e2b-consulting.com\/en\/wp-json\/wp\/v2\/pages\/2965"}],"collection":[{"href":"https:\/\/www.e2b-consulting.com\/en\/wp-json\/wp\/v2\/pages"}],"about":[{"href":"https:\/\/www.e2b-consulting.com\/en\/wp-json\/wp\/v2\/types\/page"}],"author":[{"embeddable":true,"href":"https:\/\/www.e2b-consulting.com\/en\/wp-json\/wp\/v2\/users\/8"}],"replies":[{"embeddable":true,"href":"https:\/\/www.e2b-consulting.com\/en\/wp-json\/wp\/v2\/comments?post=2965"}],"version-history":[{"count":0,"href":"https:\/\/www.e2b-consulting.com\/en\/wp-json\/wp\/v2\/pages\/2965\/revisions"}],"wp:featuredmedia":[{"embeddable":true,"href":"https:\/\/www.e2b-consulting.com\/en\/wp-json\/wp\/v2\/media\/6104"}],"wp:attachment":[{"href":"https:\/\/www.e2b-consulting.com\/en\/wp-json\/wp\/v2\/media?parent=2965"}],"curies":[{"name":"wp","href":"https:\/\/api.w.org\/{rel}","templated":true}]}}