{"id":2980,"date":"2020-06-12T13:04:40","date_gmt":"2020-06-12T11:04:40","guid":{"rendered":"https:\/\/www.e2b-consulting.com\/?page_id=2980"},"modified":"2020-07-14T17:19:56","modified_gmt":"2020-07-14T15:19:56","slug":"e2b-webinar","status":"publish","type":"page","link":"https:\/\/www.e2b-consulting.com\/en\/e2b-webinar\/","title":{"rendered":"e2b webinar"},"content":{"rendered":"<p><section id=\"bt_bb_section69d3127cceded\" class=\"bt_bb_section bt_bb_layout_boxed_1200 bt_bb_full_screen bt_bb_vertical_align_top bt_bb_top_spacing_extra_large bt_bb_bottom_spacing_normal\"  data-bt-override-class=\"null\"><div class=\"bt_bb_background_image_holder_wrapper\"><div class=\"bt_bb_background_image_holder btLazyLoadBackground\"  data-background_image_src=\"https:\/\/www.e2b-consulting.com\/wp-content\/uploads\/2020\/06\/formation-webinar-1-scaled.jpg\" data-parallax-zoom-start=\"1\" data-parallax-zoom-end=\"1\" data-parallax-blur-start=\"0\" data-parallax-blur-end=\"0\" data-parallax-opacity-start=\"1\" data-parallax-opacity-end=\"1\" style=\" background-image: url(&#039;https:\/\/www.e2b-consulting.com\/wp-content\/plugins\/bold-page-builder\/img\/blank.gif&#039;);\"><\/div><\/div><div class=\"bt_bb_port\"><div class=\"bt_bb_cell\"><div class=\"bt_bb_cell_inner\"><div class=\"bt_bb_row\"  data-bt-override-class=\"{}\"><div class=\"bt_bb_row_holder\" ><div  class=\"bt_bb_column col-xl-6 bt_bb_align_left bt_bb_vertical_align_top bt_bb_padding_normal\"  data-width=\"6\" data-bt-override-class=\"{}\"><div class=\"bt_bb_column_content\"><header class=\"bt_bb_headline bt_bb_dash_none bt_bb_size_large bt_bb_align_inherit\" style=\"center;color:#e77476;border-color:#e77476;\" data-bt-override-class=\"{}\"><h1 class=\"bt_bb_headline_tag\"><span class=\"bt_bb_headline_content\"><span>Webinar<br \/><br \/>\n<\/span><\/span><\/h1><\/header><div class=\"bt_bb_separator bt_bb_border_style_none bt_bb_top_spacing_normal bt_bb_bottom_spacing_normal\" data-bt-override-class=\"null\"><\/div><header class=\"bt_bb_headline bt_bb_dash_none bt_bb_size_large bt_bb_align_inherit\" style=\"center;color:#ffffff;border-color:#ffffff;\" data-bt-override-class=\"{}\"><h1 class=\"bt_bb_headline_tag\"><span class=\"bt_bb_headline_content\"><span>Quels sont les leviers du<br \/><br \/>\nMarketing digital ?<\/span><\/span><\/h1><\/header><\/div><\/div><div  class=\"bt_bb_column col-xl-6 bt_bb_align_left bt_bb_vertical_align_top bt_bb_padding_normal\"  data-width=\"6\" data-bt-override-class=\"{}\"><div class=\"bt_bb_column_content\"><header class=\"bt_bb_headline bt_bb_dash_none bt_bb_size_normal bt_bb_align_inherit\" style=\";color:#e77476;border-color:#e77476;\" data-bt-override-class=\"{}\"><h2 class=\"bt_bb_headline_tag\"><span class=\"bt_bb_headline_content\"><span>Inscrivez-vous d\u00e8s maintenant<\/p><br \/>\n<p><\/span><\/span><\/h2><\/header><div  class=\"bt_bb_text\" ><\/p>\n<p><span style=\"color: white;\">Contactez-nous pour obtenir la meilleure offre de nos agents!<\/span><\/p>\n<p>\n<\/div><div class=\"bt_bb_separator bt_bb_border_style_none bt_bb_top_spacing_small bt_bb_bottom_spacing_small\" data-bt-override-class=\"null\"><\/div><div  class=\"bt_bb_text\" ><\/p>\n<div id=\"e2b-consulting_6243207367163904\" class=\"agile_crm_form_embed\"><span style=\"display: none;\">Fill out my <a href=\"https:\/\/e2b-consulting.agilecrm.com\/forms\/6243207367163904\">online form<\/a><\/span><\/div>\n<p>\n<\/div><\/div><\/div><\/div><\/div><\/div><!-- cell_inner --><\/div><!-- cell --><\/div><!-- port --><\/section><section id=\"bt_bb_section69d3127ccf936\" class=\"bt_bb_section bt_bb_layout_boxed_1200 bt_bb_vertical_align_top bt_bb_top_spacing_medium bt_bb_bottom_spacing_medium\"  data-bt-override-class=\"null\"><div class=\"bt_bb_port\"><div class=\"bt_bb_cell\"><div class=\"bt_bb_cell_inner\"><div class=\"bt_bb_row\"  data-bt-override-class=\"{}\"><div class=\"bt_bb_row_holder\" ><div  class=\"bt_bb_column col-xl-12 bt_bb_align_center bt_bb_vertical_align_top bt_bb_padding_normal\"  data-width=\"12\" data-bt-override-class=\"{}\"><div class=\"bt_bb_column_content\"><header class=\"bt_bb_headline bt_bb_dash_none bt_bb_size_inherit bt_bb_align_center\" style=\";color:#3d3a59;border-color:#3d3a59;\" data-bt-override-class=\"{}\"><h2 class=\"bt_bb_headline_tag\"><span class=\"bt_bb_headline_content\"><span>Th\u00e8mes abord\u00e9s<br \/><br \/>\n<\/span><\/span><\/h2><\/header><div class=\"bt_bb_separator bt_bb_border_style_none bt_bb_top_spacing_medium bt_bb_bottom_spacing_normal\" data-bt-override-class=\"null\"><\/div><\/div><\/div><\/div><\/div><div class=\"bt_bb_row  bt_bb_column_gap_35\" style=\"; --column-gap:35px;\" data-bt-override-class=\"{}\"><div class=\"bt_bb_row_holder\" ><div  class=\"bt_bb_column col-xl-4 bt_bb_align_center bt_bb_vertical_align_top bt_bb_padding_normal\"  data-width=\"4\" data-bt-override-class=\"{}\"><div class=\"bt_bb_column_content\"><div class=\"bt_bb_image bt_bb_shape_hard-rounded bt_bb_target_self bt_bb_align_inherit bt_bb_hover_style_flip bt_bb_content_display_always bt_bb_content_align_middle\" data-bt-override-class=\"{}\"><span><img loading=\"lazy\" decoding=\"async\" width=\"200\" height=\"200\" src=\"https:\/\/www.e2b-consulting.com\/wp-content\/uploads\/2020\/07\/seo.png\" class=\"attachment-full size-full\" alt=\"seo en tunisie\" data-full_image_src=\"https:\/\/www.e2b-consulting.com\/wp-content\/uploads\/2020\/07\/seo.png\" title=\"seo en tunisie\" srcset=\"https:\/\/www.e2b-consulting.com\/wp-content\/uploads\/2020\/07\/seo.png 200w, https:\/\/www.e2b-consulting.com\/wp-content\/uploads\/2020\/07\/seo-100x100.png 100w, https:\/\/www.e2b-consulting.com\/wp-content\/uploads\/2020\/07\/seo-160x160.png 160w\" sizes=\"(max-width: 200px) 100vw, 200px\" \/><\/span><\/div><div class=\"bt_bb_separator bt_bb_border_style_none bt_bb_top_spacing_small\" data-bt-override-class=\"null\"><\/div><header class=\"bt_bb_headline bt_bb_dash_none bt_bb_size_normal bt_bb_align_center\" style=\";color:#3d3a59;border-color:#3d3a59;\" data-bt-override-class=\"{}\"><h3 class=\"bt_bb_headline_tag\"><span class=\"bt_bb_headline_content\"><span>Le SEO<\/span><\/span><\/h3><\/header><\/div><\/div><div  class=\"bt_bb_column col-xl-4 bt_bb_align_center bt_bb_vertical_align_top bt_bb_padding_normal\"  data-width=\"4\" data-bt-override-class=\"{}\"><div class=\"bt_bb_column_content\"><div class=\"bt_bb_image bt_bb_shape_hard-rounded bt_bb_target_self bt_bb_align_inherit bt_bb_hover_style_flip bt_bb_content_display_always bt_bb_content_align_middle\" data-bt-override-class=\"{}\"><span><img loading=\"lazy\" decoding=\"async\" width=\"200\" height=\"200\" src=\"https:\/\/www.e2b-consulting.com\/wp-content\/uploads\/2020\/07\/social-media.png\" class=\"attachment-full size-full\" alt=\"https:\/\/www.e2b-consulting.com\/wp-content\/uploads\/2020\/07\/social-media.png\" data-full_image_src=\"https:\/\/www.e2b-consulting.com\/wp-content\/uploads\/2020\/07\/social-media.png\" title=\"social media\" srcset=\"https:\/\/www.e2b-consulting.com\/wp-content\/uploads\/2020\/07\/social-media.png 200w, https:\/\/www.e2b-consulting.com\/wp-content\/uploads\/2020\/07\/social-media-100x100.png 100w, https:\/\/www.e2b-consulting.com\/wp-content\/uploads\/2020\/07\/social-media-160x160.png 160w\" sizes=\"(max-width: 200px) 100vw, 200px\" \/><\/span><\/div><div class=\"bt_bb_separator bt_bb_border_style_none bt_bb_top_spacing_small\" data-bt-override-class=\"null\"><\/div><header class=\"bt_bb_headline bt_bb_dash_none bt_bb_size_normal bt_bb_align_center\" style=\";color:#3d3a59;border-color:#3d3a59;\" data-bt-override-class=\"{}\"><h3 class=\"bt_bb_headline_tag\"><span class=\"bt_bb_headline_content\"><span>Le social media<\/span><\/span><\/h3><\/header><\/div><\/div><div  class=\"bt_bb_column col-xl-4 bt_bb_align_center bt_bb_vertical_align_top bt_bb_padding_normal\"  data-width=\"4\" data-bt-override-class=\"{}\"><div class=\"bt_bb_column_content\"><div class=\"bt_bb_image bt_bb_shape_hard-rounded bt_bb_target_self bt_bb_align_inherit bt_bb_hover_style_flip bt_bb_content_display_always bt_bb_content_align_middle\" data-bt-override-class=\"{}\"><span><img loading=\"lazy\" decoding=\"async\" width=\"200\" height=\"200\" src=\"https:\/\/www.e2b-consulting.com\/wp-content\/uploads\/2020\/07\/L\u2019email-marketing.png\" class=\"attachment-full size-full\" alt=\"L\u2019email marketing\" data-full_image_src=\"https:\/\/www.e2b-consulting.com\/wp-content\/uploads\/2020\/07\/L\u2019email-marketing.png\" title=\"L\u2019email marketing\" srcset=\"https:\/\/www.e2b-consulting.com\/wp-content\/uploads\/2020\/07\/L\u2019email-marketing.png 200w, https:\/\/www.e2b-consulting.com\/wp-content\/uploads\/2020\/07\/L\u2019email-marketing-100x100.png 100w, https:\/\/www.e2b-consulting.com\/wp-content\/uploads\/2020\/07\/L\u2019email-marketing-160x160.png 160w\" sizes=\"(max-width: 200px) 100vw, 200px\" \/><\/span><\/div><div class=\"bt_bb_separator bt_bb_border_style_none bt_bb_top_spacing_small\" data-bt-override-class=\"null\"><\/div><header class=\"bt_bb_headline bt_bb_dash_none bt_bb_size_normal bt_bb_align_center\" style=\";color:#3d3a59;border-color:#3d3a59;\" data-bt-override-class=\"{}\"><h3 class=\"bt_bb_headline_tag\"><span class=\"bt_bb_headline_content\"><span>L\u2019email marketing<\/span><\/span><\/h3><\/header><\/div><\/div><\/div><\/div><\/div><!-- cell_inner --><\/div><!-- cell --><\/div><!-- port --><\/section><section id=\"bt_bb_section69d3127cd14db\" class=\"bt_bb_section bt_bb_layout_boxed_1200 bt_bb_vertical_align_top bt_bb_top_spacing_medium bt_bb_bottom_spacing_medium\"  data-bt-override-class=\"null\"><div class=\"bt_bb_port\"><div class=\"bt_bb_cell\"><div class=\"bt_bb_cell_inner\"><div class=\"bt_bb_row\"  data-bt-override-class=\"{}\"><div class=\"bt_bb_row_holder\" ><div  class=\"bt_bb_column col-xl-6 bt_bb_align_center bt_bb_vertical_align_top bt_bb_padding_normal\"  data-width=\"6\" data-bt-override-class=\"{}\"><div class=\"bt_bb_column_content\"><header class=\"bt_bb_headline bt_bb_dash_none bt_bb_size_inherit bt_bb_align_inherit\" style=\";color:#e77476;border-color:#e77476;\" data-bt-override-class=\"{}\"><h2 class=\"bt_bb_headline_tag\"><span class=\"bt_bb_headline_content\"><span>A propos :<br \/><br \/>\n<\/span><\/span><\/h2><\/header><div class=\"bt_bb_separator bt_bb_border_style_none bt_bb_top_spacing_normal\" data-bt-override-class=\"null\"><\/div><div  class=\"bt_bb_text\" ><\/p>\n<p>Envie de suivre la formation \u00a0\u00bb Quels sont les leviers du Marketing digital ? \u00a0\u00bb<\/p>\n<p>\u200bCette formation permet aux entreprises de mieux comprendre les outils pour mettre en place votre strat\u00e9gie de marketing digital.<\/p>\n<p>Une veille r\u00e9guli\u00e8re permet de rester au courant de toutes ces nouveaut\u00e9s.<\/p>\n<p>\n<\/div><div class=\"bt_bb_separator bt_bb_border_style_none bt_bb_top_spacing_normal\" data-bt-override-class=\"null\"><\/div><header class=\"bt_bb_headline bt_bb_dash_none bt_bb_size_inherit bt_bb_align_inherit\" style=\";color:#e77476;border-color:#e77476;\" data-bt-override-class=\"{}\"><h2 class=\"bt_bb_headline_tag\"><span class=\"bt_bb_headline_content\"><span>A propos de formateur :<br \/><br \/>\n<\/span><\/span><\/h2><\/header><div class=\"bt_bb_separator bt_bb_border_style_none bt_bb_top_spacing_normal\" data-bt-override-class=\"null\"><\/div><div class=\"bt_bb_image bt_bb_shape_hard-rounded bt_bb_target_self bt_bb_align_inherit bt_bb_hover_style_flip bt_bb_content_display_always bt_bb_content_align_middle\" data-bt-override-class=\"{}\"><span><img loading=\"lazy\" decoding=\"async\" width=\"300\" height=\"300\" src=\"https:\/\/www.e2b-consulting.com\/wp-content\/uploads\/2020\/06\/formateur-webinar.png\" class=\"attachment-boldthemes_medium size-boldthemes_medium\" alt=\"formateur webinar\" data-full_image_src=\"https:\/\/www.e2b-consulting.com\/wp-content\/uploads\/2020\/06\/formateur-webinar.png\" title=\"formateur webinar\" srcset=\"https:\/\/www.e2b-consulting.com\/wp-content\/uploads\/2020\/06\/formateur-webinar.png 300w, https:\/\/www.e2b-consulting.com\/wp-content\/uploads\/2020\/06\/formateur-webinar-100x100.png 100w, https:\/\/www.e2b-consulting.com\/wp-content\/uploads\/2020\/06\/formateur-webinar-160x160.png 160w\" sizes=\"(max-width: 300px) 100vw, 300px\" \/><\/span><\/div><header class=\"bt_bb_headline bt_bb_dash_none bt_bb_superheadline bt_bb_size_inherit bt_bb_align_inherit\" data-bt-override-class=\"{}\"><h1 class=\"bt_bb_headline_tag\"><span class=\"bt_bb_headline_superheadline\">CEO-fondateur E2b Consulting et Training Consultant en marketing digital<\/span><\/h1><\/header><div  class=\"bt_bb_text\" ><\/p>\n<p><a class=\"btn btn-linkedin btn-lg\" title=\"LinkedIn\" href=\"https:\/\/www.linkedin.com\/in\/kais-khenine-digital-marketing-facebook-e-commerce-formation-tunisie\/\"><i class=\"fa fa-linkedin fa-fw\"><\/i> LinkedIn<\/a><\/p>\n<p>\n<\/div><\/div><\/div><div  class=\"bt_bb_column col-xl-6 bt_bb_align_center bt_bb_vertical_align_top bt_bb_padding_normal\"  data-width=\"6\" data-bt-override-class=\"{}\"><div class=\"bt_bb_column_content\"><div class=\"bt_bb_separator bt_bb_border_style_none bt_bb_top_spacing_small bt_bb_bottom_spacing_small\" data-bt-override-class=\"null\"><\/div><div class=\"bt_bb_slider bt_bb_height_auto bt_bb_show_dots_bottom bt_bb_animation_fade animate bt_bb_arrows_size_normal bt_bb_arrows_style_transparent_light\"><div class=\"slick-slider fade\"  data-slick='{ \"lazyLoad\": \"progressive\", \"cssEase\": \"ease-out\", \"speed\": \"300\", \"fade\": true, \"adaptiveHeight\": true, \"dots\": true, \"prevArrow\": \"&lt;button type=\\\"button\\\" class=\\\"slick-prev\\\" aria-label=\\\"Previous\\\" tabindex=\\\"0\\\" role=\\\"button\\\"&gt;&lt;\/button&gt;\", \"nextArrow\": \"&lt;button type=\\\"button\\\" class=\\\"slick-next\\\" aria-label=\\\"Next\\\" tabindex=\\\"0\\\" role=\\\"button\\\"&gt;&lt;\/button&gt;\"}' ><div class=\"bt_bb_slider_item\" data-src-full=\"https:\/\/www.e2b-consulting.com\/wp-content\/uploads\/2019\/03\/formation-marketing-digital-tunisie-scaled.jpg\"><img decoding=\"async\" src=\"https:\/\/www.e2b-consulting.com\/wp-content\/uploads\/2019\/03\/formation-marketing-digital-tunisie-scaled.jpg\" alt=\"formation marketing digital tunisie\"  title=\"formation marketing digital tunisie\"><\/div><div class=\"bt_bb_slider_item\" data-src-full=\"https:\/\/www.e2b-consulting.com\/wp-content\/uploads\/2019\/04\/publicit\u00e9-sur-les-r\u00e9seaux-sociau-scaled.jpg\"><img decoding=\"async\" src=\"https:\/\/www.e2b-consulting.com\/wp-content\/uploads\/2019\/04\/publicit\u00e9-sur-les-r\u00e9seaux-sociau-scaled.jpg\" alt=\"publicit\u00e9 sur les r\u00e9seaux sociau\"  title=\"publicit\u00e9 sur les r\u00e9seaux sociau\"><\/div><div class=\"bt_bb_slider_item\" data-src-full=\"https:\/\/www.e2b-consulting.com\/wp-content\/uploads\/2019\/01\/Comment-construire-une-strat\u00e9gie-num\u00e9rique-compl\u00e8te-scaled.jpg\"><img decoding=\"async\" src=\"https:\/\/www.e2b-consulting.com\/wp-content\/uploads\/2019\/01\/Comment-construire-une-strat\u00e9gie-num\u00e9rique-compl\u00e8te-scaled.jpg\" alt=\"Comment construire une strat\u00e9gie num\u00e9rique compl\u00e8te\"  title=\"Comment construire une strat\u00e9gie num\u00e9rique compl\u00e8te\"><\/div><div class=\"bt_bb_slider_item\" data-src-full=\"https:\/\/www.e2b-consulting.com\/wp-content\/uploads\/2019\/04\/sponsorisation-facebook-tunisie-min-scaled.jpg\"><img decoding=\"async\" src=\"https:\/\/www.e2b-consulting.com\/wp-content\/uploads\/2019\/04\/sponsorisation-facebook-tunisie-min-scaled.jpg\" alt=\"sponsorisation facebook tunisie-min\"  title=\"sponsorisation facebook tunisie-min\"><\/div><\/div><\/div><div class=\"bt_bb_separator bt_bb_border_style_none bt_bb_bottom_spacing_small\" data-bt-override-class=\"null\"><\/div><header class=\"bt_bb_headline bt_bb_dash_none bt_bb_size_inherit bt_bb_align_inherit\" style=\";color:#e77476;border-color:#e77476;\" data-bt-override-class=\"{}\"><h2 class=\"bt_bb_headline_tag\"><span class=\"bt_bb_headline_content\"><span>Plus d'informations :<br \/><br \/>\n<\/span><\/span><\/h2><\/header><div  class=\"bt_bb_text\" ><\/p>\n<p>Heure : 11h<\/p>\n<p>Date : 16\/07\/2020<\/p>\n<p>Prix : Gratuit<\/p>\n<p>Formateur : Kais KHENINE<\/p>\n<p>Lieu : Zoom Video<\/p>\n<p>\n<\/div><\/div><\/div><\/div><\/div><\/div><!-- cell_inner --><\/div><!-- cell --><\/div><!-- port --><\/section><section id=\"bt_bb_section69d3127cd39e5\" class=\"bt_bb_section bt_bb_layout_boxed_1200 bt_bb_vertical_align_top bt_bb_top_spacing_medium bt_bb_bottom_spacing_normal\" style=\";background-color:#243950;\" data-bt-override-class=\"null\"><div class=\"bt_bb_port\"><div class=\"bt_bb_cell\"><div class=\"bt_bb_cell_inner\"><div class=\"bt_bb_row\"  data-bt-override-class=\"{}\"><div class=\"bt_bb_row_holder\" ><div  class=\"bt_bb_column col-xl-6 bt_bb_align_left bt_bb_vertical_align_top bt_bb_padding_normal\"  data-width=\"6\" data-bt-override-class=\"{}\"><div class=\"bt_bb_column_content\"><header class=\"bt_bb_headline bt_bb_dash_none bt_bb_size_inherit bt_bb_align_inherit\" style=\";color:#e77476;border-color:#e77476;\" data-bt-override-class=\"{}\"><h2 class=\"bt_bb_headline_tag\"><span class=\"bt_bb_headline_content\"><span>Qui somme nous ?<br \/><br \/>\n<\/span><\/span><\/h2><\/header><div class=\"bt_bb_separator bt_bb_border_style_none bt_bb_top_spacing_normal bt_bb_bottom_spacing_normal\" data-bt-override-class=\"null\"><\/div><div  class=\"bt_bb_text\" ><\/p>\n<p><span style=\"color: white;\">PARTENAIRE DE VOTRE SUCCES : <strong>E2BUSINESS CONSULTING<\/strong> est un cabinet de conseil en transition digitale.<\/span><\/p>\n<p><span style=\"color: white;\">Nous proposons un conseil et un accompagnement aux entreprises de tous types et toutes tailles, confront\u00e9es \u00e0 des enjeux d\u2019am\u00e9lioration de leur business, d\u2019optimisation de leur marketing ou de renforcement de leur visibilit\u00e9.<\/span><\/p>\n<p><span style=\"color: white;\">Notre cr\u00e9do : aider les entreprises \u00e0 se r\u00e9inventer autour des nouveaux usages et nouveaux mod\u00e8les de distribution induits par le num\u00e9rique sur leur march\u00e9. Nous mobilisons ainsi les comp\u00e9tences assurant leur transformation et in fine, une haute performance.<\/span><\/p>\n<p>\n<\/div><\/div><\/div><div  class=\"bt_bb_column col-xl-6 bt_bb_align_left bt_bb_vertical_align_top bt_bb_padding_normal\"  data-width=\"6\" data-bt-override-class=\"{}\"><div class=\"bt_bb_column_content\"><\/div><\/div><\/div><\/div><\/div><!-- cell_inner --><\/div><!-- cell --><\/div><!-- port --><\/section><\/p>","protected":false},"excerpt":{"rendered":"","protected":false},"author":6,"featured_media":0,"parent":0,"menu_order":0,"comment_status":"closed","ping_status":"closed","template":"","meta":{"footnotes":""},"class_list":["post-2980","page","type-page","status-publish","hentry"],"aioseo_notices":[],"_links":{"self":[{"href":"https:\/\/www.e2b-consulting.com\/en\/wp-json\/wp\/v2\/pages\/2980"}],"collection":[{"href":"https:\/\/www.e2b-consulting.com\/en\/wp-json\/wp\/v2\/pages"}],"about":[{"href":"https:\/\/www.e2b-consulting.com\/en\/wp-json\/wp\/v2\/types\/page"}],"author":[{"embeddable":true,"href":"https:\/\/www.e2b-consulting.com\/en\/wp-json\/wp\/v2\/users\/6"}],"replies":[{"embeddable":true,"href":"https:\/\/www.e2b-consulting.com\/en\/wp-json\/wp\/v2\/comments?post=2980"}],"version-history":[{"count":0,"href":"https:\/\/www.e2b-consulting.com\/en\/wp-json\/wp\/v2\/pages\/2980\/revisions"}],"wp:attachment":[{"href":"https:\/\/www.e2b-consulting.com\/en\/wp-json\/wp\/v2\/media?parent=2980"}],"curies":[{"name":"wp","href":"https:\/\/api.w.org\/{rel}","templated":true}]}}