{"id":3,"date":"2019-11-26T09:24:23","date_gmt":"2019-11-26T08:24:23","guid":{"rendered":"https:\/\/e2b-consulting.com\/?page_id=3"},"modified":"2020-07-21T16:45:44","modified_gmt":"2020-07-21T14:45:44","slug":"politique-de-confidentialite","status":"publish","type":"page","link":"https:\/\/www.e2b-consulting.com\/en\/politique-de-confidentialite\/","title":{"rendered":"Privacy Policy"},"content":{"rendered":"<h1 class=\"wp-block-heading\">Politique de confidentialit\u00e9.<\/h1>\r\n<p><strong>Introduction<\/strong><br \/>Devant le d\u00e9veloppement des nouveaux outils de communication, il est n\u00e9cessaire de porter une attention particuli\u00e8re \u00e0 la protection de la vie priv\u00e9e. C&rsquo;est pourquoi, nous nous engageons \u00e0 respecter la confidentialit\u00e9 des renseignements personnels que nous collectons.<\/p>\r\n<h2>Collecte des renseignements personnels<\/h2>\r\n<p>Nous collectons les renseignements suivants :<\/p>\r\n<ul>\r\n<li>Name<\/li>\r\n<li>First name<\/li>\r\n<li>Adresse postale<\/li>\r\n<li>Adresse \u00e9lectronique<\/li>\r\n<li>Num\u00e9ro de t\u00e9l\u00e9phone \/ t\u00e9l\u00e9copieur<\/li>\r\n<li>Profession<\/li>\r\n<\/ul>\r\n<p>Les renseignements personnels que nous collectons sont recueillis au travers de formulaires et gr\u00e2ce \u00e0 l&rsquo;interactivit\u00e9 \u00e9tablie entre vous et notre site Web. Nous utilisons \u00e9galement, comme indiqu\u00e9 dans la section suivante, des fichiers t\u00e9moins et\/ou journaux pour r\u00e9unir des informations vous concernant.<\/p>\r\n<h2>Formulaires\u00a0et interactivit\u00e9 :<\/h2>\r\n<p>Vos renseignements personnels sont collect\u00e9s par le biais de formulaire, \u00e0 savoir :<\/p>\r\n<p>Nous utilisons les renseignements ainsi collect\u00e9s pour les finalit\u00e9s suivantes :<\/p>\r\n<ul>\r\n<li>Contact<\/li>\r\n<\/ul>\r\n<p>Vos renseignements sont \u00e9galement collect\u00e9s par le biais de l&rsquo;interactivit\u00e9 pouvant s&rsquo;\u00e9tablir entre vous et notre site Web et ce, de la fa\u00e7on suivante :<\/p>\r\n<ul>\r\n<li>Contact<\/li>\r\n<li>Gestion du site Web (pr\u00e9sentation, organisation)<\/li>\r\n<\/ul>\r\n<p>Nous utilisons les renseignements ainsi collect\u00e9s pour les finalit\u00e9s suivantes :<\/p>\r\n<h2>Droit d&rsquo;opposition et de retrait<\/h2>\r\n<p>Nous nous engageons \u00e0 vous offrir un droit d&rsquo;opposition et de retrait quant \u00e0 vos renseignements personnels.<br \/>Le droit d&rsquo;opposition s&rsquo;entend comme \u00e9tant la possiblit\u00e9 offerte aux internautes de refuser que leurs renseignements personnels soient utilis\u00e9es \u00e0 certaines fins mentionn\u00e9es lors de la collecte.<\/p>\r\n<p>Le droit de retrait s&rsquo;entend comme \u00e9tant la possiblit\u00e9 offerte aux internautes de demander \u00e0 ce que leurs renseignements personnels ne figurent plus, par exemple, dans une liste de diffusion.<\/p>\r\n<p>Pour pouvoir exercer ces droits, vous pouvez : <br \/>Code postal : Appartement N\u00c2\u00b0B6.1, R\u00c3\u00a9sidence Ines Bloc B, Avenue de la Terre, Centre Urbain Nord, Tunis 1001<br \/>Courriel : <a href=\"mailto:kais.khenine@e2b-consulting.com\">kais.khenine@e2b-consulting.com<\/a><br \/>T\u00e9l\u00e9phone : +21621233192 <br \/>Section du site web : <a href=\"https:\/\/e2b-consulting.com\/fr\/\">https:\/\/e2b-consulting.com\/fr\/<\/a><\/p>\r\n<h2>Droit d&rsquo;acc\u00e8s<\/h2>\r\n<p>Nous nous engageons \u00e0 reconna\u00eetre un droit d&rsquo;acc\u00e8s et de rectification aux personnes concern\u00e9es d\u00e9sireuses de consulter, modifier, voire radier les informations les concernant.<br \/>L&rsquo;exercice de ce droit se fera :<br \/>Code postal : Appartement N\u00c2\u00b0B6.1, R\u00c3\u00a9sidence Ines Bloc B, Avenue de la Terre, Centre Urbain Nord, Tunis 1001<br \/>Courriel : <a href=\"mailto:kais.khenine@e2b-consulting.com\">kais.khenine@e2b-consulting.com<\/a><br \/>T\u00e9l\u00e9phone : +21621233192 <br \/>Section du site web : <a href=\"https:\/\/e2b-consulting.com\/fr\/\">https:\/\/e2b-consulting.com\/fr\/<\/a><\/p>\r\n<h2>S\u00e9curit\u00e9<\/h2>\r\n<p>Les renseignements personnels que nous collectons sont conserv\u00e9s dans un environnement s\u00e9curis\u00e9. Les personnes travaillant pour nous sont tenues de respecter la confidentialit\u00e9 de vos informations.<br \/>Pour assurer la s\u00e9curit\u00e9 de vos renseignements personnels, nous avons recours aux mesures suivantes :<\/p>\r\n<ul>\r\n<li>Gestion des acc\u00e8s &#8211; personne autoris\u00e9e<\/li>\r\n<li>Sauvegarde informatique<\/li>\r\n<li>Pare-feu (Firewalls)<\/li>\r\n<\/ul>\r\n<p>Nous nous engageons \u00e0 maintenir un haut degr\u00e9 de confidentialit\u00e9 en int\u00e9grant les derni\u00e8res innovations technologiques permettant d&rsquo;assurer la confidentialit\u00e9 de vos transactions. Toutefois, comme aucun m\u00e9canisme n&rsquo;offre une s\u00e9curit\u00e9 maximale, une part de risque est toujours pr\u00e9sente lorsque l&rsquo;on utilise Internet pour transmettre des renseignements personnels.<\/p>\r\n<h2>L\u00e9gislation<\/h2>\r\n<p>Nous nous engageons \u00e0 respecter les dispositions l\u00e9gislatives \u00e9nonc\u00e9es dans : <br \/>D\u00c3\u00a9cret n\u00c2\u00b0 2014-4773 du 26 d\u00c3\u00a9cembre 2014, fixant les conditions et les proc\u00c3\u00a9dures d&rsquo;octroi d&rsquo;autorisation pour l\u00e2\u20ac\u2122activit\u00c3\u00a9 de fournisseur de services internet<\/p>\r\n<p>&nbsp;<\/p>","protected":false},"excerpt":{"rendered":"<p>Politique de confidentialit\u00e9. IntroductionDevant le d\u00e9veloppement des nouveaux outils de communication, il est n\u00e9cessaire de porter une attention particuli\u00e8re \u00e0 la protection de la vie priv\u00e9e. C&rsquo;est pourquoi, nous nous engageons \u00e0 respecter la confidentialit\u00e9 des renseignements personnels que nous collectons. Collecte des renseignements personnels Nous collectons les renseignements suivants : Nom Pr\u00e9nom Adresse postale&#8230;<\/p>","protected":false},"author":1,"featured_media":0,"parent":0,"menu_order":0,"comment_status":"closed","ping_status":"open","template":"","meta":{"footnotes":""},"class_list":["post-3","page","type-page","status-publish","hentry"],"aioseo_notices":[],"_links":{"self":[{"href":"https:\/\/www.e2b-consulting.com\/en\/wp-json\/wp\/v2\/pages\/3"}],"collection":[{"href":"https:\/\/www.e2b-consulting.com\/en\/wp-json\/wp\/v2\/pages"}],"about":[{"href":"https:\/\/www.e2b-consulting.com\/en\/wp-json\/wp\/v2\/types\/page"}],"author":[{"embeddable":true,"href":"https:\/\/www.e2b-consulting.com\/en\/wp-json\/wp\/v2\/users\/1"}],"replies":[{"embeddable":true,"href":"https:\/\/www.e2b-consulting.com\/en\/wp-json\/wp\/v2\/comments?post=3"}],"version-history":[{"count":0,"href":"https:\/\/www.e2b-consulting.com\/en\/wp-json\/wp\/v2\/pages\/3\/revisions"}],"wp:attachment":[{"href":"https:\/\/www.e2b-consulting.com\/en\/wp-json\/wp\/v2\/media?parent=3"}],"curies":[{"name":"wp","href":"https:\/\/api.w.org\/{rel}","templated":true}]}}