{"id":3090,"date":"2020-06-14T21:16:01","date_gmt":"2020-06-14T19:16:01","guid":{"rendered":"https:\/\/www.e2b-consulting.com\/?page_id=3090"},"modified":"2022-11-30T14:05:33","modified_gmt":"2022-11-30T13:05:33","slug":"cabinet-de-conseil-en-strategie-digitale","status":"publish","type":"page","link":"https:\/\/www.e2b-consulting.com\/en\/cabinet-de-conseil-en-strategie-digitale\/","title":{"rendered":"Digital marketing strategy"},"content":{"rendered":"<p><section id=\"bt_bb_section69f12007bbbcb\" class=\"bt_bb_section bt_bb_layout_boxed_1200 bt_bb_vertical_align_top bt_bb_top_spacing_large bt_bb_bottom_spacing_normal\"  data-bt-override-class=\"null\"><div class=\"bt_bb_port\"><div class=\"bt_bb_cell\"><div class=\"bt_bb_cell_inner\"><div class=\"bt_bb_row  bt_bb_column_gap_40\" style=\"; --column-gap:40px;\" data-bt-override-class=\"{}\"><div class=\"bt_bb_row_holder\" ><div  class=\"bt_bb_column col-xl-6 bt_bb_align_left bt_bb_vertical_align_top bt_bb_padding_normal\"  data-width=\"6\" data-bt-override-class=\"{}\"><div class=\"bt_bb_column_content\"><header class=\"bt_bb_headline bt_bb_dash_none bt_bb_superheadline bt_bb_size_large bt_bb_align_inherit\" data-bt-override-class=\"{}\"><h2 class=\"bt_bb_headline_tag\"><span class=\"bt_bb_headline_superheadline\">DIGITAL MARKETING STRATEGY CONSULTING<\/span><span class=\"bt_bb_headline_content\"><span><b>The fundamentals<\/b><br \/><br \/>\n<u>of Digital Marketing<\/u><\/span><\/span><\/h2><\/header><div class=\"bt_bb_separator bt_bb_border_style_none bt_bb_top_spacing_small bt_bb_bottom_spacing_small\" data-bt-override-class=\"null\"><\/div><div class=\"bt_bb_content_slider bt_bb_gap_no_gap bt_bb_arrows_size_normal bt_bb_show_dots_bottom bt_bb_height_auto bt_bb_animation_fade bt_bb_animation_fade animate\" data-bt-override-class=\"{}\"><div class=\"slick-slider fade\"  data-slick='{ \"lazyLoad\": \"progressive\", \"cssEase\": \"ease-out\", \"speed\": \"600\", \"accessibility\": false, \"fade\": true, \"prevArrow\": \"&lt;button type=\\\"button\\\" class=\\\"slick-prev\\\" aria-label=\\\"Previous\\\" tabindex=\\\"0\\\" role=\\\"button\\\"&gt;&lt;\/button&gt;\", \"nextArrow\": \"&lt;button type=\\\"button\\\" class=\\\"slick-next\\\" aria-label=\\\"Next\\\" tabindex=\\\"0\\\" role=\\\"button\\\"&gt;&lt;\/button&gt;\", \"adaptiveHeight\": true, \"dots\": true}' ><div class=\"bt_bb_content_slider_item\"><div class=\"bt_bb_content_slider_item_content content\"><div class=\"bt_bb_slider bt_bb_height_auto bt_bb_show_dots_bottom bt_bb_animation_fade animate bt_bb_arrows_size_normal\"><div class=\"slick-slider fade\"  data-slick='{ \"lazyLoad\": \"progressive\", \"cssEase\": \"ease-out\", \"speed\": \"300\", \"fade\": true, \"adaptiveHeight\": true, \"dots\": true, \"prevArrow\": \"&lt;button type=\\\"button\\\" class=\\\"slick-prev\\\" aria-label=\\\"Previous\\\" tabindex=\\\"0\\\" role=\\\"button\\\"&gt;&lt;\/button&gt;\", \"nextArrow\": \"&lt;button type=\\\"button\\\" class=\\\"slick-next\\\" aria-label=\\\"Next\\\" tabindex=\\\"0\\\" role=\\\"button\\\"&gt;&lt;\/button&gt;\"}' ><div class=\"bt_bb_slider_item\" data-src-full=\"https:\/\/www.e2b-consulting.com\/wp-content\/uploads\/2020\/06\/online-marketing.jpeg\"><img decoding=\"async\" src=\"https:\/\/www.e2b-consulting.com\/wp-content\/uploads\/2020\/06\/online-marketing.jpeg\" alt=\"Conseil en strat\u00e9gie marketing digital\"  title=\"Conseil en strat\u00e9gie marketing digital en Tunisie\"><\/div><div class=\"bt_bb_slider_item\" data-src-full=\"https:\/\/www.e2b-consulting.com\/wp-content\/uploads\/2020\/06\/Les-fondamentaux-du-marketing-num\u00e9rique.jpg\"><img decoding=\"async\" src=\"https:\/\/www.e2b-consulting.com\/wp-content\/uploads\/2020\/06\/Les-fondamentaux-du-marketing-num\u00e9rique.jpg\" alt=\"Les fondamentaux du marketing num\u00e9rique\"  title=\"Les fondamentaux du marketing num\u00e9rique\"><\/div><div class=\"bt_bb_slider_item\" data-src-full=\"https:\/\/www.e2b-consulting.com\/wp-content\/uploads\/2020\/06\/Conseil-en-strat\u00e9gie-marketing.jpeg\"><img decoding=\"async\" src=\"https:\/\/www.e2b-consulting.com\/wp-content\/uploads\/2020\/06\/Conseil-en-strat\u00e9gie-marketing.jpeg\" alt=\"strat\u00e9gie marketing digital\"  title=\"strat\u00e9gie marketing digital\"><\/div><\/div><\/div><\/div><\/div><\/div><\/div><\/div><\/div><div  class=\"bt_bb_column col-xl-6 bt_bb_align_center bt_bb_vertical_align_top bt_bb_padding_normal\"  data-width=\"6\" data-bt-override-class=\"{}\"><div class=\"bt_bb_column_content\"><div class=\"bt_bb_separator bt_bb_border_style_none bt_bb_top_spacing_large\" data-bt-override-class=\"null\"><\/div><header class=\"bt_bb_headline bt_bb_dash_none bt_bb_size_medium bt_bb_align_inherit\" data-bt-override-class=\"{}\"><h3 class=\"bt_bb_headline_tag translation-block\">Digital Marketing strategy consulting<\/h3><\/header><div class=\"bt_bb_separator bt_bb_border_style_none bt_bb_top_spacing_normal\" data-bt-override-class=\"null\"><\/div><div  class=\"bt_bb_text\" ><\/p>\n<p class=\" translation-block\">Digital Marketing strategy consulting<\/p>\n<p class=\" translation-block\">We often hear about digital marketing and its importance but what is this concept of digital marketing? What are the fundamentals of digital marketing?<\/p>\n<p>Digital marketing, , corresponds to different practices that are based on the use of different digital channels, it is the set of marketing practices on social media in order to promote your products and services<\/p>\n<p>within marketing, we identify a primordial concept, it is the interactivity with the customer<\/p>\n<p>It is important to remember that the customer is at the heart of any successful strategy.<\/p>\n<p>\n<\/div><\/div><\/div><\/div><\/div><\/div><!-- cell_inner --><\/div><!-- cell --><\/div><!-- port --><\/section><section id=\"bt_bb_section69f12007bd44a\" class=\"bt_bb_section bt_bb_layout_boxed_1200 bt_bb_vertical_align_top bt_bb_top_spacing_normal bt_bb_bottom_spacing_medium\"  data-bt-override-class=\"null\"><div class=\"bt_bb_port\"><div class=\"bt_bb_cell\"><div class=\"bt_bb_cell_inner\"><div class=\"bt_bb_row\"  data-bt-override-class=\"{}\"><div class=\"bt_bb_row_holder\" ><div  class=\"bt_bb_column col-xl-7 bt_bb_align_left bt_bb_vertical_align_top bt_bb_animation_fade_in animate bt_bb_padding_normal bt_bb_animation_fade_in animate\"  data-width=\"7\" data-bt-override-class=\"{}\"><div class=\"bt_bb_column_content\"><div class=\"bt_bb_separator bt_bb_border_style_none bt_bb_bottom_spacing_medium\" data-bt-override-class=\"null\"><\/div><header class=\"bt_bb_headline bt_bb_dash_none bt_bb_subheadline bt_bb_size_inherit bt_bb_align_inherit\" data-bt-override-class=\"{}\"><h2 class=\"bt_bb_headline_tag translation-block\">Areas of Digital Marketing<\/h2><div class=\"bt_bb_headline_subheadline\">Au final on produit pour les clients pas pour des robots , c\u2019est un \u00eatre humain qui a des besoins et d\u00e9sirs auxquels l\u2019entreprise devra porter un soin bien particulier , la satisfaction des clients est porteuse de croissance pour l\u2019entreprise c\u2019est quelque chose \u00e0 ne pas n\u00e9gliger.<\/p><br \/>\n<p>le marketing \u00e0 tendance \u00e0 devenir ``par essence digital`` , il recouvre essentiellement diff\u00e9rents champs on y trouve : <\/div><\/header><div class=\"bt_bb_separator bt_bb_border_style_none bt_bb_top_spacing_normal bt_bb_bottom_spacing_normal\" data-bt-override-class=\"null\"><\/div><\/div><\/div><div  class=\"bt_bb_column col-xl-5 bt_bb_align_left bt_bb_vertical_align_top bt_bb_padding_normal\"  data-width=\"5\" data-bt-override-class=\"{}\"><div class=\"bt_bb_column_content\"><\/div><\/div><\/div><\/div><div class=\"bt_bb_row  bt_bb_column_gap_20\" style=\"; --column-gap:20px;\" data-bt-override-class=\"{}\"><div class=\"bt_bb_row_holder\" ><div  class=\"bt_bb_column col-xl-3 bt_bb_align_center bt_bb_vertical_align_top bt_bb_animation_fade_in animate bt_bb_padding_normal bt_bb_animation_fade_in animate\"  data-width=\"3\" data-bt-override-class=\"{}\"><div class=\"bt_bb_column_content\"><div class=\"bt_bb_service bt_bb_color_scheme_11 bt_bb_style_filled bt_bb_shape_circle bt_bb_size_large bt_bb_align_inherit\" style=\"; --service-primary-color:#ffffff; --service-secondary-color:#323743;\" data-bt-override-class=\"null\"><span  data-ico-teamwork=\"&#xe917;\" class=\"bt_bb_icon_holder\"><\/span><div class=\"bt_bb_service_content\"><div class=\"bt_bb_service_content_title\"><u>Content Marketing<\/u><\/div><\/div><\/div><div class=\"bt_bb_separator bt_bb_border_style_none bt_bb_top_spacing_small bt_bb_bottom_spacing_normal\" data-bt-override-class=\"null\"><\/div><\/div><\/div><div  class=\"bt_bb_column col-xl-3 bt_bb_align_center bt_bb_vertical_align_top bt_bb_animation_fade_in animate bt_bb_padding_normal bt_bb_animation_fade_in animate\"  data-width=\"3\" data-bt-override-class=\"{}\"><div class=\"bt_bb_column_content\"><div class=\"bt_bb_service bt_bb_color_scheme_6 bt_bb_style_filled bt_bb_shape_circle bt_bb_size_large bt_bb_align_inherit\" style=\"; --service-primary-color:#ffffff; --service-secondary-color:#b73235;\" data-bt-override-class=\"null\"><span  data-ico-globalbusiness=\"&#xe91b;\" class=\"bt_bb_icon_holder\"><\/span><div class=\"bt_bb_service_content\"><div class=\"bt_bb_service_content_title\"><u>Email Marketing<\/u><\/div><\/div><\/div><div class=\"bt_bb_separator bt_bb_border_style_none bt_bb_top_spacing_small bt_bb_bottom_spacing_normal\" data-bt-override-class=\"null\"><\/div><\/div><\/div><div  class=\"bt_bb_column col-xl-3 bt_bb_align_center bt_bb_vertical_align_top bt_bb_animation_fade_in animate bt_bb_padding_normal bt_bb_animation_fade_in animate\"  data-width=\"3\" data-bt-override-class=\"{}\"><div class=\"bt_bb_column_content\"><div class=\"bt_bb_service bt_bb_color_scheme_11 bt_bb_style_filled bt_bb_shape_circle bt_bb_size_large bt_bb_align_inherit\" style=\"; --service-primary-color:#ffffff; --service-secondary-color:#323743;\" data-bt-override-class=\"null\"><span  data-ico-teamwork=\"&#xe910;\" class=\"bt_bb_icon_holder\"><\/span><div class=\"bt_bb_service_content\"><div class=\"bt_bb_service_content_title\"><u> SEO \/SEA<\/u><\/div><\/div><\/div><div class=\"bt_bb_separator bt_bb_border_style_none bt_bb_top_spacing_small bt_bb_bottom_spacing_normal\" data-bt-override-class=\"null\"><\/div><\/div><\/div><div  class=\"bt_bb_column col-xl-3 bt_bb_align_center bt_bb_vertical_align_top bt_bb_animation_fade_in animate bt_bb_padding_normal bt_bb_animation_fade_in animate\"  data-width=\"3\" data-bt-override-class=\"{}\"><div class=\"bt_bb_column_content\"><div class=\"bt_bb_service bt_bb_color_scheme_6 bt_bb_style_filled bt_bb_shape_circle bt_bb_size_large bt_bb_align_inherit\" style=\"; --service-primary-color:#ffffff; --service-secondary-color:#b73235;\" data-bt-override-class=\"null\"><span  data-ico-transportation=\"&#xf14c;\" class=\"bt_bb_icon_holder\"><\/span><div class=\"bt_bb_service_content\"><div class=\"bt_bb_service_content_title\"><u>Web analytics<\/u><\/div><\/div><\/div><div class=\"bt_bb_separator bt_bb_border_style_none bt_bb_top_spacing_small bt_bb_bottom_spacing_normal\" data-bt-override-class=\"null\"><\/div><\/div><\/div><\/div><\/div><div class=\"bt_bb_row  bt_bb_column_gap_20\" style=\"; --column-gap:20px;\" data-bt-override-class=\"{}\"><div class=\"bt_bb_row_holder\" ><div  class=\"bt_bb_column col-xl-3 bt_bb_align_center bt_bb_vertical_align_top bt_bb_animation_fade_in animate bt_bb_padding_normal bt_bb_animation_fade_in animate\"  data-width=\"3\" data-bt-override-class=\"{}\"><div class=\"bt_bb_column_content\"><div class=\"bt_bb_service bt_bb_color_scheme_6 bt_bb_style_filled bt_bb_shape_circle bt_bb_size_large bt_bb_align_inherit\" style=\"; --service-primary-color:#ffffff; --service-secondary-color:#b73235;\" data-bt-override-class=\"null\"><span  data-ico-teamwork=\"&#xe922;\" class=\"bt_bb_icon_holder\"><\/span><div class=\"bt_bb_service_content\"><div class=\"bt_bb_service_content_title\"><u>Mobile Marketing<\/u><\/div><\/div><\/div><div class=\"bt_bb_separator bt_bb_border_style_none bt_bb_top_spacing_small bt_bb_bottom_spacing_normal\" data-bt-override-class=\"null\"><\/div><\/div><\/div><div  class=\"bt_bb_column col-xl-3 bt_bb_align_center bt_bb_vertical_align_top bt_bb_animation_fade_in animate bt_bb_padding_normal bt_bb_animation_fade_in animate\"  data-width=\"3\" data-bt-override-class=\"{}\"><div class=\"bt_bb_column_content\"><div class=\"bt_bb_service bt_bb_color_scheme_11 bt_bb_style_filled bt_bb_shape_circle bt_bb_size_large bt_bb_align_inherit\" style=\"; --service-primary-color:#ffffff; --service-secondary-color:#323743;\" data-bt-override-class=\"null\"><span  data-ico-teamwork=\"&#xe90e;\" class=\"bt_bb_icon_holder\"><\/span><div class=\"bt_bb_service_content\"><div class=\"bt_bb_service_content_title\"><u>Affiliation<\/u><\/div><\/div><\/div><div class=\"bt_bb_separator bt_bb_border_style_none bt_bb_top_spacing_small bt_bb_bottom_spacing_normal\" data-bt-override-class=\"null\"><\/div><\/div><\/div><div  class=\"bt_bb_column col-xl-3 bt_bb_align_center bt_bb_vertical_align_top bt_bb_animation_fade_in animate bt_bb_padding_normal bt_bb_animation_fade_in animate\"  data-width=\"3\" data-bt-override-class=\"{}\"><div class=\"bt_bb_column_content\"><div class=\"bt_bb_service bt_bb_color_scheme_6 bt_bb_style_filled bt_bb_shape_circle bt_bb_size_large bt_bb_align_inherit\" style=\"; --service-primary-color:#ffffff; --service-secondary-color:#b73235;\" data-bt-override-class=\"null\"><span  data-ico-teamwork=\"&#xe904;\" class=\"bt_bb_icon_holder\"><\/span><div class=\"bt_bb_service_content\"><div class=\"bt_bb_service_content_title\"><u> Display advertising <\/u><\/div><\/div><\/div><div class=\"bt_bb_separator bt_bb_border_style_none bt_bb_top_spacing_small bt_bb_bottom_spacing_normal\" data-bt-override-class=\"null\"><\/div><\/div><\/div><div  class=\"bt_bb_column col-xl-3 bt_bb_align_center bt_bb_vertical_align_top bt_bb_animation_fade_in animate bt_bb_padding_normal bt_bb_animation_fade_in animate\"  data-width=\"3\" data-bt-override-class=\"{}\"><div class=\"bt_bb_column_content\"><div class=\"bt_bb_service bt_bb_color_scheme_11 bt_bb_style_filled bt_bb_shape_circle bt_bb_size_large bt_bb_align_inherit\" style=\"; --service-primary-color:#ffffff; --service-secondary-color:#323743;\" data-bt-override-class=\"null\"><span  data-ico-teamwork=\"&#xe937;\" class=\"bt_bb_icon_holder\"><\/span><div class=\"bt_bb_service_content\"><div class=\"bt_bb_service_content_title\"><u>Social Marketing<\/u><\/div><\/div><\/div><div class=\"bt_bb_separator bt_bb_border_style_none bt_bb_top_spacing_small bt_bb_bottom_spacing_normal\" data-bt-override-class=\"null\"><\/div><\/div><\/div><\/div><\/div><\/div><!-- cell_inner --><\/div><!-- cell --><\/div><!-- port --><\/section><section id=\"bt_bb_section69f12007be489\" class=\"bt_bb_section bt_bb_layout_boxed_1200 bt_bb_vertical_align_top bt_bb_top_spacing_large bt_bb_bottom_spacing_large\"  data-bt-override-class=\"null\"><div class=\"bt_bb_port\"><div class=\"bt_bb_cell\"><div class=\"bt_bb_cell_inner\"><div class=\"bt_bb_row\"  data-bt-override-class=\"{}\"><div class=\"bt_bb_row_holder\" ><div  class=\"bt_bb_column col-xl-6 bt_bb_align_left bt_bb_vertical_align_top bt_bb_padding_normal\"  data-width=\"6\" data-bt-override-class=\"{}\"><div class=\"bt_bb_column_content\"><header class=\"bt_bb_headline bt_bb_dash_none bt_bb_size_inherit bt_bb_align_inherit\" data-bt-override-class=\"{}\"><h2 class=\"bt_bb_headline_tag translation-block\">Digital Marketing Tunisia<\/h2><\/header><div class=\"bt_bb_separator bt_bb_border_style_none bt_bb_top_spacing_normal\" data-bt-override-class=\"null\"><\/div><div class=\"bt_bb_image bt_bb_shape_square bt_bb_target_self bt_bb_align_inherit bt_bb_hover_style_simple bt_bb_content_display_always bt_bb_content_align_middle\" data-bt-override-class=\"{}\"><span><img loading=\"lazy\" decoding=\"async\" width=\"813\" height=\"800\" src=\"https:\/\/www.e2b-consulting.com\/wp-content\/uploads\/2020\/06\/E-COMMERCE-2.jpg\" class=\"attachment-full size-full\" alt=\"cr\u00e9ation-siteweb-e-commerce\" data-full_image_src=\"https:\/\/www.e2b-consulting.com\/wp-content\/uploads\/2020\/06\/E-COMMERCE-2.jpg\" title=\"Solutions e-commerce \u00e0 l&#039;\u00e9chelle national &amp; international\" srcset=\"https:\/\/www.e2b-consulting.com\/wp-content\/uploads\/2020\/06\/E-COMMERCE-2.jpg 813w, https:\/\/www.e2b-consulting.com\/wp-content\/uploads\/2020\/06\/E-COMMERCE-2-600x590.jpg 600w, https:\/\/www.e2b-consulting.com\/wp-content\/uploads\/2020\/06\/E-COMMERCE-2-640x630.jpg 640w, https:\/\/www.e2b-consulting.com\/wp-content\/uploads\/2020\/06\/E-COMMERCE-2-768x756.jpg 768w, https:\/\/www.e2b-consulting.com\/wp-content\/uploads\/2020\/06\/E-COMMERCE-2-320x315.jpg 320w\" sizes=\"(max-width: 813px) 100vw, 813px\" \/><\/span><\/div><\/div><\/div><div  class=\"bt_bb_column col-xl-6 bt_bb_align_left bt_bb_vertical_align_top bt_bb_padding_normal\"  data-width=\"6\" data-bt-override-class=\"{}\"><div class=\"bt_bb_column_content\"><div  class=\"bt_bb_text\" ><\/p>\n<p class=\" translation-block\">E2Business Consulting and Training, your digital marketing strategy consultancy in Tunisia, invites you to participate in the workshops we are organizing on \"the fundamentals of digital marketing\".<\/p>\n<p class=\" translation-block\">Our training sessions are aimed at teaching you the basics of digital marketing, the various principles, and the essential digital marketing concepts for you and your employees, to guide you with the latest technologies needed to develop an effective digital strategy.<\/p>\n<ul>\n<li><a href=\"https:\/\/www.e2b-consulting.com\/en\/produit\/formation-les-fondamentaux-du-marketing-digital-tunisie\/\">see training sessions\u00a0<\/a><\/li>\n<li><a href=\"https:\/\/blog.hubspot.fr\/marketing\/guide-strategie-marketing-digital#:~:text=Votrestratgienumriqueestune,vousrapprocherdevotreobjectif.\">See digital strategy guide\u00a0<\/a><\/li>\n<\/ul>\n<p>\n<\/div><div  class=\"bt_bb_text\" ><\/p>\n<p class=\" translation-block\">If you are a company and you have difficulties in terms of digital strategy or you want to do adwords advertising. Or maybe you want to train your employees to digital marketing tools to prepare them for your digital transformation whatever your needs are<\/p>\n<p class=\" translation-block\">Our consulting firm in tunisia is here for you.<\/p>\n<p><a href=\"https:\/\/www.e2b-consulting.com\/en\/contactez-nous\/\"><span style=\"font-weight: 400;\">Contact us<\/span><\/a><span style=\"font-weight: 400;\">\u00a0<\/span><\/p>\n<p>\n<\/div><\/div><\/div><\/div><\/div><\/div><!-- cell_inner --><\/div><!-- cell --><\/div><!-- port --><\/section><section id=\"bt_bb_section69f12007bf43d\" class=\"bt_bb_section bt_bb_layout_boxed_1200 bt_bb_vertical_align_top bt_bb_top_spacing_medium bt_bb_bottom_spacing_normal\" style=\";background-color:#b74042;\" data-bt-override-class=\"null\"><div class=\"bt_bb_background_image_holder_wrapper\"><div class=\"bt_bb_background_image_holder btLazyLoadBackground\"  data-background_image_src=\"https:\/\/www.e2b-consulting.com\/wp-content\/uploads\/2020\/05\/consultant-en-marketing-digital.png\" data-parallax-zoom-start=\"1\" data-parallax-zoom-end=\"1\" data-parallax-blur-start=\"0\" data-parallax-blur-end=\"0\" data-parallax-opacity-start=\"1\" data-parallax-opacity-end=\"1\" style=\" background-image: url(&#039;https:\/\/www.e2b-consulting.com\/wp-content\/plugins\/bold-page-builder\/img\/blank.gif&#039;);\"><\/div><\/div><div class=\"bt_bb_port\"><div class=\"bt_bb_cell\"><div class=\"bt_bb_cell_inner\"><div class=\"bt_bb_row\"  data-bt-override-class=\"{}\"><div class=\"bt_bb_row_holder\" ><div  class=\"bt_bb_column col-xl-12 bt_bb_align_center bt_bb_vertical_align_top bt_bb_animation_fade_in zoom_in animate bt_bb_padding_normal bt_bb_animation_fade_in bt_bb_animation_zoom_in animate\"  data-width=\"12\" data-bt-override-class=\"{}\"><div class=\"bt_bb_column_content\"><div  class=\"bt_bb_text\" ><\/p>\n<p><span style=\"font-weight: 500;\">C\u2019est un univers bien large , tout le monde \u00e0 nos jours s\u2019y met , c\u2019est important d\u2019ailleurs , mais une bonne connaissance du marketing digital , ses outils , ses enjeux s&rsquo;av\u00e8re n\u00e9cessaire pour bien pr\u00e9parer son lancement dans le monde digital\u00a0<\/span><\/p>\n<p>\n<\/div><div class=\"bt_bb_separator bt_bb_border_style_none bt_bb_top_spacing_normal\" data-bt-override-class=\"null\"><\/div><\/div><\/div><\/div><\/div><div class=\"bt_bb_row\"  data-bt-override-class=\"{}\"><div class=\"bt_bb_row_holder\" ><div  class=\"bt_bb_column col-xl-12 bt_bb_align_center bt_bb_vertical_align_top bt_bb_animation_fade_in zoom_out animate bt_bb_padding_normal bt_bb_animation_fade_in bt_bb_animation_zoom_out animate\"  data-width=\"12\" data-bt-override-class=\"{}\"><div class=\"bt_bb_column_content\"><header class=\"bt_bb_headline bt_bb_dash_none bt_bb_superheadline bt_bb_superheadline_outside bt_bb_size_medium bt_bb_align_inherit\" data-bt-override-class=\"{}\"><div class=\"bt_bb_headline_superheadline_outside\"><span class=\"bt_bb_headline_superheadline\">FIND A SOLUTION VERY QUICKLY!<\/span><\/div><h3 class=\"bt_bb_headline_tag\"><span class=\"bt_bb_headline_content\"><span><b>Need a<\/b> <u>consultant?<\/u><\/span><\/span><\/h3><\/header><div class=\"bt_bb_separator bt_bb_border_style_none bt_bb_top_spacing_normal\" data-bt-override-class=\"null\"><\/div><div class=\"bt_bb_button bt_bb_color_scheme_6 bt_bb_icon_position_left bt_bb_style_filled bt_bb_size_normal bt_bb_width_inline bt_bb_shape_inherit bt_bb_target_blank bt_bb_align_inherit\" style=\"; --primary-color:#ffffff; --secondary-color:#b73235;\" data-bt-override-class=\"{}\"><a href=\"https:\/\/www.e2b-consulting.com\/en\/contactez-nous\/\" target=\"_blank\" class=\"bt_bb_link\" title=\"GET AN ESTIMATE NOW\"><span class=\"bt_bb_button_text\" >GET AN ESTIMATE NOW<\/span><\/a><\/div><\/div><\/div><\/div><\/div><\/div><!-- cell_inner --><\/div><!-- cell --><\/div><!-- port --><\/section><section id=\"bt_bb_section69f12007bfb3a\" class=\"bt_bb_section bt_bb_layout_boxed_1200\"  data-bt-override-class=\"null\"><div class=\"bt_bb_port\"><div class=\"bt_bb_cell\"><div class=\"bt_bb_cell_inner\"><div class=\"bt_bb_row\"  data-bt-override-class=\"{}\"><div class=\"bt_bb_row_holder\" ><div  class=\"bt_bb_column col-xl-12 bt_bb_align_left bt_bb_vertical_align_top bt_bb_padding_normal\"  data-width=\"12\" data-bt-override-class=\"{}\"><div class=\"bt_bb_column_content\"><div  class=\"bt_bb_text\" ><\/p>\n<p><script type=\"application\/ld+json\">\n    {\n      \"@context\":\"https:\/\/schema.org\",\n      \"@type\":\"ItemList\",\n      \"itemListElement\":[\n        {\n          \"@type\":\"ListItem\",\n          \"position\":1,\n          \"url\":\"https:\/\/www.e2b-consulting.com\/cabinet-de-conseil-en-strategie-de-marketing-digital-e2business-consulting-and-training\/\"\n        },\n        {\n          \"@type\":\"ListItem\",\n          \"position\":2,\n          \"url\":\"https:\/\/www.e2b-consulting.com\/cabinet-de-conseil-digital-a-tunis\/\"\n        },\n        {\n          \"@type\":\"ListItem\",\n          \"position\":3,\n          \"url\":\"https:\/\/www.e2b-consulting.com\/comment-elaborer-un-plan-du-marketing-digital\/\"\n        }\n      ]\n    }\n    <\/script><\/p>\n<p>\n<\/div><\/div><\/div><\/div><\/div><\/div><!-- cell_inner --><\/div><!-- cell --><\/div><!-- port --><\/section><\/p>","protected":false},"excerpt":{"rendered":"","protected":false},"author":8,"featured_media":6101,"parent":0,"menu_order":0,"comment_status":"closed","ping_status":"closed","template":"","meta":{"footnotes":""},"class_list":["post-3090","page","type-page","status-publish","has-post-thumbnail","hentry"],"aioseo_notices":[],"_links":{"self":[{"href":"https:\/\/www.e2b-consulting.com\/en\/wp-json\/wp\/v2\/pages\/3090"}],"collection":[{"href":"https:\/\/www.e2b-consulting.com\/en\/wp-json\/wp\/v2\/pages"}],"about":[{"href":"https:\/\/www.e2b-consulting.com\/en\/wp-json\/wp\/v2\/types\/page"}],"author":[{"embeddable":true,"href":"https:\/\/www.e2b-consulting.com\/en\/wp-json\/wp\/v2\/users\/8"}],"replies":[{"embeddable":true,"href":"https:\/\/www.e2b-consulting.com\/en\/wp-json\/wp\/v2\/comments?post=3090"}],"version-history":[{"count":0,"href":"https:\/\/www.e2b-consulting.com\/en\/wp-json\/wp\/v2\/pages\/3090\/revisions"}],"wp:featuredmedia":[{"embeddable":true,"href":"https:\/\/www.e2b-consulting.com\/en\/wp-json\/wp\/v2\/media\/6101"}],"wp:attachment":[{"href":"https:\/\/www.e2b-consulting.com\/en\/wp-json\/wp\/v2\/media?parent=3090"}],"curies":[{"name":"wp","href":"https:\/\/api.w.org\/{rel}","templated":true}]}}