{"id":3503,"date":"2020-06-22T11:47:16","date_gmt":"2020-06-22T09:47:16","guid":{"rendered":"https:\/\/www.e2b-consulting.com\/?page_id=3503"},"modified":"2022-12-03T14:07:47","modified_gmt":"2022-12-03T13:07:47","slug":"agence-growth-hacking-tunisie","status":"publish","type":"page","link":"https:\/\/www.e2b-consulting.com\/en\/agence-growth-hacking-tunisie\/","title":{"rendered":"Growth hacking agency"},"content":{"rendered":"<p><section id=\"bt_bb_section69f382e5ed04b\" class=\"bt_bb_section bt_bb_layout_boxed_1200\"  data-bt-override-class=\"null\"><div class=\"bt_bb_port\"><div class=\"bt_bb_cell\"><div class=\"bt_bb_cell_inner\"><div class=\"bt_bb_row\"  data-bt-override-class=\"{}\"><div class=\"bt_bb_row_holder\" ><div  class=\"bt_bb_column col-xl-6 bt_bb_align_left bt_bb_vertical_align_top bt_bb_padding_normal\"  data-width=\"6\" data-bt-override-class=\"{}\"><div class=\"bt_bb_column_content\"><header class=\"bt_bb_headline bt_bb_dash_none bt_bb_size_inherit bt_bb_align_inherit\" data-bt-override-class=\"{&quot;bt_bb_size_&quot;:{&quot;current_class&quot;:&quot;bt_bb_size_inherit&quot;,&quot;xxl&quot;:&quot;inherit&quot;,&quot;xl&quot;:&quot;inherit&quot;},&quot;bt_bb_align_&quot;:{&quot;current_class&quot;:&quot;bt_bb_align_inherit&quot;,&quot;xxl&quot;:&quot;inherit&quot;,&quot;xl&quot;:&quot;inherit&quot;}}\"><h1 class=\"bt_bb_headline_tag\"><span class=\"bt_bb_headline_content\"><span><b><\/b><br \/><br \/>\n<b><\/b><br \/><br \/>\n<b><\/b><br \/><br \/>\n<b>What is<\/b><br \/><br \/>\n<u>Growth Hacking ?<\/u><\/span><\/span><\/h1><\/header><div class=\"bt_bb_separator bt_bb_border_style_none bt_bb_top_spacing_normal bt_bb_bottom_spacing_normal\" data-bt-override-class=\"null\"><\/div><div  class=\"bt_bb_text\" ><\/p>\n<p><b><span style=\"text-decoration: underline;\">Growth hacking<\/span>\u00a0 <\/b><span style=\"font-weight: 400;\">is an <\/span><span style=\"text-decoration: underline;\"><b>umbrella term<\/b><\/span><span style=\"font-weight: 400;\"> for strategies focused solely on growth. It is usually used in relation to early-stage startups who need massive growth in a short time on small budgets. <\/span><span style=\"font-weight: 400;\">\u00a0<\/span><span style=\"font-weight: 400;\">Growth hacking (also known as 'growth marketing') is the use of resource-light <\/span><span style=\"font-weight: 400;\">\u00a0<\/span><span style=\"font-weight: 400;\">and cost-effective digital marketing tactics to help grow and retain an active user base, sell products and gain exposure. <\/span><span style=\"font-weight: 400;\">Think \u2018hacking\u2019<\/span><span style=\"font-weight: 400;\"> in terms of life hacks \u2013 those little shortcuts that make your life easier \u2013 rather than nasty bits of code that can ruin your computer and your life.<\/span><\/p>\n<p><span style=\"font-weight: 400;\">Growth hackers <\/span><span style=\"text-decoration: underline;\"><strong>focus on experimenting<\/strong><\/span><b> , <\/b><span style=\"font-weight: 400;\">with the latest marketing and product-development trends so they can steal customers from their competitors and become more of an authority online.\u00a0<\/span><\/p>\n<p><span style=\"font-weight: 400;\">among the most used techniques in <span style=\"text-decoration: underline;\">growth hackin<\/span>g we find the automation of the process of acquiring new customers, the growth hacker develops marketing scenarios for :<\/span><\/p>\n<ul>\n<li style=\"font-weight: 400;\"><span style=\"font-weight: 400;\">Test new acquisition methods<\/span><\/li>\n<li style=\"font-weight: 400;\"><span style=\"font-weight: 400;\">Targeting your audience precisely<\/span><\/li>\n<li style=\"font-weight: 400;\"><span style=\"font-weight: 400;\">Understand prospect behavior<\/span><\/li>\n<\/ul>\n<p>\n<\/div><\/div><\/div><div  class=\"bt_bb_column col-xl-6 bt_bb_align_left bt_bb_vertical_align_top bt_bb_padding_normal\"  data-width=\"6\" data-bt-override-class=\"{}\"><div class=\"bt_bb_column_content\"><div class=\"bt_bb_separator bt_bb_border_style_none bt_bb_top_spacing_normal bt_bb_bottom_spacing_normal\" data-bt-override-class=\"null\"><\/div><div class=\"bt_bb_image bt_bb_shape_square bt_bb_target_self bt_bb_align_inherit bt_bb_hover_style_simple bt_bb_content_display_always bt_bb_content_align_middle bt_bb_fill_background_color_full\" data-bt-override-class=\"{&quot;bt_bb_align_&quot;:{&quot;current_class&quot;:&quot;bt_bb_align_inherit&quot;,&quot;xxl&quot;:&quot;inherit&quot;,&quot;xl&quot;:&quot;inherit&quot;}}\"><span><img loading=\"lazy\" decoding=\"async\" width=\"1280\" height=\"720\" src=\"https:\/\/www.e2b-consulting.com\/wp-content\/uploads\/2020\/06\/2993-1446645412-growth-hacking.jpg\" class=\"attachment-full size-full\" alt=\"growth hacking concept\" data-full_image_src=\"https:\/\/www.e2b-consulting.com\/wp-content\/uploads\/2020\/06\/2993-1446645412-growth-hacking.jpg\" title=\"growth concept\" srcset=\"https:\/\/www.e2b-consulting.com\/wp-content\/uploads\/2020\/06\/2993-1446645412-growth-hacking.jpg 1280w, https:\/\/www.e2b-consulting.com\/wp-content\/uploads\/2020\/06\/2993-1446645412-growth-hacking-600x338.jpg 600w, https:\/\/www.e2b-consulting.com\/wp-content\/uploads\/2020\/06\/2993-1446645412-growth-hacking-640x360.jpg 640w, https:\/\/www.e2b-consulting.com\/wp-content\/uploads\/2020\/06\/2993-1446645412-growth-hacking-768x432.jpg 768w, https:\/\/www.e2b-consulting.com\/wp-content\/uploads\/2020\/06\/2993-1446645412-growth-hacking-320x180.jpg 320w\" sizes=\"(max-width: 1280px) 100vw, 1280px\" \/><\/span><\/div><\/div><\/div><\/div><\/div><\/div><!-- cell_inner --><\/div><!-- cell --><\/div><!-- port --><\/section><section id=\"bt_bb_section69f382e5ee241\" class=\"bt_bb_section bt_bb_layout_boxed_1200 bt_bb_vertical_align_top bt_bb_top_spacing_normal bt_bb_bottom_spacing_normal\"  data-bt-override-class=\"null\"><div class=\"bt_bb_port\"><div class=\"bt_bb_cell\"><div class=\"bt_bb_cell_inner\"><div class=\"bt_bb_row\"  data-bt-override-class=\"{}\"><div class=\"bt_bb_row_holder\" ><div  class=\"bt_bb_column col-xl-4 bt_bb_align_left bt_bb_vertical_align_top bt_bb_padding_normal\"  data-width=\"4\" data-bt-override-class=\"{}\"><div class=\"bt_bb_column_content\"><header class=\"bt_bb_headline bt_bb_dash_none bt_bb_size_inherit bt_bb_align_inherit\" data-bt-override-class=\"{}\"><h3 class=\"bt_bb_headline_tag\"><span class=\"bt_bb_headline_content\"><span><br \/><br \/>\n<b>Who is a <\/b><br \/><br \/>\n<u>Growth hacker ?<\/u><\/span><\/span><\/h3><\/header><div class=\"bt_bb_separator bt_bb_border_style_none bt_bb_top_spacing_normal bt_bb_bottom_spacing_normal\" data-bt-override-class=\"null\"><\/div><div  class=\"bt_bb_text\" ><\/p>\n<p><span style=\"font-weight: 400;\">c\u2019est tout simplement la personne charg\u00e9 du growth hacking , il doit allier des\u00a0 connaissances\u00a0 en\u00a0 marketing ainsi que des connaissances techniques\u00a0 . la majorit\u00e9 du temps d&rsquo;un growth hacker se passe \u00a0\u00e0 tester et analyser les retours, \u00ab\u00a0Test and Learn\u201d.<\/span><\/p>\n<p><span style=\"font-weight: 400;\">He must have a good knowledge and idea about paid and natural SEO, UX design, social networks, content marketing, emailing,...etc<\/span><\/p>\n<p><span style=\"font-weight: 400;\">le growth hacker a besoin d\u2019un ensemble d\u2019atouts et de comp\u00e9tences tel que le sens de la cr\u00e9ativit\u00e9 , de l\u2019innovation , la curiosit\u00e9\u00a0 afin de pouvoir d\u00e9velopper des strat\u00e9gies de croissance rapides et automatis\u00e9s pour l&rsquo;entreprise .<\/span><\/p>\n<p>\n<\/div><\/div><\/div><div  class=\"bt_bb_column col-xl-4 bt_bb_align_left bt_bb_vertical_align_top bt_bb_padding_normal\"  data-width=\"4\" data-bt-override-class=\"{}\"><div class=\"bt_bb_column_content\"><div class=\"bt_bb_separator bt_bb_border_style_none bt_bb_top_spacing_normal bt_bb_bottom_spacing_normal\" data-bt-override-class=\"null\"><\/div><div class=\"bt_bb_separator bt_bb_border_style_none bt_bb_top_spacing_normal bt_bb_bottom_spacing_normal\" data-bt-override-class=\"null\"><\/div><div class=\"bt_bb_image bt_bb_shape_square bt_bb_target_self bt_bb_align_inherit bt_bb_hover_style_simple bt_bb_content_display_always bt_bb_content_align_middle\" data-bt-override-class=\"{}\"><span><img loading=\"lazy\" decoding=\"async\" width=\"1024\" height=\"609\" src=\"https:\/\/www.e2b-consulting.com\/wp-content\/uploads\/2020\/06\/growth-hacking-competences-1024x609-1.png\" class=\"attachment-full size-full\" alt=\"les comp\u00e9tences growth-hacking\" data-full_image_src=\"https:\/\/www.e2b-consulting.com\/wp-content\/uploads\/2020\/06\/growth-hacking-competences-1024x609-1.png\" title=\"les comp\u00e9tences growth-hacking\" srcset=\"https:\/\/www.e2b-consulting.com\/wp-content\/uploads\/2020\/06\/growth-hacking-competences-1024x609-1.png 1024w, https:\/\/www.e2b-consulting.com\/wp-content\/uploads\/2020\/06\/growth-hacking-competences-1024x609-1-600x357.png 600w, https:\/\/www.e2b-consulting.com\/wp-content\/uploads\/2020\/06\/growth-hacking-competences-1024x609-1-640x381.png 640w, https:\/\/www.e2b-consulting.com\/wp-content\/uploads\/2020\/06\/growth-hacking-competences-1024x609-1-768x457.png 768w, https:\/\/www.e2b-consulting.com\/wp-content\/uploads\/2020\/06\/growth-hacking-competences-1024x609-1-320x190.png 320w\" sizes=\"(max-width: 1024px) 100vw, 1024px\" \/><\/span><\/div><\/div><\/div><div  class=\"bt_bb_column col-xl-4 bt_bb_align_left bt_bb_vertical_align_top bt_bb_padding_normal\"  data-width=\"4\" data-bt-override-class=\"{}\"><div class=\"bt_bb_column_content\"><header class=\"bt_bb_headline bt_bb_dash_none bt_bb_size_inherit bt_bb_align_inherit\" data-bt-override-class=\"{}\"><h3 class=\"bt_bb_headline_tag\"><span class=\"bt_bb_headline_content\"><span><br \/><br \/>\n<b>What are the advantages<\/b><br \/><br \/>\n<u> of Growth hacking ?<\/u><\/span><\/span><\/h3><\/header><div class=\"bt_bb_separator bt_bb_border_style_none bt_bb_top_spacing_normal bt_bb_bottom_spacing_normal\" data-bt-override-class=\"null\"><\/div><div  class=\"bt_bb_text\" ><\/p>\n<p><span style=\"font-weight: 400;\">Do you wonder why you should do growth hacking and what you are going to win from it ?\u00a0<\/span><\/p>\n<p><span style=\"font-weight: 400;\">Growth hacking has quite a few benefits for your business as examples:\u00a0<\/span><\/p>\n<ul>\n<li style=\"font-weight: 400;\"><span style=\"font-weight: 400;\">Exploiting new opportunities\u00a0<\/span><\/li>\n<li style=\"font-weight: 400;\"><span style=\"font-weight: 400;\">More growth with less investment\u00a0<\/span><\/li>\n<li style=\"font-weight: 400;\"><span style=\"font-weight: 400;\">Get better results half the time<\/span><\/li>\n<li style=\"font-weight: 400;\"><span style=\"font-weight: 400;\">Continuous development of the company's activities\u00a0<\/span><\/li>\n<li>Unique solution to a given problem<\/li>\n<\/ul>\n<p>\n<\/div><\/div><\/div><\/div><\/div><\/div><!-- cell_inner --><\/div><!-- cell --><\/div><!-- port --><\/section><section id=\"bt_bb_section69f382e5ef00c\" class=\"bt_bb_section bt_bb_layout_boxed_1200 bt_bb_vertical_align_top bt_bb_top_spacing_normal bt_bb_bottom_spacing_normal\"  data-bt-override-class=\"null\"><div class=\"bt_bb_port\"><div class=\"bt_bb_cell\"><div class=\"bt_bb_cell_inner\"><div class=\"bt_bb_row\"  data-bt-override-class=\"{}\"><div class=\"bt_bb_row_holder\" ><div  class=\"bt_bb_column col-xl-12 bt_bb_align_left bt_bb_vertical_align_top bt_bb_padding_normal\"  data-width=\"12\" data-bt-override-class=\"{}\"><div class=\"bt_bb_column_content\"><header class=\"bt_bb_headline bt_bb_dash_none bt_bb_size_inherit bt_bb_align_inherit\" data-bt-override-class=\"{}\"><h3 class=\"bt_bb_headline_tag\"><span class=\"bt_bb_headline_content\"><span><b>Growth Hacking <\/b><br \/><br \/>\n<u>Tools: <\/u><\/span><\/span><\/h3><\/header><div class=\"bt_bb_separator bt_bb_border_style_none bt_bb_bottom_spacing_normal\" data-bt-override-class=\"null\"><\/div><\/div><\/div><\/div><\/div><div class=\"bt_bb_row\"  data-bt-override-class=\"{}\"><div class=\"bt_bb_row_holder\" ><div  class=\"bt_bb_column col-xl-3 bt_bb_align_left bt_bb_vertical_align_top bt_bb_padding_normal\"  data-width=\"3\" data-bt-override-class=\"{}\"><div class=\"bt_bb_column_content\"><div class=\"bt_bb_image bt_bb_shape_square bt_bb_target_self bt_bb_align_inherit bt_bb_hover_style_simple bt_bb_content_display_always bt_bb_content_align_middle\" data-bt-override-class=\"{}\"><span><img loading=\"lazy\" decoding=\"async\" width=\"2000\" height=\"2000\" src=\"https:\/\/www.e2b-consulting.com\/wp-content\/uploads\/2020\/07\/meet-alfred-logo-png-1.png\" class=\"attachment-full size-full\" alt=\"Meet Alfred growth hacking\" data-full_image_src=\"https:\/\/www.e2b-consulting.com\/wp-content\/uploads\/2020\/07\/meet-alfred-logo-png-1.png\" title=\"meet-alfred-logo-png 1\" srcset=\"https:\/\/www.e2b-consulting.com\/wp-content\/uploads\/2020\/07\/meet-alfred-logo-png-1.png 2000w, https:\/\/www.e2b-consulting.com\/wp-content\/uploads\/2020\/07\/meet-alfred-logo-png-1-300x300.png 300w, https:\/\/www.e2b-consulting.com\/wp-content\/uploads\/2020\/07\/meet-alfred-logo-png-1-100x100.png 100w, https:\/\/www.e2b-consulting.com\/wp-content\/uploads\/2020\/07\/meet-alfred-logo-png-1-600x600.png 600w, https:\/\/www.e2b-consulting.com\/wp-content\/uploads\/2020\/07\/meet-alfred-logo-png-1-640x640.png 640w, https:\/\/www.e2b-consulting.com\/wp-content\/uploads\/2020\/07\/meet-alfred-logo-png-1-1280x1280.png 1280w, https:\/\/www.e2b-consulting.com\/wp-content\/uploads\/2020\/07\/meet-alfred-logo-png-1-160x160.png 160w, https:\/\/www.e2b-consulting.com\/wp-content\/uploads\/2020\/07\/meet-alfred-logo-png-1-768x768.png 768w, https:\/\/www.e2b-consulting.com\/wp-content\/uploads\/2020\/07\/meet-alfred-logo-png-1-1536x1536.png 1536w, https:\/\/www.e2b-consulting.com\/wp-content\/uploads\/2020\/07\/meet-alfred-logo-png-1-320x320.png 320w\" sizes=\"(max-width: 2000px) 100vw, 2000px\" \/><\/span><\/div><\/div><\/div><div  class=\"bt_bb_column col-xl-3 bt_bb_align_left bt_bb_vertical_align_top bt_bb_padding_normal\"  data-width=\"3\" data-bt-override-class=\"{}\"><div class=\"bt_bb_column_content\"><div class=\"bt_bb_image bt_bb_shape_square bt_bb_target_self bt_bb_align_inherit bt_bb_hover_style_simple bt_bb_content_display_always bt_bb_content_align_middle\" data-bt-override-class=\"{}\"><span><img loading=\"lazy\" decoding=\"async\" width=\"2000\" height=\"2000\" src=\"https:\/\/www.e2b-consulting.com\/wp-content\/uploads\/2020\/07\/png-logo-1.png\" class=\"attachment-full size-full\" alt=\"Web scraper growth hacking tool\" data-full_image_src=\"https:\/\/www.e2b-consulting.com\/wp-content\/uploads\/2020\/07\/png-logo-1.png\" title=\"png-logo- 1\" srcset=\"https:\/\/www.e2b-consulting.com\/wp-content\/uploads\/2020\/07\/png-logo-1.png 2000w, https:\/\/www.e2b-consulting.com\/wp-content\/uploads\/2020\/07\/png-logo-1-300x300.png 300w, https:\/\/www.e2b-consulting.com\/wp-content\/uploads\/2020\/07\/png-logo-1-100x100.png 100w, https:\/\/www.e2b-consulting.com\/wp-content\/uploads\/2020\/07\/png-logo-1-600x600.png 600w, https:\/\/www.e2b-consulting.com\/wp-content\/uploads\/2020\/07\/png-logo-1-640x640.png 640w, https:\/\/www.e2b-consulting.com\/wp-content\/uploads\/2020\/07\/png-logo-1-1280x1280.png 1280w, https:\/\/www.e2b-consulting.com\/wp-content\/uploads\/2020\/07\/png-logo-1-160x160.png 160w, https:\/\/www.e2b-consulting.com\/wp-content\/uploads\/2020\/07\/png-logo-1-768x768.png 768w, https:\/\/www.e2b-consulting.com\/wp-content\/uploads\/2020\/07\/png-logo-1-1536x1536.png 1536w, https:\/\/www.e2b-consulting.com\/wp-content\/uploads\/2020\/07\/png-logo-1-320x320.png 320w\" sizes=\"(max-width: 2000px) 100vw, 2000px\" \/><\/span><\/div><\/div><\/div><div  class=\"bt_bb_column col-xl-3 bt_bb_align_left bt_bb_vertical_align_top bt_bb_padding_normal\"  data-width=\"3\" data-bt-override-class=\"{}\"><div class=\"bt_bb_column_content\"><div class=\"bt_bb_image bt_bb_shape_square bt_bb_target_self bt_bb_align_inherit bt_bb_hover_style_simple bt_bb_content_display_always bt_bb_content_align_middle\" data-bt-override-class=\"{}\"><span><img loading=\"lazy\" decoding=\"async\" width=\"2000\" height=\"2000\" src=\"https:\/\/www.e2b-consulting.com\/wp-content\/uploads\/2020\/07\/logo-png-snovio-1.png\" class=\"attachment-full size-full\" alt=\"snovio growth hacking\" data-full_image_src=\"https:\/\/www.e2b-consulting.com\/wp-content\/uploads\/2020\/07\/logo-png-snovio-1.png\" title=\"snovio\" srcset=\"https:\/\/www.e2b-consulting.com\/wp-content\/uploads\/2020\/07\/logo-png-snovio-1.png 2000w, https:\/\/www.e2b-consulting.com\/wp-content\/uploads\/2020\/07\/logo-png-snovio-1-300x300.png 300w, https:\/\/www.e2b-consulting.com\/wp-content\/uploads\/2020\/07\/logo-png-snovio-1-100x100.png 100w, https:\/\/www.e2b-consulting.com\/wp-content\/uploads\/2020\/07\/logo-png-snovio-1-600x600.png 600w, https:\/\/www.e2b-consulting.com\/wp-content\/uploads\/2020\/07\/logo-png-snovio-1-640x640.png 640w, https:\/\/www.e2b-consulting.com\/wp-content\/uploads\/2020\/07\/logo-png-snovio-1-1280x1280.png 1280w, https:\/\/www.e2b-consulting.com\/wp-content\/uploads\/2020\/07\/logo-png-snovio-1-160x160.png 160w, https:\/\/www.e2b-consulting.com\/wp-content\/uploads\/2020\/07\/logo-png-snovio-1-768x768.png 768w, https:\/\/www.e2b-consulting.com\/wp-content\/uploads\/2020\/07\/logo-png-snovio-1-1536x1536.png 1536w, https:\/\/www.e2b-consulting.com\/wp-content\/uploads\/2020\/07\/logo-png-snovio-1-320x320.png 320w\" sizes=\"(max-width: 2000px) 100vw, 2000px\" \/><\/span><\/div><\/div><\/div><div  class=\"bt_bb_column col-xl-3 bt_bb_align_left bt_bb_vertical_align_top bt_bb_padding_normal\"  data-width=\"3\" data-bt-override-class=\"{}\"><div class=\"bt_bb_column_content\"><div class=\"bt_bb_image bt_bb_shape_square bt_bb_target_self bt_bb_align_inherit bt_bb_hover_style_simple bt_bb_content_display_always bt_bb_content_align_middle\" data-bt-override-class=\"{}\"><span><img loading=\"lazy\" decoding=\"async\" width=\"2000\" height=\"2000\" src=\"https:\/\/www.e2b-consulting.com\/wp-content\/uploads\/2020\/07\/CAPTIN-DATA.png\" class=\"attachment-full size-full\" alt=\"CAPTIN DATA growth hacker tool\" data-full_image_src=\"https:\/\/www.e2b-consulting.com\/wp-content\/uploads\/2020\/07\/CAPTIN-DATA.png\" title=\"CAPTIN DATA\" srcset=\"https:\/\/www.e2b-consulting.com\/wp-content\/uploads\/2020\/07\/CAPTIN-DATA.png 2000w, https:\/\/www.e2b-consulting.com\/wp-content\/uploads\/2020\/07\/CAPTIN-DATA-300x300.png 300w, https:\/\/www.e2b-consulting.com\/wp-content\/uploads\/2020\/07\/CAPTIN-DATA-100x100.png 100w, https:\/\/www.e2b-consulting.com\/wp-content\/uploads\/2020\/07\/CAPTIN-DATA-600x600.png 600w, https:\/\/www.e2b-consulting.com\/wp-content\/uploads\/2020\/07\/CAPTIN-DATA-640x640.png 640w, https:\/\/www.e2b-consulting.com\/wp-content\/uploads\/2020\/07\/CAPTIN-DATA-1280x1280.png 1280w, https:\/\/www.e2b-consulting.com\/wp-content\/uploads\/2020\/07\/CAPTIN-DATA-160x160.png 160w, https:\/\/www.e2b-consulting.com\/wp-content\/uploads\/2020\/07\/CAPTIN-DATA-768x768.png 768w, https:\/\/www.e2b-consulting.com\/wp-content\/uploads\/2020\/07\/CAPTIN-DATA-1536x1536.png 1536w, https:\/\/www.e2b-consulting.com\/wp-content\/uploads\/2020\/07\/CAPTIN-DATA-320x320.png 320w\" sizes=\"(max-width: 2000px) 100vw, 2000px\" \/><\/span><\/div><\/div><\/div><\/div><\/div><\/div><!-- cell_inner --><\/div><!-- cell --><\/div><!-- port --><\/section><section id=\"bt_bb_section69f382e5f0c29\" class=\"bt_bb_section bt_bb_layout_boxed_1200 bt_bb_vertical_align_top bt_bb_top_spacing_normal bt_bb_bottom_spacing_normal\"  data-bt-override-class=\"null\"><div class=\"bt_bb_port\"><div class=\"bt_bb_cell\"><div class=\"bt_bb_cell_inner\"><div class=\"bt_bb_row\"  data-bt-override-class=\"{}\"><div class=\"bt_bb_row_holder\" ><div  class=\"bt_bb_column col-xl-6 bt_bb_align_left bt_bb_vertical_align_top bt_bb_padding_normal\"  data-width=\"6\" data-bt-override-class=\"{}\"><div class=\"bt_bb_column_content\"><div class=\"bt_bb_separator bt_bb_border_style_none bt_bb_top_spacing_normal bt_bb_bottom_spacing_normal\" data-bt-override-class=\"null\"><\/div><div class=\"bt_bb_image bt_bb_shape_square bt_bb_target_self bt_bb_align_inherit bt_bb_hover_style_simple bt_bb_content_display_always bt_bb_content_align_middle\" data-bt-override-class=\"{}\"><span><img loading=\"lazy\" decoding=\"async\" width=\"1914\" height=\"1117\" src=\"https:\/\/www.e2b-consulting.com\/wp-content\/uploads\/2020\/06\/growth.jpeg\" class=\"attachment-full size-full\" alt=\"leviers du growth hacking\" data-full_image_src=\"https:\/\/www.e2b-consulting.com\/wp-content\/uploads\/2020\/06\/growth.jpeg\" title=\"avantages du growth hacking\" srcset=\"https:\/\/www.e2b-consulting.com\/wp-content\/uploads\/2020\/06\/growth.jpeg 1914w, https:\/\/www.e2b-consulting.com\/wp-content\/uploads\/2020\/06\/growth-600x350.jpeg 600w, https:\/\/www.e2b-consulting.com\/wp-content\/uploads\/2020\/06\/growth-640x374.jpeg 640w, https:\/\/www.e2b-consulting.com\/wp-content\/uploads\/2020\/06\/growth-1280x747.jpeg 1280w, https:\/\/www.e2b-consulting.com\/wp-content\/uploads\/2020\/06\/growth-768x448.jpeg 768w, https:\/\/www.e2b-consulting.com\/wp-content\/uploads\/2020\/06\/growth-1536x896.jpeg 1536w, https:\/\/www.e2b-consulting.com\/wp-content\/uploads\/2020\/06\/growth-320x187.jpeg 320w\" sizes=\"(max-width: 1914px) 100vw, 1914px\" \/><\/span><\/div><\/div><\/div><div  class=\"bt_bb_column col-xl-6 bt_bb_align_left bt_bb_vertical_align_top bt_bb_padding_normal\"  data-width=\"6\" data-bt-override-class=\"{}\"><div class=\"bt_bb_column_content\"><header class=\"bt_bb_headline bt_bb_dash_none bt_bb_size_inherit bt_bb_align_inherit\" data-bt-override-class=\"{}\"><h3 class=\"bt_bb_headline_tag\"><span class=\"bt_bb_headline_content\"><span><br \/><br \/>\n<b>The levles of the <\/b><br \/><br \/>\n<u>Growth hacking<\/u><\/span><\/span><\/h3><\/header><div class=\"bt_bb_separator bt_bb_border_style_none bt_bb_top_spacing_normal bt_bb_bottom_spacing_normal\" data-bt-override-class=\"null\"><\/div><div  class=\"bt_bb_text\" ><\/p>\n<ul>\n<li>SMO \u2013 social media marketing<\/li>\n<li>Emailing<\/li>\n<li>UX Design<\/li>\n<li>Content marketing<\/li>\n<li>Search Engine Optimizatio (SEO)<\/li>\n<li>Search Engine Advertising (SEA)<\/li>\n<li>Conversion rate optimization (CRO)<\/li>\n<\/ul>\n<p>Si voulez avoir encore plus d&rsquo;informations sur le sujet , lisez cet <a href=\"https:\/\/www.powertrafic.fr\/growth-hacking-strategie-marketing\/#:~:text=Pour%20mettre%20en%20place%20une,dire%20que%20c'est%20gratuit%20!\">article <\/a><\/p>\n<p>si vous avez besoin d&rsquo;aide vous pouvez <a href=\"https:\/\/www.e2b-consulting.com\/en\/contactez-nous\/\">contact<\/a> notre agence sp\u00e9cialiste en Growth Hacking tunisie \u00ab\u00a0E2Business consulting &amp; training \u00a0\u00bb<\/p>\n<p>\n<\/div><\/div><\/div><\/div><\/div><\/div><!-- cell_inner --><\/div><!-- cell --><\/div><!-- port --><\/section><section id=\"bt_bb_section69f382e5f1a1f\" class=\"bt_bb_section bt_bb_layout_boxed_1200 bt_bb_vertical_align_top bt_bb_top_spacing_large bt_bb_bottom_spacing_large\"  data-bt-override-class=\"null\"><div class=\"bt_bb_background_image_holder_wrapper\"><div class=\"bt_bb_background_image_holder btLazyLoadBackground\"  data-background_image_src=\"https:\/\/www.e2b-consulting.com\/wp-content\/uploads\/2020\/11\/Agence-de-growth-hacking.jpg\" data-parallax-zoom-start=\"1\" data-parallax-zoom-end=\"1\" data-parallax-blur-start=\"0\" data-parallax-blur-end=\"0\" data-parallax-opacity-start=\"1\" data-parallax-opacity-end=\"1\" style=\" background-image: url(&#039;https:\/\/www.e2b-consulting.com\/wp-content\/plugins\/bold-page-builder\/img\/blank.gif&#039;);\"><\/div><\/div><div class=\"bt_bb_port\"><div class=\"bt_bb_cell\"><div class=\"bt_bb_cell_inner\"><div class=\"bt_bb_row\"  data-bt-override-class=\"{}\"><div class=\"bt_bb_row_holder\" ><div  class=\"bt_bb_column col-xl-12 bt_bb_align_center bt_bb_vertical_align_top bt_bb_animation_fade_in zoom_out animate bt_bb_padding_normal bt_bb_animation_fade_in bt_bb_animation_zoom_out animate\"  data-width=\"12\" data-bt-override-class=\"{}\"><div class=\"bt_bb_column_content\"><header class=\"bt_bb_headline bt_bb_dash_none bt_bb_superheadline bt_bb_size_medium bt_bb_align_inherit\" data-bt-override-class=\"{}\"><h3 class=\"bt_bb_headline_tag\"><span class=\"bt_bb_headline_superheadline\">GROWTH HACKING IN TUNISIA<\/span><span class=\"bt_bb_headline_content\"><span><b>Growth hacking agency in Tunisia<\/b> <u>Don't miss your chance to make a difference.<\/u><\/span><\/span><\/h3><\/header><div class=\"bt_bb_separator bt_bb_border_style_none bt_bb_bottom_spacing_normal\" data-bt-override-class=\"null\"><\/div><div class=\"bt_bb_button bt_bb_color_scheme_6 bt_bb_icon_position_left bt_bb_style_filled bt_bb_size_normal bt_bb_width_inline bt_bb_shape_inherit bt_bb_target_blank bt_bb_align_inherit\" style=\"; --primary-color:#ffffff; --secondary-color:#b73235;\" data-bt-override-class=\"{}\"><a href=\"https:\/\/www.e2b-consulting.com\/en\/contactez-nous\/\" target=\"_blank\" class=\"bt_bb_link\" title=\"CONTACT US\"><span class=\"bt_bb_button_text\" >CONTACT US<\/span><\/a><\/div><\/div><\/div><\/div><\/div><\/div><!-- cell_inner --><\/div><!-- cell --><\/div><!-- port --><\/section><\/p>","protected":false},"excerpt":{"rendered":"","protected":false},"author":8,"featured_media":6111,"parent":0,"menu_order":0,"comment_status":"closed","ping_status":"closed","template":"","meta":{"footnotes":""},"class_list":["post-3503","page","type-page","status-publish","has-post-thumbnail","hentry"],"aioseo_notices":[],"_links":{"self":[{"href":"https:\/\/www.e2b-consulting.com\/en\/wp-json\/wp\/v2\/pages\/3503"}],"collection":[{"href":"https:\/\/www.e2b-consulting.com\/en\/wp-json\/wp\/v2\/pages"}],"about":[{"href":"https:\/\/www.e2b-consulting.com\/en\/wp-json\/wp\/v2\/types\/page"}],"author":[{"embeddable":true,"href":"https:\/\/www.e2b-consulting.com\/en\/wp-json\/wp\/v2\/users\/8"}],"replies":[{"embeddable":true,"href":"https:\/\/www.e2b-consulting.com\/en\/wp-json\/wp\/v2\/comments?post=3503"}],"version-history":[{"count":0,"href":"https:\/\/www.e2b-consulting.com\/en\/wp-json\/wp\/v2\/pages\/3503\/revisions"}],"wp:featuredmedia":[{"embeddable":true,"href":"https:\/\/www.e2b-consulting.com\/en\/wp-json\/wp\/v2\/media\/6111"}],"wp:attachment":[{"href":"https:\/\/www.e2b-consulting.com\/en\/wp-json\/wp\/v2\/media?parent=3503"}],"curies":[{"name":"wp","href":"https:\/\/api.w.org\/{rel}","templated":true}]}}