{"id":3550,"date":"2020-06-25T13:31:23","date_gmt":"2020-06-25T11:31:23","guid":{"rendered":"https:\/\/www.e2b-consulting.com\/?page_id=3550"},"modified":"2020-07-02T17:27:33","modified_gmt":"2020-07-02T15:27:33","slug":"les-criteres-de-ciblage-sur-facebook-et-instagram","status":"publish","type":"page","link":"https:\/\/www.e2b-consulting.com\/en\/les-criteres-de-ciblage-sur-facebook-et-instagram\/","title":{"rendered":"les crit\u00e8res de ciblage sur Facebook et Instagram"},"content":{"rendered":"<p><section id=\"bt_bb_section69e0e7636aa69\" class=\"bt_bb_section bt_bb_layout_boxed_1200 bt_bb_full_screen bt_bb_vertical_align_top bt_bb_top_spacing_extra_large bt_bb_bottom_spacing_normal\"  data-bt-override-class=\"null\"><div class=\"bt_bb_background_image_holder_wrapper\"><div class=\"bt_bb_background_image_holder btLazyLoadBackground\"  data-background_image_src=\"https:\/\/www.e2b-consulting.com\/wp-content\/uploads\/2020\/06\/ciblage-sur-Facebook-et-Instagram.png\" data-parallax-zoom-start=\"1\" data-parallax-zoom-end=\"1\" data-parallax-blur-start=\"0\" data-parallax-blur-end=\"0\" data-parallax-opacity-start=\"1\" data-parallax-opacity-end=\"1\" style=\" background-image: url(&#039;https:\/\/www.e2b-consulting.com\/wp-content\/plugins\/bold-page-builder\/img\/blank.gif&#039;);\"><\/div><\/div><div class=\"bt_bb_port\"><div class=\"bt_bb_cell\"><div class=\"bt_bb_cell_inner\"><div class=\"bt_bb_row\"  data-bt-override-class=\"{}\"><div class=\"bt_bb_row_holder\" ><div  class=\"bt_bb_column col-xl-6 bt_bb_align_left bt_bb_vertical_align_top bt_bb_padding_normal\"  data-width=\"6\" data-bt-override-class=\"{}\"><div class=\"bt_bb_column_content\"><header class=\"bt_bb_headline bt_bb_dash_none bt_bb_size_large bt_bb_align_inherit\" style=\"center;color:#e77476;border-color:#e77476;\" data-bt-override-class=\"{}\"><h1 class=\"bt_bb_headline_tag\"><span class=\"bt_bb_headline_content\"><span>Formation<br \/><br \/>\n<\/span><\/span><\/h1><\/header><div class=\"bt_bb_separator bt_bb_border_style_none bt_bb_top_spacing_normal bt_bb_bottom_spacing_normal\" data-bt-override-class=\"null\"><\/div><header class=\"bt_bb_headline bt_bb_dash_none bt_bb_size_large bt_bb_align_inherit\" style=\"center;color:#ffffff;border-color:#ffffff;\" data-bt-override-class=\"{}\"><h1 class=\"bt_bb_headline_tag\"><span class=\"bt_bb_headline_content\"><span>les crit\u00e8res de ciblage sur<br \/><br \/>\nFacebook et Instagram<\/span><\/span><\/h1><\/header><\/div><\/div><div  class=\"bt_bb_column col-xl-6 bt_bb_align_left bt_bb_vertical_align_top bt_bb_padding_normal\"  data-width=\"6\" data-bt-override-class=\"{}\"><div class=\"bt_bb_column_content\"><header class=\"bt_bb_headline bt_bb_dash_none bt_bb_size_normal bt_bb_align_inherit\" style=\";color:#e77476;border-color:#e77476;\" data-bt-override-class=\"{}\"><h2 class=\"bt_bb_headline_tag\"><span class=\"bt_bb_headline_content\"><span>Inscrivez-vous d\u00e8s maintenant<\/p><br \/>\n<p><\/span><\/span><\/h2><\/header><div  class=\"bt_bb_text\" ><\/p>\n<p><span style=\"color: white;\">Contactez-nous pour obtenir la meilleure offre de nos agents!<\/span><\/p>\n<p>\n<\/div><div class=\"bt_bb_separator bt_bb_border_style_none bt_bb_top_spacing_small bt_bb_bottom_spacing_small\" data-bt-override-class=\"null\"><\/div><div class=\"bt_bb_contact_form_7\"><p class=\"wpcf7-contact-form-not-found\"><strong>Error:<\/strong> Contact form not found.<\/p><\/div><\/div><\/div><\/div><\/div><\/div><!-- cell_inner --><\/div><!-- cell --><\/div><!-- port --><\/section><section id=\"bt_bb_section69e0e7636b683\" class=\"bt_bb_section bt_bb_layout_boxed_1200 bt_bb_vertical_align_top bt_bb_top_spacing_medium bt_bb_bottom_spacing_medium\"  data-bt-override-class=\"null\"><div class=\"bt_bb_port\"><div class=\"bt_bb_cell\"><div class=\"bt_bb_cell_inner\"><div class=\"bt_bb_row\"  data-bt-override-class=\"{}\"><div class=\"bt_bb_row_holder\" ><div  class=\"bt_bb_column col-xl-12 bt_bb_align_center bt_bb_vertical_align_top bt_bb_padding_normal\"  data-width=\"12\" data-bt-override-class=\"{}\"><div class=\"bt_bb_column_content\"><header class=\"bt_bb_headline bt_bb_dash_none bt_bb_size_inherit bt_bb_align_center\" style=\";color:#3d3a59;border-color:#3d3a59;\" data-bt-override-class=\"{}\"><h2 class=\"bt_bb_headline_tag\"><span class=\"bt_bb_headline_content\"><span>Th\u00e8mes abord\u00e9s<br \/><br \/>\n<\/span><\/span><\/h2><\/header><div class=\"bt_bb_separator bt_bb_border_style_none bt_bb_top_spacing_medium bt_bb_bottom_spacing_normal\" data-bt-override-class=\"null\"><\/div><\/div><\/div><\/div><\/div><div class=\"bt_bb_row  bt_bb_column_gap_35\" style=\"; --column-gap:35px;\" data-bt-override-class=\"{}\"><div class=\"bt_bb_row_holder\" ><div  class=\"bt_bb_column col-xl-4 bt_bb_align_center bt_bb_vertical_align_top bt_bb_padding_normal\"  data-width=\"4\" data-bt-override-class=\"{}\"><div class=\"bt_bb_column_content\"><div class=\"bt_bb_image bt_bb_shape_hard-rounded bt_bb_target_self bt_bb_align_inherit bt_bb_hover_style_flip bt_bb_content_display_always bt_bb_content_align_middle\" data-bt-override-class=\"{}\"><span><img loading=\"lazy\" decoding=\"async\" width=\"200\" height=\"200\" src=\"https:\/\/www.e2b-consulting.com\/wp-content\/uploads\/2020\/06\/g\u00e9ographie.png\" class=\"attachment-full size-full\" alt=\"G\u00e9ographique-D\u00e9mographique\" data-full_image_src=\"https:\/\/www.e2b-consulting.com\/wp-content\/uploads\/2020\/06\/g\u00e9ographie.png\" title=\"g\u00e9ographie\" srcset=\"https:\/\/www.e2b-consulting.com\/wp-content\/uploads\/2020\/06\/g\u00e9ographie.png 200w, https:\/\/www.e2b-consulting.com\/wp-content\/uploads\/2020\/06\/g\u00e9ographie-100x100.png 100w, https:\/\/www.e2b-consulting.com\/wp-content\/uploads\/2020\/06\/g\u00e9ographie-160x160.png 160w\" sizes=\"(max-width: 200px) 100vw, 200px\" \/><\/span><\/div><div class=\"bt_bb_separator bt_bb_border_style_none bt_bb_top_spacing_small\" data-bt-override-class=\"null\"><\/div><header class=\"bt_bb_headline bt_bb_dash_none bt_bb_size_normal bt_bb_align_center\" style=\";color:#3d3a59;border-color:#3d3a59;\" data-bt-override-class=\"{}\"><h3 class=\"bt_bb_headline_tag\"><span class=\"bt_bb_headline_content\"><span>G\u00e9ographique-D\u00e9mographique<br \/><br \/>\n<\/span><\/span><\/h3><\/header><\/div><\/div><div  class=\"bt_bb_column col-xl-4 bt_bb_align_center bt_bb_vertical_align_top bt_bb_padding_normal\"  data-width=\"4\" data-bt-override-class=\"{}\"><div class=\"bt_bb_column_content\"><div class=\"bt_bb_image bt_bb_shape_hard-rounded bt_bb_target_self bt_bb_align_inherit bt_bb_hover_style_flip bt_bb_content_display_always bt_bb_content_align_middle\" data-bt-override-class=\"{}\"><span><img loading=\"lazy\" decoding=\"async\" width=\"200\" height=\"200\" src=\"https:\/\/www.e2b-consulting.com\/wp-content\/uploads\/2020\/06\/Centres-d\u2019int\u00e9r\u00eats-et-comportements.png\" class=\"attachment-full size-full\" alt=\"Centres d\u2019int\u00e9r\u00eats et comportements\" data-full_image_src=\"https:\/\/www.e2b-consulting.com\/wp-content\/uploads\/2020\/06\/Centres-d\u2019int\u00e9r\u00eats-et-comportements.png\" title=\"Centres d\u2019int\u00e9r\u00eats et comportements\" srcset=\"https:\/\/www.e2b-consulting.com\/wp-content\/uploads\/2020\/06\/Centres-d\u2019int\u00e9r\u00eats-et-comportements.png 200w, https:\/\/www.e2b-consulting.com\/wp-content\/uploads\/2020\/06\/Centres-d\u2019int\u00e9r\u00eats-et-comportements-100x100.png 100w, https:\/\/www.e2b-consulting.com\/wp-content\/uploads\/2020\/06\/Centres-d\u2019int\u00e9r\u00eats-et-comportements-160x160.png 160w\" sizes=\"(max-width: 200px) 100vw, 200px\" \/><\/span><\/div><div class=\"bt_bb_separator bt_bb_border_style_none bt_bb_top_spacing_small\" data-bt-override-class=\"null\"><\/div><header class=\"bt_bb_headline bt_bb_dash_none bt_bb_size_normal bt_bb_align_center\" style=\";color:#3d3a59;border-color:#3d3a59;\" data-bt-override-class=\"{}\"><h3 class=\"bt_bb_headline_tag\"><span class=\"bt_bb_headline_content\"><span>Centres d\u2019int\u00e9r\u00eats et comportements<\/span><\/span><\/h3><\/header><\/div><\/div><div  class=\"bt_bb_column col-xl-4 bt_bb_align_center bt_bb_vertical_align_top bt_bb_padding_normal\"  data-width=\"4\" data-bt-override-class=\"{}\"><div class=\"bt_bb_column_content\"><div class=\"bt_bb_image bt_bb_shape_hard-rounded bt_bb_target_self bt_bb_align_inherit bt_bb_hover_style_flip bt_bb_content_display_always bt_bb_content_align_middle\" data-bt-override-class=\"{}\"><span><img loading=\"lazy\" decoding=\"async\" width=\"200\" height=\"200\" src=\"https:\/\/www.e2b-consulting.com\/wp-content\/uploads\/2020\/06\/Listes-de-clients-et-prospects.png\" class=\"attachment-full size-full\" alt=\"https:\/\/www.e2b-consulting.com\/wp-content\/uploads\/2020\/06\/Listes-de-clients-et-prospects.png\" data-full_image_src=\"https:\/\/www.e2b-consulting.com\/wp-content\/uploads\/2020\/06\/Listes-de-clients-et-prospects.png\" title=\"Listes de clients et prospects\" srcset=\"https:\/\/www.e2b-consulting.com\/wp-content\/uploads\/2020\/06\/Listes-de-clients-et-prospects.png 200w, https:\/\/www.e2b-consulting.com\/wp-content\/uploads\/2020\/06\/Listes-de-clients-et-prospects-100x100.png 100w, https:\/\/www.e2b-consulting.com\/wp-content\/uploads\/2020\/06\/Listes-de-clients-et-prospects-160x160.png 160w\" sizes=\"(max-width: 200px) 100vw, 200px\" \/><\/span><\/div><div class=\"bt_bb_separator bt_bb_border_style_none bt_bb_top_spacing_small\" data-bt-override-class=\"null\"><\/div><header class=\"bt_bb_headline bt_bb_dash_none bt_bb_size_normal bt_bb_align_center\" style=\";color:#3d3a59;border-color:#3d3a59;\" data-bt-override-class=\"{}\"><h3 class=\"bt_bb_headline_tag\"><span class=\"bt_bb_headline_content\"><span>Listes de clients\/prospects<\/span><\/span><\/h3><\/header><\/div><\/div><\/div><\/div><\/div><!-- cell_inner --><\/div><!-- cell --><\/div><!-- port --><\/section><section id=\"bt_bb_section69e0e7636d758\" class=\"bt_bb_section bt_bb_layout_boxed_1200 bt_bb_vertical_align_top bt_bb_top_spacing_medium bt_bb_bottom_spacing_medium\"  data-bt-override-class=\"null\"><div class=\"bt_bb_port\"><div class=\"bt_bb_cell\"><div class=\"bt_bb_cell_inner\"><div class=\"bt_bb_row\"  data-bt-override-class=\"{}\"><div class=\"bt_bb_row_holder\" ><div  class=\"bt_bb_column col-xl-6 bt_bb_align_center bt_bb_vertical_align_top bt_bb_padding_normal\"  data-width=\"6\" data-bt-override-class=\"{}\"><div class=\"bt_bb_column_content\"><header class=\"bt_bb_headline bt_bb_dash_none bt_bb_size_inherit bt_bb_align_inherit\" style=\";color:#e77476;border-color:#e77476;\" data-bt-override-class=\"{}\"><h2 class=\"bt_bb_headline_tag\"><span class=\"bt_bb_headline_content\"><span>A propos :<br \/><br \/>\n<\/span><\/span><\/h2><\/header><div class=\"bt_bb_separator bt_bb_border_style_none bt_bb_top_spacing_normal\" data-bt-override-class=\"null\"><\/div><div  class=\"bt_bb_text\" ><\/p>\n<p>Quelles \u200bsont les\u200b tendances dans le ciblage des publicit\u00e9s Facebook et Instagram ?<\/p>\n<p>Comment \u200bcibler efficacement \u200bnos publicit\u00e9s en fonction des r\u00e9sultats \u200bque l\u2019on \u200bsouhaite avoir ?<\/p>\n<p>Touchez les personnes qui comptent le plus pour vous : Faites en sorte que vos publicit\u00e9s touchent l\u2019audience que vous voulez vraiment gr\u00e2ce \u00e0 nos options de ciblage pr\u00e9cises et obtenez les r\u00e9sultats et les clients qui vous int\u00e9ressent en inspirant la communaut\u00e9 et en l\u2019encourageant \u00e0 agir.<\/p>\n<p>\n<\/div><div class=\"bt_bb_separator bt_bb_border_style_none bt_bb_top_spacing_normal\" data-bt-override-class=\"null\"><\/div><header class=\"bt_bb_headline bt_bb_dash_none bt_bb_size_inherit bt_bb_align_inherit\" style=\";color:#e77476;border-color:#e77476;\" data-bt-override-class=\"{}\"><h2 class=\"bt_bb_headline_tag\"><span class=\"bt_bb_headline_content\"><span>A propos de formateur :<br \/><br \/>\n<\/span><\/span><\/h2><\/header><div class=\"bt_bb_separator bt_bb_border_style_none bt_bb_top_spacing_normal\" data-bt-override-class=\"null\"><\/div><div class=\"bt_bb_image bt_bb_shape_hard-rounded bt_bb_target_self bt_bb_align_inherit bt_bb_hover_style_flip bt_bb_content_display_always bt_bb_content_align_middle\" data-bt-override-class=\"{}\"><span><img loading=\"lazy\" decoding=\"async\" width=\"300\" height=\"300\" src=\"https:\/\/www.e2b-consulting.com\/wp-content\/uploads\/2020\/06\/formateur-webinar.png\" class=\"attachment-boldthemes_medium size-boldthemes_medium\" alt=\"formateur webinar\" data-full_image_src=\"https:\/\/www.e2b-consulting.com\/wp-content\/uploads\/2020\/06\/formateur-webinar.png\" title=\"formateur webinar\" srcset=\"https:\/\/www.e2b-consulting.com\/wp-content\/uploads\/2020\/06\/formateur-webinar.png 300w, https:\/\/www.e2b-consulting.com\/wp-content\/uploads\/2020\/06\/formateur-webinar-100x100.png 100w, https:\/\/www.e2b-consulting.com\/wp-content\/uploads\/2020\/06\/formateur-webinar-160x160.png 160w\" sizes=\"(max-width: 300px) 100vw, 300px\" \/><\/span><\/div><header class=\"bt_bb_headline bt_bb_dash_none bt_bb_superheadline bt_bb_size_inherit bt_bb_align_inherit\" data-bt-override-class=\"{}\"><h1 class=\"bt_bb_headline_tag\"><span class=\"bt_bb_headline_superheadline\">CEO-fondateur E2b Consulting et Training Consultant en marketing digital<\/span><\/h1><\/header><div  class=\"bt_bb_text\" ><\/p>\n<p><a class=\"btn btn-linkedin btn-lg\" title=\"LinkedIn\" href=\"https:\/\/www.linkedin.com\/in\/kais-khenine-digital-marketing-facebook-e-commerce-formation-tunisie\/\"><i class=\"fa fa-linkedin fa-fw\"><\/i> LinkedIn<\/a><\/p>\n<p>\n<\/div><\/div><\/div><div  class=\"bt_bb_column col-xl-6 bt_bb_align_center bt_bb_vertical_align_top bt_bb_padding_normal\"  data-width=\"6\" data-bt-override-class=\"{}\"><div class=\"bt_bb_column_content\"><div class=\"bt_bb_separator bt_bb_border_style_none bt_bb_top_spacing_small bt_bb_bottom_spacing_small\" data-bt-override-class=\"null\"><\/div><div class=\"bt_bb_slider bt_bb_height_auto bt_bb_show_dots_bottom bt_bb_animation_fade animate bt_bb_arrows_size_normal bt_bb_arrows_style_transparent_light\"><div class=\"slick-slider fade\"  data-slick='{ \"lazyLoad\": \"progressive\", \"cssEase\": \"ease-out\", \"speed\": \"300\", \"fade\": true, \"adaptiveHeight\": true, \"dots\": true, \"prevArrow\": \"&lt;button type=\\\"button\\\" class=\\\"slick-prev\\\" aria-label=\\\"Previous\\\" tabindex=\\\"0\\\" role=\\\"button\\\"&gt;&lt;\/button&gt;\", \"nextArrow\": \"&lt;button type=\\\"button\\\" class=\\\"slick-next\\\" aria-label=\\\"Next\\\" tabindex=\\\"0\\\" role=\\\"button\\\"&gt;&lt;\/button&gt;\"}' ><div class=\"bt_bb_slider_item\" data-src-full=\"https:\/\/www.e2b-consulting.com\/wp-content\/uploads\/2019\/01\/Comment-construire-une-strat\u00e9gie-num\u00e9rique-compl\u00e8te-scaled.jpg\"><img decoding=\"async\" src=\"https:\/\/www.e2b-consulting.com\/wp-content\/uploads\/2019\/01\/Comment-construire-une-strat\u00e9gie-num\u00e9rique-compl\u00e8te-scaled.jpg\" alt=\"Comment construire une strat\u00e9gie num\u00e9rique compl\u00e8te\"  title=\"Comment construire une strat\u00e9gie num\u00e9rique compl\u00e8te\"><\/div><div class=\"bt_bb_slider_item\" data-src-full=\"https:\/\/www.e2b-consulting.com\/wp-content\/uploads\/2019\/04\/sponsorisation-facebook-tunisie-min-scaled.jpg\"><img decoding=\"async\" src=\"https:\/\/www.e2b-consulting.com\/wp-content\/uploads\/2019\/04\/sponsorisation-facebook-tunisie-min-scaled.jpg\" alt=\"sponsorisation facebook tunisie-min\"  title=\"sponsorisation facebook tunisie-min\"><\/div><\/div><\/div><div class=\"bt_bb_separator bt_bb_border_style_none bt_bb_bottom_spacing_small\" data-bt-override-class=\"null\"><\/div><header class=\"bt_bb_headline bt_bb_dash_none bt_bb_size_inherit bt_bb_align_inherit\" style=\";color:#e77476;border-color:#e77476;\" data-bt-override-class=\"{}\"><h2 class=\"bt_bb_headline_tag\"><span class=\"bt_bb_headline_content\"><span>Plus d'informations :<br \/><br \/>\n<\/span><\/span><\/h2><\/header><div  class=\"bt_bb_text\" ><\/p>\n<p>2 Heures : 11h00 &#8211; 13h00<\/p>\n<p>Date : Du 20\/07\/2020 Au 25\/07\/2020<\/p>\n<p>Prix : 300 dt<\/p>\n<p>Formateur : Kais KHENINE<\/p>\n<p>Lieu : Zoom Video<\/p>\n<p>\n<\/div><\/div><\/div><\/div><\/div><\/div><!-- cell_inner --><\/div><!-- cell --><\/div><!-- port --><\/section><section id=\"bt_bb_section69e0e7636f54e\" class=\"bt_bb_section bt_bb_layout_boxed_1200 bt_bb_vertical_align_top bt_bb_top_spacing_medium bt_bb_bottom_spacing_normal\" style=\";background-color:#243950;\" data-bt-override-class=\"null\"><div class=\"bt_bb_port\"><div class=\"bt_bb_cell\"><div class=\"bt_bb_cell_inner\"><div class=\"bt_bb_row\"  data-bt-override-class=\"{}\"><div class=\"bt_bb_row_holder\" ><div  class=\"bt_bb_column col-xl-6 bt_bb_align_left bt_bb_vertical_align_top bt_bb_padding_normal\"  data-width=\"6\" data-bt-override-class=\"{}\"><div class=\"bt_bb_column_content\"><header class=\"bt_bb_headline bt_bb_dash_none bt_bb_size_inherit bt_bb_align_inherit\" style=\";color:#e77476;border-color:#e77476;\" data-bt-override-class=\"{}\"><h2 class=\"bt_bb_headline_tag\"><span class=\"bt_bb_headline_content\"><span>Qui somme nous ?<br \/><br \/>\n<\/span><\/span><\/h2><\/header><div class=\"bt_bb_separator bt_bb_border_style_none bt_bb_top_spacing_normal bt_bb_bottom_spacing_normal\" data-bt-override-class=\"null\"><\/div><div  class=\"bt_bb_text\" ><\/p>\n<p><span style=\"color: white;\">PARTENAIRE DE VOTRE SUCCES : <strong>E2BUSINESS CONSULTING<\/strong> est un cabinet de conseil en transition digitale.<\/span><\/p>\n<p><span style=\"color: white;\">Nous proposons un conseil et un accompagnement aux entreprises de tous types et toutes tailles, confront\u00e9es \u00e0 des enjeux d\u2019am\u00e9lioration de leur business, d\u2019optimisation de leur marketing ou de renforcement de leur visibilit\u00e9.<\/span><\/p>\n<p><span style=\"color: white;\">Notre cr\u00e9do : aider les entreprises \u00e0 se r\u00e9inventer autour des nouveaux usages et nouveaux mod\u00e8les de distribution induits par le num\u00e9rique sur leur march\u00e9. Nous mobilisons ainsi les comp\u00e9tences assurant leur transformation et in fine, une haute performance.<\/span><\/p>\n<p>\n<\/div><\/div><\/div><div  class=\"bt_bb_column col-xl-6 bt_bb_align_left bt_bb_vertical_align_top bt_bb_padding_normal\"  data-width=\"6\" data-bt-override-class=\"{}\"><div class=\"bt_bb_column_content\"><header class=\"bt_bb_headline bt_bb_dash_none bt_bb_size_small bt_bb_align_inherit\" style=\";color:#e77476;border-color:#e77476;\" data-bt-override-class=\"{}\"><h2 class=\"bt_bb_headline_tag\"><span class=\"bt_bb_headline_content\"><span>Contactez-nous: +216 21 233 192<br \/><br \/>\n<\/span><\/span><\/h2><\/header><div class=\"bt_bb_separator bt_bb_border_style_none bt_bb_top_spacing_small\" data-bt-override-class=\"null\"><\/div><div class=\"bt_bb_contact_form_7\"><p class=\"wpcf7-contact-form-not-found\"><strong>Error:<\/strong> Contact form not found.<\/p><\/div><\/div><\/div><\/div><\/div><\/div><!-- cell_inner --><\/div><!-- cell --><\/div><!-- port --><\/section><\/p>","protected":false},"excerpt":{"rendered":"","protected":false},"author":6,"featured_media":0,"parent":0,"menu_order":0,"comment_status":"closed","ping_status":"closed","template":"","meta":{"footnotes":""},"class_list":["post-3550","page","type-page","status-publish","hentry"],"aioseo_notices":[],"_links":{"self":[{"href":"https:\/\/www.e2b-consulting.com\/en\/wp-json\/wp\/v2\/pages\/3550"}],"collection":[{"href":"https:\/\/www.e2b-consulting.com\/en\/wp-json\/wp\/v2\/pages"}],"about":[{"href":"https:\/\/www.e2b-consulting.com\/en\/wp-json\/wp\/v2\/types\/page"}],"author":[{"embeddable":true,"href":"https:\/\/www.e2b-consulting.com\/en\/wp-json\/wp\/v2\/users\/6"}],"replies":[{"embeddable":true,"href":"https:\/\/www.e2b-consulting.com\/en\/wp-json\/wp\/v2\/comments?post=3550"}],"version-history":[{"count":0,"href":"https:\/\/www.e2b-consulting.com\/en\/wp-json\/wp\/v2\/pages\/3550\/revisions"}],"wp:attachment":[{"href":"https:\/\/www.e2b-consulting.com\/en\/wp-json\/wp\/v2\/media?parent=3550"}],"curies":[{"name":"wp","href":"https:\/\/api.w.org\/{rel}","templated":true}]}}