{"id":3622,"date":"2020-06-28T13:30:54","date_gmt":"2020-06-28T11:30:54","guid":{"rendered":"https:\/\/www.e2b-consulting.com\/?page_id=3622"},"modified":"2020-06-28T13:32:44","modified_gmt":"2020-06-28T11:32:44","slug":"e2b-group-kais","status":"publish","type":"page","link":"https:\/\/www.e2b-consulting.com\/en\/e2b-group-kais\/","title":{"rendered":"E2b Group kais"},"content":{"rendered":"<p>&nbsp;<\/p>\n<p><strong>A &#8211; Organisation<\/strong><\/p>\n<p>&nbsp;<\/p>\n<p>E2Business Training est un cabinet de formation agr\u00e9er par l\u2019\u00c9tat Tunisien \u00a0faisant partie du groupe E2b Group \u00a0cr\u00e9es par Mr Mohamed Kais Khenine en 2010, sp\u00e9cialis\u00e9 dans l\u2019assistance et la formation des soci\u00e9t\u00e9s et des organisations en Marketing et en Transformation digital.<\/p>\n<p>&nbsp;<\/p>\n<p>Notre objectif est de fournir les moyens, produits et connaissances n\u00e9cessaires pour permettre \u00e0 chacun de maitriser tout le potentiel qu\u2019offre le digital aussi bien pour la promotion mais aussi pour augmenter la productivit\u00e9.<\/p>\n<p>&nbsp;<\/p>\n<p>Notre d\u00e9marche se base sur approche alliant \u00e0 la fois la maitrise des aspects techniques d\u2019un projet mais aussi la prise en compte des contraintes de l\u2019environnement externe et ceci afin d\u2019aider les managers \u00e0 adapter leurs d\u00e9cisions pour atteindre le maximum de rentabilit\u00e9.<\/p>\n<p>&nbsp;<\/p>\n<p>Les diff\u00e9rents projets que nous avons pu g\u00e9rer nous ont permis de consolider notre expertise et d\u2019affiner chaque fois notre approche dans la formation. C\u2019est pourquoi au cours de ces derniers ann\u00e9es nous avons pu former plus de 700 personnes soit \u00e0 travers des formations en intra, inter-entreprises mais aussi dans des sessions en web conf\u00e9rence. Et ceci sur 15 th\u00e8mes de formations et avec des clients issus de la Tunisie, de la C\u00f4te d\u2019Ivoire, du Gabon, du Mali, du Canada et des \u00c9miraties arabes Unis<\/p>","protected":false},"excerpt":{"rendered":"<p>&nbsp; A &#8211; Organisation &nbsp; E2Business Training est un cabinet de formation agr\u00e9er par l\u2019\u00c9tat Tunisien \u00a0faisant partie du groupe E2b Group \u00a0cr\u00e9es par Mr Mohamed Kais Khenine en 2010, sp\u00e9cialis\u00e9 dans l\u2019assistance et la formation des soci\u00e9t\u00e9s et des organisations en Marketing et en Transformation digital. &nbsp; Notre objectif est de fournir les moyens,&#8230;<\/p>","protected":false},"author":1,"featured_media":0,"parent":0,"menu_order":0,"comment_status":"closed","ping_status":"closed","template":"","meta":{"footnotes":""},"class_list":["post-3622","page","type-page","status-publish","hentry"],"aioseo_notices":[],"_links":{"self":[{"href":"https:\/\/www.e2b-consulting.com\/en\/wp-json\/wp\/v2\/pages\/3622"}],"collection":[{"href":"https:\/\/www.e2b-consulting.com\/en\/wp-json\/wp\/v2\/pages"}],"about":[{"href":"https:\/\/www.e2b-consulting.com\/en\/wp-json\/wp\/v2\/types\/page"}],"author":[{"embeddable":true,"href":"https:\/\/www.e2b-consulting.com\/en\/wp-json\/wp\/v2\/users\/1"}],"replies":[{"embeddable":true,"href":"https:\/\/www.e2b-consulting.com\/en\/wp-json\/wp\/v2\/comments?post=3622"}],"version-history":[{"count":0,"href":"https:\/\/www.e2b-consulting.com\/en\/wp-json\/wp\/v2\/pages\/3622\/revisions"}],"wp:attachment":[{"href":"https:\/\/www.e2b-consulting.com\/en\/wp-json\/wp\/v2\/media?parent=3622"}],"curies":[{"name":"wp","href":"https:\/\/api.w.org\/{rel}","templated":true}]}}