{"id":3974,"date":"2020-07-17T12:59:50","date_gmt":"2020-07-17T10:59:50","guid":{"rendered":"https:\/\/www.e2b-consulting.com\/?page_id=3974"},"modified":"2022-02-11T12:37:07","modified_gmt":"2022-02-11T11:37:07","slug":"agence-communication-publicitaire-tunisie","status":"publish","type":"page","link":"https:\/\/www.e2b-consulting.com\/en\/agence-communication-publicitaire-tunisie\/","title":{"rendered":"Advertising creation"},"content":{"rendered":"<p><section id=\"bt_bb_section69e048c7637ae\" class=\"bt_bb_section bt_bb_layout_boxed_1200 bt_bb_full_screen bt_bb_vertical_align_top bt_bb_top_spacing_extra_large bt_bb_bottom_spacing_normal\"  data-bt-override-class=\"null\"><div class=\"bt_bb_background_image_holder_wrapper\"><div class=\"bt_bb_background_image_holder btLazyLoadBackground\"  data-background_image_src=\"https:\/\/www.e2b-consulting.com\/wp-content\/uploads\/2020\/07\/bgn-top-5.png\" data-parallax-zoom-start=\"1\" data-parallax-zoom-end=\"1\" data-parallax-blur-start=\"0\" data-parallax-blur-end=\"0\" data-parallax-opacity-start=\"1\" data-parallax-opacity-end=\"1\" style=\" background-image: url(&#039;https:\/\/www.e2b-consulting.com\/wp-content\/plugins\/bold-page-builder\/img\/blank.gif&#039;);\"><\/div><\/div><div class=\"bt_bb_port\"><div class=\"bt_bb_cell\"><div class=\"bt_bb_cell_inner\"><div class=\"bt_bb_row  bt_bb_column_gap_60\" style=\"; --column-gap:60px;\" data-bt-override-class=\"{}\"><div class=\"bt_bb_row_holder\" ><div  class=\"bt_bb_column col-xl-6 bt_bb_align_left bt_bb_vertical_align_top bt_bb_padding_normal\"  data-width=\"6\" data-bt-override-class=\"{}\"><div class=\"bt_bb_column_content\"><header class=\"bt_bb_headline bt_bb_dash_none bt_bb_size_large bt_bb_align_inherit\" style=\"center;color:#0769ab;border-color:#0769ab;\" data-bt-override-class=\"{}\"><h1 class=\"bt_bb_headline_tag\"><span class=\"bt_bb_headline_content\"><span>Banni\u00e8re publicitaire<\/span><\/span><\/h1><\/header><div class=\"bt_bb_separator bt_bb_border_style_none bt_bb_top_spacing_normal bt_bb_bottom_spacing_normal\" data-bt-override-class=\"null\"><\/div><header class=\"bt_bb_headline bt_bb_dash_none bt_bb_size_large bt_bb_align_inherit\" style=\"center;color:#3d3a3a;border-color:#3d3a3a;\" data-bt-override-class=\"{}\"><h1 class=\"bt_bb_headline_tag\"><span class=\"bt_bb_headline_content\"><span>am\u00e9liorer la visibilit\u00e9 de votre site web<br \/><br \/>\net b\u00e9n\u00e9ficier d\u2019un excellent retour sur investissement !<\/span><\/span><\/h1><\/header><div class=\"bt_bb_separator bt_bb_border_style_none bt_bb_top_spacing_normal\" data-bt-override-class=\"null\"><\/div><div  class=\"bt_bb_text\" ><\/p>\n<p>Pour que votre entreprise soit efficiente sur le Web, il vous faut booster votre ROI et \u00e9largir la visibilit\u00e9 de votre marque ! En cela, la publicit\u00e9 en ligne, est un des moyens que vous pouvez personnaliser pour assurer la promotion de vos produits et services et rentabiliser vos investissements.<\/p>\n<p>\n<\/div><div class=\"bt_bb_separator bt_bb_border_style_none bt_bb_top_spacing_small\" data-bt-override-class=\"null\"><\/div><div class=\"bt_bb_image bt_bb_shape_square bt_bb_target_self bt_bb_align_inherit bt_bb_hover_style_simple bt_bb_content_display_always bt_bb_content_align_middle\" data-bt-override-class=\"{}\"><span><img loading=\"lazy\" decoding=\"async\" width=\"497\" height=\"139\" src=\"https:\/\/www.e2b-consulting.com\/wp-content\/uploads\/2020\/07\/mega.tn_.png\" class=\"attachment-medium size-medium\" alt=\"logo mega.tn\" data-full_image_src=\"https:\/\/www.e2b-consulting.com\/wp-content\/uploads\/2020\/07\/mega.tn_.png\" title=\"mega.tn\" srcset=\"https:\/\/www.e2b-consulting.com\/wp-content\/uploads\/2020\/07\/mega.tn_.png 497w, https:\/\/www.e2b-consulting.com\/wp-content\/uploads\/2020\/07\/mega.tn_-320x89.png 320w\" sizes=\"(max-width: 497px) 100vw, 497px\" \/><\/span><\/div><\/div><\/div><div  class=\"bt_bb_column col-xl-6 bt_bb_align_left bt_bb_vertical_align_top bt_bb_padding_normal\"  data-width=\"6\" data-bt-override-class=\"{}\"><div class=\"bt_bb_column_content\"><header class=\"bt_bb_headline bt_bb_dash_none bt_bb_size_normal bt_bb_align_inherit\" style=\";color:#0769ab;border-color:#0769ab;\" data-bt-override-class=\"{}\"><h2 class=\"bt_bb_headline_tag\"><span class=\"bt_bb_headline_content\"><span>Inscrivez-vous d\u00e8s maintenant<\/p><br \/>\n<p><\/span><\/span><\/h2><\/header><div  class=\"bt_bb_text\" ><\/p>\n<p><span style=\"color: black;\">Contactez-nous pour obtenir la meilleure offre de nos agents!<\/span><\/p>\n<p>\n<\/div><div class=\"bt_bb_separator bt_bb_border_style_none bt_bb_top_spacing_small bt_bb_bottom_spacing_small\" data-bt-override-class=\"null\"><\/div><div  class=\"bt_bb_text\" ><\/p>\n<div id=\"e2b-consulting_6243207367163904\" class=\"agile_crm_form_embed\"><span style=\"display: none;\">Fill out my <a href=\"https:\/\/e2b-consulting.agilecrm.com\/forms\/6243207367163904\">online form<\/a><\/span><\/div>\n<p>\n<\/div><\/div><\/div><\/div><\/div><div class=\"bt_bb_row\"  data-bt-override-class=\"{}\"><div class=\"bt_bb_row_holder\" ><div  class=\"bt_bb_column col-xl-12 bt_bb_align_left bt_bb_vertical_align_top bt_bb_padding_normal\"  data-width=\"12\" data-bt-override-class=\"{}\"><div class=\"bt_bb_column_content\"><\/div><\/div><\/div><\/div><\/div><!-- cell_inner --><\/div><!-- cell --><\/div><!-- port --><\/section><section id=\"bt_bb_section69e048c766a58\" class=\"bt_bb_section bt_bb_layout_boxed_1200 bt_bb_vertical_align_top bt_bb_top_spacing_medium bt_bb_bottom_spacing_medium\"  data-bt-override-class=\"null\"><div class=\"bt_bb_port\"><div class=\"bt_bb_cell\"><div class=\"bt_bb_cell_inner\"><div class=\"bt_bb_row\"  data-bt-override-class=\"{}\"><div class=\"bt_bb_row_holder\" ><div  class=\"bt_bb_column col-xl-12 bt_bb_align_center bt_bb_vertical_align_top bt_bb_padding_normal\"  data-width=\"12\" data-bt-override-class=\"{}\"><div class=\"bt_bb_column_content\"><header class=\"bt_bb_headline bt_bb_dash_none bt_bb_size_inherit bt_bb_align_center\" style=\";color:#0769ab;border-color:#0769ab;\" data-bt-override-class=\"{}\"><h2 class=\"bt_bb_headline_tag\"><span class=\"bt_bb_headline_content\"><span>\u00c0 propos Mega.tn<br \/><br \/>\n<\/span><\/span><\/h2><\/header><div class=\"bt_bb_separator bt_bb_border_style_none bt_bb_top_spacing_normal bt_bb_bottom_spacing_normal\" data-bt-override-class=\"null\"><\/div><div  class=\"bt_bb_text\" ><\/p>\n<p>Mega.tn est un comparateur de prix avec des centaines de web marchands dans plusieurs cat\u00e9gories avec des milliers d&rsquo;articles r\u00e9f\u00e9renc\u00e9s par nos soins. Pour acheter moins cher et acheter pas cher, comparer les prix en utilisant ce comparateur pour trouver le meilleur rapport qualit\u00e9 prix chez nos web marchands et site e-commerce en ligne. Pour l&rsquo;\u00e9quipement de la maison, cong\u00e9lateur, appareil photo, t\u00e9l\u00e9viseur \u00e9cran-plat, chaine HIFI, le t\u00e9l\u00e9phone mobile ou smartphone, ordinateur portable ou DEAL, vous pourrez comparer tous les prix et acheter moins cher.<\/p>\n<p><a href=\"https:\/\/www.mega.tn\/\">site web mega.tn<\/a><\/p>\n<p>Contactez nous et B\u00e9n\u00e9ficier d&rsquo;une meilleure visibilit\u00e9 de votre activit\u00e9, de vos services et vos produits. Publier vos annonces dans un contexte de technologies et innovations industrielles<\/p>\n<p>\n<\/div><\/div><\/div><\/div><\/div><\/div><!-- cell_inner --><\/div><!-- cell --><\/div><!-- port --><\/section><section id=\"bt_bb_section69e048c76774e\" class=\"bt_bb_section bt_bb_layout_boxed_1200 bt_bb_vertical_align_top bt_bb_top_spacing_medium bt_bb_bottom_spacing_normal\" style=\";background-color:#f0f6fb;\" data-bt-override-class=\"null\"><div class=\"bt_bb_port\"><div class=\"bt_bb_cell\"><div class=\"bt_bb_cell_inner\"><div class=\"bt_bb_row  bt_bb_column_gap_45\" style=\"; --column-gap:45px;\" data-bt-override-class=\"{}\"><div class=\"bt_bb_row_holder\" ><div  class=\"bt_bb_column col-xl-6 bt_bb_align_left bt_bb_vertical_align_top bt_bb_padding_normal\"  data-width=\"6\" data-bt-override-class=\"{}\"><div class=\"bt_bb_column_content\"><header class=\"bt_bb_headline bt_bb_dash_none bt_bb_size_inherit bt_bb_align_inherit\" style=\";color:#e77476;border-color:#e77476;\" data-bt-override-class=\"{}\"><h2 class=\"bt_bb_headline_tag\"><span class=\"bt_bb_headline_content\"><span>Qui somme nous ?<br \/><br \/>\n<\/span><\/span><\/h2><\/header><div class=\"bt_bb_separator bt_bb_border_style_none bt_bb_top_spacing_normal bt_bb_bottom_spacing_normal\" data-bt-override-class=\"null\"><\/div><div  class=\"bt_bb_text\" ><\/p>\n<p><span style=\"color: black;\">PARTENAIRE DE VOTRE SUCCES : <strong>E2BUSINESS CONSULTING<\/strong> est un cabinet de conseil en transition digitale.<\/span><\/p>\n<p><span style=\"color: black;\">Nous proposons un conseil et un accompagnement aux entreprises de tous types et toutes tailles, confront\u00e9es \u00e0 des enjeux d\u2019am\u00e9lioration de leur business, d\u2019optimisation de leur marketing ou de renforcement de leur visibilit\u00e9.<\/span><\/p>\n<p><span style=\"color: black;\">Notre cr\u00e9do : aider les entreprises \u00e0 se r\u00e9inventer autour des nouveaux usages et nouveaux mod\u00e8les de distribution induits par le num\u00e9rique sur leur march\u00e9. Nous mobilisons ainsi les comp\u00e9tences assurant leur transformation et in fine, une haute performance.<\/span><\/p>\n<p>\n<\/div><\/div><\/div><div  class=\"bt_bb_column col-xl-6 bt_bb_align_left bt_bb_vertical_align_top bt_bb_padding_normal\"  data-width=\"6\" data-bt-override-class=\"{}\"><div class=\"bt_bb_column_content\"><div class=\"bt_bb_separator bt_bb_border_style_none bt_bb_top_spacing_small\" data-bt-override-class=\"null\"><\/div><div class=\"bt_bb_image bt_bb_shape_square bt_bb_target_self bt_bb_align_inherit bt_bb_hover_style_simple bt_bb_content_display_always bt_bb_content_align_middle\" data-bt-override-class=\"{}\"><span><img loading=\"lazy\" decoding=\"async\" width=\"939\" height=\"528\" src=\"https:\/\/www.e2b-consulting.com\/wp-content\/uploads\/2020\/07\/3.png\" class=\"attachment-full size-full\" alt=\"Partenariat e2b consulting et mega.tn\" data-full_image_src=\"https:\/\/www.e2b-consulting.com\/wp-content\/uploads\/2020\/07\/3.png\" title=\"Partenariat e2b consulting et mega.tn\" srcset=\"https:\/\/www.e2b-consulting.com\/wp-content\/uploads\/2020\/07\/3.png 939w, https:\/\/www.e2b-consulting.com\/wp-content\/uploads\/2020\/07\/3-600x337.png 600w, https:\/\/www.e2b-consulting.com\/wp-content\/uploads\/2020\/07\/3-640x360.png 640w, https:\/\/www.e2b-consulting.com\/wp-content\/uploads\/2020\/07\/3-768x432.png 768w, https:\/\/www.e2b-consulting.com\/wp-content\/uploads\/2020\/07\/3-320x180.png 320w\" sizes=\"(max-width: 939px) 100vw, 939px\" \/><\/span><\/div><\/div><\/div><\/div><\/div><\/div><!-- cell_inner --><\/div><!-- cell --><\/div><!-- port --><\/section><\/p>","protected":false},"excerpt":{"rendered":"","protected":false},"author":6,"featured_media":5873,"parent":0,"menu_order":0,"comment_status":"closed","ping_status":"closed","template":"","meta":{"footnotes":""},"class_list":["post-3974","page","type-page","status-publish","has-post-thumbnail","hentry"],"aioseo_notices":[],"_links":{"self":[{"href":"https:\/\/www.e2b-consulting.com\/en\/wp-json\/wp\/v2\/pages\/3974"}],"collection":[{"href":"https:\/\/www.e2b-consulting.com\/en\/wp-json\/wp\/v2\/pages"}],"about":[{"href":"https:\/\/www.e2b-consulting.com\/en\/wp-json\/wp\/v2\/types\/page"}],"author":[{"embeddable":true,"href":"https:\/\/www.e2b-consulting.com\/en\/wp-json\/wp\/v2\/users\/6"}],"replies":[{"embeddable":true,"href":"https:\/\/www.e2b-consulting.com\/en\/wp-json\/wp\/v2\/comments?post=3974"}],"version-history":[{"count":0,"href":"https:\/\/www.e2b-consulting.com\/en\/wp-json\/wp\/v2\/pages\/3974\/revisions"}],"wp:featuredmedia":[{"embeddable":true,"href":"https:\/\/www.e2b-consulting.com\/en\/wp-json\/wp\/v2\/media\/5873"}],"wp:attachment":[{"href":"https:\/\/www.e2b-consulting.com\/en\/wp-json\/wp\/v2\/media?parent=3974"}],"curies":[{"name":"wp","href":"https:\/\/api.w.org\/{rel}","templated":true}]}}