{"id":43,"date":"2019-04-01T07:18:49","date_gmt":"2019-04-01T07:18:49","guid":{"rendered":"http:\/\/avantage.omnicom-dev.com\/hr\/?page_id=43"},"modified":"2020-11-16T11:53:40","modified_gmt":"2020-11-16T10:53:40","slug":"latest-posts-simple-view","status":"publish","type":"page","link":"https:\/\/www.e2b-consulting.com\/en\/blog-e2b-consulting\/latest-posts-simple-view\/","title":{"rendered":"Latest posts simple view"},"content":{"rendered":"<section id=\"bt_bb_section69e06eb5b1610\" class=\"bt_bb_section bt_bb_layout_boxed_1600 bt_bb_vertical_align_top bt_bb_top_spacing_medium bt_bb_bottom_spacing_normal\"  data-bt-override-class=\"null\"><div class=\"bt_bb_port\"><div class=\"bt_bb_cell\"><div class=\"bt_bb_cell_inner\"><div class=\"bt_bb_row\"  data-bt-override-class=\"{}\"><div class=\"bt_bb_row_holder\" ><div  class=\"bt_bb_column col-xl-12 bt_bb_align_left bt_bb_vertical_align_top bt_bb_padding_normal\"  data-width=\"12\" data-bt-override-class=\"{}\"><div class=\"bt_bb_column_content\"><div class=\"bt_bb_latest_posts bt_bb_columns_4 bt_bb_gap_normal bt_bb_look_clean bt_bb_show_dash_true bt_bb_image_shape_round\"><div class=\"bt_bb_latest_posts_item\"><div class=\"bt_bb_latest_posts_item_image\"><a href=\"https:\/\/www.e2b-consulting.com\/en\/top-20-des-sites-e-commerces-tunisie-decembre-2025\/\" target=\"_self\"><img decoding=\"async\" src=\"https:\/\/www.e2b-consulting.com\/wp-content\/plugins\/bold-page-builder\/img\/blank.gif\" alt=\"Top 20 des sites e-commerces les plus visit\u00e9s en Tunisie &#8211; D\u00e9cembre 2025\" title=\"Top 20 des sites e-commerces les plus visit\u00e9s en Tunisie &#8211; D\u00e9cembre 2025\" class=\"btLazyLoadImage\"  data-image_src=\"https:\/\/www.e2b-consulting.com\/wp-content\/uploads\/2026\/02\/top-20-site-web-e-commerce-en-Tunisie-.png\"><\/a><\/div><div class=\"bt_bb_latest_posts_item_content\"><div class=\"bt_bb_latest_posts_item_meta\"><span class=\"bt_bb_latest_posts_item_date\">17 February 2026<\/span><\/div><h5 class=\"bt_bb_latest_posts_item_title\"><a href=\"https:\/\/www.e2b-consulting.com\/en\/top-20-des-sites-e-commerces-tunisie-decembre-2025\/\" target=\"_self\">Top 20 des sites e-commerces les plus visit\u00e9s en Tunisie &#8211; D\u00e9cembre 2025<\/a><\/h5><div class=\"bt_bb_latest_posts_item_excerpt\">1. Introduction : Le paysage num\u00e9rique tunisien en pleine mutation Le paysage du commerce \u00e9lectronique en Tunisie franchit une nouvelle \u00e9tape de maturit\u00e9. Les donn\u00e9es publi\u00e9es par E2B Consulting &amp; Training concernant les sites les plus visit\u00e9s en d\u00e9cembre 2025 offrent une radiographie pr\u00e9cise des habitudes de consommation des Tunisiens. Entre consolidation des acteurs historiques...<\/div><div class=\"bt_bb_latest_posts_item_read_more\"><a href=\"https:\/\/www.e2b-consulting.com\/en\/top-20-des-sites-e-commerces-tunisie-decembre-2025\/\" target=\"_self\">Read more<\/a><\/div><\/div><\/div><div class=\"bt_bb_latest_posts_item\"><div class=\"bt_bb_latest_posts_item_image\"><a href=\"https:\/\/www.e2b-consulting.com\/en\/top-20-des-sites-e-commerce-les-plus-visites-en-tunisie-septembre-2025\/\" target=\"_self\"><img decoding=\"async\" src=\"https:\/\/www.e2b-consulting.com\/wp-content\/plugins\/bold-page-builder\/img\/blank.gif\" alt=\"Top 20 des sites e-commerce les plus visit\u00e9s en Tunisie &#8211; Septembre 2025\" title=\"Top 20 des sites e-commerce les plus visit\u00e9s en Tunisie &#8211; Septembre 2025\" class=\"btLazyLoadImage\"  data-image_src=\"https:\/\/www.e2b-consulting.com\/wp-content\/uploads\/2025\/11\/carre-.png\"><\/a><\/div><div class=\"bt_bb_latest_posts_item_content\"><div class=\"bt_bb_latest_posts_item_meta\"><span class=\"bt_bb_latest_posts_item_date\">26 November 2025<\/span><\/div><h5 class=\"bt_bb_latest_posts_item_title\"><a href=\"https:\/\/www.e2b-consulting.com\/en\/top-20-des-sites-e-commerce-les-plus-visites-en-tunisie-septembre-2025\/\" target=\"_self\">Top 20 des sites e-commerce les plus visit\u00e9s en Tunisie &#8211; Septembre 2025<\/a><\/h5><div class=\"bt_bb_latest_posts_item_excerpt\">Apr\u00e8s le classement des top des sites e-commerce les plus visit\u00e9s en Tunisie durant le mois de juin 2025, voici un aper\u00e7u d\u00e9taill\u00e9 des 20 sites e-commerce les plus populaires en Tunisie, class\u00e9s selon le nombre de visites mensuelles ( Similarweb.com) pour le mois de septembre 2025. Nous analysons \u00e9galement les technologies utilis\u00e9es (comme Magento,...<\/div><div class=\"bt_bb_latest_posts_item_read_more\"><a href=\"https:\/\/www.e2b-consulting.com\/en\/top-20-des-sites-e-commerce-les-plus-visites-en-tunisie-septembre-2025\/\" target=\"_self\">Read more<\/a><\/div><\/div><\/div><div class=\"bt_bb_latest_posts_item\"><div class=\"bt_bb_latest_posts_item_image\"><a href=\"https:\/\/www.e2b-consulting.com\/en\/meta-andromeda-automation-diversification-creative-personnalisation-meta-ads\/\" target=\"_self\"><img decoding=\"async\" src=\"https:\/\/www.e2b-consulting.com\/wp-content\/plugins\/bold-page-builder\/img\/blank.gif\" alt=\"Meta Andromeda: la nouvelle \u00e8re des Meta Ads entre automatisation, diversification cr\u00e9ative et personnalisation \u00e0 grande \u00e9chelle\" title=\"Meta Andromeda: la nouvelle \u00e8re des Meta Ads entre automatisation, diversification cr\u00e9ative et personnalisation \u00e0 grande \u00e9chelle\" class=\"btLazyLoadImage\"  data-image_src=\"https:\/\/www.e2b-consulting.com\/wp-content\/uploads\/2025\/10\/Opera-Instantane_2025-10-11_180129_engineering.fb_.com_-1-640x640.png\"><\/a><\/div><div class=\"bt_bb_latest_posts_item_content\"><div class=\"bt_bb_latest_posts_item_meta\"><span class=\"bt_bb_latest_posts_item_date\">11 October 2025<\/span><\/div><h5 class=\"bt_bb_latest_posts_item_title\"><a href=\"https:\/\/www.e2b-consulting.com\/en\/meta-andromeda-automation-diversification-creative-personnalisation-meta-ads\/\" target=\"_self\">Meta Andromeda: la nouvelle \u00e8re des Meta Ads entre automatisation, diversification cr\u00e9ative et personnalisation \u00e0 grande \u00e9chelle<\/a><\/h5><div class=\"bt_bb_latest_posts_item_excerpt\">Meta a lanc\u00e9 Andromeda, son nouveau moteur de r\u00e9cup\u00e9ration publicitaire de nouvelle g\u00e9n\u00e9ration. Objectif: personnaliser les publicit\u00e9s \u00e0 grande \u00e9chelle en s\u2019appuyant sur un syst\u00e8me hi\u00e9rarchique d\u2019indexation et de mod\u00e8les qui s\u00e9lectionne, pour chaque impression, la meilleure combinaison cr\u00e9a-placements-audience. R\u00e9sultat: moins de micro-ciblage manuel, plus d\u2019automatisation guid\u00e9e par les signaux et la qualit\u00e9 des contenus....<\/div><div class=\"bt_bb_latest_posts_item_read_more\"><a href=\"https:\/\/www.e2b-consulting.com\/en\/meta-andromeda-automation-diversification-creative-personnalisation-meta-ads\/\" target=\"_self\">Read more<\/a><\/div><\/div><\/div><div class=\"bt_bb_latest_posts_item\"><div class=\"bt_bb_latest_posts_item_image\"><a href=\"https:\/\/www.e2b-consulting.com\/en\/sites-e-commerce-tunisie-juin-2025\/\" target=\"_self\"><img decoding=\"async\" src=\"https:\/\/www.e2b-consulting.com\/wp-content\/plugins\/bold-page-builder\/img\/blank.gif\" alt=\"Classement des sites e-commerce les plus visit\u00e9s en Tunisie (juin 2025)\" title=\"Classement des sites e-commerce les plus visit\u00e9s en Tunisie (juin 2025)\" class=\"btLazyLoadImage\"  data-image_src=\"https:\/\/www.e2b-consulting.com\/wp-content\/uploads\/2025\/08\/Design-sans-titre-1.png\"><\/a><\/div><div class=\"bt_bb_latest_posts_item_content\"><div class=\"bt_bb_latest_posts_item_meta\"><span class=\"bt_bb_latest_posts_item_date\">18 August 2025<\/span><\/div><h5 class=\"bt_bb_latest_posts_item_title\"><a href=\"https:\/\/www.e2b-consulting.com\/en\/sites-e-commerce-tunisie-juin-2025\/\" target=\"_self\">Classement des sites e-commerce les plus visit\u00e9s en Tunisie (juin 2025)<\/a><\/h5><div class=\"bt_bb_latest_posts_item_excerpt\">&nbsp; Apr\u00e8s le classement des top des sites e-commerce les plus visit\u00e9s en tunisie durant le mois de mars 2025, voici un aper\u00e7u d\u00e9taill\u00e9 des 20 sites e-commerce les plus populaires en Tunisie, class\u00e9s selon le nombre de visites mensuelles pour le mois de juin 2025. Nous analysons \u00e9galement les technologies utilis\u00e9es (comme Magento ou...<\/div><div class=\"bt_bb_latest_posts_item_read_more\"><a href=\"https:\/\/www.e2b-consulting.com\/en\/sites-e-commerce-tunisie-juin-2025\/\" target=\"_self\">Read more<\/a><\/div><\/div><\/div><div class=\"bt_bb_latest_posts_item\"><div class=\"bt_bb_latest_posts_item_image\"><a href=\"https:\/\/www.e2b-consulting.com\/en\/strategie-social-media-rh-etude-de-cas-autoliv-tunisie\/\" target=\"_self\"><img decoding=\"async\" src=\"https:\/\/www.e2b-consulting.com\/wp-content\/plugins\/bold-page-builder\/img\/blank.gif\" alt=\"Strat\u00e9gie Social Media RH : \u00c9tude de cas Autoliv Tunisie\" title=\"Strat\u00e9gie Social Media RH : \u00c9tude de cas Autoliv Tunisie\" class=\"btLazyLoadImage\"  data-image_src=\"https:\/\/www.e2b-consulting.com\/wp-content\/uploads\/2025\/06\/download-1-640x640.png\"><\/a><\/div><div class=\"bt_bb_latest_posts_item_content\"><div class=\"bt_bb_latest_posts_item_meta\"><span class=\"bt_bb_latest_posts_item_date\">28 June 2025<\/span><\/div><h5 class=\"bt_bb_latest_posts_item_title\"><a href=\"https:\/\/www.e2b-consulting.com\/en\/strategie-social-media-rh-etude-de-cas-autoliv-tunisie\/\" target=\"_self\">Strat\u00e9gie Social Media RH : \u00c9tude de cas Autoliv Tunisie<\/a><\/h5><div class=\"bt_bb_latest_posts_item_excerpt\">Comment d\u00e9velopper une strat\u00e9gie social media efficace pour le marketing RH Autoliv est une entreprise su\u00e9doise, leader mondial dans la fabrication d&rsquo;\u00e9quipements de s\u00e9curit\u00e9 passive et active destin\u00e9s \u00e0 l&rsquo;industrie automobile, notamment les airbags et les ceintures de s\u00e9curit\u00e9. Fond\u00e9e en Su\u00e8de et ayant son si\u00e8ge social \u00e0 Stockholm, Autoliv emploie environ 58 000 collaborateurs...<\/div><div class=\"bt_bb_latest_posts_item_read_more\"><a href=\"https:\/\/www.e2b-consulting.com\/en\/strategie-social-media-rh-etude-de-cas-autoliv-tunisie\/\" target=\"_self\">Read more<\/a><\/div><\/div><\/div><div class=\"bt_bb_latest_posts_item\"><div class=\"bt_bb_latest_posts_item_image\"><a href=\"https:\/\/www.e2b-consulting.com\/en\/roas_vs_cpa\/\" target=\"_self\"><img decoding=\"async\" src=\"https:\/\/www.e2b-consulting.com\/wp-content\/plugins\/bold-page-builder\/img\/blank.gif\" alt=\"Maximiser les Conversions vs Maximiser la Valeur : Le Guide Complet pour Choisir la Bonne Strat\u00e9gie d&rsquo;Ench\u00e8res\" title=\"Maximiser les Conversions vs Maximiser la Valeur : Le Guide Complet pour Choisir la Bonne Strat\u00e9gie d&rsquo;Ench\u00e8res\" class=\"btLazyLoadImage\"  data-image_src=\"https:\/\/www.e2b-consulting.com\/wp-content\/uploads\/2025\/05\/ROAS-VS-cpa-640x640.png\"><\/a><\/div><div class=\"bt_bb_latest_posts_item_content\"><div class=\"bt_bb_latest_posts_item_meta\"><span class=\"bt_bb_latest_posts_item_date\">24 May 2025<\/span><\/div><h5 class=\"bt_bb_latest_posts_item_title\"><a href=\"https:\/\/www.e2b-consulting.com\/en\/roas_vs_cpa\/\" target=\"_self\">Maximiser les Conversions vs Maximiser la Valeur : Le Guide Complet pour Choisir la Bonne Strat\u00e9gie d&rsquo;Ench\u00e8res<\/a><\/h5><div class=\"bt_bb_latest_posts_item_excerpt\">Les plateformes publicitaires comme\u00a0Google Ads\u00a0et\u00a0Meta\u00a0(Facebook, Instagram) offrent des strat\u00e9gies d&rsquo;ench\u00e8res automatis\u00e9es puissantes pour optimiser vos campagnes. Mais comment choisir entre\u00a0\u00ab\u00a0Maximiser les conversions\u00a0\u00bb\u00a0et\u00a0\u00ab\u00a0Maximiser la valeur des conversions\u00a0\u00bb\u00a0? Voici notre analyse compl\u00e8te pour vous aider \u00e0 d\u00e9cider. CPA vs ROAS by Kais Khenine &nbsp; \ud83d\udd39 Comprendre les Strat\u00e9gies d&rsquo;Ench\u00e8res Automatis\u00e9es Les ench\u00e8res automatis\u00e9es, ou\u00a0Smart Bidding, permettent aux...<\/div><div class=\"bt_bb_latest_posts_item_read_more\"><a href=\"https:\/\/www.e2b-consulting.com\/en\/roas_vs_cpa\/\" target=\"_self\">Read more<\/a><\/div><\/div><\/div><div class=\"bt_bb_latest_posts_item\"><div class=\"bt_bb_latest_posts_item_image\"><a href=\"https:\/\/www.e2b-consulting.com\/en\/sites-e-commerce-tunisie-mars-2025\/\" target=\"_self\"><img decoding=\"async\" src=\"https:\/\/www.e2b-consulting.com\/wp-content\/plugins\/bold-page-builder\/img\/blank.gif\" alt=\"Classement des sites e-commerce les plus visit\u00e9s en Tunisie (Mars 2025)\" title=\"Classement des sites e-commerce les plus visit\u00e9s en Tunisie (Mars 2025)\" class=\"btLazyLoadImage\"  data-image_src=\"https:\/\/www.e2b-consulting.com\/wp-content\/uploads\/2025\/04\/Design-sans-titre-640x640.png\"><\/a><\/div><div class=\"bt_bb_latest_posts_item_content\"><div class=\"bt_bb_latest_posts_item_meta\"><span class=\"bt_bb_latest_posts_item_date\">18 April 2025<\/span><\/div><h5 class=\"bt_bb_latest_posts_item_title\"><a href=\"https:\/\/www.e2b-consulting.com\/en\/sites-e-commerce-tunisie-mars-2025\/\" target=\"_self\">Classement des sites e-commerce les plus visit\u00e9s en Tunisie (Mars 2025)<\/a><\/h5><div class=\"bt_bb_latest_posts_item_excerpt\">Voici un aper\u00e7u d\u00e9taill\u00e9 des\u00a020 sites e-commerce les plus populaires en Tunisie, class\u00e9s selon le\u00a0nombre de visites mensuelles. Nous y analysons \u00e9galement les\u00a0technologies utilis\u00e9es, ainsi que la\u00a0source principale de trafic, deux facteurs cl\u00e9s pour comprendre leur performance digitale. Top 5 des leaders du e-commerce tunisien 1. Mytek.tn\u00a0\u2013\u00a01 376 000 visites\u00a0|\u00a0Magento\u00a0|\u00a0SEO\u00a0(60,51%) Leader incontest\u00e9 dans le domaine...<\/div><div class=\"bt_bb_latest_posts_item_read_more\"><a href=\"https:\/\/www.e2b-consulting.com\/en\/sites-e-commerce-tunisie-mars-2025\/\" target=\"_self\">Read more<\/a><\/div><\/div><\/div><div class=\"bt_bb_latest_posts_item\"><div class=\"bt_bb_latest_posts_item_image\"><a href=\"https:\/\/www.e2b-consulting.com\/en\/formation-en-digital-marketing\/\" target=\"_self\"><img decoding=\"async\" src=\"https:\/\/www.e2b-consulting.com\/wp-content\/plugins\/bold-page-builder\/img\/blank.gif\" alt=\"Formation en digital marketing pour les \u00e9tudiants de l\u2019Universit\u00e9 Tunis Carthage\" title=\"Formation en digital marketing pour les \u00e9tudiants de l\u2019Universit\u00e9 Tunis Carthage\" class=\"btLazyLoadImage\"  data-image_src=\"https:\/\/www.e2b-consulting.com\/wp-content\/uploads\/2025\/04\/kais3-640x640.png\"><\/a><\/div><div class=\"bt_bb_latest_posts_item_content\"><div class=\"bt_bb_latest_posts_item_meta\"><span class=\"bt_bb_latest_posts_item_date\">12 April 2025<\/span><\/div><h5 class=\"bt_bb_latest_posts_item_title\"><a href=\"https:\/\/www.e2b-consulting.com\/en\/formation-en-digital-marketing\/\" target=\"_self\">Formation en digital marketing pour les \u00e9tudiants de l\u2019Universit\u00e9 Tunis Carthage<\/a><\/h5><div class=\"bt_bb_latest_posts_item_excerpt\">Dans un monde o\u00f9 le digital prend une place pr\u00e9pond\u00e9rante, la ma\u00eetrise des outils de marketing num\u00e9rique est devenue essentielle pour quiconque aspire \u00e0 exceller dans le paysage professionnel actuel. C&rsquo;est dans cette optique que nous avons organis\u00e9 une formation en digital marketing, destin\u00e9e aux \u00e9tudiants passionn\u00e9s de l&rsquo;Universit\u00e9 Tunis Carthage. Objectif de la formation...<\/div><div class=\"bt_bb_latest_posts_item_read_more\"><a href=\"https:\/\/www.e2b-consulting.com\/en\/formation-en-digital-marketing\/\" target=\"_self\">Read more<\/a><\/div><\/div><\/div><div class=\"bt_bb_latest_posts_item\"><div class=\"bt_bb_latest_posts_item_image\"><a href=\"https:\/\/www.e2b-consulting.com\/en\/formation-power-bi-tunisie\/\" target=\"_self\"><img decoding=\"async\" src=\"https:\/\/www.e2b-consulting.com\/wp-content\/plugins\/bold-page-builder\/img\/blank.gif\" alt=\"Formation Power BI Niveau 1 chez Whirlpool Tunisie : Un Parcours R\u00e9ussi\" title=\"Formation Power BI Niveau 1 chez Whirlpool Tunisie : Un Parcours R\u00e9ussi\" class=\"btLazyLoadImage\"  data-image_src=\"https:\/\/www.e2b-consulting.com\/wp-content\/uploads\/2025\/04\/image-whirpool--640x640.jpg\"><\/a><\/div><div class=\"bt_bb_latest_posts_item_content\"><div class=\"bt_bb_latest_posts_item_meta\"><span class=\"bt_bb_latest_posts_item_date\">1 April 2025<\/span><\/div><h5 class=\"bt_bb_latest_posts_item_title\"><a href=\"https:\/\/www.e2b-consulting.com\/en\/formation-power-bi-tunisie\/\" target=\"_self\">Formation Power BI Niveau 1 chez Whirlpool Tunisie : Un Parcours R\u00e9ussi<\/a><\/h5><div class=\"bt_bb_latest_posts_item_excerpt\">Une Collaboration Fructueuse entre E2B Consulting et Whirlpool Tunisie E2B Consulting, cabinet sp\u00e9cialis\u00e9 en formation professionnelle et transformation digitale, a le plaisir d&rsquo;annoncer l&rsquo;ach\u00e8vement r\u00e9ussi du programme de formation \u00ab\u00a0Power BI Niveau 1 : Analyser et Visualiser les Donn\u00e9es\u00a0\u00bb d\u00e9ploy\u00e9 au sein de Whirlpool Tunisie. Un Programme Ax\u00e9 sur l&rsquo;Excellence Cette formation intensive a permis...<\/div><div class=\"bt_bb_latest_posts_item_read_more\"><a href=\"https:\/\/www.e2b-consulting.com\/en\/formation-power-bi-tunisie\/\" target=\"_self\">Read more<\/a><\/div><\/div><\/div><div class=\"bt_bb_latest_posts_item\"><div class=\"bt_bb_latest_posts_item_image\"><a href=\"https:\/\/www.e2b-consulting.com\/en\/e-commerce-tunisie-classement-top20-decembre-2024\/\" target=\"_self\"><img decoding=\"async\" src=\"https:\/\/www.e2b-consulting.com\/wp-content\/plugins\/bold-page-builder\/img\/blank.gif\" alt=\"Top 20 des sites e-commerce en tunisie (D\u00e9cembre 2024)\" title=\"Top 20 des sites e-commerce en tunisie (D\u00e9cembre 2024)\" class=\"btLazyLoadImage\"  data-image_src=\"https:\/\/www.e2b-consulting.com\/wp-content\/uploads\/2025\/02\/Opera-Instantane_2025-02-12_094512_www.e2b-consulting.com_-640x640.png\"><\/a><\/div><div class=\"bt_bb_latest_posts_item_content\"><div class=\"bt_bb_latest_posts_item_meta\"><span class=\"bt_bb_latest_posts_item_date\">12 February 2025<\/span><\/div><h5 class=\"bt_bb_latest_posts_item_title\"><a href=\"https:\/\/www.e2b-consulting.com\/en\/e-commerce-tunisie-classement-top20-decembre-2024\/\" target=\"_self\">Top 20 des sites e-commerce en tunisie (D\u00e9cembre 2024)<\/a><\/h5><div class=\"bt_bb_latest_posts_item_excerpt\">D\u00e9couvrez le top 20 des\u00a0sites e-commerce enTunisie durant le mois de d\u00e9cembre 2024. Ce classement est \u00e9tabli par E2Business Consulting and Training.\u00a0 NB : Ce classement prend comme indice de r\u00e9f\u00e9rence le nombre de visites mensuelles pour chaque site fourni par\u00a0Similarweb, dont 3 sites\u00a0 ont accept\u00e9 de fournir leurs donn\u00e9es r\u00e9els issues de Google analytics...<\/div><div class=\"bt_bb_latest_posts_item_read_more\"><a href=\"https:\/\/www.e2b-consulting.com\/en\/e-commerce-tunisie-classement-top20-decembre-2024\/\" target=\"_self\">Read more<\/a><\/div><\/div><\/div><div class=\"bt_bb_latest_posts_item\"><div class=\"bt_bb_latest_posts_item_image\"><a href=\"https:\/\/www.e2b-consulting.com\/en\/pourquoi-se-former-au-ui-ux-design-est-essentiel-en-2024\/\" target=\"_self\"><img decoding=\"async\" src=\"https:\/\/www.e2b-consulting.com\/wp-content\/plugins\/bold-page-builder\/img\/blank.gif\" alt=\"Pourquoi se former au UI\/UX Design est essentiel en 2024\" title=\"Pourquoi se former au UI\/UX Design est essentiel en 2024\" class=\"btLazyLoadImage\"  data-image_src=\"https:\/\/www.e2b-consulting.com\/wp-content\/uploads\/2024\/12\/ui-ux-design-640x640.webp\"><\/a><\/div><div class=\"bt_bb_latest_posts_item_content\"><div class=\"bt_bb_latest_posts_item_meta\"><span class=\"bt_bb_latest_posts_item_date\">12 December 2024<\/span><\/div><h5 class=\"bt_bb_latest_posts_item_title\"><a href=\"https:\/\/www.e2b-consulting.com\/en\/pourquoi-se-former-au-ui-ux-design-est-essentiel-en-2024\/\" target=\"_self\">Pourquoi se former au UI\/UX Design est essentiel en 2024<\/a><\/h5><div class=\"bt_bb_latest_posts_item_excerpt\">Dans un monde o\u00f9 l&rsquo;exp\u00e9rience utilisateur (UX) et l&rsquo;interface utilisateur (UI) sont au c\u0153ur des produits digitaux, ma\u00eetriser ces comp\u00e9tences devient incontournable pour tout aspirant designer. Que vous souhaitiez cr\u00e9er des interfaces fluides ou concevoir des exp\u00e9riences m\u00e9morables pour les utilisateurs, le UI\/UX Design offre un large \u00e9ventail d&rsquo;opportunit\u00e9s professionnelles. 1. Comprendre l&rsquo;importance du UI\/UX...<\/div><div class=\"bt_bb_latest_posts_item_read_more\"><a href=\"https:\/\/www.e2b-consulting.com\/en\/pourquoi-se-former-au-ui-ux-design-est-essentiel-en-2024\/\" target=\"_self\">Read more<\/a><\/div><\/div><\/div><div class=\"bt_bb_latest_posts_item\"><div class=\"bt_bb_latest_posts_item_image\"><a href=\"https:\/\/www.e2b-consulting.com\/en\/microsoft-teams-sapprete-a-passer-en-3d-avec-des-reunions-en-realite-virtuelle\/\" target=\"_self\"><img decoding=\"async\" src=\"https:\/\/www.e2b-consulting.com\/wp-content\/plugins\/bold-page-builder\/img\/blank.gif\" alt=\"Microsoft Teams s&rsquo;appr\u00eate \u00e0 passer en 3D avec des r\u00e9unions en r\u00e9alit\u00e9 virtuelle\" title=\"Microsoft Teams s&rsquo;appr\u00eate \u00e0 passer en 3D avec des r\u00e9unions en r\u00e9alit\u00e9 virtuelle\" class=\"btLazyLoadImage\"  data-image_src=\"https:\/\/www.e2b-consulting.com\/wp-content\/uploads\/2023\/11\/reunions-en-realite-virtuelle-640x640.jpg\"><\/a><\/div><div class=\"bt_bb_latest_posts_item_content\"><div class=\"bt_bb_latest_posts_item_meta\"><span class=\"bt_bb_latest_posts_item_date\">17 November 2023<\/span><\/div><h5 class=\"bt_bb_latest_posts_item_title\"><a href=\"https:\/\/www.e2b-consulting.com\/en\/microsoft-teams-sapprete-a-passer-en-3d-avec-des-reunions-en-realite-virtuelle\/\" target=\"_self\">Microsoft Teams s&rsquo;appr\u00eate \u00e0 passer en 3D avec des r\u00e9unions en r\u00e9alit\u00e9 virtuelle<\/a><\/h5><div class=\"bt_bb_latest_posts_item_excerpt\">Microsoft Mesh, la plateforme de r\u00e9alit\u00e9 mixte de l&rsquo;entreprise, prend un nouveau tournant en s&rsquo;int\u00e9grant \u00e0 Microsoft Teams, apportant des r\u00e9unions immersives en 3D \u00e0 l&rsquo;outil de collaboration populaire. Ce mouvement marque un changement significatif dans la vision initiale de Microsoft pour Mesh en tant que plateforme distincte construite sur Azure. L&rsquo;int\u00e9gration vise \u00e0 rendre...<\/div><div class=\"bt_bb_latest_posts_item_read_more\"><a href=\"https:\/\/www.e2b-consulting.com\/en\/microsoft-teams-sapprete-a-passer-en-3d-avec-des-reunions-en-realite-virtuelle\/\" target=\"_self\">Read more<\/a><\/div><\/div><\/div><\/div><\/div><\/div><\/div><\/div><\/div><!-- cell_inner --><\/div><!-- cell --><\/div><!-- port --><\/section>","protected":false},"excerpt":{"rendered":"<p>Distinctively exploit optimal alignments for intuitive bandwidth. Quickly coordinate e-business applications through revolutionary catalysts for change. Seamlessly underwhelm optimal testing procedures whereas bricks-and-clicks processes.<\/p>","protected":false},"author":326,"featured_media":380,"parent":21,"menu_order":0,"comment_status":"closed","ping_status":"closed","template":"","meta":{"footnotes":""},"class_list":["post-43","page","type-page","status-publish","has-post-thumbnail","hentry"],"aioseo_notices":[],"_links":{"self":[{"href":"https:\/\/www.e2b-consulting.com\/en\/wp-json\/wp\/v2\/pages\/43"}],"collection":[{"href":"https:\/\/www.e2b-consulting.com\/en\/wp-json\/wp\/v2\/pages"}],"about":[{"href":"https:\/\/www.e2b-consulting.com\/en\/wp-json\/wp\/v2\/types\/page"}],"author":[{"embeddable":true,"href":"https:\/\/www.e2b-consulting.com\/en\/wp-json\/wp\/v2\/users\/326"}],"replies":[{"embeddable":true,"href":"https:\/\/www.e2b-consulting.com\/en\/wp-json\/wp\/v2\/comments?post=43"}],"version-history":[{"count":0,"href":"https:\/\/www.e2b-consulting.com\/en\/wp-json\/wp\/v2\/pages\/43\/revisions"}],"up":[{"embeddable":true,"href":"https:\/\/www.e2b-consulting.com\/en\/wp-json\/wp\/v2\/pages\/21"}],"wp:featuredmedia":[{"embeddable":true,"href":"https:\/\/www.e2b-consulting.com\/en\/wp-json\/wp\/v2\/media\/380"}],"wp:attachment":[{"href":"https:\/\/www.e2b-consulting.com\/en\/wp-json\/wp\/v2\/media?parent=43"}],"curies":[{"name":"wp","href":"https:\/\/api.w.org\/{rel}","templated":true}]}}