{"id":55,"date":"2019-04-01T07:19:55","date_gmt":"2019-04-01T07:19:55","guid":{"rendered":"http:\/\/avantage.omnicom-dev.com\/hr\/?page_id=55"},"modified":"2022-02-09T14:48:18","modified_gmt":"2022-02-09T13:48:18","slug":"comment-elaborer-un-plan-du-marketing-digital","status":"publish","type":"page","link":"https:\/\/www.e2b-consulting.com\/en\/comment-elaborer-un-plan-du-marketing-digital\/","title":{"rendered":"Marketing Plan"},"content":{"rendered":"<p><section id=\"bt_bb_section69f376f9a8f78\" class=\"bt_bb_section bt_bb_layout_boxed_1200 bt_bb_vertical_align_top bt_bb_top_spacing_large bt_bb_bottom_spacing_medium\" style=\"background-position:center bottom;background-size:contain;\" data-bt-override-class=\"null\"><div class=\"bt_bb_background_image_holder_wrapper\"><div class=\"bt_bb_background_image_holder btLazyLoadBackground\"  data-background_image_src=\"https:\/\/www.e2b-consulting.com\/wp-content\/uploads\/2019\/04\/bgn-lines.png\" data-parallax-zoom-start=\"1\" data-parallax-zoom-end=\"1\" data-parallax-blur-start=\"0\" data-parallax-blur-end=\"0\" data-parallax-opacity-start=\"1\" data-parallax-opacity-end=\"1\" style=\" background-image: url(&#039;https:\/\/www.e2b-consulting.com\/wp-content\/plugins\/bold-page-builder\/img\/blank.gif&#039;);\"><\/div><\/div><div class=\"bt_bb_port\"><div class=\"bt_bb_cell\"><div class=\"bt_bb_cell_inner\"><div class=\"bt_bb_row  bt_bb_column_gap_30\" style=\"; --column-gap:30px;\" data-bt-override-class=\"{}\"><div class=\"bt_bb_row_holder\" ><div  class=\"bt_bb_column col-xl-6 bt_bb_align_left bt_bb_vertical_align_top bt_bb_animation_fade_in zoom_out animate bt_bb_padding_normal bt_bb_animation_fade_in bt_bb_animation_zoom_out animate\"  data-width=\"6\" data-bt-override-class=\"{}\"><div class=\"bt_bb_column_content\"><div class=\"bt_bb_image bt_bb_shape_hard-rounded bt_bb_target_self bt_bb_align_inherit bt_bb_hover_style_simple bt_bb_content_display_always bt_bb_content_align_middle bt_bb_hidden_md bt_bb_hidden_lg\" data-bt-override-class=\"{}\"><span><img loading=\"lazy\" decoding=\"async\" width=\"1280\" height=\"1280\" src=\"https:\/\/www.e2b-consulting.com\/wp-content\/uploads\/2020\/04\/Plan-Marketing-1280x1280.png\" class=\"attachment-boldthemes_large_square size-boldthemes_large_square\" alt=\"Plan Marketing digital\" data-full_image_src=\"https:\/\/www.e2b-consulting.com\/wp-content\/uploads\/2020\/04\/Plan-Marketing.png\" title=\"Marketing Plan\" srcset=\"https:\/\/www.e2b-consulting.com\/wp-content\/uploads\/2020\/04\/Plan-Marketing.png 1280w, https:\/\/www.e2b-consulting.com\/wp-content\/uploads\/2020\/04\/Plan-Marketing-300x300.png 300w, https:\/\/www.e2b-consulting.com\/wp-content\/uploads\/2020\/04\/Plan-Marketing-100x100.png 100w, https:\/\/www.e2b-consulting.com\/wp-content\/uploads\/2020\/04\/Plan-Marketing-600x600.png 600w, https:\/\/www.e2b-consulting.com\/wp-content\/uploads\/2020\/04\/Plan-Marketing-640x640.png 640w, https:\/\/www.e2b-consulting.com\/wp-content\/uploads\/2020\/04\/Plan-Marketing-160x160.png 160w, https:\/\/www.e2b-consulting.com\/wp-content\/uploads\/2020\/04\/Plan-Marketing-768x768.png 768w, https:\/\/www.e2b-consulting.com\/wp-content\/uploads\/2020\/04\/Plan-Marketing-320x320.png 320w\" sizes=\"(max-width: 1280px) 100vw, 1280px\" \/><\/span><\/div><div class=\"bt_bb_separator bt_bb_border_style_none bt_bb_bottom_spacing_normal\" data-bt-override-class=\"null\"><\/div><header class=\"bt_bb_headline bt_bb_dash_top bt_bb_subheadline bt_bb_size_medium bt_bb_align_inherit\" data-bt-override-class=\"{}\"><h3 class=\"bt_bb_headline_tag\"><span class=\"bt_bb_headline_content\"><span><b>How to develop a <\/b> <u>digital marketing plan ?<\/u><\/span><\/span><\/h3><div class=\"bt_bb_headline_subheadline\"><\/p><br \/>\n<p>How to develop a digital marketing plan?<\/p><br \/>\n<p>Define digital marketing goals that align with your business objectives. The more specific your strategy, the more effective its execution will be. Set SMART goals and monitor the right metrics to ensure your success.<\/div><\/header><div class=\"bt_bb_separator bt_bb_border_style_none bt_bb_bottom_spacing_normal\" data-bt-override-class=\"null\"><\/div><div class=\"bt_bb_accordion bt_bb_style_simple bt_bb_shape_square\"><div class=\"bt_bb_accordion_item\"><div class=\"bt_bb_accordion_item_title\">Set SMART goals<\/div><div class=\"bt_bb_accordion_item_content\"><div  class=\"bt_bb_text\" ><\/p>\n<p>The first step in creating a digital marketing strategy is to set your goals. Without this, you will have no way to measure your social media success or return on investment (ROI).<\/p>\n<p>\n<\/div><\/div><\/div><div class=\"bt_bb_accordion_item\"><div class=\"bt_bb_accordion_item_title\">Know everything about your audience<\/div><div class=\"bt_bb_accordion_item_content\"><div  class=\"bt_bb_text\" ><\/p>\n<p>It is necessary to be consistent in your social media monitoring, otherwise, your business strategy will have some blank spots. You will miss out on a whole mountain of useful information from people talking about you or your business on the web.<\/p>\n<p>\n<\/div><\/div><\/div><div class=\"bt_bb_accordion_item\"><div class=\"bt_bb_accordion_item_title\">Research your competitors<\/div><div class=\"bt_bb_accordion_item_content\"><div  class=\"bt_bb_text\" ><\/p>\n<p>Competitive analytics help you understand who your competitors are and what they do. This will give you a clear idea of what\u2019s happening in your business and help you define your own digital strategy.<\/p>\n<p>\n<\/div><\/div><\/div><div class=\"bt_bb_accordion_item\"><div class=\"bt_bb_accordion_item_title\">Conduct a social media audit<\/div><div class=\"bt_bb_accordion_item_content\"><div  class=\"bt_bb_text\" ><\/p>\n<p>Social media audits help determine if your use of social networks is paying off.<\/p>\n<p>\n<\/div><\/div><\/div><div class=\"bt_bb_accordion_item\"><div class=\"bt_bb_accordion_item_title\">Set up accounts and upgrade existing profiles<\/div><div class=\"bt_bb_accordion_item_content\"><div  class=\"bt_bb_text\" ><\/p>\n<p>Choose the networks you will focus on before setting up and optimizing your accounts. Identify the networks to be used (and how to use it). After choosing the social media channels, you will need to establish a strategy for each network. For example, you can choose to use Twitter for customer service, Facebook for customer acquisition and Instagram to interact with existing customers.<\/p>\n<p>\n<\/div><\/div><\/div><\/div><\/div><\/div><div  class=\"bt_bb_column col-xl-6 bt_bb_align_left bt_bb_vertical_align_top bt_bb_animation_fade_in zoom_out animate bt_bb_padding_normal bt_bb_animation_fade_in bt_bb_animation_zoom_out animate\"  data-width=\"6\" data-bt-override-class=\"{}\"><div class=\"bt_bb_column_content\"><div class=\"bt_bb_image bt_bb_shape_hard-rounded bt_bb_target_self bt_bb_align_inherit bt_bb_hover_style_simple bt_bb_content_display_always bt_bb_content_align_middle bt_bb_hidden_xs bt_bb_hidden_ms bt_bb_hidden_sm\" data-bt-override-class=\"{}\"><span><img loading=\"lazy\" decoding=\"async\" width=\"1280\" height=\"1280\" src=\"https:\/\/www.e2b-consulting.com\/wp-content\/uploads\/2020\/04\/Plan-Marketing-1280x1280.png\" class=\"attachment-boldthemes_large_square size-boldthemes_large_square\" alt=\"Plan Marketing digital\" data-full_image_src=\"https:\/\/www.e2b-consulting.com\/wp-content\/uploads\/2020\/04\/Plan-Marketing.png\" title=\"Marketing Plan\" srcset=\"https:\/\/www.e2b-consulting.com\/wp-content\/uploads\/2020\/04\/Plan-Marketing.png 1280w, https:\/\/www.e2b-consulting.com\/wp-content\/uploads\/2020\/04\/Plan-Marketing-300x300.png 300w, https:\/\/www.e2b-consulting.com\/wp-content\/uploads\/2020\/04\/Plan-Marketing-100x100.png 100w, https:\/\/www.e2b-consulting.com\/wp-content\/uploads\/2020\/04\/Plan-Marketing-600x600.png 600w, https:\/\/www.e2b-consulting.com\/wp-content\/uploads\/2020\/04\/Plan-Marketing-640x640.png 640w, https:\/\/www.e2b-consulting.com\/wp-content\/uploads\/2020\/04\/Plan-Marketing-160x160.png 160w, https:\/\/www.e2b-consulting.com\/wp-content\/uploads\/2020\/04\/Plan-Marketing-768x768.png 768w, https:\/\/www.e2b-consulting.com\/wp-content\/uploads\/2020\/04\/Plan-Marketing-320x320.png 320w\" sizes=\"(max-width: 1280px) 100vw, 1280px\" \/><\/span><\/div><\/div><\/div><\/div><\/div><\/div><!-- cell_inner --><\/div><!-- cell --><\/div><!-- port --><\/section><section id=\"bt_bb_section69f376f9ab225\" class=\"bt_bb_section bt_bb_layout_boxed_1200 bt_bb_vertical_align_top bt_bb_top_spacing_normal bt_bb_bottom_spacing_normal bt_bb_section_show_right_boxed_content\"  data-bt-override-class=\"null\"><div class=\"bt_bb_port\"><div class=\"bt_bb_cell\"><div class=\"bt_bb_cell_inner\"><div class=\"bt_bb_row\"  data-bt-override-class=\"{}\"><div class=\"bt_bb_row_holder\" ><div  class=\"bt_bb_column col-xl-6 bt_bb_align_right bt_bb_vertical_align_top bt_bb_padding_double\"  data-width=\"6\" data-bt-override-class=\"{}\"><div class=\"bt_bb_column_content\"><div class=\"bt_bb_image bt_bb_shape_square bt_bb_target_self bt_bb_align_inherit bt_bb_hover_style_simple bt_bb_content_display_always bt_bb_content_align_middle\" data-bt-override-class=\"{}\"><span><img loading=\"lazy\" decoding=\"async\" width=\"813\" height=\"800\" src=\"https:\/\/www.e2b-consulting.com\/wp-content\/uploads\/2020\/04\/Strat\u00e9gie-de-marketing-digital.png\" class=\"attachment-full size-full\" alt=\"Strat\u00e9gie de marketing digital\" data-full_image_src=\"https:\/\/www.e2b-consulting.com\/wp-content\/uploads\/2020\/04\/Strat\u00e9gie-de-marketing-digital.png\" title=\"Digital marketing strategy\" srcset=\"https:\/\/www.e2b-consulting.com\/wp-content\/uploads\/2020\/04\/Strat\u00e9gie-de-marketing-digital.png 813w, https:\/\/www.e2b-consulting.com\/wp-content\/uploads\/2020\/04\/Strat\u00e9gie-de-marketing-digital-600x590.png 600w, https:\/\/www.e2b-consulting.com\/wp-content\/uploads\/2020\/04\/Strat\u00e9gie-de-marketing-digital-640x630.png 640w, https:\/\/www.e2b-consulting.com\/wp-content\/uploads\/2020\/04\/Strat\u00e9gie-de-marketing-digital-768x756.png 768w, https:\/\/www.e2b-consulting.com\/wp-content\/uploads\/2020\/04\/Strat\u00e9gie-de-marketing-digital-320x315.png 320w\" sizes=\"(max-width: 813px) 100vw, 813px\" \/><\/span><\/div><div class=\"bt_bb_separator bt_bb_border_style_none bt_bb_bottom_spacing_normal bt_bb_hidden_md bt_bb_hidden_lg\" data-bt-override-class=\"null\"><\/div><\/div><\/div><div  class=\"bt_bb_column col-xl-6 bt_bb_align_left bt_bb_vertical_align_top bt_bb_animation_fade_in zoom_out animate bt_bb_padding_normal bt_bb_animation_fade_in bt_bb_animation_zoom_out animate\"  data-width=\"6\" data-bt-override-class=\"{}\"><div class=\"bt_bb_column_content\"><div class=\"bt_bb_separator bt_bb_border_style_none bt_bb_bottom_spacing_large bt_bb_hidden_xs bt_bb_hidden_ms bt_bb_hidden_sm\" data-bt-override-class=\"null\"><\/div><header class=\"bt_bb_headline bt_bb_dash_top bt_bb_size_medium bt_bb_align_inherit\" data-bt-override-class=\"{}\"><h3 class=\"bt_bb_headline_tag\"><span class=\"bt_bb_headline_content\"><span><b>Why have a<\/b> <u>digital strategy?<\/u><\/span><\/span><\/h3><\/header><div class=\"bt_bb_separator bt_bb_border_style_none bt_bb_bottom_spacing_normal\" data-bt-override-class=\"null\"><\/div><div class=\"bt_bb_accordion bt_bb_style_simple bt_bb_shape_square\"><div class=\"bt_bb_accordion_item\"><div class=\"bt_bb_accordion_item_title\">What is the digital strategy ?<\/div><div class=\"bt_bb_accordion_item_content\"><div  class=\"bt_bb_text\" ><\/p>\n<p>Strat\u00e9gie est la s\u00e9rie d&rsquo;actions qui va vous aider \u00e0 atteindre vos objectifs en utilisant le marketing en ligne. Le terme \u00ab strat\u00e9gie \u00bb peut sembler intimidant, mais construire une strat\u00e9gie num\u00e9rique qui soit vraiment efficace n&rsquo;est pas forc\u00e9ment compliqu\u00e9.<\/p>\n<p>\n<\/div><\/div><\/div><div class=\"bt_bb_accordion_item\"><div class=\"bt_bb_accordion_item_title\">How to build a digital strategy ?<\/div><div class=\"bt_bb_accordion_item_content\"><div  class=\"bt_bb_text\" ><\/p>\n<p><strong>Define your target customers<\/strong><\/p>\n<p>Pour toute strat\u00e9gie de marketing (hors ligne ou en ligne), vous devez savoir \u00e0 quel client cible vous avez \u00e0 faire. Les meilleures strat\u00e9gies de marketing sont bas\u00e9es sur des profils d&rsquo;acheteurs d\u00e9taill\u00e9s, et votre premi\u00e8re \u00e9tape consiste \u00e0 les cr\u00e9er<\/p>\n<p><strong>Identify your objectives and the tools you will need<\/strong><\/p>\n<p>Vos objectifs marketing doivent toujours \u00eatre li\u00e9s aux objectifs fondamentaux de l&rsquo;entreprise. Quel que soit votre objectif global, vous devez savoir comment le mesurer et, plus important encore, \u00eatre capable de le mesurer (par exemple, avoir les bons outils marketing en place pour le faire).<\/p>\n<p><strong>Analyze your existing marketing and media channels<\/strong><\/p>\n<p>Lorsque vous \u00e9valuez les canaux de marketing disponibles ou les m\u00e9dias \u00e0 utiliser dans votre strat\u00e9gie, il est utile de consid\u00e9rer d&rsquo;abord la situation dans son ensemble pour \u00e9viter d&rsquo;\u00eatre submerg\u00e9.<\/p>\n<p>\n<\/div><\/div><\/div><div class=\"bt_bb_accordion_item\"><div class=\"bt_bb_accordion_item_title\">What are the objectives of digital communication ?<\/div><div class=\"bt_bb_accordion_item_content\"><div  class=\"bt_bb_text\" ><\/p>\n<p>Whatever the approach adopted, a company's communication strategy aims to make people aware of it, and to encourage them to take an action.<\/p>\n<p>Dans le domaine professionnel, la communication digitale d\u00e9finit alors les strat\u00e9gies et actions de communication qui sont men\u00e9es sur le web dans le but de transmettre des messages, des valeurs ou encore des r\u00e9sultats qui vont attirer l&rsquo;attention des internautes cibles et am\u00e9liorer la visibilit\u00e9 d&rsquo;une entreprise.<\/p>\n<p>\n<\/div><\/div><\/div><div class=\"bt_bb_accordion_item\"><div class=\"bt_bb_accordion_item_title\">What is the importance of digital transformation ?<\/div><div class=\"bt_bb_accordion_item_content\"><div  class=\"bt_bb_text\" ><\/p>\n<p>Digitization in the widest sense of the word opens up opportunities in all sectors. <strong>The digital transformation<\/strong> increase the potential number of customers, increase sales and ensure its sustainability.<\/p>\n<p>\n<\/div><\/div><\/div><div class=\"bt_bb_accordion_item\"><div class=\"bt_bb_accordion_item_title\">How to make a good digital communication plan ?<\/div><div class=\"bt_bb_accordion_item_content\"><div  class=\"bt_bb_text\" ><\/p>\n<p>Your<strong> communication plan<\/strong> must fully assess all of its requirements. So, you must know perfectly the recipient of your <strong>marketing strategy<\/strong> to convince him. To structure this, the most qualitative solution is to acquire relevant market research.<\/p>\n<p>\n<\/div><\/div><\/div><\/div><div class=\"bt_bb_separator bt_bb_border_style_none bt_bb_top_spacing_normal\" data-bt-override-class=\"null\"><\/div><div  class=\"bt_bb_text\" ><\/p>\n<p>How to develop a digital marketing plan?<\/p>\n<p>si vous voulez des \u00e9tapes bien d\u00e9taill\u00e9es sur l&rsquo;\u00e9laboration d&rsquo;un plan marketing :<\/p>\n<p><a href=\"https:\/\/www.bdc.ca\/fr\/articles-outils\/marketing-ventes-exportation\/marketing\/pages\/5-strategies-sensees-attirer-clients.aspx\">marketing plan steps\u00a0<\/a><\/p>\n<p>Here is our training catalog : <a href=\"https:\/\/www.e2b-consulting.com\/en\/formations\/\">TrainingCourses\u00a0<\/a><\/p>\n<p>\n<\/div><\/div><\/div><\/div><\/div><\/div><!-- cell_inner --><\/div><!-- cell --><\/div><!-- port --><\/section><section id=\"bt_bb_section69f376f9ad7ad\" class=\"bt_bb_section bt_bb_layout_boxed_1200 bt_bb_vertical_align_top bt_bb_top_spacing_large bt_bb_bottom_spacing_normal\"  data-bt-override-class=\"null\"><div class=\"bt_bb_background_image_holder_wrapper\"><div class=\"bt_bb_background_image_holder btLazyLoadBackground\"  data-background_image_src=\"https:\/\/www.e2b-consulting.com\/wp-content\/uploads\/2019\/04\/bgn-newsletter.jpg\" data-parallax-zoom-start=\"1\" data-parallax-zoom-end=\"1\" data-parallax-blur-start=\"0\" data-parallax-blur-end=\"0\" data-parallax-opacity-start=\"1\" data-parallax-opacity-end=\"1\" style=\" background-image: url(&#039;https:\/\/www.e2b-consulting.com\/wp-content\/plugins\/bold-page-builder\/img\/blank.gif&#039;);\"><\/div><\/div><div class=\"bt_bb_port\"><div class=\"bt_bb_cell\"><div class=\"bt_bb_cell_inner\"><div class=\"bt_bb_row\"  data-bt-override-class=\"{}\"><div class=\"bt_bb_row_holder\" ><div  class=\"bt_bb_column col-xl-12 bt_bb_align_center bt_bb_vertical_align_top bt_bb_animation_fade_in zoom_out animate bt_bb_padding_normal bt_bb_animation_fade_in bt_bb_animation_zoom_out animate\"  data-width=\"12\" data-bt-override-class=\"{}\"><div class=\"bt_bb_column_content\"><header class=\"bt_bb_headline bt_bb_dash_none bt_bb_superheadline bt_bb_size_medium bt_bb_align_inherit\" data-bt-override-class=\"{}\"><h3 class=\"bt_bb_headline_tag\"><span class=\"bt_bb_headline_superheadline\">LET'S STUDY YOUR PROJECT TOGETHER A DEDICATED DIGITAL STRATEGY MANAGER<\/span><span class=\"bt_bb_headline_content\"><span><b>Improve your marketing plan<\/b> <u>B2B <\/u><\/span><\/span><\/h3><\/header><div class=\"bt_bb_separator bt_bb_border_style_none bt_bb_bottom_spacing_normal\" data-bt-override-class=\"null\"><\/div><div class=\"bt_bb_button bt_bb_color_scheme_6 bt_bb_icon_position_left bt_bb_style_filled bt_bb_size_normal bt_bb_width_inline bt_bb_shape_inherit bt_bb_target_blank bt_bb_align_inherit\" style=\"; --primary-color:#ffffff; --secondary-color:#b73235;\" data-bt-override-class=\"{}\"><a href=\"https:\/\/www.e2b-consulting.com\/en\/contactez-nous\/\" target=\"_blank\" class=\"bt_bb_link\" title=\"CONTACT US\"><span class=\"bt_bb_button_text\" >CONTACT US<\/span><\/a><\/div><\/div><\/div><\/div><\/div><\/div><!-- cell_inner --><\/div><!-- cell --><\/div><!-- port --><\/section><\/p>","protected":false},"excerpt":{"rendered":"<p>Capitalize on low hanging fruit to identify a ballpark value added activity to beta test. Override the digital divide with additional clickthroughs from DevOps. Nanotechnology immersion along the information highway will close the loop.<\/p>","protected":false},"author":326,"featured_media":6103,"parent":0,"menu_order":0,"comment_status":"closed","ping_status":"closed","template":"","meta":{"footnotes":""},"class_list":["post-55","page","type-page","status-publish","has-post-thumbnail","hentry"],"aioseo_notices":[],"_links":{"self":[{"href":"https:\/\/www.e2b-consulting.com\/en\/wp-json\/wp\/v2\/pages\/55"}],"collection":[{"href":"https:\/\/www.e2b-consulting.com\/en\/wp-json\/wp\/v2\/pages"}],"about":[{"href":"https:\/\/www.e2b-consulting.com\/en\/wp-json\/wp\/v2\/types\/page"}],"author":[{"embeddable":true,"href":"https:\/\/www.e2b-consulting.com\/en\/wp-json\/wp\/v2\/users\/326"}],"replies":[{"embeddable":true,"href":"https:\/\/www.e2b-consulting.com\/en\/wp-json\/wp\/v2\/comments?post=55"}],"version-history":[{"count":0,"href":"https:\/\/www.e2b-consulting.com\/en\/wp-json\/wp\/v2\/pages\/55\/revisions"}],"wp:featuredmedia":[{"embeddable":true,"href":"https:\/\/www.e2b-consulting.com\/en\/wp-json\/wp\/v2\/media\/6103"}],"wp:attachment":[{"href":"https:\/\/www.e2b-consulting.com\/en\/wp-json\/wp\/v2\/media?parent=55"}],"curies":[{"name":"wp","href":"https:\/\/api.w.org\/{rel}","templated":true}]}}