{"id":57,"date":"2019-04-01T07:20:16","date_gmt":"2019-04-01T07:20:16","guid":{"rendered":"http:\/\/avantage.omnicom-dev.com\/hr\/?page_id=57"},"modified":"2025-01-15T16:10:54","modified_gmt":"2025-01-15T15:10:54","slug":"footer","status":"publish","type":"page","link":"https:\/\/www.e2b-consulting.com\/en\/footer\/","title":{"rendered":"Footer"},"content":{"rendered":"<section id=\"bt_bb_section69d5c9d35d8c2\" class=\"bt_bb_section bt_bb_layout_boxed_1200 bt_bb_vertical_align_top bt_bb_top_spacing_large\" style=\"background-position:left bottom;background-size:contain;\" data-bt-override-class=\"null\"><div class=\"bt_bb_background_image_holder_wrapper\"><div class=\"bt_bb_background_image_holder btLazyLoadBackground\"  data-background_image_src=\"https:\/\/www.e2b-consulting.com\/wp-content\/uploads\/2019\/04\/bgn-footer.png\" data-parallax-zoom-start=\"1\" data-parallax-zoom-end=\"1\" data-parallax-blur-start=\"0\" data-parallax-blur-end=\"0\" data-parallax-opacity-start=\"1\" data-parallax-opacity-end=\"1\" style=\" background-image: url(&#039;https:\/\/www.e2b-consulting.com\/wp-content\/plugins\/bold-page-builder\/img\/blank.gif&#039;);\"><\/div><\/div><div class=\"bt_bb_port\"><div class=\"bt_bb_cell\"><div class=\"bt_bb_cell_inner\"><div class=\"bt_bb_row  bt_bb_column_gap_10 bt_bb_hidden_xs bt_bb_hidden_ms\" style=\"; --column-gap:10px;\" data-bt-override-class=\"{}\"><div class=\"bt_bb_row_holder\" ><div  class=\"bt_bb_column col-xl-3 bt_bb_align_left bt_bb_vertical_align_top bt_bb_padding_normal\"  data-width=\"3\" data-bt-override-class=\"{}\"><div class=\"bt_bb_column_content\"><header class=\"bt_bb_headline bt_bb_dash_none bt_bb_subheadline bt_bb_size_extrasmall bt_bb_align_inherit\" data-bt-override-class=\"{}\"><h5 class=\"bt_bb_headline_tag\"><span class=\"bt_bb_headline_content\"><span><b>Contact <\/b><\/span><\/span><\/h5><div class=\"bt_bb_headline_subheadline\">App N\u00b0 B 6 1, 6\u00e9me \u00e9tage R\u00e9sidence Ines Boulevard de la terre, Centre Urbain Nord 1082 Tunis, Tunisia<\/div><\/header><div class=\"bt_bb_separator bt_bb_border_style_none bt_bb_bottom_spacing_small\" data-bt-override-class=\"null\"><\/div><div class=\"bt_bb_icon bt_bb_color_scheme_3 bt_bb_style_borderless bt_bb_size_xsmall bt_bb_shape_circle bt_bb_align_inherit\" style=\"; --icon-primary-color:#b73235; --icon-secondary-color:#191919;\" data-bt-override-class=\"null\"><span  data-ico-fontawesome=\"&#xf095;\" class=\"bt_bb_icon_holder\"><span>(+216) 36 361 552<\/span><\/span><\/div><div class=\"bt_bb_separator bt_bb_border_style_none bt_bb_bottom_spacing_extra_small\" data-bt-override-class=\"null\"><\/div><div class=\"bt_bb_icon bt_bb_color_scheme_3 bt_bb_style_borderless bt_bb_size_xsmall bt_bb_shape_circle bt_bb_align_inherit\" style=\"; --icon-primary-color:#b73235; --icon-secondary-color:#191919;\" data-bt-override-class=\"null\"><a href=\"mailto:contact@e2b-consulting.com\"  target=\"_self\"  title=\"contact@e2b-consulting.com\"  data-ico-fontawesome=\"&#xf0e0;\" class=\"bt_bb_icon_holder\"><span>contact@e2b-consulting.com<\/span><\/a><\/div><div class=\"bt_bb_separator bt_bb_border_style_none bt_bb_bottom_spacing_extra_small\" data-bt-override-class=\"null\"><\/div><div class=\"bt_bb_icon bt_bb_color_scheme_3 bt_bb_style_borderless bt_bb_size_xsmall bt_bb_shape_circle bt_bb_align_inherit\" style=\"; --icon-primary-color:#b73235; --icon-secondary-color:#191919;\" data-bt-override-class=\"null\"><a href=\"https:\/\/www.e2b-consulting.com\/en\/\"  target=\"_blank\"  title=\"e2b-consulting.com\"  data-ico-fontawesome=\"&#xf0ac;\" class=\"bt_bb_icon_holder\"><span>e2b-consulting.com<\/span><\/a><\/div><div class=\"bt_bb_separator bt_bb_border_style_none\" data-bt-override-class=\"null\"><\/div><div class=\"bt_bb_separator bt_bb_border_style_none bt_bb_top_spacing_normal bt_bb_bottom_spacing_medium\" data-bt-override-class=\"null\"><\/div><\/div><\/div><div  class=\"bt_bb_column col-xl-3 bt_bb_align_center bt_bb_vertical_align_top bt_bb_padding_normal\"  data-width=\"3\" data-bt-override-class=\"{}\"><div class=\"bt_bb_column_content\"><header class=\"bt_bb_headline bt_bb_dash_none bt_bb_superheadline bt_bb_size_extrasmall bt_bb_align_inherit\" data-bt-override-class=\"{}\"><h5 class=\"bt_bb_headline_tag\"><span class=\"bt_bb_headline_superheadline\">MAIN PAYMENT METHODS<\/span><span class=\"bt_bb_headline_content\"><span><b>Means of payment <\/b><\/span><\/span><\/h5><\/header><div class=\"bt_bb_separator bt_bb_border_style_none bt_bb_bottom_spacing_small\" data-bt-override-class=\"null\"><\/div><div class=\"bt_bb_image bt_bb_shape_square bt_bb_target_self bt_bb_align_inherit bt_bb_hover_style_simple bt_bb_content_display_always bt_bb_content_align_middle\" data-bt-override-class=\"{}\"><span><img loading=\"lazy\" decoding=\"async\" width=\"280\" height=\"120\" src=\"https:\/\/www.e2b-consulting.com\/wp-content\/uploads\/2020\/05\/paiment.png\" class=\"attachment-full size-full\" alt=\"m\u00e9thode de paiement\" data-full_image_src=\"https:\/\/www.e2b-consulting.com\/wp-content\/uploads\/2020\/05\/paiment.png\" title=\"payment\" \/><\/span><\/div><div class=\"bt_bb_separator bt_bb_border_style_none\" data-bt-override-class=\"null\"><\/div><div class=\"bt_bb_separator bt_bb_border_style_none bt_bb_top_spacing_normal bt_bb_bottom_spacing_medium\" data-bt-override-class=\"null\"><\/div><\/div><\/div><div  class=\"bt_bb_column col-xl-3 bt_bb_align_left bt_bb_vertical_align_top bt_bb_padding_normal\"  data-width=\"3\" data-bt-override-class=\"{}\"><div class=\"bt_bb_column_content\"><div class=\"bt_bb_separator bt_bb_border_style_none bt_bb_bottom_spacing_large\" data-bt-override-class=\"null\"><\/div><div class=\"bt_bb_icon bt_bb_color_scheme_3 bt_bb_style_borderless bt_bb_size_xsmall bt_bb_shape_circle bt_bb_align_inherit\" style=\"; --icon-primary-color:#b73235; --icon-secondary-color:#191919;\" data-bt-override-class=\"null\"><a href=\"tel: ( 216) 21 233 192\"  target=\"_self\"  title=\"Tunisia: (+216) 21 233 192\"  data-ico-fontawesome=\"&#xf041;\" class=\"bt_bb_icon_holder\"><span>Tunisia: (+216) 21 233 192<\/span><\/a><\/div><div class=\"bt_bb_separator bt_bb_border_style_none bt_bb_bottom_spacing_extra_small\" data-bt-override-class=\"null\"><\/div><\/div><\/div><div  class=\"bt_bb_column col-xl-3 bt_bb_align_left bt_bb_vertical_align_top bt_bb_padding_normal\"  data-width=\"3\" data-bt-override-class=\"{}\"><div class=\"bt_bb_column_content\"><header class=\"bt_bb_headline bt_bb_dash_none bt_bb_superheadline bt_bb_subheadline bt_bb_size_extrasmall bt_bb_align_inherit\" data-bt-override-class=\"{}\"><h5 class=\"bt_bb_headline_tag\"><span class=\"bt_bb_headline_superheadline\">GET IN TOUCH<\/span><span class=\"bt_bb_headline_content\"><span><b>Social links<\/b><\/span><\/span><\/h5><div class=\"bt_bb_headline_subheadline\">Find us on social networks. Follow our news in real time, our teams answer you 7 days a week on Facebook, Instagram, LinkedIn<\/div><\/header><div class=\"bt_bb_separator bt_bb_border_style_none bt_bb_top_spacing_small bt_bb_bottom_spacing_extra_small\" data-bt-override-class=\"null\"><\/div><div class=\"bt_bb_icon bt_bb_color_scheme_6 bt_bb_style_filled bt_bb_size_small bt_bb_shape_circle bt_bb_align_inherit\" style=\"min-width: 3em; --icon-primary-color:#ffffff; --icon-secondary-color:#b73235;\" data-bt-override-class=\"null\"><a href=\"https:\/\/www.facebook.com\/e2businessconsultingandtraining\/\"  target=\"_blank\"   data-ico-fontawesome=\"&#xf09a;\" class=\"bt_bb_icon_holder\"><\/a><\/div><div class=\"bt_bb_icon bt_bb_color_scheme_6 bt_bb_style_filled bt_bb_size_small bt_bb_shape_circle bt_bb_align_inherit\" style=\"min-width: 3em; --icon-primary-color:#ffffff; --icon-secondary-color:#b73235;\" data-bt-override-class=\"null\"><a href=\"https:\/\/instagram.com\/e2bconsulting.training\"  target=\"_blank\"   data-ico-fontawesome=\"&#xf16d;\" class=\"bt_bb_icon_holder\"><\/a><\/div><div class=\"bt_bb_icon bt_bb_color_scheme_6 bt_bb_style_filled bt_bb_size_small bt_bb_shape_circle bt_bb_align_inherit\" style=\"min-width: 3em; --icon-primary-color:#ffffff; --icon-secondary-color:#b73235;\" data-bt-override-class=\"null\"><a href=\"https:\/\/www.linkedin.com\/company\/10224254\/\"  target=\"_blank\"   data-ico-fontawesome=\"&#xf0e1;\" class=\"bt_bb_icon_holder\"><\/a><\/div><div class=\"bt_bb_separator bt_bb_border_style_none\" data-bt-override-class=\"null\"><\/div><div class=\"bt_bb_separator bt_bb_border_style_none bt_bb_top_spacing_normal bt_bb_bottom_spacing_medium\" data-bt-override-class=\"null\"><\/div><\/div><\/div><\/div><\/div><div class=\"bt_bb_row  bt_bb_column_gap_10 bt_bb_hidden_sm bt_bb_hidden_md bt_bb_hidden_lg\" style=\"; --column-gap:10px;\" data-bt-override-class=\"{}\"><div class=\"bt_bb_row_holder\" ><div  class=\"bt_bb_column col-xl-12 bt_bb_align_left bt_bb_vertical_align_top bt_bb_padding_normal\"  data-width=\"12\" data-bt-override-class=\"{}\"><div class=\"bt_bb_column_content\"><header class=\"bt_bb_headline bt_bb_dash_none bt_bb_subheadline bt_bb_size_extrasmall bt_bb_align_inherit\" data-bt-override-class=\"{}\"><h5 class=\"bt_bb_headline_tag\"><span class=\"bt_bb_headline_content\"><span><b>Contact<\/b><\/span><\/span><\/h5><div class=\"bt_bb_headline_subheadline\">App N\u00b0 B 6 1, 6\u00e9me \u00e9tage R\u00e9sidence Ines Boulevard de la terre, Centre Urbain Nord 1082 Tunis, Tunisia<\/div><\/header><div class=\"bt_bb_separator bt_bb_border_style_none bt_bb_bottom_spacing_small\" data-bt-override-class=\"null\"><\/div><div class=\"bt_bb_icon bt_bb_color_scheme_3 bt_bb_style_borderless bt_bb_size_xsmall bt_bb_shape_circle bt_bb_align_inherit\" style=\"; --icon-primary-color:#b73235; --icon-secondary-color:#191919;\" data-bt-override-class=\"null\"><span  data-ico-fontawesome=\"&#xf095;\" class=\"bt_bb_icon_holder\"><span>(+216) 71 948 444<\/span><\/span><\/div><div class=\"bt_bb_separator bt_bb_border_style_none bt_bb_bottom_spacing_extra_small\" data-bt-override-class=\"null\"><\/div><div class=\"bt_bb_icon bt_bb_color_scheme_3 bt_bb_style_borderless bt_bb_size_xsmall bt_bb_shape_circle bt_bb_align_inherit\" style=\"; --icon-primary-color:#b73235; --icon-secondary-color:#191919;\" data-bt-override-class=\"null\"><a href=\"mailto:contact@e2b-consulting.com\"  target=\"_self\"  title=\"contact@e2b-consulting.com\"  data-ico-fontawesome=\"&#xf0e0;\" class=\"bt_bb_icon_holder\"><span>contact@e2b-consulting.com<\/span><\/a><\/div><div class=\"bt_bb_separator bt_bb_border_style_none bt_bb_bottom_spacing_extra_small\" data-bt-override-class=\"null\"><\/div><div class=\"bt_bb_icon bt_bb_color_scheme_3 bt_bb_style_borderless bt_bb_size_xsmall bt_bb_shape_circle bt_bb_align_inherit\" style=\"; --icon-primary-color:#b73235; --icon-secondary-color:#191919;\" data-bt-override-class=\"null\"><a href=\"https:\/\/www.e2b-consulting.com\/en\/\"  target=\"_blank\"  title=\"e2b-consulting.com\"  data-ico-fontawesome=\"&#xf0ac;\" class=\"bt_bb_icon_holder\"><span>e2b-consulting.com<\/span><\/a><\/div><div class=\"bt_bb_separator bt_bb_border_style_none\" data-bt-override-class=\"null\"><\/div><div class=\"bt_bb_separator bt_bb_border_style_solid bt_bb_top_spacing_medium bt_bb_bottom_spacing_medium\" data-bt-override-class=\"null\"><\/div><header class=\"bt_bb_headline bt_bb_dash_none bt_bb_superheadline bt_bb_size_extrasmall bt_bb_align_inherit\" data-bt-override-class=\"{}\"><h5 class=\"bt_bb_headline_tag\"><span class=\"bt_bb_headline_superheadline\">MAIN PAYMENT METHODS<\/span><span class=\"bt_bb_headline_content\"><span><b>Means of payment<\/b><\/span><\/span><\/h5><\/header><div class=\"bt_bb_separator bt_bb_border_style_none bt_bb_bottom_spacing_small\" data-bt-override-class=\"null\"><\/div><div class=\"bt_bb_image bt_bb_shape_square bt_bb_target_self bt_bb_align_inherit bt_bb_hover_style_simple bt_bb_content_display_always bt_bb_content_align_middle\" data-bt-override-class=\"{}\"><span><img loading=\"lazy\" decoding=\"async\" width=\"280\" height=\"120\" src=\"https:\/\/www.e2b-consulting.com\/wp-content\/uploads\/2020\/05\/paiment.png\" class=\"attachment-full size-full\" alt=\"m\u00e9thode de paiement\" data-full_image_src=\"https:\/\/www.e2b-consulting.com\/wp-content\/uploads\/2020\/05\/paiment.png\" title=\"payment\" \/><\/span><\/div><div class=\"bt_bb_separator bt_bb_border_style_none bt_bb_bottom_spacing_small\" data-bt-override-class=\"null\"><\/div><div class=\"bt_bb_icon bt_bb_color_scheme_3 bt_bb_style_borderless bt_bb_size_xsmall bt_bb_shape_circle bt_bb_align_inherit\" style=\"; --icon-primary-color:#b73235; --icon-secondary-color:#191919;\" data-bt-override-class=\"null\"><a href=\"tel: ( 216) 21 233 192\"  target=\"_self\"  title=\"Tunisia: (+216) 21 233 192\"  data-ico-fontawesome=\"&#xf041;\" class=\"bt_bb_icon_holder\"><span>Tunisia: (+216) 21 233 192<\/span><\/a><\/div><div class=\"bt_bb_separator bt_bb_border_style_none bt_bb_bottom_spacing_extra_small\" data-bt-override-class=\"null\"><\/div><header class=\"bt_bb_headline bt_bb_dash_none bt_bb_superheadline bt_bb_subheadline bt_bb_size_extrasmall bt_bb_align_inherit\" data-bt-override-class=\"{}\"><h5 class=\"bt_bb_headline_tag\"><span class=\"bt_bb_headline_superheadline\">GET IN TOUCH<\/span><span class=\"bt_bb_headline_content\"><span><b>Social links<\/b><\/span><\/span><\/h5><div class=\"bt_bb_headline_subheadline\">Find us on social networks. Follow our news in real time, our teams answer you 7 days a week on Facebook, Instagram, LinkedIn<\/div><\/header><div class=\"bt_bb_separator bt_bb_border_style_none bt_bb_top_spacing_normal\" data-bt-override-class=\"null\"><\/div><div class=\"bt_bb_icon bt_bb_color_scheme_6 bt_bb_style_filled bt_bb_size_small bt_bb_shape_circle bt_bb_align_inherit\" style=\"min-width: 3em; --icon-primary-color:#ffffff; --icon-secondary-color:#b73235;\" data-bt-override-class=\"null\"><a href=\"https:\/\/www.facebook.com\/e2businessconsultingandtraining\/\"  target=\"_blank\"   data-ico-fontawesome=\"&#xf09a;\" class=\"bt_bb_icon_holder\"><\/a><\/div><div class=\"bt_bb_icon bt_bb_color_scheme_6 bt_bb_style_filled bt_bb_size_small bt_bb_shape_circle bt_bb_align_inherit\" style=\"min-width: 3em; --icon-primary-color:#ffffff; --icon-secondary-color:#b73235;\" data-bt-override-class=\"null\"><a href=\"https:\/\/www.linkedin.com\/company\/10224254\/\"  target=\"_blank\"   data-ico-fontawesome=\"&#xf0e1;\" class=\"bt_bb_icon_holder\"><\/a><\/div><div class=\"bt_bb_separator bt_bb_border_style_none bt_bb_bottom_spacing_medium\" data-bt-override-class=\"null\"><\/div><\/div><\/div><\/div><\/div><div class=\"bt_bb_row\"  data-bt-override-class=\"{}\"><div class=\"bt_bb_row_holder\" ><div  class=\"bt_bb_column col-xl-12 bt_bb_align_left bt_bb_vertical_align_top bt_bb_padding_normal\"  data-width=\"12\" data-bt-override-class=\"{}\"><div class=\"bt_bb_column_content\"><div class=\"bt_bb_separator bt_bb_border_style_solid bt_bb_bottom_spacing_normal\" style=\"; border-width: 2px\" data-bt-override-class=\"null\"><\/div><\/div><\/div><\/div><\/div><div class=\"bt_bb_row  bt_bb_hidden_xs bt_bb_hidden_ms\"  data-bt-override-class=\"{}\"><div class=\"bt_bb_row_holder\" ><div  class=\"bt_bb_column col-xl-4 bt_bb_align_left bt_bb_vertical_align_top bt_bb_padding_normal\"  data-width=\"4\" data-bt-override-class=\"{}\"><div class=\"bt_bb_column_content\"><div  class=\"bt_bb_text\" ><\/p>\n<p>Copyright by <strong>e2b Consulting and Training<\/strong>. All rights reserved.<\/p>\n<p>\n<\/div><\/div><\/div><div  class=\"bt_bb_column col-xl-8 bt_bb_align_right bt_bb_vertical_align_top bt_bb_padding_normal\"  data-width=\"8\" data-bt-override-class=\"{}\"><div class=\"bt_bb_column_content\"><div class=\"bt_bb_custom_menu btBottomFooterMenu bt_bb_direction_vertical\"><div class=\"menu-footer-menu-container\"><ul id=\"menu-footer-menu\" class=\"menu\"><li id=\"menu-item-4062\" class=\"menu-item menu-item-type-post_type menu-item-object-page menu-item-privacy-policy menu-item-4062\"><a rel=\"privacy-policy\" href=\"https:\/\/www.e2b-consulting.com\/en\/politique-de-confidentialite\/\">Privacy Policy<\/a><\/li>\n<li id=\"menu-item-193\" class=\"menu-item menu-item-type-post_type menu-item-object-page menu-item-home menu-item-193\"><a href=\"https:\/\/www.e2b-consulting.com\/en\/\">Cabinet de conseil et de formation en Marketing digital<\/a><\/li>\n<li id=\"menu-item-194\" class=\"menu-item menu-item-type-post_type menu-item-object-page menu-item-194\"><a href=\"https:\/\/www.e2b-consulting.com\/en\/qui-sommes-nous-agence-referencement-tunisie\/\">About us<\/a><\/li>\n<li id=\"menu-item-2309\" class=\"menu-item menu-item-type-post_type menu-item-object-page menu-item-2309\"><a href=\"https:\/\/www.e2b-consulting.com\/en\/formations\/\">TrainingCourses<\/a><\/li>\n<li id=\"menu-item-197\" class=\"menu-item menu-item-type-post_type menu-item-object-page current_page_parent menu-item-197\"><a href=\"https:\/\/www.e2b-consulting.com\/en\/blog-e2b-consulting\/\">BLOG<\/a><\/li>\n<li id=\"menu-item-198\" class=\"menu-item menu-item-type-post_type menu-item-object-page menu-item-198\"><a href=\"https:\/\/www.e2b-consulting.com\/en\/shop\/\">SHOP<\/a><\/li>\n<li id=\"menu-item-199\" class=\"bt_bb_back_to_top menu-item menu-item-type-custom menu-item-object-custom menu-item-199\"><a href=\"#top\">BACK TO TOP<\/a><\/li>\n<\/ul><\/div><\/div><\/div><\/div><\/div><\/div><div class=\"bt_bb_row  bt_bb_hidden_sm bt_bb_hidden_md bt_bb_hidden_lg\"  data-bt-override-class=\"{}\"><div class=\"bt_bb_row_holder\" ><div  class=\"bt_bb_column col-xl-12 bt_bb_align_center bt_bb_vertical_align_top bt_bb_padding_normal\"  data-width=\"12\" data-bt-override-class=\"{}\"><div class=\"bt_bb_column_content\"><div  class=\"bt_bb_text\" ><\/p>\n<p>Copyright by <strong>BoldThemes<\/strong>. All rights reserved.<\/p>\n<p>\n<\/div><div class=\"bt_bb_separator bt_bb_border_style_none bt_bb_top_spacing_normal\" data-bt-override-class=\"null\"><\/div><div class=\"bt_bb_custom_menu btBottomFooterMenu bt_bb_direction_vertical\"><div class=\"menu-footer-menu-container\"><ul id=\"menu-footer-menu-1\" class=\"menu\"><li class=\"menu-item menu-item-type-post_type menu-item-object-page menu-item-privacy-policy menu-item-4062\"><a rel=\"privacy-policy\" href=\"https:\/\/www.e2b-consulting.com\/en\/politique-de-confidentialite\/\">Privacy Policy<\/a><\/li>\n<li class=\"menu-item menu-item-type-post_type menu-item-object-page menu-item-home menu-item-193\"><a href=\"https:\/\/www.e2b-consulting.com\/en\/\">Cabinet de conseil et de formation en Marketing digital<\/a><\/li>\n<li class=\"menu-item menu-item-type-post_type menu-item-object-page menu-item-194\"><a href=\"https:\/\/www.e2b-consulting.com\/en\/qui-sommes-nous-agence-referencement-tunisie\/\">About us<\/a><\/li>\n<li class=\"menu-item menu-item-type-post_type menu-item-object-page menu-item-2309\"><a href=\"https:\/\/www.e2b-consulting.com\/en\/formations\/\">TrainingCourses<\/a><\/li>\n<li class=\"menu-item menu-item-type-post_type menu-item-object-page current_page_parent menu-item-197\"><a href=\"https:\/\/www.e2b-consulting.com\/en\/blog-e2b-consulting\/\">BLOG<\/a><\/li>\n<li class=\"menu-item menu-item-type-post_type menu-item-object-page menu-item-198\"><a href=\"https:\/\/www.e2b-consulting.com\/en\/shop\/\">SHOP<\/a><\/li>\n<li class=\"bt_bb_back_to_top menu-item menu-item-type-custom menu-item-object-custom menu-item-199\"><a href=\"#top\">BACK TO TOP<\/a><\/li>\n<\/ul><\/div><\/div><\/div><\/div><\/div><\/div><div class=\"bt_bb_row\"  data-bt-override-class=\"{}\"><div class=\"bt_bb_row_holder\" ><div  class=\"bt_bb_column col-xl-12 bt_bb_align_left bt_bb_vertical_align_top bt_bb_padding_normal\"  data-width=\"12\" data-bt-override-class=\"{}\"><div class=\"bt_bb_column_content\"><div class=\"bt_bb_separator bt_bb_border_style_none bt_bb_top_spacing_normal\" data-bt-override-class=\"null\"><\/div><\/div><\/div><\/div><\/div><\/div><!-- cell_inner --><\/div><!-- cell --><\/div><!-- port --><\/section>","protected":false},"excerpt":{"rendered":"","protected":false},"author":326,"featured_media":0,"parent":0,"menu_order":0,"comment_status":"closed","ping_status":"closed","template":"","meta":{"footnotes":""},"class_list":["post-57","page","type-page","status-publish","hentry"],"aioseo_notices":[],"_links":{"self":[{"href":"https:\/\/www.e2b-consulting.com\/en\/wp-json\/wp\/v2\/pages\/57"}],"collection":[{"href":"https:\/\/www.e2b-consulting.com\/en\/wp-json\/wp\/v2\/pages"}],"about":[{"href":"https:\/\/www.e2b-consulting.com\/en\/wp-json\/wp\/v2\/types\/page"}],"author":[{"embeddable":true,"href":"https:\/\/www.e2b-consulting.com\/en\/wp-json\/wp\/v2\/users\/326"}],"replies":[{"embeddable":true,"href":"https:\/\/www.e2b-consulting.com\/en\/wp-json\/wp\/v2\/comments?post=57"}],"version-history":[{"count":2,"href":"https:\/\/www.e2b-consulting.com\/en\/wp-json\/wp\/v2\/pages\/57\/revisions"}],"predecessor-version":[{"id":7713,"href":"https:\/\/www.e2b-consulting.com\/en\/wp-json\/wp\/v2\/pages\/57\/revisions\/7713"}],"wp:attachment":[{"href":"https:\/\/www.e2b-consulting.com\/en\/wp-json\/wp\/v2\/media?parent=57"}],"curies":[{"name":"wp","href":"https:\/\/api.w.org\/{rel}","templated":true}]}}