{"id":5935,"date":"2022-01-12T10:50:19","date_gmt":"2022-01-12T09:50:19","guid":{"rendered":"https:\/\/www.e2b-consulting.com\/?page_id=5935"},"modified":"2022-01-12T20:03:42","modified_gmt":"2022-01-12T19:03:42","slug":"formation-referencement-naturel-seo","status":"publish","type":"page","link":"https:\/\/www.e2b-consulting.com\/en\/formation-referencement-naturel-seo\/","title":{"rendered":"Formation R\u00e9f\u00e9rencement Naturel SEO"},"content":{"rendered":"<p><section id=\"bt_bb_section69f3365776073\" class=\"bt_bb_section bt_bb_layout_boxed_1200 bt_bb_full_screen bt_bb_vertical_align_top bt_bb_top_spacing_extra_large bt_bb_bottom_spacing_normal\" style=\";background-color:#fcfcfc;\" data-bt-override-class=\"null\"><div class=\"bt_bb_background_image_holder_wrapper\"><div class=\"bt_bb_background_image_holder btLazyLoadBackground\"  data-background_image_src=\"https:\/\/www.e2b-consulting.com\/wp-content\/uploads\/2020\/11\/R\u00e9f\u00e9rencement-payant-Tunisie-campagne.png\" data-parallax-zoom-start=\"1\" data-parallax-zoom-end=\"1\" data-parallax-blur-start=\"0\" data-parallax-blur-end=\"0\" data-parallax-opacity-start=\"1\" data-parallax-opacity-end=\"1\" style=\" background-image: url(&#039;https:\/\/www.e2b-consulting.com\/wp-content\/plugins\/bold-page-builder\/img\/blank.gif&#039;);\"><\/div><\/div><div class=\"bt_bb_port\"><div class=\"bt_bb_cell\"><div class=\"bt_bb_cell_inner\"><div class=\"bt_bb_row  bt_bb_column_gap_40\" style=\"; --column-gap:40px;\" data-bt-override-class=\"{}\"><div class=\"bt_bb_row_holder\" ><div  class=\"bt_bb_column col-xl-8 bt_bb_align_left bt_bb_vertical_align_top bt_bb_padding_normal\"  data-width=\"8\" data-bt-override-class=\"{}\"><div class=\"bt_bb_column_content\"><header class=\"bt_bb_headline bt_bb_dash_none bt_bb_size_large bt_bb_align_inherit\" style=\"center;color:#e85153;border-color:#e85153;\" data-bt-override-class=\"{&quot;bt_bb_size_&quot;:{&quot;current_class&quot;:&quot;bt_bb_size_large&quot;,&quot;xxl&quot;:&quot;large&quot;,&quot;xl&quot;:&quot;large&quot;},&quot;bt_bb_align_&quot;:{&quot;current_class&quot;:&quot;bt_bb_align_inherit&quot;,&quot;xxl&quot;:&quot;inherit&quot;,&quot;xl&quot;:&quot;inherit&quot;}}\"><h1 class=\"bt_bb_headline_tag\"><span class=\"bt_bb_headline_content\"><span><b>Cabinet de Webmarketing<\/b> <u>in Tunisia<\/u><\/span><\/span><\/h1><\/header><div class=\"bt_bb_separator bt_bb_border_style_none bt_bb_top_spacing_normal bt_bb_bottom_spacing_normal\" data-bt-override-class=\"null\"><\/div><div  class=\"bt_bb_text\" ><\/p>\n<p>Nous sommes un <strong>Cabinet de Webmarketing en Tunisie<\/strong> qui s\u2019est d\u00e9velopp\u00e9 aux fil des ann\u00e9es pour vous proposer les meilleures prestations de services qui peuvent exister sur le march\u00e9 On vous garantit un travail rigoureux et professionnel.<\/p>\n<p>Notre Cabinet de communication digitale en tunisie \u00ab E2Business consulting &amp; training \u00bb vous aide dans votre croissance en mettant \u00e0 votre disposition des services en <strong>Advertising Objectives<\/strong> , <strong>SEO<\/strong> ,<strong>SMO<\/strong>, <strong>Community management<\/strong> , <strong>focus on experimenting<\/strong> , <strong>E-commerce<\/strong> , <strong>Publicit\u00e9 digitale<\/strong> , <strong>Cr\u00e9ation site web<\/strong> , <strong>veille concurrentielle<\/strong> \u2026etc<\/p>\n<p>\n<\/div><div class=\"bt_bb_separator bt_bb_border_style_none bt_bb_top_spacing_normal bt_bb_bottom_spacing_normal\" data-bt-override-class=\"null\"><\/div><div class=\"bt_bb_image bt_bb_shape_soft-rounded bt_bb_target_self bt_bb_align_inherit bt_bb_hover_style_zoom-in bt_bb_content_display_always bt_bb_content_align_middle\" data-bt-override-class=\"{&quot;bt_bb_align_&quot;:{&quot;current_class&quot;:&quot;bt_bb_align_inherit&quot;,&quot;xxl&quot;:&quot;inherit&quot;,&quot;xl&quot;:&quot;inherit&quot;}}\"><span><img loading=\"lazy\" decoding=\"async\" width=\"2560\" height=\"1914\" src=\"https:\/\/www.e2b-consulting.com\/wp-content\/uploads\/2022\/01\/\u00e9quipe-e2b-consulting.png\" class=\"attachment-full size-full\" alt=\"\u00e9quipe e2b-consulting\" data-full_image_src=\"https:\/\/www.e2b-consulting.com\/wp-content\/uploads\/2022\/01\/\u00e9quipe-e2b-consulting.png\" title=\"\u00e9quipe-e2b-consulting\" srcset=\"https:\/\/www.e2b-consulting.com\/wp-content\/uploads\/2022\/01\/\u00e9quipe-e2b-consulting.png 2560w, https:\/\/www.e2b-consulting.com\/wp-content\/uploads\/2022\/01\/\u00e9quipe-e2b-consulting-600x449.png 600w, https:\/\/www.e2b-consulting.com\/wp-content\/uploads\/2022\/01\/\u00e9quipe-e2b-consulting-640x480.png 640w, https:\/\/www.e2b-consulting.com\/wp-content\/uploads\/2022\/01\/\u00e9quipe-e2b-consulting-1280x957.png 1280w, https:\/\/www.e2b-consulting.com\/wp-content\/uploads\/2022\/01\/\u00e9quipe-e2b-consulting-768x574.png 768w, https:\/\/www.e2b-consulting.com\/wp-content\/uploads\/2022\/01\/\u00e9quipe-e2b-consulting-1536x1149.png 1536w, https:\/\/www.e2b-consulting.com\/wp-content\/uploads\/2022\/01\/\u00e9quipe-e2b-consulting-2048x1531.png 2048w, https:\/\/www.e2b-consulting.com\/wp-content\/uploads\/2022\/01\/\u00e9quipe-e2b-consulting-320x240.png 320w\" sizes=\"(max-width: 2560px) 100vw, 2560px\" \/><\/span><\/div><\/div><\/div><div  class=\"bt_bb_column col-xl-4 bt_bb_align_center bt_bb_vertical_align_top bt_bb_padding_normal\"  data-width=\"4\" data-bt-override-class=\"{}\"><div class=\"bt_bb_column_content\"><header class=\"bt_bb_headline bt_bb_dash_none bt_bb_size_normal bt_bb_align_inherit\" style=\";color:#000000;border-color:#000000;\" data-bt-override-class=\"{&quot;bt_bb_size_&quot;:{&quot;current_class&quot;:&quot;bt_bb_size_normal&quot;,&quot;xxl&quot;:&quot;normal&quot;,&quot;xl&quot;:&quot;normal&quot;},&quot;bt_bb_align_&quot;:{&quot;current_class&quot;:&quot;bt_bb_align_inherit&quot;,&quot;xxl&quot;:&quot;inherit&quot;,&quot;xl&quot;:&quot;inherit&quot;}}\"><h3 class=\"bt_bb_headline_tag\"><span class=\"bt_bb_headline_content\"><span><b>Contact us<\/b> <u>N\u2019h\u00e9sitez pas \u00e0 nous confier vos missions !<\/u><\/p><br \/>\n<p><\/span><\/span><\/h3><\/header><div class=\"bt_bb_separator bt_bb_border_style_none bt_bb_top_spacing_extra_small bt_bb_bottom_spacing_extra_small\" data-bt-override-class=\"null\"><\/div><div  class=\"bt_bb_text\" ><\/p>\n<div id=\"e2b-consulting_4852746731192320\" class=\"agile_crm_form_embed\"><span style=\"display: none;\">Fill out my <a href=\"https:\/\/e2b-consulting.agilecrm.com\/forms\/4852746731192320\">online form<\/a><\/span><\/div>\n<p>\n<\/div><\/div><\/div><\/div><\/div><\/div><!-- cell_inner --><\/div><!-- cell --><\/div><!-- port --><\/section><section id=\"bt_bb_section69f336577719b\" class=\"bt_bb_section bt_bb_layout_boxed_1200 bt_bb_vertical_align_top bt_bb_top_spacing_medium bt_bb_bottom_spacing_medium\" style=\";background-color:#ffffff;\" data-bt-override-class=\"null\"><div class=\"bt_bb_port\"><div class=\"bt_bb_cell\"><div class=\"bt_bb_cell_inner\"><div class=\"bt_bb_row\"  data-bt-override-class=\"{}\"><div class=\"bt_bb_row_holder\" ><div  class=\"bt_bb_column col-xl-12 bt_bb_align_center bt_bb_vertical_align_top bt_bb_padding_normal\"  data-width=\"12\" data-bt-override-class=\"{}\"><div class=\"bt_bb_column_content\"><div class=\"bt_bb_separator bt_bb_border_style_none bt_bb_top_spacing_normal bt_bb_bottom_spacing_normal\" data-bt-override-class=\"null\"><\/div><div class=\"bt_bb_slider bt_bb_height_auto bt_bb_multiple_slides bt_bb_multiple_slides bt_bb_animation_slide animate bt_bb_arrows_size_large bt_bb_arrows_style_transparent_dark bt_bb_arrows_position_outside\"><div class=\"slick-slider\"  data-slick='{ \"lazyLoad\": \"progressive\", \"cssEase\": \"ease-out\", \"speed\": \"300\", \"adaptiveHeight\": true, \"prevArrow\": \"&lt;button type=\\\"button\\\" class=\\\"slick-prev\\\" aria-label=\\\"Previous\\\" tabindex=\\\"0\\\" role=\\\"button\\\"&gt;&lt;\/button&gt;\", \"nextArrow\": \"&lt;button type=\\\"button\\\" class=\\\"slick-next\\\" aria-label=\\\"Next\\\" tabindex=\\\"0\\\" role=\\\"button\\\"&gt;&lt;\/button&gt;\",\"slidesToShow\": 6, \"autoplay\": true, \"autoplaySpeed\": 3000,\"slidesToShow\": 6, \"responsive\": [{ \"breakpoint\": 480, \"settings\": { \"slidesToShow\": 1, \"slidesToScroll\": 1 } },{ \"breakpoint\": 768, \"settings\": { \"slidesToShow\": 2, \"slidesToScroll\": 2 } },{ \"breakpoint\": 992, \"settings\": { \"slidesToShow\": 3, \"slidesToScroll\": 3 } },{ \"breakpoint\": 1200, \"settings\": { \"slidesToShow\": 6, \"slidesToScroll\": 6 } },{ \"breakpoint\": 1400, \"settings\": { \"slidesToShow\": 6, \"slidesToScroll\": 6 } }]}' ><div class=\"bt_bb_slider_item\" data-src-full=\"https:\/\/www.e2b-consulting.com\/wp-content\/uploads\/2022\/01\/whirlpool.png\"><img decoding=\"async\" src=\"https:\/\/www.e2b-consulting.com\/wp-content\/uploads\/2022\/01\/whirlpool.png\" alt=\"whirlpool\"  title=\"whirlpool\"><\/div><div class=\"bt_bb_slider_item\" data-src-full=\"https:\/\/www.e2b-consulting.com\/wp-content\/uploads\/2022\/01\/Corp.png\"><img decoding=\"async\" src=\"https:\/\/www.e2b-consulting.com\/wp-content\/uploads\/2022\/01\/Corp.png\" alt=\"Corp\"  title=\"Corp\"><\/div><div class=\"bt_bb_slider_item\" data-src-full=\"https:\/\/www.e2b-consulting.com\/wp-content\/uploads\/2022\/01\/giz.png\"><img decoding=\"async\" src=\"https:\/\/www.e2b-consulting.com\/wp-content\/uploads\/2022\/01\/giz.png\" alt=\"giz\"  title=\"giz\"><\/div><div class=\"bt_bb_slider_item\" data-src-full=\"https:\/\/www.e2b-consulting.com\/wp-content\/uploads\/2022\/01\/Hotix.png\"><img decoding=\"async\" src=\"https:\/\/www.e2b-consulting.com\/wp-content\/uploads\/2022\/01\/Hotix.png\" alt=\"Hotix\"  title=\"Hotix\"><\/div><div class=\"bt_bb_slider_item\" data-src-full=\"https:\/\/www.e2b-consulting.com\/wp-content\/uploads\/2022\/01\/Kartagodates.png\"><img decoding=\"async\" src=\"https:\/\/www.e2b-consulting.com\/wp-content\/uploads\/2022\/01\/Kartagodates.png\" alt=\"Kartagodates\"  title=\"Kartagodates\"><\/div><div class=\"bt_bb_slider_item\" data-src-full=\"https:\/\/www.e2b-consulting.com\/wp-content\/uploads\/2022\/01\/Onudi-pampat.png\"><img decoding=\"async\" src=\"https:\/\/www.e2b-consulting.com\/wp-content\/uploads\/2022\/01\/Onudi-pampat.png\" alt=\"Onudi-pampat\"  title=\"Onudi-pampat\"><\/div><\/div><\/div><\/div><\/div><\/div><\/div><\/div><!-- cell_inner --><\/div><!-- cell --><\/div><!-- port --><\/section><section id=\"bt_bb_section69f3365778b92\" class=\"bt_bb_section bt_bb_layout_boxed_1200\"  data-bt-override-class=\"null\"><div class=\"bt_bb_port\"><div class=\"bt_bb_cell\"><div class=\"bt_bb_cell_inner\"><div class=\"bt_bb_row\"  data-bt-override-class=\"{}\"><div class=\"bt_bb_row_holder\" ><div  class=\"bt_bb_column col-xl-12 bt_bb_align_center bt_bb_vertical_align_top bt_bb_padding_normal\"  data-width=\"12\" data-bt-override-class=\"{}\"><div class=\"bt_bb_column_content\"><div class=\"bt_bb_separator bt_bb_border_style_solid bt_bb_top_spacing_normal bt_bb_bottom_spacing_normal\" style=\"; border-width: 2px\" data-bt-override-class=\"null\"><\/div><header class=\"bt_bb_headline bt_bb_dash_none bt_bb_subheadline bt_bb_size_inherit bt_bb_align_inherit\" data-bt-override-class=\"{&quot;bt_bb_size_&quot;:{&quot;current_class&quot;:&quot;bt_bb_size_inherit&quot;,&quot;xxl&quot;:&quot;inherit&quot;,&quot;xl&quot;:&quot;inherit&quot;},&quot;bt_bb_align_&quot;:{&quot;current_class&quot;:&quot;bt_bb_align_inherit&quot;,&quot;xxl&quot;:&quot;inherit&quot;,&quot;xl&quot;:&quot;inherit&quot;}}\"><h3 class=\"bt_bb_headline_tag\"><span class=\"bt_bb_headline_content\"><span>Formation professionnelle R\u00e9f\u00e9rencement naturel SEO<\/span><\/span><\/h3><div class=\"bt_bb_headline_subheadline\">POURQOUI SUIVRE UNE FORMATION SEO ?<\/div><\/header><div class=\"bt_bb_separator bt_bb_border_style_solid bt_bb_top_spacing_normal bt_bb_bottom_spacing_normal\" style=\"; border-width: 2px\" data-bt-override-class=\"null\"><\/div><div  class=\"bt_bb_text\" ><\/p>\n<p style=\"text-align: center;\">The <strong>formation SEO<\/strong> vous enseigne \u00e0 rendre vos contenus encore plus attractifs. De plus, vous apprenez comment optimiser vos contenus au moyen de <strong>mots-cl\u00e9s<\/strong>, choisis de mani\u00e8re ad\u00e9quate, et agencer comme il faut. L\u2019<strong>am\u00e9lioration de vos contenus<\/strong> vous instruit\u00a0sur la mani\u00e8re d\u2019adapter vos contenus aux diff\u00e9rents moteurs de recherche<strong>.\u00a0<\/strong>Ceci passe par la construction de liens de qualit\u00e9 renvoyant \u00e0 votre page internet.<\/p>\n<p style=\"text-align: center;\">Nos formations sont\u00a0ouvertes \u00e0 tous. Une simple connaissance du fonctionnement d\u2019un site internet suffit.\u00a0Nos formations ont pour objectif de\u00a0vous aider \u00e0 avancer, d\u2019augmenter vos comp\u00e9tences, de garder \u00e0 jour vos connaissances ou de vous aider \u00e0 une reconversion.<\/p>\n<p>\n<\/div><\/div><\/div><\/div><\/div><div class=\"bt_bb_row\"  data-bt-override-class=\"{}\"><div class=\"bt_bb_row_holder\" ><div  class=\"bt_bb_column col-xl-12 bt_bb_align_left bt_bb_vertical_align_top bt_bb_padding_normal\"  data-width=\"12\" data-bt-override-class=\"{}\"><div class=\"bt_bb_column_content\"><div class=\"bt_bb_separator bt_bb_border_style_none bt_bb_top_spacing_small bt_bb_bottom_spacing_small\" data-bt-override-class=\"null\"><\/div><header class=\"bt_bb_headline bt_bb_dash_none bt_bb_size_small bt_bb_align_inherit\" data-bt-override-class=\"{&quot;bt_bb_size_&quot;:{&quot;current_class&quot;:&quot;bt_bb_size_small&quot;,&quot;xxl&quot;:&quot;small&quot;,&quot;xl&quot;:&quot;small&quot;},&quot;bt_bb_align_&quot;:{&quot;current_class&quot;:&quot;bt_bb_align_inherit&quot;,&quot;xxl&quot;:&quot;inherit&quot;,&quot;xl&quot;:&quot;inherit&quot;}}\"><h3 class=\"bt_bb_headline_tag\"><span class=\"bt_bb_headline_content\"><span><b>Programme de la formation :<\/b><\/span><\/span><\/h3><\/header><div class=\"bt_bb_separator bt_bb_border_style_none bt_bb_top_spacing_small bt_bb_bottom_spacing_small\" data-bt-override-class=\"null\"><\/div><div class=\"bt_bb_accordion bt_bb_style_simple bt_bb_shape_square\"><div class=\"bt_bb_accordion_item\"><div class=\"bt_bb_accordion_item_title\">Rappel des grandes \u00e9tapes de l\u2019\u00e9volution des moteurs de recherche<\/div><div class=\"bt_bb_accordion_item_content\"><div  class=\"bt_bb_text\" ><\/p>\n<ul>\n<li>Historique des moteurs de recherches<\/li>\n<li>Les d\u00e9buts de la recherche sur internet<\/li>\n<li>L\u2019arriv\u00e9e de Google<\/li>\n<\/ul>\n<p>\n<\/div><\/div><\/div><div class=\"bt_bb_accordion_item\"><div class=\"bt_bb_accordion_item_title\">Le mode de fonctionnement du robot d\u2019indexation de Google<\/div><div class=\"bt_bb_accordion_item_content\"><div  class=\"bt_bb_text\" ><\/p>\n<ul>\n<li>Qu\u2019est-ce qu\u2019un robot d\u2019indexation ?<\/li>\n<li>Quel est le mode de fonctionnement des robots d\u2019indexation ?<\/li>\n<li>Qu\u2019est-ce que la popularit\u00e9 d\u2019un site web ?<\/li>\n<li>Qu\u2019utilisent les moteurs de recherches pour positionner un site en 1\u00e8re page (PageRank, liens, etc.) ?<\/li>\n<\/ul>\n<p>\n<\/div><\/div><\/div><div class=\"bt_bb_accordion_item\"><div class=\"bt_bb_accordion_item_title\">Choix des mots cl\u00e9s<\/div><div class=\"bt_bb_accordion_item_content\"><div  class=\"bt_bb_text\" ><\/p>\n<ul>\n<li>Comment trouver les bon mot cl\u00e9s<\/li>\n<li>Comprendre les attributs des mots cl\u00e9s<\/li>\n<li>Evaluer constamment la pertinence des mots cl\u00e9s<\/li>\n<\/ul>\n<p>\n<\/div><\/div><\/div><div class=\"bt_bb_accordion_item\"><div class=\"bt_bb_accordion_item_title\">L\u2019Importance du contenu d\u2019un site web<\/div><div class=\"bt_bb_accordion_item_content\"><div  class=\"bt_bb_text\" ><\/p>\n<ul>\n<li>La balise Titre : comment l\u2019optimiser ?<\/li>\n<li>D\u00e9velopper des liens externes<\/li>\n<li>Trouver les opportunit\u00e9s de d\u00e9veloppements de lien<\/li>\n<li>La balise Meta Description : est-elle utilis\u00e9e par les moteurs de recherches pour l\u2019indexation ?<\/li>\n<li>Les erreurs \u00e0 ne pas commettre<\/li>\n<li>La balise Keyword : cette balise est-elle encore utilis\u00e9e par les moteurs de recherches ?<\/li>\n<li>La balise Alt des images et photos : de plus en plus importante\u2026<\/li>\n<li>Les balises Hn pour communiquer le plan de vos pages : comment structurer vos pages?<\/li>\n<\/ul>\n<p>\n<\/div><\/div><\/div><div class=\"bt_bb_accordion_item\"><div class=\"bt_bb_accordion_item_title\">Optimisation technique d\u2019un site web<\/div><div class=\"bt_bb_accordion_item_content\"><div  class=\"bt_bb_text\" ><\/p>\n<ul>\n<li>Interpr\u00e9ter le code derri\u00e8re une page web<\/li>\n<li>tirer parti des microformats<\/li>\n<li>Optimisation c\u00f4t\u00e9 serveur<\/li>\n<li>Utiliser Google webmaster tools<\/li>\n<li>Utiliser Bing webmasters tools<\/li>\n<\/ul>\n<p>\n<\/div><\/div><\/div><div class=\"bt_bb_accordion_item\"><div class=\"bt_bb_accordion_item_title\">Mise en place d\u2019une strat\u00e9gie de contenu<\/div><div class=\"bt_bb_accordion_item_content\"><div  class=\"bt_bb_text\" ><\/p>\n<ul>\n<li>Planifier une strat\u00e9gie de contenu gagnante<\/li>\n<li>Comprendre les diff\u00e9rents type de contenus<\/li>\n<li>Identifier son audience, sujets et style de r\u00e9daction<\/li>\n<li>Etablir un calendrier de contenu<\/li>\n<li>Promouvoir son contenu<\/li>\n<li>Mesurer la performance d\u2019un contenu<\/li>\n<\/ul>\n<p>\n<\/div><\/div><\/div><div class=\"bt_bb_accordion_item\"><div class=\"bt_bb_accordion_item_title\">Strat\u00e9gie de construction de liens<\/div><div class=\"bt_bb_accordion_item_content\"><div  class=\"bt_bb_text\" ><\/p>\n<ul>\n<li>Comprendre l\u2019importance des liens<\/li>\n<li>D\u00e9velopper des liens internes<\/li>\n<li>D\u00e9velopper des liens externes<\/li>\n<li>Trouver les opportunit\u00e9s de d\u00e9veloppements de lien<\/li>\n<\/ul>\n<p>\n<\/div><\/div><\/div><div class=\"bt_bb_accordion_item\"><div class=\"bt_bb_accordion_item_title\">Contr\u00f4ler et mesurer un plan SEO<\/div><div class=\"bt_bb_accordion_item_content\"><div  class=\"bt_bb_text\" ><\/p>\n<ul>\n<li>Mesurer la performance de votre strat\u00e9gie SEO<\/li>\n<li>Analyser les mots cl\u00e9s<\/li>\n<li>Analyser les liens<\/li>\n<li>Mesurer l\u2019impact des r\u00e9seaux sociaux<\/li>\n<\/ul>\n<p>\n<\/div><\/div><\/div><div class=\"bt_bb_accordion_item\"><div class=\"bt_bb_accordion_item_title\"> R\u00e9f\u00e9rencement Local<\/div><div class=\"bt_bb_accordion_item_content\"><div  class=\"bt_bb_text\" ><\/p>\n<ul>\n<li>Comprendre le r\u00e9f\u00e9rencement local<\/li>\n<li>Comprendre Google My Business<\/li>\n<li>Optimisation de votre profil Google +<\/li>\n<li>Gestion des t\u00e9moignages<\/li>\n<li>Optimiser votre site web pour la recherche local<\/li>\n<\/ul>\n<p>\n<\/div><\/div><\/div><div class=\"bt_bb_accordion_item\"><div class=\"bt_bb_accordion_item_title\">R\u00e9f\u00e9rencement mobile<\/div><div class=\"bt_bb_accordion_item_content\"><div  class=\"bt_bb_text\" ><\/p>\n<ul>\n<li>Comprendre le r\u00e9f\u00e9rencement mobile<\/li>\n<li>Configurer votre site web pour le mobile<\/li>\n<li>Optimiser votre site web pour le mobile<\/li>\n<li>D\u00e9velopper du contenu Mobile freindly<\/li>\n<\/ul>\n<p>\n<\/div><\/div><\/div><\/div><div class=\"bt_bb_separator bt_bb_border_style_none bt_bb_top_spacing_small bt_bb_bottom_spacing_small\" data-bt-override-class=\"null\"><\/div><\/div><\/div><\/div><\/div><\/div><!-- cell_inner --><\/div><!-- cell --><\/div><!-- port --><\/section><section id=\"bt_bb_section69f3365779dad\" class=\"bt_bb_section bt_bb_layout_boxed_1200 bt_bb_vertical_align_top bt_bb_top_spacing_normal bt_bb_bottom_spacing_medium\" style=\";background-color:rgb(57,59,65);\" data-bt-override-class=\"null\"><div class=\"bt_bb_port\"><div class=\"bt_bb_cell\"><div class=\"bt_bb_cell_inner\"><div class=\"bt_bb_row  bt_bb_column_gap_50\" style=\"; --column-gap:50px;\" data-bt-override-class=\"{}\"><div class=\"bt_bb_row_holder\" ><div  class=\"bt_bb_column col-xl-6 bt_bb_align_left bt_bb_vertical_align_top bt_bb_padding_normal\"  data-width=\"6\" data-bt-override-class=\"{}\"><div class=\"bt_bb_column_content\"><header class=\"bt_bb_headline bt_bb_dash_none bt_bb_size_inherit bt_bb_align_inherit\" style=\";color:rgb(248,166,174);border-color:rgb(248,166,174);\" data-bt-override-class=\"{&quot;bt_bb_size_&quot;:{&quot;current_class&quot;:&quot;bt_bb_size_inherit&quot;,&quot;xxl&quot;:&quot;inherit&quot;,&quot;xl&quot;:&quot;inherit&quot;},&quot;bt_bb_align_&quot;:{&quot;current_class&quot;:&quot;bt_bb_align_inherit&quot;,&quot;xxl&quot;:&quot;inherit&quot;,&quot;xl&quot;:&quot;inherit&quot;}}\"><h2 class=\"bt_bb_headline_tag\"><span class=\"bt_bb_headline_content\"><span>Who we are?<br \/><br \/>\n<\/span><\/span><\/h2><\/header><div class=\"bt_bb_separator bt_bb_border_style_none bt_bb_top_spacing_normal bt_bb_bottom_spacing_normal\" data-bt-override-class=\"null\"><\/div><div  class=\"bt_bb_text\" ><\/p>\n<p><span style=\"color: white;\">PARTENAIRE DE VOTRE SUCCES : <strong>E2BUSINESS CONSULTING<\/strong> est un cabinet de conseil en transition digitale.<\/span><\/p>\n<p><span style=\"color: white;\">Nous proposons un conseil et un accompagnement aux entreprises de tous types et toutes tailles, confront\u00e9es \u00e0 des enjeux d\u2019am\u00e9lioration de leur business, d\u2019optimisation de leur marketing ou de renforcement de leur visibilit\u00e9.<\/span><\/p>\n<p><span style=\"color: white;\">Notre cr\u00e9do : aider les entreprises \u00e0 se r\u00e9inventer autour des nouveaux usages et nouveaux mod\u00e8les de distribution induits par le num\u00e9rique sur leur march\u00e9. Nous mobilisons ainsi les comp\u00e9tences assurant leur transformation et in fine, une haute performance.<\/span><\/p>\n<p>\n<\/div><\/div><\/div><div  class=\"bt_bb_column col-xl-6 bt_bb_align_center bt_bb_vertical_align_top bt_bb_padding_normal\"  data-width=\"6\" data-bt-override-class=\"{}\"><div class=\"bt_bb_column_content\"><header class=\"bt_bb_headline bt_bb_dash_none bt_bb_size_small bt_bb_align_inherit\" style=\";color:rgb(248,166,174);border-color:rgb(248,166,174);\" data-bt-override-class=\"{&quot;bt_bb_size_&quot;:{&quot;current_class&quot;:&quot;bt_bb_size_small&quot;,&quot;xxl&quot;:&quot;small&quot;,&quot;xl&quot;:&quot;small&quot;},&quot;bt_bb_align_&quot;:{&quot;current_class&quot;:&quot;bt_bb_align_inherit&quot;,&quot;xxl&quot;:&quot;inherit&quot;,&quot;xl&quot;:&quot;inherit&quot;}}\"><h2 class=\"bt_bb_headline_tag\"><span class=\"bt_bb_headline_content\"><span>Contactez-nous: +216 21 233 192<br \/><br \/>\n<\/span><\/span><\/h2><\/header><div class=\"bt_bb_separator bt_bb_border_style_none bt_bb_top_spacing_small bt_bb_bottom_spacing_small\" data-bt-override-class=\"null\"><\/div><div class=\"bt_bb_image bt_bb_shape_soft-rounded bt_bb_target_self bt_bb_align_inherit bt_bb_hover_style_zoom-in bt_bb_content_display_always bt_bb_content_align_middle\" data-bt-override-class=\"{&quot;bt_bb_align_&quot;:{&quot;current_class&quot;:&quot;bt_bb_align_inherit&quot;,&quot;xxl&quot;:&quot;inherit&quot;,&quot;xl&quot;:&quot;inherit&quot;}}\"><span><img loading=\"lazy\" decoding=\"async\" width=\"1385\" height=\"759\" src=\"https:\/\/www.e2b-consulting.com\/wp-content\/uploads\/2022\/01\/e2b-consulting-map.png\" class=\"attachment-full size-full\" alt=\"e2b consulting-map\" data-full_image_src=\"https:\/\/www.e2b-consulting.com\/wp-content\/uploads\/2022\/01\/e2b-consulting-map.png\" title=\"e2b-consulting-map\" srcset=\"https:\/\/www.e2b-consulting.com\/wp-content\/uploads\/2022\/01\/e2b-consulting-map.png 1385w, https:\/\/www.e2b-consulting.com\/wp-content\/uploads\/2022\/01\/e2b-consulting-map-600x329.png 600w, https:\/\/www.e2b-consulting.com\/wp-content\/uploads\/2022\/01\/e2b-consulting-map-640x351.png 640w, https:\/\/www.e2b-consulting.com\/wp-content\/uploads\/2022\/01\/e2b-consulting-map-1280x701.png 1280w, https:\/\/www.e2b-consulting.com\/wp-content\/uploads\/2022\/01\/e2b-consulting-map-768x421.png 768w, https:\/\/www.e2b-consulting.com\/wp-content\/uploads\/2022\/01\/e2b-consulting-map-320x175.png 320w\" sizes=\"(max-width: 1385px) 100vw, 1385px\" \/><\/span><\/div><\/div><\/div><\/div><\/div><\/div><!-- cell_inner --><\/div><!-- cell --><\/div><!-- port --><\/section><\/p>","protected":false},"excerpt":{"rendered":"","protected":false},"author":6,"featured_media":3422,"parent":0,"menu_order":0,"comment_status":"closed","ping_status":"closed","template":"","meta":{"footnotes":""},"class_list":["post-5935","page","type-page","status-publish","has-post-thumbnail","hentry"],"aioseo_notices":[],"_links":{"self":[{"href":"https:\/\/www.e2b-consulting.com\/en\/wp-json\/wp\/v2\/pages\/5935"}],"collection":[{"href":"https:\/\/www.e2b-consulting.com\/en\/wp-json\/wp\/v2\/pages"}],"about":[{"href":"https:\/\/www.e2b-consulting.com\/en\/wp-json\/wp\/v2\/types\/page"}],"author":[{"embeddable":true,"href":"https:\/\/www.e2b-consulting.com\/en\/wp-json\/wp\/v2\/users\/6"}],"replies":[{"embeddable":true,"href":"https:\/\/www.e2b-consulting.com\/en\/wp-json\/wp\/v2\/comments?post=5935"}],"version-history":[{"count":0,"href":"https:\/\/www.e2b-consulting.com\/en\/wp-json\/wp\/v2\/pages\/5935\/revisions"}],"wp:featuredmedia":[{"embeddable":true,"href":"https:\/\/www.e2b-consulting.com\/en\/wp-json\/wp\/v2\/media\/3422"}],"wp:attachment":[{"href":"https:\/\/www.e2b-consulting.com\/en\/wp-json\/wp\/v2\/media?parent=5935"}],"curies":[{"name":"wp","href":"https:\/\/api.w.org\/{rel}","templated":true}]}}