{"id":2301,"date":"2020-04-21T05:58:50","date_gmt":"2020-04-21T03:58:50","guid":{"rendered":"https:\/\/www.e2b-consulting.com\/?post_type=product&#038;p=2301"},"modified":"2025-03-07T00:02:45","modified_gmt":"2025-03-06T23:02:45","slug":"formation-en-ligne-devenir-community-manager-tunisie","status":"publish","type":"product","link":"https:\/\/www.e2b-consulting.com\/en\/formations\/type\/formation-en-linge\/formation-en-ligne-devenir-community-manager-tunisie\/","title":{"rendered":"Training: Become a Community Manager"},"content":{"rendered":"<p>Devenir Community manager, ce cours est fait pour vous. Vous allez d\u00e9couvrir le m\u00e9tier de <a href=\"https:\/\/www.definitions-marketing.com\/definition\/community-manager\/\"><strong>Community Manager<\/strong><\/a>, ou comment g\u00e9rer une pr\u00e9sence et une e-r\u00e9putation sur les r\u00e9seaux sociaux \u00e0 l\u2019aide de m\u00e9thodes concr\u00e8tes et efficaces. Devenir Community manager \u00ab\u00a0CM\u00a0\u00bb<b>, <\/b>ma\u00eetriser les codes de sa cible et favoriser les \u00e9changes d\u2019exp\u00e9rience.<\/p>\n<p>Pour cela, il conna\u00eet la strat\u00e9gie de son employeur et ma\u00eetrise le jargon technique, ainsi que les logiciels de <a href=\"https:\/\/www.e2b-consulting.com\/en\/comment-etre-en-premiere-position-sur-google\/\">r\u00e9f\u00e9rencement<\/a> et les moteurs de recherche.<\/p>\n<h2>Programme de la formation :<\/h2>\n<h3>1\/ Comprendre le fonctionnement des r\u00e9seaux sociaux<\/h3>\n<ul>\n<li>\u00c9volution des m\u00e9dias<\/li>\n<li>Les r\u00e9seaux sociaux un axe du marketing digital<\/li>\n<\/ul>\n<p>&nbsp;<\/p>\n<h3>2\/ Identifier la place du Community manager :<\/h3>\n<ul>\n<li>Fonction du Community manager : Veille, contenu et animation<\/li>\n<li>Les qualit\u00e9s d\u2019un bon Community manager<\/li>\n<li>Les erreurs \u00e0 ne pas commettre<\/li>\n<li>Les \u00e9volutions du m\u00e9tier du Community manager<\/li>\n<li>Le Community manager chez une agence, chez une entreprise ou en freelance<\/li>\n<\/ul>\n<h3>3\/ Le Community manager<\/h3>\n<ul>\n<li>Quels sont les enjeux d\u2019une pr\u00e9sence sur internet et sur les r\u00e9seaux sociaux ?<\/li>\n<li>Qu\u2019est-ce qu\u2019un Community manager ?<\/li>\n<li>Quelles sont ses comp\u00e9tences et ses missions ?<\/li>\n<li>Quelles sont les \u00e9volutions de poste ?<\/li>\n<\/ul>\n<p>&nbsp;<\/p>\n<h3>4\/ Etude de cas :<\/h3>\n<ul>\n<li>Etude d\u2019un Bad buzz mal g\u00e9r\u00e9<\/li>\n<li>Etude d\u2019un Bad buzz bien g\u00e9r\u00e9<\/li>\n<\/ul>\n<h3>5\/ Les meilleures pratiques<\/h3>\n<p>&nbsp;<\/p>\n<h3>6\/ Optimisation de la page Facebook :<\/h3>\n<ul>\n<li>Pr\u00e9sentation de Facebook<\/li>\n<li>Cr\u00e9ation d\u2019une page<\/li>\n<li>Param\u00e9trage d\u2019une page<\/li>\n<li>Param\u00e9trage de la boite de messagerie<\/li>\n<\/ul>\n<h3>7\/ Facebook Business manager:<\/h3>\n<ul>\n<li>Pr\u00e9sentation de Facebook business manager<\/li>\n<li>Cr\u00e9ation d\u2019un compte business manager<\/li>\n<li>Optimisation de business manager<\/li>\n<\/ul>\n<h3>8\/ Publication sur Facebook:<\/h3>\n<ul>\n<li>Diff\u00e9rents types de publications<\/li>\n<li>Mod\u00e9ration des commentaires et des avis<\/li>\n<\/ul>\n<h3>9\/ Statistique sur Facebook:<\/h3>\n<ul>\n<li>Analyser les statistiques de votre page<\/li>\n<li>Les bonne pratiques sur Facebook<\/li>\n<\/ul>\n<p>&nbsp;<\/p>\n<h3>10\/ Pr\u00e9sentation d&rsquo;Instagram:<\/h3>\n<ul>\n<li>Pr\u00e9sentation d\u2019Instagram<\/li>\n<li>Int\u00e9r\u00eat des hashtags<\/li>\n<li>Cr\u00e9ation d\u2019un profil &#8211; Param\u00e9trage d\u2019un profil &#8211; Liaison d\u2019un compte Instagram professionnel<\/li>\n<\/ul>\n<p>&nbsp;<\/p>\n<h3>11\/ Publication sur Instagram :<\/h3>\n<ul>\n<li>Cr\u00e9ation d\u2019un post<\/li>\n<li>Cr\u00e9ation d\u2019une story<\/li>\n<\/ul>\n<p>&nbsp;<\/p>\n<h3>12\/ Statistique sur Instagram : Analyser les statistiques de votre profil<\/h3>\n<ul>\n<li>Les bonne pratiques sur Instagram<\/li>\n<\/ul>\n<p>&nbsp;<\/p>\n<h3>13\/ Outils pour am\u00e9liorer la productivit\u00e9 sur les r\u00e9seaux sociaux:<\/h3>\n<ul>\n<li>Outils de gestion : Pr\u00e9sentation de Buffer et Hootsuite<\/li>\n<li>Outils de cr\u00e9ation : Pr\u00e9sentation de Adobe Spark et de Canvas &#8211; Outils de veille : Brand24<\/li>\n<\/ul>\n<p>&nbsp;<\/p>\n<h3>14\/ \u00c9laboration d\u2019un plan d\u2019action sur les r\u00e9seaux sociaux:<\/h3>\n<ul>\n<li>choisir le bon couple R\u00e9seaux \/ March\u00e9<\/li>\n<li>Pr\u00e9parer le contenu<\/li>\n<li>Pr\u00e9parer le texte<\/li>\n<li>Choisir les hashtags<\/li>\n<li>Elaborer le calendrier r\u00e9dactionnel<\/li>\n<li>Les outils d\u2019aide ( Hootsuite, Canvas, buzz sumo)<\/li>\n<\/ul>\n<p>&nbsp;<\/p>\n<h3>15\/ Atelier pratique:<\/h3>\n<ul>\n<li>Exercice pratique<\/li>\n<li>Test final<\/li>\n<\/ul>","protected":false},"excerpt":{"rendered":"<p><span style=\"font-weight: 400;\">Apprenez avec cette formation comment g\u00e9rer la pr\u00e9sence et la r\u00e9putation de votre (entreprise, marque, <\/span><span style=\"font-weight: 400;\">Brand&#8230;<\/span><span style=\"font-weight: 400;\">) sur les r\u00e9seaux sociaux \u00e0 l\u2019aide de m\u00e9thodes concr\u00e8tes et agiles. Divers outils vont vous permettre de cr\u00e9er, animer une communaut\u00e9 de fans ainsi que la ma\u00eetrise des logiciels de r\u00e9f\u00e9rencement et les moteurs de recherche.<\/span><\/p>\n<p><strong>Certification training<\/strong><\/p>\n<p><strong>Dur\u00e9e: 14\u00a0heures<\/strong><\/p>\n<p><strong>Examen final<\/strong><\/p>\n<p><strong>Choisissez la solution la plus adapt\u00e9e \u00e0 votre situation:\u00a0<\/strong>Horaires\/ m\u00e9thode (en ligne &amp; en salle)<\/p>\n<p><strong>Enregistrement de la formation \u00e0 la demande<\/strong><\/p>\n<p>&nbsp;<\/p>\n<p><strong>Si vous souhaitez avoir des informations sur n\u2019importe quels services:<\/strong><\/p>\n<ul>\n<li aria-level=\"1\">Vous pouvez \u00e9galement nous contacter par t\u00e9l\u00e9phone : <span style=\"font-weight: 400;\"><strong>(+216) 36 361 552<\/strong><br \/>\n<strong>(+216) 21 233 192<\/strong><\/span><\/li>\n<li aria-level=\"1\">Ou n\u2019h\u00e9sitez pas \u00e0 remplir le formulaire :\u00a0<strong><a href=\"https:\/\/www.e2b-consulting.com\/en\/agence-growth-hacking-contactez-nous\/\">CONTACTEZ-NOUS.<\/a><\/strong><\/li>\n<\/ul>","protected":false},"featured_media":7658,"template":"","meta":[],"product_cat":[63,62,66,60,51],"product_tag":[],"class_list":{"0":"post-2301","1":"product","2":"type-product","3":"status-publish","4":"has-post-thumbnail","6":"product_cat-arabic","7":"product_cat-francais","8":"product_cat-formation-en-linge","9":"product_cat-sabrine-ben-ibrahim","10":"product_cat-marketing","12":"first","13":"instock","14":"virtual","15":"product-type-simple"},"aioseo_notices":[],"_links":{"self":[{"href":"https:\/\/www.e2b-consulting.com\/en\/wp-json\/wp\/v2\/product\/2301"}],"collection":[{"href":"https:\/\/www.e2b-consulting.com\/en\/wp-json\/wp\/v2\/product"}],"about":[{"href":"https:\/\/www.e2b-consulting.com\/en\/wp-json\/wp\/v2\/types\/product"}],"wp:featuredmedia":[{"embeddable":true,"href":"https:\/\/www.e2b-consulting.com\/en\/wp-json\/wp\/v2\/media\/7658"}],"wp:attachment":[{"href":"https:\/\/www.e2b-consulting.com\/en\/wp-json\/wp\/v2\/media?parent=2301"}],"wp:term":[{"taxonomy":"product_cat","embeddable":true,"href":"https:\/\/www.e2b-consulting.com\/en\/wp-json\/wp\/v2\/product_cat?post=2301"},{"taxonomy":"product_tag","embeddable":true,"href":"https:\/\/www.e2b-consulting.com\/en\/wp-json\/wp\/v2\/product_tag?post=2301"}],"curies":[{"name":"wp","href":"https:\/\/api.w.org\/{rel}","templated":true}]}}