{"id":2303,"date":"2020-04-21T06:17:19","date_gmt":"2020-04-21T04:17:19","guid":{"rendered":"https:\/\/www.e2b-consulting.com\/?post_type=product&#038;p=2303"},"modified":"2025-03-07T00:01:41","modified_gmt":"2025-03-06T23:01:41","slug":"formation-marketing-digital-tunisie","status":"publish","type":"product","link":"https:\/\/www.e2b-consulting.com\/en\/formations\/langues\/francais\/formation-marketing-digital-tunisie\/","title":{"rendered":"Formation: Les fondamentaux du Marketing Digital"},"content":{"rendered":"<p>Les fondamentaux du Marketing Digital est une formation certifiante et aussi elle est disponible en ligne et en pr\u00e9sentiel.\u00a0<span style=\"font-weight: 400;\">En fait, il existe aujourd\u2019hui beaucoup de leviers digital marketing et il peut \u00eatre difficile de savoir quoi choisir, <\/span><span style=\"font-weight: 400;\">et comment.\u00a0<\/span><\/p>\n<p><span style=\"font-weight: 400;\">Ainsi, en tant que professionnel vous \u00eates amen\u00e9 \u00e0 savoir utiliser les bons axes du Digital Marketing <\/span><span style=\"font-weight: 400;\">et aussi s&rsquo;organiser pour am\u00e9liorer ses performances.<\/span><\/p>\n<p><span style=\"font-weight: 400;\">Ainsi, cette formation vous permettra de comprendre l\u2019ensemble des leviers digital marketing <\/span>et ainsi de pouvoir choisir lesquels actionner pour atteindre votre objectif, le tout en ma\u00eetrisant son budget.<\/p>\n<h2>Objectifs de la formation les fondamentaux du Marketing Digital:<\/h2>\n<ul>\n<li>Assimilate the particularities of digital marketing<\/li>\n<li>Connaitre les particularit\u00e9s de chaque axe de communication digital<\/li>\n<li>Know the latest trends in terms of digital marketing<\/li>\n<li>Savoir \u00e9valuer l&rsquo;int\u00e9r\u00eat de l&rsquo;utilisation d&rsquo;un axe plut\u00f4t qu&rsquo;un autre<\/li>\n<li>Savoir Mesurer les r\u00e9sultats de ses actions digitales<\/li>\n<\/ul>\n<p>&nbsp;<\/p>\n<h2>Programme de la formation:<\/h2>\n<h3>1- Introduction:<\/h3>\n<ul>\n<li>Pr\u00e9sentation<\/li>\n<li>Avantages du digital marketing<\/li>\n<\/ul>\n<p>&nbsp;<\/p>\n<h4>2- Analytics et calcul des ROI :<\/h4>\n<ul>\n<li>Fixation des objectifs mesurables<\/li>\n<li>D\u00e9finir les indicateurs de r\u00e9seaux<\/li>\n<\/ul>\n<p>&nbsp;<\/p>\n<h4>3- Commencer par un site web:<\/h4>\n<ul>\n<li>Qu\u2019est ce qui rend un site web efficace<\/li>\n<li>R\u00e8gles de d\u00e9veloppement et design<\/li>\n<li>Donn\u00e9es de mesure et d&rsquo;analyse de performance d\u2019un site web<\/li>\n<\/ul>\n<p>&nbsp;<\/p>\n<h4>4- Le Search et le Display Marketing:<\/h4>\n<ul>\n<li>Le search Marketing : les atouts pour la prospection digitale<\/li>\n<li>Comment \u00eatre visible sur les moteurs de recherche : SEO + SEA<\/li>\n<li>Le Display Marketing : les avantages pour la prospection digitale<\/li>\n<\/ul>\n<p>&nbsp;<\/p>\n<h4>5- Social Media Marketing:<\/h4>\n<p>Ainsi le marketing sur les r\u00e9seaux sociaux<\/p>\n<ul>\n<li>Pourquoi le contenu est roi ? :<\/li>\n<li>Elaborer un plan d\u2019action digital<\/li>\n<li>Le marketing sur Facebook et Instagram<\/li>\n<li>Le marketing sur LinkedIn \u2026<\/li>\n<li>Le vid\u00e9o Marketing : impact des vid\u00e9os dans la publicit\u00e9<\/li>\n<li>Aper\u00e7u sur le m\u00e9tier du Community Manager<\/li>\n<\/ul>\n<p>&nbsp;<\/p>\n<h4>6- E-mail Marketing :<\/h4>\n<ul>\n<li>Comprendre l\u2019e-mail marketing<\/li>\n<li>Cr\u00e9er un e-mail marketing plan<\/li>\n<li>Les outils pour le lancement d\u2019une campagne d\u2019e-mailing r\u00e9ussie<\/li>\n<li>Les mesures de performance d\u2019une campagne d\u2019e-mailing<\/li>\n<\/ul>\n<p>&nbsp;<\/p>\n<h4>7- Content Marketing : le Marketing de Contenu<\/h4>\n<ul>\n<li>C\u2019est quoi le marketing de contenu ?<\/li>\n<li>Cr\u00e9er un mod\u00e8le de planification de contenu<\/li>\n<li>Cr\u00e9er un blog: 7 avantages et Mobile Marketing<\/li>\n<li>C\u2019est quoi le mobile marketing ?<\/li>\n<li>Objectif: pourquoi l\u2019utiliser ?<\/li>\n<\/ul>\n<p>&nbsp;<\/p>\n<h4>8- Mise en place d&rsquo;un budget digital marketing :<\/h4>\n<ul>\n<li>Calculer <a href=\"https:\/\/www.e2b-consulting.com\/en\/webinar-comment-calculer-budget-digital-marketing\/\">un budget digital Marketing<\/a><\/li>\n<li>Calcul des ench\u00e8res<\/li>\n<\/ul>\n<p>&nbsp;<\/p>\n<h4>9- E-mail Marketing :<\/h4>\n<ul>\n<li>Comprendre l\u2019e-mail marketing<\/li>\n<li>Cr\u00e9er un e-mail marketing plan<\/li>\n<li>Les outils pour le lancement d\u2019une campagne d\u2019e-mailing r\u00e9ussie<\/li>\n<li>Les mesures de performance d\u2019une campagne d\u2019e-mailing<\/li>\n<li>Augmenter la conversion<\/li>\n<\/ul>\n<p>&nbsp;<\/p>\n<h4>10- Content Marketing : le Marketing de Contenu<\/h4>\n<ul>\n<li>C\u2019est quoi le marketing de contenu ?<\/li>\n<li>Cr\u00e9er un mod\u00e8le de planification de contenu<\/li>\n<li>Cr\u00e9er un blog: avantages<\/li>\n<\/ul>\n<p>&nbsp;<\/p>\n<h4>11- Mobile Marketing:<\/h4>\n<ul>\n<li>C\u2019est quoi le mobile marketing ?<\/li>\n<li>Objectif: pourquoi l\u2019utiliser ?<\/li>\n<li>Comment l\u2019utiliser<\/li>\n<\/ul>\n<p>&nbsp;<\/p>\n<h4>12- Mise en place d&rsquo;un budget digital marketing:<\/h4>\n<ul>\n<li>Calculer un budget digital Marketing<\/li>\n<li>Calcul des ench\u00e8res<\/li>\n<\/ul>\n<p>&nbsp;<\/p>\n<p>&nbsp;<\/p>\n<p>D\u2019ailleurs, l\u2019ach\u00e8vement de\u00a0<a href=\"https:\/\/www.e2b-consulting.com\/en\/formations\/\">la formation<\/a> les fondamentaux du Marketing Digital<\/p>\n<p>est accompagn\u00e9e<strong>\u00a0d\u2019un certificat de participation.<\/strong><\/p>\n<p>Ainsi La formation les fondamentaux du Marketing Digital est faite pour vous.<\/p>\n<p>Consultez le CV du formateur sur <a href=\"https:\/\/www.linkedin.com\/in\/kais-khenine-digital-marketing-facebook-e-commerce-formation-tunisie\/\">Linkedin<\/a><\/p>\n<p><script type=\"application\/ld+json\">\n    {\n      \"@context\": \"https:\/\/schema.org\",\n      \"@type\": \"Course\",\n      \"name\": \"les fondamentaux du marketing digital\",\n      \"description\": \"Ce cours vous permettra de ma\u00eetriser les fondamentaux du marketing num\u00e9rique. Concevoir et piloter une strat\u00e9gie marketing digital performante.\",\n      \"provider\": {\n        \"@type\": \"Organization\",\n        \"name\": \"E2b consulting and training\",\n        \"sameAs\": \"https:\/\/www.e2b-consulting.com\/\"\n      }\n    }\n    <\/script><\/p>","protected":false},"excerpt":{"rendered":"<p><span style=\"font-weight: 400;\">Ancr\u00e9 dans la pratique, Mettre en place une strat\u00e9gie Marketing, commence par adopter une d\u00e9marche digitale B2B et B2C au moyen d\u2019outils marketing afin de d\u00e9velopper et am\u00e9liorer les performances de votre activit\u00e9 gr\u00e2ce \u00e0 diverses m\u00e9thodologies pratique tel que : r\u00e9f\u00e9rencement, mailing, achat de mots-cl\u00e9s, banni\u00e8res, m\u00e9dias sociaux, cr\u00e9ation du contenu, community management.\u00a0<\/span><\/p>\n<p><strong>Certification training<\/strong><\/p>\n<p><strong>Dur\u00e9e:<\/strong> <strong>12 heures<\/strong><\/p>\n<p><strong>Examen final<\/strong><\/p>\n<p><strong>Choisissez la solution la plus adapt\u00e9e \u00e0 votre situation:\u00a0<\/strong>Horaires\/ m\u00e9thode (en ligne &amp; en salle)<\/p>\n<p><strong>Enregistrement de la formation \u00e0 la demande<\/strong><\/p>\n<p>&nbsp;<\/p>\n<p><strong>Si vous souhaitez avoir des informations sur n\u2019importe quels services:<\/strong><\/p>\n<ul>\n<li aria-level=\"1\">Vous pouvez \u00e9galement nous contacter par t\u00e9l\u00e9phone : <span style=\"font-weight: 400;\"><strong>(+216) 36 361 552<\/strong><br \/>\n<strong>(+216) 21 233 192<\/strong><\/span><\/li>\n<li aria-level=\"1\">Ou n\u2019h\u00e9sitez pas \u00e0 remplir le formulaire :\u00a0<strong><a href=\"https:\/\/www.e2b-consulting.com\/en\/agence-growth-hacking-contactez-nous\/\">CONTACTEZ-NOUS.<\/a><\/strong><\/li>\n<\/ul>","protected":false},"featured_media":7657,"template":"","meta":[],"product_cat":[62,57,65,51],"product_tag":[],"class_list":{"0":"post-2303","1":"product","2":"type-product","3":"status-publish","4":"has-post-thumbnail","6":"product_cat-francais","7":"product_cat-kais-khnine","8":"product_cat-type","9":"product_cat-marketing","11":"first","12":"instock","13":"virtual","14":"product-type-simple"},"aioseo_notices":[],"_links":{"self":[{"href":"https:\/\/www.e2b-consulting.com\/en\/wp-json\/wp\/v2\/product\/2303"}],"collection":[{"href":"https:\/\/www.e2b-consulting.com\/en\/wp-json\/wp\/v2\/product"}],"about":[{"href":"https:\/\/www.e2b-consulting.com\/en\/wp-json\/wp\/v2\/types\/product"}],"wp:featuredmedia":[{"embeddable":true,"href":"https:\/\/www.e2b-consulting.com\/en\/wp-json\/wp\/v2\/media\/7657"}],"wp:attachment":[{"href":"https:\/\/www.e2b-consulting.com\/en\/wp-json\/wp\/v2\/media?parent=2303"}],"wp:term":[{"taxonomy":"product_cat","embeddable":true,"href":"https:\/\/www.e2b-consulting.com\/en\/wp-json\/wp\/v2\/product_cat?post=2303"},{"taxonomy":"product_tag","embeddable":true,"href":"https:\/\/www.e2b-consulting.com\/en\/wp-json\/wp\/v2\/product_tag?post=2303"}],"curies":[{"name":"wp","href":"https:\/\/api.w.org\/{rel}","templated":true}]}}