{"id":2304,"date":"2020-04-21T06:17:56","date_gmt":"2020-04-21T04:17:56","guid":{"rendered":"https:\/\/www.e2b-consulting.com\/?post_type=product&#038;p=2304"},"modified":"2025-03-07T00:00:52","modified_gmt":"2025-03-06T23:00:52","slug":"formation-maitriser-la-sponsorisation-sur-linkedin","status":"publish","type":"product","link":"https:\/\/www.e2b-consulting.com\/en\/formations\/langues\/francais\/formation-maitriser-la-sponsorisation-sur-linkedin\/","title":{"rendered":"Formation : Ma\u00eetriser la sponsorisation sur Linkedin Ads"},"content":{"rendered":"<p>D&rsquo;abord, La formation Ma\u00eetriser la sponsorisation sur Linkedin est faite pour vous.<\/p>\n<p><span style=\"font-weight: 400;\">En effet, le d\u00e9ploiement <a href=\"https:\/\/business.linkedin.com\/fr-fr\/marketing-solutions\/ads?src=go-pa&amp;trk=sem-ga_campid=9521951905_asid=105383567973_crid=453231066132_kw=campagnes%20linkedin_d=c_tid=kwd-354314818247_n=g_mt=e_geo=1012760_slid=&amp;mcid=6842130579375308911&amp;cid=&amp;gclid=Cj0KCQjw8O-VBhCpARIsACMvVLOOZfmmwwtChCuPR1TeFKsmxorDAvLqqV9q5fD4wwPfdTpPChCNpJkaAkeeEALw_wcB&amp;gclsrc=aw.ds\">de campagnes publicitaires<\/a> sur LinkedIn permet \u00e0 votre marque de toucher <\/span><span style=\"font-weight: 400;\">un public professionnel influent.\u00a0<\/span><\/p>\n<p><span style=\"font-weight: 400;\">D\u2019ailleurs, dans cette formation, vous apprendrez \u00e0 d\u00e9velopper une pr\u00e9sence forte et \u00e0 optimiser votre profil sur LinkedIn en premier lieu.\u00a0<\/span><span style=\"font-weight: 400;\">Puis, \u00e9tablissez des campagnes cibl\u00e9es pour acqu\u00e9rir des leads, g\u00e9n\u00e9rer du Trafic cibl\u00e9 en deuxi\u00e8me lieu .<\/span><\/p>\n<p><span style=\"font-weight: 400;\">G\u00e9n\u00e9ralement, au terme de cette formation, vous pourrez d\u00e9velopper une strat\u00e9gie de social selling sur LinkedIn.\u00a0<\/span><\/p>\n<p><span style=\"font-weight: 400;\">En fait, vous trouverez des informations sur les diff\u00e9rents formats publicitaires disponibles <\/span><span style=\"font-weight: 400;\">ainsi qu&rsquo; un guide d\u00e9taill\u00e9 <\/span><\/p>\n<p><span style=\"font-weight: 400;\">sur la mani\u00e8re de faire de la publicit\u00e9 sur LinkedIn ainsi qu\u2019un condens\u00e9 des bonnes pratiques \u00e0 adopter.<\/span><\/p>\n<p>&nbsp;<\/p>\n<h2>Ma\u00eetriser la sponsorisation sur LinkedIn Ads :<\/h2>\n<p>En outre, tout savoir sur la publicit\u00e9 LinkedIn.<\/p>\n<h2>Le programme de la formation Ma\u00eetriser la sponsorisation sur Linkedin:<\/h2>\n<h3>1- LinkedIn Ads : le principe<\/h3>\n<ul>\n<li>Pr\u00e9sentation du Linkedin<\/li>\n<li>Avantages par rapport \u00e0 Facebook<\/li>\n<li>statistiques<\/li>\n<\/ul>\n<p>&nbsp;<\/p>\n<h3>2- Quelle publicit\u00e9 LinkedIn Ads pour quel objectif ?<\/h3>\n<ul>\n<li>notori\u00e9t\u00e9 de la marque :<\/li>\n<li>visites du site web :<\/li>\n<li>engagement :<\/li>\n<li>vues de vid\u00e9os :<\/li>\n<li>conversions sur le site web :<\/li>\n<li>g\u00e9n\u00e9ration de prospects :<\/li>\n<li>candidats<\/li>\n<\/ul>\n<p>&nbsp;<\/p>\n<h3>3- LinkedIn Ads : sept formats publicitaires :<\/h3>\n<ul>\n<li>Sponsored Content<\/li>\n<li>Texte Ads<\/li>\n<li>Sponsored InMai<\/li>\n<li>Vid\u00e9o Ads<\/li>\n<li>Carrousel Ads<\/li>\n<li>Display Ads<\/li>\n<\/ul>\n<p>&nbsp;<\/p>\n<h3>4- LinkedIn Ads : un ciblage au laser<\/h3>\n<ul>\n<li>Gestion des ciblages<\/li>\n<li>Par soci\u00e9t\u00e9<\/li>\n<li>D\u00e9mographique<\/li>\n<li>secteur<\/li>\n<li>d\u00e9mographique<\/li>\n<li>int\u00e9r\u00eat<\/li>\n<\/ul>\n<p>&nbsp;<\/p>\n<h3>5- LinkedIn Ads : la tarification<\/h3>\n<ul>\n<li>Comprendre les diff\u00e9rents strat\u00e9gies d&rsquo;ench\u00e8res<\/li>\n<\/ul>\n<p>&nbsp;<\/p>\n<h3>6- Analyse statistiques\u00a0 des campagnes Linkedin Ads<\/h3>\n<ul>\n<li>Analyse des campagnes r\u00e9alis\u00e9s<\/li>\n<\/ul>\n<p>&nbsp;<\/p>\n<p>D&rsquo;ailleurs, l&rsquo;ach\u00e8vement de <a href=\"https:\/\/www.e2b-consulting.com\/en\/formations\/\">la formation<\/a> Ma\u00eetriser la sponsorisation sur Linkedin est accompagn\u00e9e<strong> d&rsquo;un certificat de participation.<\/strong><\/p>\n<p>&nbsp;<\/p>","protected":false},"excerpt":{"rendered":"<p><span style=\"font-weight: 400;\">Cette formation vous permet de r\u00e9ussir vos campagnes publicitaires sur le r\u00e9seau social des professionnels est un imp\u00e9ratif, surtout si votre cible est B2B. La d\u00e9marche et la strat\u00e9gie n&rsquo;est pas du tout les m\u00eames que sur FB ou Instagram. Les objectifs d\u2019une formation Linkedin Ads est de conna\u00eetre les axes strat\u00e9giques, d\u00e9finir une strat\u00e9gie de contenu appropri\u00e9e, cibler ad\u00e9quatement votre population, le budget et les KPI.<\/span><\/p>\n<p><strong>Certification training<\/strong><\/p>\n<p><strong>Dur\u00e9e: 10 heures<\/strong><\/p>\n<p><strong>Choisissez la solution la plus adapt\u00e9e \u00e0 votre situation: <\/strong>Horaires\/ m\u00e9thode (en ligne &amp; en salle)<\/p>\n<p><strong>Examen final<\/strong><\/p>\n<p><strong>Enregistrement de la formation \u00e0 la demande<\/strong><\/p>\n<p>&nbsp;<\/p>\n<p><strong>Si vous souhaitez avoir des informations sur n\u2019importe quels services:\u00a0<\/strong><\/p>\n<ul>\n<li style=\"font-weight: 400;\" aria-level=\"1\"><span style=\"font-weight: 400;\">Vous pouvez \u00e9galement nous contacter par t\u00e9l\u00e9phone : <strong>(+216) 36 361 552<\/strong><br \/>\n<strong>(+216) 21 233 192<\/strong><\/span><\/li>\n<li style=\"font-weight: 400;\" aria-level=\"1\">Ou n&rsquo;h\u00e9sitez pas \u00e0 remplir le formulaire : <a href=\"https:\/\/www.e2b-consulting.com\/en\/agence-growth-hacking-contactez-nous\/\"><strong>CONTACTEZ-NOUS.<\/strong><\/a><\/li>\n<\/ul>","protected":false},"featured_media":7656,"template":"","meta":[],"product_cat":[62,57,51],"product_tag":[],"class_list":{"0":"post-2304","1":"product","2":"type-product","3":"status-publish","4":"has-post-thumbnail","6":"product_cat-francais","7":"product_cat-kais-khnine","8":"product_cat-marketing","10":"first","11":"instock","12":"virtual","13":"purchasable","14":"product-type-simple"},"aioseo_notices":[],"_links":{"self":[{"href":"https:\/\/www.e2b-consulting.com\/en\/wp-json\/wp\/v2\/product\/2304"}],"collection":[{"href":"https:\/\/www.e2b-consulting.com\/en\/wp-json\/wp\/v2\/product"}],"about":[{"href":"https:\/\/www.e2b-consulting.com\/en\/wp-json\/wp\/v2\/types\/product"}],"wp:featuredmedia":[{"embeddable":true,"href":"https:\/\/www.e2b-consulting.com\/en\/wp-json\/wp\/v2\/media\/7656"}],"wp:attachment":[{"href":"https:\/\/www.e2b-consulting.com\/en\/wp-json\/wp\/v2\/media?parent=2304"}],"wp:term":[{"taxonomy":"product_cat","embeddable":true,"href":"https:\/\/www.e2b-consulting.com\/en\/wp-json\/wp\/v2\/product_cat?post=2304"},{"taxonomy":"product_tag","embeddable":true,"href":"https:\/\/www.e2b-consulting.com\/en\/wp-json\/wp\/v2\/product_tag?post=2304"}],"curies":[{"name":"wp","href":"https:\/\/api.w.org\/{rel}","templated":true}]}}