{"id":2305,"date":"2020-04-21T06:19:05","date_gmt":"2020-04-21T04:19:05","guid":{"rendered":"https:\/\/www.e2b-consulting.com\/?post_type=product&#038;p=2305"},"modified":"2025-12-03T13:26:29","modified_gmt":"2025-12-03T12:26:29","slug":"formation-e-commerce","status":"publish","type":"product","link":"https:\/\/www.e2b-consulting.com\/en\/formations\/langues\/francais\/formation-e-commerce\/","title":{"rendered":"Formation: E-commerce"},"content":{"rendered":"<div class=\"elementor-element elementor-element-4f36877 aleft elementor-widget-image-box rt-image-box elementor-widget elementor-widget-rt-info-box\" data-id=\"4f36877\" data-element_type=\"widget\" data-widget_type=\"rt-info-box.default\">\n<div class=\"elementor-widget-container\">\n<div class=\"rt-infobox\">\n<div class=\"rt-infobox_wrapper rt-layout-left\">\n<div class=\"content_wrapper\">\n<div class=\"rt-infobox-title_wrapper\">\n<h3 class=\"rt-infobox_title\"><span class=\"rt-infobox_title-idle\">Des formateurs experts<\/span><\/h3>\n<\/div>\n<div class=\"rt-infobox_content\">\n<p>Nos formateurs et consultants sont des experts reconnus dans leur domaine. Riches de savoirs et d\u2019exp\u00e9riences, p\u00e9dagogues exp\u00e9riment\u00e9s, ils savent \u00eatre \u00e0 l\u2019\u00e9coute des participants pour assurer une prestation de qualit\u00e9.<\/p>\n<\/div>\n<\/div>\n<\/div>\n<\/div>\n<\/div>\n<\/div>\n<div class=\"elementor-element elementor-element-759efdff aleft elementor-widget-image-box rt-image-box elementor-widget elementor-widget-rt-info-box\" data-id=\"759efdff\" data-element_type=\"widget\" data-widget_type=\"rt-info-box.default\">\n<div class=\"elementor-widget-container\">\n<div class=\"rt-infobox\">\n<div class=\"rt-infobox_wrapper rt-layout-left\">\n<div class=\"media-wrapper img-wrapper\"><\/div>\n<div class=\"content_wrapper\">\n<div class=\"rt-infobox-title_wrapper\">\n<h3 class=\"rt-infobox_title\"><span class=\"rt-infobox_title-idle\">35H \/ 7 Modules<\/span><\/h3>\n<\/div>\n<div class=\"rt-infobox_content\">\n<p>Un format d\u2019apprentissage hybride. Tous nos modules de formation int\u00e8grent des exercices en ligne pour que vous puissiez mettre en \u0153uvre les concepts d\u00e9velopp\u00e9s dans le cours.<\/p>\n<\/div>\n<\/div>\n<\/div>\n<\/div>\n<\/div>\n<\/div>\n<div class=\"elementor-element elementor-element-1daee85a aleft elementor-widget-image-box rt-image-box elementor-widget elementor-widget-rt-info-box\" data-id=\"1daee85a\" data-element_type=\"widget\" data-widget_type=\"rt-info-box.default\">\n<div class=\"elementor-widget-container\">\n<div class=\"rt-infobox\">\n<div class=\"rt-infobox_wrapper rt-layout-left\">\n<div class=\"media-wrapper img-wrapper\"><\/div>\n<div class=\"content_wrapper\">\n<div class=\"rt-infobox-title_wrapper\">\n<h3 class=\"rt-infobox_title\"><span class=\"rt-infobox_title-idle\">Lifetime Access<\/span><\/h3>\n<\/div>\n<div class=\"rt-infobox_content\">\n<p>Est d\u00e9sormais disponible pour tous les utilisateurs pour les programmes individuels, les packs multiples, les cours ainsi que les biblioth\u00e8ques d&rsquo;exercices et de vid\u00e9os.<\/p>\n<\/div>\n<\/div>\n<\/div>\n<\/div>\n<\/div>\n<\/div>\n<h2>Objectifs de la formation :<\/h2>\n<p>Notre programme de formation \u201c<strong>Chef de Projet E-commerce<\/strong>\u201d est con\u00e7u pour vous pr\u00e9parer \u00e0 devenir un leader accompli dans le domaine du commerce \u00e9lectronique. Ce programme complet couvre tous les aspects essentiels du commerce en ligne, du d\u00e9veloppement de la strat\u00e9gie \u00e0 la gestion des op\u00e9rations en passant par la cr\u00e9ation d\u2019une exp\u00e9rience client exceptionnelle. Au fil de la formation, vous explorerez les principes fondamentaux du commerce \u00e9lectronique, y compris la s\u00e9lection de produits, la conception de sites web conviviaux, la gestion de la logistique, la mise en place de strat\u00e9gies de marketing num\u00e9rique efficaces, et la gestion des ventes en ligne. Vous aurez \u00e9galement l\u2019occasion de travailler sur des projets concrets, d\u2019analyser des \u00e9tudes de cas r\u00e9elles et de collaborer avec des experts du secteur pour acqu\u00e9rir une exp\u00e9rience pratique inestimable. Que vous soyez un novice d\u00e9sireux de p\u00e9n\u00e9trer le monde du commerce \u00e9lectronique ou un professionnel exp\u00e9riment\u00e9 cherchant \u00e0 affiner ses comp\u00e9tences, notre programme vous fournira les connaissances et l\u2019expertise n\u00e9cessaires pour exceller dans le domaine passionnant et en constante \u00e9volution du commerce en ligne.\u00a0<strong>Ce que vous apprendrez :<\/strong><\/p>\n<h2><span style=\"color: #000000;\">Programme du Bootcamp: Lancez votre projet e-commerce:<\/span><\/h2>\n<h3><span style=\"color: #000000;\"><a class=\"elementor-accordion-title\" style=\"color: #000000;\" tabindex=\"0\">Module 1: Cadre l\u00e9gal du e-commerce<\/a>\u00a0<\/span><\/h3>\n<ul>\n<li>Lois du e-commerce en Tunisie<\/li>\n<li>R\u00e9glementation du e-commerce en Tunisie<\/li>\n<li>Cadre l\u00e9gal pour exercer l\u00e9galement\u00a0: lancer sa soci\u00e9t\u00e9 Sarl, SURAL, Soci\u00e9t\u00e9 de personnes, ou Auto entrepreneur<\/li>\n<\/ul>\n<h3><span style=\"color: #000000;\"><a class=\"elementor-accordion-title\" style=\"color: #000000;\" tabindex=\"0\">Module 2: Les strat\u00e9gies du e-commerce<\/a>\u00a0<\/span><\/h3>\n<ul>\n<li>Le e-commerce B2B<\/li>\n<li>Le e-commerce C2C<\/li>\n<li>Le e-commerce B2C<\/li>\n<li>Le dropshipping<\/li>\n<li>Avantages et inconv\u00e9nients de chaque strat\u00e9gie<\/li>\n<\/ul>\n<h3><span style=\"color: #000000;\"> <a class=\"elementor-accordion-title\" style=\"color: #000000;\" tabindex=\"0\">Module 3 : Trouver le produit gagnant\u00a0<\/a><\/span><\/h3>\n<ul>\n<li>Spy tools Minea<\/li>\n<li>Alibaba.com<\/li>\n<li>Shipper en Tunisie<\/li>\n<li>Les march\u00e9s publics<\/li>\n<li>Quel produit choisir pour le e-commerce<\/li>\n<\/ul>\n<h3><span style=\"color: #000000;\"><a class=\"elementor-accordion-title\" style=\"color: #000000;\" tabindex=\"0\">Module 4 : D\u00e9velopper sa plateforme technologique ( site web )<\/a><\/span><\/h3>\n<ul>\n<li>Les pr\u00e9rogatives techniques (nom de domaine, serveur )<\/li>\n<li>Les types de plateformes technologiques ( CMS, Site pr\u00e9configur\u00e9s, et d\u00e9veloppement sp\u00e9cifique)<\/li>\n<li>Atelier : cr\u00e9ation d\u2019un premier site web<\/li>\n<\/ul>\n<h3><span style=\"color: #000000;\"><a class=\"elementor-accordion-title\" style=\"color: #000000;\" tabindex=\"0\">Module 5 : Comprendre les moyens de paiement<\/a><\/span><\/h3>\n<ul>\n<li>Le COD<\/li>\n<li>Les kits de paiement Tunisie mon\u00e9tique<\/li>\n<li>Les solutions de paiement Konnect ou Flouci<\/li>\n<\/ul>\n<h3><span style=\"color: #000000;\"><a class=\"elementor-accordion-title\" style=\"color: #000000;\" tabindex=\"0\">Module 6 : Le transport et livraison<\/a><\/span><\/h3>\n<ul>\n<li>Pr\u00e9sentation des diff\u00e9rentes soci\u00e9t\u00e9s de livraison<\/li>\n<li>Les points relais<\/li>\n<li>Quand est ce que proposer votre propre livreur<\/li>\n<\/ul>\n<h3><span style=\"color: #000000;\"><a class=\"elementor-accordion-title\" style=\"color: #000000;\" tabindex=\"0\">Module 7 : <\/a><a class=\"elementor-accordion-title\" tabindex=\"0\">\u00a0<span style=\"color: #000000;\">Capter le contenu ( texte, photo et vid\u00e9o)<\/span><\/a><\/span><\/h3>\n<ul>\n<li>Importance du contenu<\/li>\n<li>La fiche technique et la fiche commercial<\/li>\n<li>\u00c9crire un contenu conforme au seo<\/li>\n<li>Google keywordplanner<\/li>\n<li>\u00c9crire avec l\u2019IA<\/li>\n<li>Comprendre comment Google choisit le bon contenu<\/li>\n<li>Capture les photos<\/li>\n<li>Capturer la vid\u00e9o et cr\u00e9ation de vid\u00e9o avec cap Cut<\/li>\n<\/ul>\n<h3><span style=\"color: #000000;\"><a class=\"elementor-accordion-title\" style=\"color: #000000;\" tabindex=\"0\">Module 8: <\/a><a class=\"elementor-accordion-title\" tabindex=\"0\"><span style=\"color: #000000;\"> Promotion des produits ( digital marketing)<\/span><br \/>\n<\/a><\/span><\/h3>\n<ul>\n<li>Comprendre le concept de tunnel<\/li>\n<li>\u00a0Batir son brand<\/li>\n<li>Comprendre le personna<\/li>\n<li>Google keywordplanner<\/li>\n<li>Comprendre les indicateurs du digital marketing<\/li>\n<\/ul>\n<h3><span style=\"color: #000000;\"><a class=\"elementor-accordion-title\" style=\"color: #000000;\" tabindex=\"0\">Module 9: Param\u00e9trage du compte Meta<\/a><a class=\"elementor-accordion-title\" tabindex=\"0\"><br \/>\n<\/a><\/span><\/h3>\n<ul>\n<li>Param\u00e9trage du portefeuille Meta<\/li>\n<li>Param\u00e9trage du compte publicitaire meta<\/li>\n<\/ul>\n<h3><span style=\"color: #000000;\"><a class=\"elementor-accordion-title\" style=\"color: #000000;\" tabindex=\"0\">Module 10 : Lancement des campagnes publicitaires sur Meta<\/a><a class=\"elementor-accordion-title\" tabindex=\"0\"><br \/>\n<\/a><\/span><\/h3>\n<ul>\n<li>Lancement des campagnes<\/li>\n<li>Param\u00e9trage des audiences<\/li>\n<li>Param\u00e9trage des ench\u00e8res<\/li>\n<li>Param\u00e9trage du placement<\/li>\n<li>Param\u00e9trage du contenu<\/li>\n<li>Campagne interaction, Traffic, notori\u00e9t\u00e9<\/li>\n<\/ul>\n<h3><span style=\"color: #000000;\"><a class=\"elementor-accordion-title\" style=\"color: #000000;\" tabindex=\"0\">Module 11 : Param\u00e9trage du pixel et de l\u2019API de conversion\u00a0<\/a><a class=\"elementor-accordion-title\" tabindex=\"0\"><br \/>\n<\/a><\/span><\/h3>\n<ul>\n<li>Comprendre le fonctionnement du pixel<\/li>\n<li>Installer le code de base<\/li>\n<li>\u00a0Examen de validation des comp\u00e9tences<\/li>\n<li>Utiliser l\u2019outil de configuration des \u00e9v\u00e8nements<\/li>\n<\/ul>\n<h3><span style=\"color: #000000;\"><a class=\"elementor-accordion-title\" style=\"color: #000000;\" tabindex=\"0\">Module 12 : Lancement des campagnes conversion<\/a><a class=\"elementor-accordion-title\" tabindex=\"0\"><br \/>\n<\/a><\/span><\/h3>\n<ul>\n<li>Lancement des campagnes ventes<\/li>\n<li>Cr\u00e9ation des audiences personnalis\u00e9s<\/li>\n<li>Cr\u00e9ation des audiences similaires<\/li>\n<li>Lancement des campagnes de remarketing<\/li>\n<li>Param\u00e9trage\u00a0 de catalogue<\/li>\n<li>Lancement des campagnes de catalogue<\/li>\n<li>Analyse des campagnes<\/li>\n<\/ul>\n<h3><span style=\"color: #000000;\"><a class=\"elementor-accordion-title\" style=\"color: #000000;\" tabindex=\"0\">Module 13 : Confirmation de la commande et Gestion de retour de marchandises <\/a><a class=\"elementor-accordion-title\" tabindex=\"0\"><br \/>\n<\/a><\/span><\/h3>\n<ul>\n<li>\u00a0Recevoir sa 1 \u00e8re commande<\/li>\n<li>Confirmation<\/li>\n<li>Gestion des retours<\/li>\n<li>Programme de fid\u00e9lisation<\/li>\n<li>Le client est roi, vive le roi<\/li>\n<li>Assurer la qualit\u00e9 de service de son processus e-commerce<\/li>\n<\/ul>\n<p><a class=\"elementor-accordion-title\" style=\"color: #000000;\" tabindex=\"0\">Module 14: Confirmation de la commande et Gestion de retour de marchandises<\/a><\/p>\n<ul>\n<li>\u00c9laboration d\u2019un plan\u00a0 pr\u00e9visionnel du chiffre d\u2019affaires<\/li>\n<li>\u00c9laboration d\u2019un plan pr\u00e9visionnel des charges<\/li>\n<li>Retour sur investissement<\/li>\n<\/ul>\n<p>Consultez notre classement des<a href=\"https:\/\/www.e2b-consulting.com\/en\/sites-e-commerce-tunisie-mars-2025\/\"> sites web e-commerce le plus visit\u00e9s en Tunisie\u00a0<\/a><\/p>","protected":false},"excerpt":{"rendered":"<p><span style=\"font-weight: 400;\">Valider votre notori\u00e9t\u00e9 en local et viser les march\u00e9s \u00e9trangers. Pour s\u2019ouvrir \u00e0 l&rsquo;international et faire face \u00e0 la concurrence, le digital est devenu un canal de prospection et de vente des plus incontournables. Apprenez avec cette formation compl\u00e8te comment utiliser, exploiter, les outils et les canaux de communication digitale afin d&rsquo;exprimer votre pr\u00e9sence et interagir au mieux avec votre nouvelle communaut\u00e9 de <\/span><span style=\"font-weight: 400;\">consommateurs.<\/span><\/p>\n<p><strong>Certification training<\/strong><\/p>\n<p><strong>Dur\u00e9e:<\/strong> <strong>21 heures<\/strong><\/p>\n<p><strong>Choisissez la solution la plus adapt\u00e9e \u00e0 votre situation: Horaires\/ m\u00e9thode <\/strong>(en ligne &amp; en salle)<\/p>\n<p><strong>Examen final<\/strong><\/p>\n<p><strong>Enregistrement de la formation \u00e0 la demande<\/strong><\/p>\n<p>&nbsp;<\/p>\n<p><span style=\"font-weight: 400;\"><strong>Si vous souhaitez avoir des informations sur n\u2019importe quels services:<\/strong>\u00a0<\/span><\/p>\n<ul>\n<li style=\"font-weight: 400;\" aria-level=\"1\"><span style=\"font-weight: 400;\">Vous pouvez \u00e9galement nous contacter par t\u00e9l\u00e9phone : <strong>(+216) 36 361 552<\/strong><br \/>\n<strong>(+216) 21 233 192<\/strong><\/span><\/li>\n<li style=\"font-weight: 400;\" aria-level=\"1\">Ou n&rsquo;h\u00e9sitez pas \u00e0 remplir le formulaire : <strong><a href=\"https:\/\/www.e2b-consulting.com\/en\/agence-growth-hacking-contactez-nous\/\">CONTACTEZ-NOUS.<\/a><\/strong><\/li>\n<\/ul>","protected":false},"featured_media":7654,"template":"","meta":[],"product_cat":[62,57,52],"product_tag":[],"class_list":{"0":"post-2305","1":"product","2":"type-product","3":"status-publish","4":"has-post-thumbnail","6":"product_cat-francais","7":"product_cat-kais-khnine","8":"product_cat-e-commerce","10":"first","11":"instock","12":"shipping-taxable","13":"purchasable","14":"product-type-simple"},"aioseo_notices":[],"_links":{"self":[{"href":"https:\/\/www.e2b-consulting.com\/en\/wp-json\/wp\/v2\/product\/2305"}],"collection":[{"href":"https:\/\/www.e2b-consulting.com\/en\/wp-json\/wp\/v2\/product"}],"about":[{"href":"https:\/\/www.e2b-consulting.com\/en\/wp-json\/wp\/v2\/types\/product"}],"wp:featuredmedia":[{"embeddable":true,"href":"https:\/\/www.e2b-consulting.com\/en\/wp-json\/wp\/v2\/media\/7654"}],"wp:attachment":[{"href":"https:\/\/www.e2b-consulting.com\/en\/wp-json\/wp\/v2\/media?parent=2305"}],"wp:term":[{"taxonomy":"product_cat","embeddable":true,"href":"https:\/\/www.e2b-consulting.com\/en\/wp-json\/wp\/v2\/product_cat?post=2305"},{"taxonomy":"product_tag","embeddable":true,"href":"https:\/\/www.e2b-consulting.com\/en\/wp-json\/wp\/v2\/product_tag?post=2305"}],"curies":[{"name":"wp","href":"https:\/\/api.w.org\/{rel}","templated":true}]}}