{"id":2324,"date":"2020-04-22T12:31:08","date_gmt":"2020-04-22T10:31:08","guid":{"rendered":"https:\/\/www.e2b-consulting.com\/?post_type=product&#038;p=2324"},"modified":"2025-03-06T23:54:30","modified_gmt":"2025-03-06T22:54:30","slug":"formation-comment-calculer-un-budget-digital-marketing","status":"publish","type":"product","link":"https:\/\/www.e2b-consulting.com\/en\/formations\/langues\/francais\/formation-comment-calculer-un-budget-digital-marketing\/","title":{"rendered":"Formation: Comment calculer un budget digital marketing"},"content":{"rendered":"<p><span style=\"font-weight: 400;\">La formation comment calculer un budget digital marketing, vous permet d&rsquo;\u00e9tablir les recettes est indispensable.<\/span><\/p>\n<p><span style=\"font-weight: 400;\">En effet, celui qui veut aller loin m\u00e9nage sa monture!\u00a0<\/span><\/p>\n<p><span style=\"font-weight: 400;\">D\u2019ailleurs \u00eatre \u00e0 court de ressources en plein milieu d\u2019un projet constitue toujours une exp\u00e9rience d\u00e9sagr\u00e9able.\u00a0<\/span><\/p>\n<p><span style=\"font-weight: 400;\">Ainsi, apr\u00e8s la formulation du plan marketing, g\u00e9n\u00e9ralement, il est plus facile de estimer les ressources n\u00e9cessaires et que ce soit financier, humain ou mat\u00e9riel. Une strat\u00e9gie d\u00e9taill\u00e9e permet aussi de d\u00e9terminer les recettes escompt\u00e9es.<\/span><\/p>\n<p>&nbsp;<\/p>\n<p><span style=\"font-weight: 400;\">The<\/span><b> BM <\/b><span style=\"font-weight: 400;\">est la somme de tous les investissements que vous allez allouer au marketing pendant votre exercice comptable. G\u00e9n\u00e9ralement, on l&rsquo;exprime en % du chiffre d&rsquo;affaires, souvent on \u00e9nonce simplement un budget global.<\/span><\/p>\n<p>&nbsp;<\/p>\n<h2>L&rsquo;objectif de la formation du budget digital marketing:<\/h2>\n<ul>\n<li>\n<p class=\"blog-title\"><span id=\"hs_cos_wrapper_name\" class=\"hs_cos_wrapper hs_cos_wrapper_meta_field hs_cos_wrapper_type_text\" data-hs-cos-general-type=\"meta_field\" data-hs-cos-type=\"text\">Calculer un budget marketing id\u00e9al<\/span><\/p>\n<\/li>\n<li><strong><span style=\"font-weight: 400;\">Faire une strat\u00e9gie archa\u00efque du marketing<\/span><\/strong><\/li>\n<li><span style=\"font-weight: 400;\">R\u00e9aliser du <\/span><b>ROI<\/b><\/li>\n<li>D\u00e9velopper une approche rentable<\/li>\n<li>Fixer des objectifs a atteindre ainsi le taux de conversion, le taux le clic et l\u2019impression<\/li>\n<\/ul>\n<h2>Programme de la formation:<\/h2>\n<h3>1\/ Branting<\/h3>\n<h3>2\/ Content Marketing<\/h3>\n<h3>3\/ Email Marketing<\/h3>\n<h3>4\/ Marketing Automation<\/h3>\n<h3>5\/ Relations publiques (RP)<\/h3>\n<ul>\n<li><a href=\"https:\/\/www.e2b-consulting.com\/en\/comment-etre-en-premiere-position-sur-google\/\">Search Engine Optimization<\/a> ainsi SEO<\/li>\n<li><a href=\"https:\/\/bpifrance-creation.fr\/encyclopedie\/developper-lactivite-son-entreprise\/vendre-grace-au-digital\/referencement-payant-sea#:~:text=Le%20r\u00e9f\u00e9rencement%20payant%20ou%20SEA,des%20mots-cl\u00e9s%20choisis%20judicieusement.\">R\u00e9f\u00e9rencement payant<\/a> (Adwords)<\/li>\n<li>Social Media Marketing<\/li>\n<\/ul>\n<p>&nbsp;<\/p>\n<h4>6\/ Salons professionnels<\/h4>\n<h4>7\/ Webinars:<\/h4>\n<p>&nbsp;<\/p>\n<p>En revanche , cette <a href=\"https:\/\/www.e2b-consulting.com\/en\/formations\/\">in community<\/a> comment calculer un budget digital marketing est fait pour vous.<\/p>\n<p>En cons\u00e9quence, octroi <strong>des certificats de participation.<\/strong><\/p>\n<p>&nbsp;<\/p>","protected":false},"excerpt":{"rendered":"<p><span style=\"font-weight: 400;\">Cette formation est parfaite pour <\/span><span style=\"font-weight: 400;\">r\u00e9ussir<\/span> <span style=\"font-weight: 400;\">\u00e0<\/span><span style=\"font-weight: 400;\"> \u00e9laborer votre budget Marketing, votre strat\u00e9gie digitale et campagne marketing. Pour commencer, il faut donc savoir d\u00e9terminer vos objectifs, apprendre \u00e0 analyser vos besoins, les diff\u00e9rentes m\u00e9thodes d\u2019<\/span><span style=\"font-weight: 400;\">analyse<\/span><span style=\"font-weight: 400;\"> et formulation de plan marketing.<\/span><\/p>\n<p><strong>Certification training<\/strong><\/p>\n<p><strong>Dur\u00e9e : 7 heures\u00a0<\/strong><\/p>\n<p><strong>Choisissez la solution la plus adapt\u00e9e \u00e0 votre situation:\u00a0<\/strong>Horaire\/ m\u00e9thode (en ligne &amp; en salle)<\/p>\n<p><strong>Examen final<\/strong><\/p>\n<p><strong>Enregistrement de la formation \u00e0 la demande<\/strong><\/p>\n<p>&nbsp;<\/p>\n<header class=\"bt_bb_headline bt_bb_size_normal bt_bb_superheadline\" data-bt-override-class=\"{}\"><strong>Si vous souhaitez avoir des informations sur n\u2019importe quels services:\u00a0<\/strong><\/p>\n<ul>\n<li aria-level=\"1\">Vous pouvez \u00e9galement nous contacter par t\u00e9l\u00e9phone : <span style=\"font-weight: 400;\"><strong>(+216) 36 361 552<\/strong><br \/>\n<strong>(+216) 21 233 192<\/strong><\/span><\/li>\n<li aria-level=\"1\">Ou n\u2019h\u00e9sitez pas \u00e0 remplir le formulaire :\u00a0<strong><a href=\"https:\/\/www.e2b-consulting.com\/en\/agence-growth-hacking-contactez-nous\/\">CONTACTEZ-NOUS.<\/a><\/strong><\/li>\n<\/ul>\n<\/header>","protected":false},"featured_media":7651,"template":"","meta":[],"product_cat":[62,57,53],"product_tag":[],"class_list":{"0":"post-2324","1":"product","2":"type-product","3":"status-publish","4":"has-post-thumbnail","6":"product_cat-francais","7":"product_cat-kais-khnine","8":"product_cat-development","10":"first","11":"instock","12":"shipping-taxable","13":"product-type-simple"},"aioseo_notices":[],"_links":{"self":[{"href":"https:\/\/www.e2b-consulting.com\/en\/wp-json\/wp\/v2\/product\/2324"}],"collection":[{"href":"https:\/\/www.e2b-consulting.com\/en\/wp-json\/wp\/v2\/product"}],"about":[{"href":"https:\/\/www.e2b-consulting.com\/en\/wp-json\/wp\/v2\/types\/product"}],"wp:featuredmedia":[{"embeddable":true,"href":"https:\/\/www.e2b-consulting.com\/en\/wp-json\/wp\/v2\/media\/7651"}],"wp:attachment":[{"href":"https:\/\/www.e2b-consulting.com\/en\/wp-json\/wp\/v2\/media?parent=2324"}],"wp:term":[{"taxonomy":"product_cat","embeddable":true,"href":"https:\/\/www.e2b-consulting.com\/en\/wp-json\/wp\/v2\/product_cat?post=2324"},{"taxonomy":"product_tag","embeddable":true,"href":"https:\/\/www.e2b-consulting.com\/en\/wp-json\/wp\/v2\/product_tag?post=2324"}],"curies":[{"name":"wp","href":"https:\/\/api.w.org\/{rel}","templated":true}]}}