{"id":2641,"date":"2020-05-19T15:37:02","date_gmt":"2020-05-19T13:37:02","guid":{"rendered":"https:\/\/www.e2b-consulting.com\/?post_type=product&#038;p=2641"},"modified":"2025-03-06T23:48:58","modified_gmt":"2025-03-06T22:48:58","slug":"maitriser-la-publicite-sur-google-ads","status":"publish","type":"product","link":"https:\/\/www.e2b-consulting.com\/en\/formations\/type\/formation-en-linge\/maitriser-la-publicite-sur-google-ads\/","title":{"rendered":"Formation: Ma\u00eetriser la publicit\u00e9 sur Google Ads Nv1"},"content":{"rendered":"<h2><strong>Ma\u00eetriser la Publicit\u00e9 sur Google Ads<\/strong><\/h2>\n<p>Gr\u00e2ce \u00e0 Google Ads, vous pouvez mettre en avant les sp\u00e9cificit\u00e9s de votre entreprise afin de toucher les internautes recherchant vos produits ou services.<\/p>\n<p>Google AdWords vous permet de vous promouvoir et d&rsquo;am\u00e9liorer votre notori\u00e9t\u00e9. En effet, avec vos annonces, les utilisateurs pourront tomber sur vos produits et votre site, qui pourraient les int\u00e9resser. De plus, vous pourrez vous d\u00e9marquer passer au-dessus de vos concurrents gr\u00e2ce au <a href=\"https:\/\/www.e2b-consulting.com\/en\/agence-referencement-tunisie\/\">Search Engine Advertising (SEA)<\/a> de Google AdWords et \u00e0 la qualit\u00e9 de vos annonces.<\/p>\n<p>Prenez en main l&rsquo;interface de<a href=\"http:\/\/ads.google.com\"> Google Ads<\/a> (Anciennement appel\u00e9e Google AdWords) et lancez votre premi\u00e8res campagnes de publicit\u00e9s en quelques minutes.<\/p>\n<p>Apprenez comment d\u00e9tecter des mots cl\u00e9 qui vous co\u00fbtent de l&rsquo;argent et optimiser vos campagnes pour obtenir un retour sur investissement maximal.<\/p>\n<p>Regardez moi cr\u00e9er de campagnes pour de vrais clients et gagnez confiance en vous.<\/p>\n<p>D\u00e9couvrez des fonctionnalit\u00e9s peu utilis\u00e9es par vos concurrents.<\/p>\n<p>Gagnez de l&rsquo;argent gr\u00e2ce \u00e0 vos nouvelles comp\u00e9tences.<\/p>\n<h2>Objectifs de la formation : Ma\u00eetriser la Publicit\u00e9 sur Google Ads<\/h2>\n<ul>\n<li>G\u00e9n\u00e9rer des ventes ou des conversions en ligne, dans l&rsquo;application, par t\u00e9l\u00e9phone ou en magasin<\/li>\n<li>Susciter l\u2019int\u00e9r\u00eat des utilisateurs qui vous ont d\u00e9j\u00e0 contact\u00e9 ou qui sont sur le point de prendre une d\u00e9cision d&rsquo;achat<\/li>\n<li>Inciter les clients potentiels pertinents \u00e0 exprimer leur int\u00e9r\u00eat pour vous produits ou services en s&rsquo;abonnant \u00e0 une newsletter, ou en fournissant leurs coordonn\u00e9es<\/li>\n<li>Amener les clients potentiels \u00e0 visiter votre site web<\/li>\n<\/ul>\n<h3>1\/ Pr\u00e9sentation de Google Ads :<\/h3>\n<ul>\n<li>Pr\u00e9sentation du GoogelAds<\/li>\n<li>Pr\u00e9sentation du reseau search et display<\/li>\n<li>D\u00e9finir les indicateurs<\/li>\n<\/ul>\n<h3>2\/ Strat\u00e9gie :<\/h3>\n<ul>\n<li>Marketing, s\u00e9mantique, budget, conversion<\/li>\n<li>R\u00e9seaux search Vs R\u00e9seaux Display<\/li>\n<li>Choisir les mot cl\u00e9s Pr\u00e9sentation du planificateur des mots cl\u00e8s de Google<\/li>\n<li>Identifier le volume de recherche pour un mot cl\u00e9 avec Google Key words planner<\/li>\n<\/ul>\n<h3>3\/ Gestion d&rsquo;un compte Google Ads :<\/h3>\n<ul>\n<li>Facturation et administration<\/li>\n<li>Moyens de paiement<\/li>\n<\/ul>\n<h3>4\/ Lancer votre 1er campagne sur Google Ads sur le r\u00e9seau search:<\/h3>\n<ul>\n<li>Choisir une campagne<\/li>\n<li>S\u00e9lectionner votre audience<\/li>\n<li>Param\u00e9trage de l&rsquo;ench\u00e8re<\/li>\n<li>Utiliser les ads extension<\/li>\n<li>Param\u00e9trages avanc\u00e9 d&rsquo;une campagne<\/li>\n<li>Ecrire votre texte<\/li>\n<li>Cr\u00e9er un ensemble publicitaire<\/li>\n<\/ul>\n<h3>5\/ Lancer votre 1er campagne sur Google Ads sur le r\u00e9seau display :<\/h3>\n<ul>\n<li>Choisir une campagne<\/li>\n<li>S\u00e9lectionner votre audience<\/li>\n<li>Param\u00e9trage de l&rsquo;ench\u00e8re<\/li>\n<li>Utiliser les ads extension<\/li>\n<li>Param\u00e9trages avanc\u00e9 d&rsquo;une campagne<\/li>\n<li>Ecrire votre texte<\/li>\n<li>Cr\u00e9er un ensemble publicitaire<\/li>\n<\/ul>\n<h3>6\/ Lancer votre 1er campagne sur Google Ads sur youtube<\/h3>\n<ul>\n<li>Choisir une campagne<\/li>\n<li>S\u00e9lectionner votre audience<\/li>\n<li>Param\u00e9trage de l&rsquo;ench\u00e8re<\/li>\n<li>Utiliser les ads extension<\/li>\n<li>Param\u00e9trages avanc\u00e9 d&rsquo;une campagne<\/li>\n<li>Ecrire votre texte<\/li>\n<li>Cr\u00e9er un ensemble publicitaire<\/li>\n<\/ul>\n<h3>7\/ Audit et analyse des rapports :<\/h3>\n<ul>\n<li>Assister les participants \u00e0 lancer leurs campagnes<\/li>\n<li>Cr\u00e9ation de rapports<\/li>\n<li>connect\u00e9 google analytics<\/li>\n<li>Calcul ROI<\/li>\n<\/ul>\n<h3>8\/ Atelier pratique de Lancement de campagne :<\/h3>\n<ul>\n<li>Assister les participants \u00e0 lancer leurs campagnes<\/li>\n<\/ul>\n<h3>9\/ comprendre le fonctionnement du remarketing :<\/h3>\n<ul>\n<li>Introduction<\/li>\n<li>Elaborer une liste de remarketing avec Google adswords et Google Analytics<\/li>\n<li>Diff\u00e9rents types de remarketing<\/li>\n<li>Impact du remarketing sur le Chiffres d&rsquo;affaires et le ROI<\/li>\n<\/ul>\n<h3>10\/ Lancer sa campagne de remarketing :<\/h3>\n<ul>\n<li>Lier Google adwords \u00e0 Google analytics<\/li>\n<li>Explication des tags de remarketing<\/li>\n<li>Les r\u00e8gles \u00e0 respecter<\/li>\n<li>Utiliser Google analytics et adwords<\/li>\n<li>Mise \u00e0 jour des tags<\/li>\n<li>Cr\u00e9ation des audiences pour du remarketing dynmaiques<\/li>\n<li>Installation d&rsquo;une campagne RLSA<\/li>\n<\/ul>\n<h3>11\/ Calcul du budget de remarketing :<\/h3>\n<ul>\n<li>Elaborer un budget<\/li>\n<li>Utiliser des combinaisons avanc\u00e9es<\/li>\n<li>Remarketing bas\u00e9 sur le funnel et remarketing bas\u00e9 sur les caract\u00e9ristiques socioprofessionnelles<\/li>\n<\/ul>\n<h3>12\/ Atelier pratiques :<\/h3>\n<ul>\n<li>Installation des tags<\/li>\n<li>Mise en place des campagnes de retargeting<\/li>\n<li>Accompagnement pour le lancement des campagnes des remarketing sur Google ads<\/li>\n<\/ul>","protected":false},"excerpt":{"rendered":"<p><span style=\"font-weight: 400;\">Apprenez \u00e0 d\u00e9celer les opportunit\u00e9s de votre march\u00e9 pour vendre plus, faire \u00e9voluer le flux et le chiffre d&rsquo;affaires. Simplement en ma\u00eetrisant la publicit\u00e9 sur <\/span><span style=\"font-weight: 400;\">Google<\/span><span style=\"font-weight: 400;\"> Ads. Notre formation <\/span><span style=\"font-weight: 400;\">google<\/span><span style=\"font-weight: 400;\"> Ads est une opportunit\u00e9 pour apprendre \u00e0 :<\/span><\/p>\n<p><span style=\"font-weight: 400;\">g\u00e9rer<\/span><span style=\"font-weight: 400;\"> en toute autonomie vos campagnes \/ Trouver de nouveaux prospects \/ Utiliser les outils Google Ads \/ G\u00e9rer les emplacements propos\u00e9s par Google Ads \/ Ma\u00eetriser l\u2019interface Google Ads \/ Mesurer vos campagnes Ads avec Google Analytics etc<\/span><span style=\"font-weight: 400;\">.<\/span><\/p>\n<p><strong>Certification training<\/strong><\/p>\n<p><strong>Dur\u00e9e:<\/strong> <strong>17 heures<\/strong><\/p>\n<p><span style=\"font-weight: 400;\"><strong>Choisissez la solution la plus adapt\u00e9e \u00e0 votre situation:<\/strong> Horaires\/ m\u00e9thode (en ligne &amp; en salle)<\/span><\/p>\n<p><strong>Examen final<\/strong><\/p>\n<p><strong>Enregistrement de la formation \u00e0 la demande<\/strong><\/p>\n<p>&nbsp;<\/p>\n<p><strong>Si vous souhaitez avoir des informations sur n\u2019importe quels services:\u00a0<\/strong><\/p>\n<ul>\n<li style=\"font-weight: 400;\" aria-level=\"1\"><span style=\"font-weight: 400;\">Vous pouvez \u00e9galement nous contacter par t\u00e9l\u00e9phone : <strong>(+216) 36 361 552<\/strong><br \/>\n<strong>(+216) 21 233 192<\/strong><\/span><\/li>\n<li style=\"font-weight: 400;\" aria-level=\"1\">Ou n&rsquo;h\u00e9sitez pas \u00e0 remplir le formulaire : <strong><a href=\"https:\/\/www.e2b-consulting.com\/en\/agence-growth-hacking-contactez-nous\/\">CONTACTEZ-NOUS.<\/a><\/strong><\/li>\n<\/ul>","protected":false},"featured_media":7649,"template":"","meta":[],"product_cat":[62,57,66,51],"product_tag":[],"class_list":{"0":"post-2641","1":"product","2":"type-product","3":"status-publish","4":"has-post-thumbnail","6":"product_cat-francais","7":"product_cat-kais-khnine","8":"product_cat-formation-en-linge","9":"product_cat-marketing","11":"first","12":"instock","13":"virtual","14":"product-type-simple"},"aioseo_notices":[],"_links":{"self":[{"href":"https:\/\/www.e2b-consulting.com\/en\/wp-json\/wp\/v2\/product\/2641"}],"collection":[{"href":"https:\/\/www.e2b-consulting.com\/en\/wp-json\/wp\/v2\/product"}],"about":[{"href":"https:\/\/www.e2b-consulting.com\/en\/wp-json\/wp\/v2\/types\/product"}],"wp:featuredmedia":[{"embeddable":true,"href":"https:\/\/www.e2b-consulting.com\/en\/wp-json\/wp\/v2\/media\/7649"}],"wp:attachment":[{"href":"https:\/\/www.e2b-consulting.com\/en\/wp-json\/wp\/v2\/media?parent=2641"}],"wp:term":[{"taxonomy":"product_cat","embeddable":true,"href":"https:\/\/www.e2b-consulting.com\/en\/wp-json\/wp\/v2\/product_cat?post=2641"},{"taxonomy":"product_tag","embeddable":true,"href":"https:\/\/www.e2b-consulting.com\/en\/wp-json\/wp\/v2\/product_tag?post=2641"}],"curies":[{"name":"wp","href":"https:\/\/api.w.org\/{rel}","templated":true}]}}