{"id":2643,"date":"2020-05-19T15:56:59","date_gmt":"2020-05-19T13:56:59","guid":{"rendered":"https:\/\/www.e2b-consulting.com\/?post_type=product&#038;p=2643"},"modified":"2025-11-04T16:20:25","modified_gmt":"2025-11-04T15:20:25","slug":"les-fondametaux-du-referencement-naturel-seo","status":"publish","type":"product","link":"https:\/\/www.e2b-consulting.com\/en\/formations\/type\/formation-en-linge\/les-fondametaux-du-referencement-naturel-seo\/","title":{"rendered":"Formation : AI SEO  Niveau 1"},"content":{"rendered":"<h1>Training: The fundamentals of SEO<\/h1>\n<p><strong>Les fondamentaux du r\u00e9f\u00e9rencement naturel SEO, <\/strong>cette formation vous permet de d\u00e9velopper la visibilit\u00e9 de votre site internet sur le long terme gr\u00e2ce au <a href=\"https:\/\/www.seo.fr\/definition\/seo-definition\">r\u00e9f\u00e9rencement naturel (SEO).<\/a><\/p>\n<p>Vous souhaitez <a href=\"https:\/\/www.e2b-consulting.com\/en\/comment-etre-en-premiere-position-sur-google\/\">d\u00e9velopper durablement votre pr\u00e9sence sur les moteurs de recherche<\/a> et accro\u00eetre votre notori\u00e9t\u00e9 sur le web\u00a0? Pour cela, vous devez mettre en place une strat\u00e9gie de\u00a0r\u00e9f\u00e9rencement naturel (SEO)\u00a0efficace.<\/p>\n<h2>Objectifs de la formation<\/h2>\n<ul>\n<li>Comprendre les nouvelles dynamiques des moteurs<br \/>\nde recherche g\u00e9n\u00e9ratifs, ma\u00eetriser les fondamentaux<br \/>\ndu SEO et adapter sa recherche de mots-cl\u00e9s \u00e0 ce nouvel<br \/>\n\u00e9cosyst\u00e8me.<\/li>\n<li>Apprendre \u00e0 cr\u00e9er du contenu qui inspire confiance<br \/>\net \u00e0 structurer son site de mani\u00e8re th\u00e9matique<br \/>\npour renforcer son autorit\u00e9.<\/li>\n<li>D\u00e9velopper l&rsquo;autorit\u00e9 de son site, ma\u00eetriser le r\u00e9f\u00e9rencement<br \/>\nlocal et apprendre \u00e0 utiliser l&rsquo;outil indispensable de Google<br \/>\npour diagnostiquer et optimiser son site.<\/li>\n<\/ul>\n<h2>Fondamentaux du SEO \u00e0 l&rsquo;\u00c8re de l&rsquo;IA<\/h2>\n<h3><strong>Programme<\/strong><\/h3>\n<p><span style=\"color: #ff0000;\">J<strong>our 1<\/strong><\/span><strong> Fondamentaux du SEO \u00e0 l&rsquo;\u00c8re de l&rsquo;IA<\/strong><\/p>\n<p><strong>08h30 : D\u00e9but de la formation<\/strong><\/p>\n<p><span style=\"color: #ff0000;\">1 Introduction au SEO \u00e0 l&rsquo;\u00c8re de l&rsquo;IA<\/span><\/p>\n<ul>\n<li>Accueil et tour de table.<\/li>\n<li>L&rsquo;\u00e9volution de la recherche : du SEO aux AI Overviews (AIO)<br \/>\net GEO Engines (Perplexity, etc.).<\/li>\n<li>Introduction au Generative Engine Optimization (GEO) :<br \/>\noptimiser pour les r\u00e9ponses g\u00e9n\u00e9r\u00e9es par l&rsquo;IA.<\/li>\n<li>Comprendre la hausse du \u00ab\u00a0z\u00e9ro-clic\u00a0\u00bb et ses implications strat\u00e9giques.<\/li>\n<li>Le fonctionnement de Google : Crawl, Indexation, Ranking et G\u00e9n\u00e9ration.<\/li>\n<li>Les piliers du SEO moderne : Technique, Contenu (E-E-A-T), On-Page,<br \/>\net Off-Page (Autorit\u00e9).<\/li>\n<\/ul>\n<p><span style=\"color: #ff0000;\">2 La Recherche de Mots-cl\u00e9s Strat\u00e9gique (10:20 &#8211; 12:00)<\/span><\/p>\n<ul>\n<li>Comprendre l&rsquo;intention de recherche de l&rsquo;utilisateur dans un contexte conversationnel.<\/li>\n<li>Les diff\u00e9rents types de mots-cl\u00e9s : courte tra\u00eene, longue tra\u00eene,<br \/>\net requ\u00eates sous forme de questions.<\/li>\n<li>Introduction aux outils de recherche de mots-cl\u00e9s.<\/li>\n<\/ul>\n<p><strong>13h30 : Pause caf\u00e9<\/strong><br \/>\n<strong>14h30 : Reprise de la formation<\/strong><\/p>\n<p><span style=\"color: #ff0000;\">3 Atelier Pratique : Recherche de Mots-cl\u00e9s pour le GEO<\/span><br \/>\n<span style=\"color: #ff0000;\">avec Claude et les api de Data for SEO<\/span><\/p>\n<ul>\n<li>Atelier pratique : installer le MCP de Data for SEO dans claude for desktop<\/li>\n<li>Trouver des mots-cl\u00e9s et des questions susceptibles de d\u00e9clencher une AI Overview.<\/li>\n<li>Analyser la difficult\u00e9 et le volume de recherche.<\/li>\n<li>Adapter sa recherche de mots-cl\u00e9s pour le GEO : questions conversationnelles<br \/>\net identification d&rsquo;entit\u00e9s.<\/li>\n<li>Cartographier les \u00ab\u00a0clusters\u00a0\u00bb de sujets (groupes de mots-cl\u00e9s) sur les pages de son site.<\/li>\n<li>Session de questions-r\u00e9ponses et synth\u00e8se de la journ\u00e9e.<\/li>\n<\/ul>\n<p><strong>16h30 : Fin de la 1er journ\u00e9e<\/strong><\/p>\n<p><strong><span style=\"color: #ff0000;\">Jour 2<\/span> Contenu d&rsquo;Excellence (E-E-A-T) et SEO Technique<\/strong><\/p>\n<p><strong>08h30 : D\u00e9but de la formation<\/strong><\/p>\n<p><span style=\"color: #ff0000;\">4 Le SEO On-Page : Cr\u00e9er du Contenu d&rsquo;Excellence avec E-E-A-T<\/span><\/p>\n<ul>\n<li>Le concept E-E-A-T (Experience, Expertise, Authoritativeness, Trust) :<br \/>\nle pilier de la confiance pour Google.<\/li>\n<li>Comment d\u00e9montrer concr\u00e8tement l&rsquo;E-E-A-T sur votre site : biographies d&rsquo;auteurs,<br \/>\nsources, \u00e9tudes de cas, avis.<\/li>\n<li>R\u00e9diger pour \u00eatre une source fiable pour les IA : clart\u00e9, pr\u00e9cision et donn\u00e9es factuelles.<\/li>\n<li>Structurer son contenu avec les balises de titre (H1, H2, H3&#8230;).<\/li>\n<\/ul>\n<p><span style=\"color: #ff0000;\">5 Maillage Interne Avanc\u00e9 : Silo et Cocon S\u00e9mantique<\/span><\/p>\n<ul>\n<li>Les bases du maillage interne : transmettre la popularit\u00e9 (jus de lien) et le contexte.<\/li>\n<li>Technique du Silo : Organiser son site en cat\u00e9gories \u00e9tanches<br \/>\npour renforcer l&rsquo;autorit\u00e9 th\u00e9matique.<\/li>\n<li>Technique du Cocon S\u00e9mantique : Aller plus loin en r\u00e9pondant \u00e0 toutes les intentions<br \/>\nde recherche d&rsquo;un utilisateur autour d&rsquo;un sujet.<\/li>\n<li>Atelier pratique : Esquisser une architecture en silo ou un mini-cocon s\u00e9mantique<br \/>\npour un projet.<\/li>\n<\/ul>\n<p><strong>13h30 : Pause d\u00e9jeuner<\/strong><br \/>\n<strong>14h30 : Reprise de la formation<\/strong><\/p>\n<p><span style=\"color: #ff0000;\">6 Atelier Pratique : Google Search Console de A \u00e0 Z<\/span><\/p>\n<ul>\n<li>Configuration et validation d&rsquo;un site.<\/li>\n<li>Analyse du rapport de performance : trouver des opportunit\u00e9s de mots-cl\u00e9s,<br \/>\nanalyser les clics, impressions, CTR et positions.<\/li>\n<li>Analyse du rapport d&rsquo;indexation : soumettre un sitemap, identifier<br \/>\net corriger les erreurs de couverture.<\/li>\n<li>Utilisation de l&rsquo;outil d&rsquo;inspection d&rsquo;URL pour diagnostiquer des pages sp\u00e9cifiques.<\/li>\n<li>Surveillance des signaux d&rsquo;exp\u00e9rience : Core Web Vitals et ergonomie mobile.<\/li>\n<li>Atelier final : Utiliser la GSC pour r\u00e9aliser un mini-audit<br \/>\net cr\u00e9er une liste d&rsquo;actions prioritaires.<\/li>\n<\/ul>\n<p><strong>16h30 : Fin de la 2\u00e9me journ\u00e9e<\/strong><\/p>\n<p><strong><span style=\"color: #ff0000;\">Jour 3<\/span> Autorit\u00e9, SEO Local et Ma\u00eetrise de la Google Search Console<\/strong><\/p>\n<p><strong>08h30 : D\u00e9but de la formation<\/strong><\/p>\n<p><span style=\"color: #ff0000;\">7 Le SEO Technique pour la Performance<\/span><\/p>\n<ul>\n<li>Vitesse de chargement et Core Web Vitals.<\/li>\n<li>Le fichier robots.txt et la balise meta robots pour guider les robots.<\/li>\n<li>Les sitemaps XML pour une meilleure indexation.<\/li>\n<li>Page 404 et redirections 301, et 302<\/li>\n<li>Les liens canoniques<\/li>\n<li>Le design responsive (mobile-first).<\/li>\n<li>Introduction aux donn\u00e9es structur\u00e9es (Schema.org) pour aider l&rsquo;IA<br \/>\n\u00e0 comprendre votre contenu.<\/li>\n<li>Contenu dupliqu\u00e9<\/li>\n<li>Identifier les liens bris\u00e9s<\/li>\n<\/ul>\n<h2>Contact<\/h2>\n<p>App N\u00b0 B 6 1, 6\u00e9me \u00e9tage R\u00e9sidence Ines Boulevard de la terre,<br \/>\nCentre Urbain Nord 1082 Tunis, Tunisie<br \/>\nformation@e2b-training.com<\/p>\n<p>(+216) 36 361 552<br \/>\n(+216) 29 492 357<\/p>\n<p>www.e2b-consulting.com<\/p>\n<p>E2business Consulting and Training<\/p>","protected":false},"excerpt":{"rendered":"<p data-start=\"170\" data-end=\"612\">D\u00e9couvrez comment l\u2019intelligence artificielle transforme le r\u00e9f\u00e9rencement naturel. Notre formation <strong data-start=\"269\" data-end=\"288\">AI SEO Niveau 1<\/strong> vous apprend \u00e0 comprendre les nouveaux moteurs de recherche g\u00e9n\u00e9ratifs, \u00e0 choisir des mots-cl\u00e9s strat\u00e9giques et \u00e0 cr\u00e9er du contenu optimis\u00e9 selon les crit\u00e8res E-E-A-T. Apprenez \u00e0 structurer votre site, renforcer votre autorit\u00e9 en ligne et utiliser des outils comme <strong data-start=\"554\" data-end=\"579\">Google Search Console<\/strong> pour booster votre visibilit\u00e9.<\/p>\n<p><strong>Certification training<\/strong><\/p>\n<p><strong>Dur\u00e9e: 3 jours<\/strong><\/p>\n<p><strong>Choisissez la solution la plus adapt\u00e9e \u00e0 votre situation: <\/strong>Horaires\/ m\u00e9thode (En ligne &amp; En salle)<\/p>\n<p><strong>Examen final<\/strong><\/p>\n<p><strong>Enregistrement de la formation \u00e0 la demande\u00a0<\/strong><\/p>\n<p>&nbsp;<\/p>\n<p><strong>Si vous souhaitez avoir des informations sur n\u2019importe quels services:\u00a0<\/strong><\/p>\n<ul>\n<li style=\"font-weight: 400;\" aria-level=\"1\"><span style=\"font-weight: 400;\">Vous pouvez \u00e9galement nous contacter par t\u00e9l\u00e9phone : <strong>(+216) 36 361 552<\/strong><br \/>\n<strong>(+216) 21 233 192<\/strong><\/span><\/li>\n<li style=\"font-weight: 400;\" aria-level=\"1\">Ou n&rsquo;h\u00e9sitez pas \u00e0 remplir le formulaire :<strong> <a href=\"https:\/\/www.e2b-consulting.com\/en\/agence-growth-hacking-contactez-nous\/\">CONTACTEZ-NOUS.<\/a><\/strong><\/li>\n<\/ul>\n<p>&nbsp;<\/p>","protected":false},"featured_media":7828,"template":"","meta":[],"product_cat":[62,57,66,51],"product_tag":[],"class_list":{"0":"post-2643","1":"product","2":"type-product","3":"status-publish","4":"has-post-thumbnail","6":"product_cat-francais","7":"product_cat-kais-khnine","8":"product_cat-formation-en-linge","9":"product_cat-marketing","11":"first","12":"instock","13":"shipping-taxable","14":"product-type-simple"},"aioseo_notices":[],"_links":{"self":[{"href":"https:\/\/www.e2b-consulting.com\/en\/wp-json\/wp\/v2\/product\/2643"}],"collection":[{"href":"https:\/\/www.e2b-consulting.com\/en\/wp-json\/wp\/v2\/product"}],"about":[{"href":"https:\/\/www.e2b-consulting.com\/en\/wp-json\/wp\/v2\/types\/product"}],"wp:featuredmedia":[{"embeddable":true,"href":"https:\/\/www.e2b-consulting.com\/en\/wp-json\/wp\/v2\/media\/7828"}],"wp:attachment":[{"href":"https:\/\/www.e2b-consulting.com\/en\/wp-json\/wp\/v2\/media?parent=2643"}],"wp:term":[{"taxonomy":"product_cat","embeddable":true,"href":"https:\/\/www.e2b-consulting.com\/en\/wp-json\/wp\/v2\/product_cat?post=2643"},{"taxonomy":"product_tag","embeddable":true,"href":"https:\/\/www.e2b-consulting.com\/en\/wp-json\/wp\/v2\/product_tag?post=2643"}],"curies":[{"name":"wp","href":"https:\/\/api.w.org\/{rel}","templated":true}]}}