{"id":2648,"date":"2020-05-27T11:43:44","date_gmt":"2020-05-27T09:43:44","guid":{"rendered":"https:\/\/www.e2b-consulting.com\/?post_type=product&#038;p=2648"},"modified":"2025-03-06T23:45:23","modified_gmt":"2025-03-06T22:45:23","slug":"elaborer-un-business-plan","status":"publish","type":"product","link":"https:\/\/www.e2b-consulting.com\/en\/formations\/type\/formation-en-linge\/elaborer-un-business-plan\/","title":{"rendered":"Training: developing a business plan"},"content":{"rendered":"<p><a href=\"https:\/\/www.e2b-consulting.com\/en\/business-plan\/\">Elaborer un business plan, <\/a>en premier lieu, Cette formation a pour objectifs de permettre de r\u00e9diger <a href=\"https:\/\/www.thebusinessplanshop.com\/blog\/fr\/entry\/definition_business_plan\">un business plan<\/a> r\u00e9aliste et convaincant pour v\u00e9rifier et d\u00e9montrer la faisabilit\u00e9, la coh\u00e9rence et la rentabilit\u00e9 d&rsquo;un projet.<\/p>\n<p><span style=\"font-weight: 400;\">En deuxi\u00e8me lieu, la formation Business Plan se base sur la conception<\/span> <span style=\"font-weight: 400;\">d&rsquo;un Business Plan fiable qui permette de construire une strat\u00e9gie de d\u00e9veloppement d&rsquo;un projet d\u2019une entreprise.\u00a0 <\/span><\/p>\n<p>De plus, la strat\u00e9gie, la coh\u00e9rence ainsi que la rentabilit\u00e9 de son projet.<\/p>\n<h2>Objectifs de la formation <b>\u00c9laborer<\/b><strong>\u00a0un Business plan<\/strong> :<\/h2>\n<p>Par ailleurs, a l\u2019issu de la formation les participants seront capables de:<\/p>\n<ul>\n<li>Structurer leurs projets sous la forme d\u2019un business plan r\u00e9dactionnel<\/li>\n<li>Faire \u00e9voluer leurs projets de fa\u00e7on coh\u00e9rente<\/li>\n<li>Comprendre les implications de chaque d\u00e9cision vis-\u00e0-vis du projet<\/li>\n<li>D\u00e9cider des orientations strat\u00e9giques du projet et savoir les expliquer<\/li>\n<\/ul>\n<p>&nbsp;<\/p>\n<h2>1\/ Analyse de l\u2019environnement externe :<\/h2>\n<h3>a- Environnement externe et analyse du macro- environnement:<\/h3>\n<ul>\n<li>Analyse de l\u2019environnement Politique<\/li>\n<li>\u00c9tude de l\u2019environnement \u00e9<span style=\"font-weight: 400;\">conomique<\/span><\/li>\n<li>Observation de l\u2019environnement Social<\/li>\n<li>Analyse de l\u2019environnement Technologique<\/li>\n<li>Exploration de l\u2019environnement L\u00e9gal<\/li>\n<\/ul>\n<p>&nbsp;<\/p>\n<h3>b- Analyse de l\u2019environnement:<\/h3>\n<p>Tout d\u2019abord, l&rsquo;analyse de l&rsquo;environnement d\u00e9mographique. Ensuite, l&rsquo;analyse de l&rsquo;environnement externe et finalement l&rsquo;analyse du micro-environnement.<\/p>\n<ul>\n<li>Analyse de la concurrence, ainsi que l&rsquo;\u00e9tude Benchmark<\/li>\n<li>Analyse du pouvoir des fournisseurs<\/li>\n<li>\u00c9tude du pouvoir des clients<\/li>\n<li>Analyse des barri\u00e8res \u00e0 l\u2019entr\u00e9e<\/li>\n<li>Analyse des barri\u00e8res \u00e0 la sortie<\/li>\n<\/ul>\n<p>&nbsp;<\/p>\n<h2>2\/ Strat\u00e9gies :<\/h2>\n<ul>\n<li>Matrice SWOT<\/li>\n<li>Facteurs cl\u00e9s de succ\u00e8s<\/li>\n<li>Principales strat\u00e9gies, ainsi la strat\u00e9gie globale contre strat\u00e9gie de niche<\/li>\n<\/ul>\n<p>&nbsp;<\/p>\n<h2>3\/ Plan marketing :<\/h2>\n<ul>\n<li>Segmenter le march\u00e9<\/li>\n<li>\u00c9laboration du marketing mix<\/li>\n<li>Elaboration d\u2019un plan d\u2019action commercial<\/li>\n<\/ul>\n<p>&nbsp;<\/p>\n<h2>4\/ Plan d\u2019action:<\/h2>\n<p>En revanche, mettre en place un plan d&rsquo;action technique, ensuite la plateformes web :<\/p>\n<ul>\n<li>\u00c9laboration des process technique<\/li>\n<li>Identification des technologies n\u00e9cessaires<\/li>\n<li>Planning de r\u00e9alisation d\u2019un projet<\/li>\n<\/ul>\n<p>&nbsp;<\/p>\n<h2>5\/ Ressources humaines :<\/h2>\n<ul>\n<li>Forme juridique<\/li>\n<li>Identifier les t\u00e2ches<\/li>\n<li>Identifier les principaux postes<\/li>\n<li>le plan de recrutement sur cinq ans<\/li>\n<\/ul>\n<p>&nbsp;<\/p>\n<h2>6\/ Plan financier et business model :<\/h2>\n<ul>\n<li style=\"font-weight: 400;\" aria-level=\"1\"><span style=\"font-weight: 400;\">Identifier les principaux centres de co\u00fbts<\/span><\/li>\n<li style=\"font-weight: 400;\" aria-level=\"1\"><span style=\"font-weight: 400;\">Plan d\u2019investissement<\/span><\/li>\n<li style=\"font-weight: 400;\" aria-level=\"1\"><span style=\"font-weight: 400;\">Calcul de la masse salariale<\/span><\/li>\n<li style=\"font-weight: 400;\" aria-level=\"1\"><span style=\"font-weight: 400;\">\u00c9laboration du budget de fonctionnement<\/span><\/li>\n<li style=\"font-weight: 400;\" aria-level=\"1\"><span style=\"font-weight: 400;\">Calcul des marges<\/span><\/li>\n<li style=\"font-weight: 400;\" aria-level=\"1\"><span style=\"font-weight: 400;\">Calcul du co\u00fbt des produits et d\u00e9termination du prix de vente<\/span><\/li>\n<\/ul>\n<p>&nbsp;<\/p>\n<p>Ainsi, \u00e0 la fin de la formation, l&rsquo;agence e2b consulting accorde des attestations de participation.<\/p>","protected":false},"excerpt":{"rendered":"<p><span style=\"font-weight: 400;\">Tout investissement n\u00e9cessite la r\u00e9alisation d\u2019un business plan. Une ligne de conduite \u00e0 respecter <\/span><span style=\"font-weight: 400;\">d&rsquo;A<\/span><span style=\"font-weight: 400;\"> \u00e0 Z et qui oriente la d\u00e9marche \u00e0 adopter par les responsables et cadres Marketing, analyste strat\u00e9gie de d\u00e9veloppement. Pour cela, notre r\u00f4le est de vous <\/span><span style=\"font-weight: 400;\">former<\/span><span style=\"font-weight: 400;\"> aux m\u00e9thodologies les plus rompues afin de vous aider \u00e0 prendre des d\u00e9cisions et communiquer avec un business plan pertinent.<\/span><\/p>\n<p><strong>Certification training<\/strong><\/p>\n<p><strong>Dur\u00e9e: 14 heures<\/strong><\/p>\n<p><strong>Choisissez la solution la plus adapt\u00e9e \u00e0 votre situation: Horaires\/ m\u00e9thode<\/strong> (en ligne &amp; en salle)<\/p>\n<p><strong>Enregistrement de la formation \u00e0 la demande<\/strong><\/p>\n<p><strong>Examen final<\/strong><\/p>\n<p>&nbsp;<\/p>\n<p><strong>Si vous souhaitez avoir des informations sur n\u2019importe quels services:\u00a0<\/strong><\/p>\n<ul>\n<li style=\"font-weight: 400;\" aria-level=\"1\"><span style=\"font-weight: 400;\">Vous pouvez \u00e9galement nous contacter par t\u00e9l\u00e9phone : <strong>(+216) 36 361 552<\/strong><br \/>\n<strong>(+216) 21 233 192<\/strong><\/span><\/li>\n<li style=\"font-weight: 400;\" aria-level=\"1\">Ou n&rsquo;h\u00e9sitez pas \u00e0 remplir le formulaire : <strong><a href=\"https:\/\/www.e2b-consulting.com\/en\/agence-growth-hacking-contactez-nous\/\">CONTACTEZ-NOUS.<\/a><\/strong><\/li>\n<\/ul>","protected":false},"featured_media":7647,"template":"","meta":[],"product_cat":[62,57,66,51,54],"product_tag":[],"class_list":{"0":"post-2648","1":"product","2":"type-product","3":"status-publish","4":"has-post-thumbnail","6":"product_cat-francais","7":"product_cat-kais-khnine","8":"product_cat-formation-en-linge","9":"product_cat-marketing","10":"product_cat-finance-accounting","12":"first","13":"instock","14":"shipping-taxable","15":"product-type-simple"},"aioseo_notices":[],"_links":{"self":[{"href":"https:\/\/www.e2b-consulting.com\/en\/wp-json\/wp\/v2\/product\/2648"}],"collection":[{"href":"https:\/\/www.e2b-consulting.com\/en\/wp-json\/wp\/v2\/product"}],"about":[{"href":"https:\/\/www.e2b-consulting.com\/en\/wp-json\/wp\/v2\/types\/product"}],"wp:featuredmedia":[{"embeddable":true,"href":"https:\/\/www.e2b-consulting.com\/en\/wp-json\/wp\/v2\/media\/7647"}],"wp:attachment":[{"href":"https:\/\/www.e2b-consulting.com\/en\/wp-json\/wp\/v2\/media?parent=2648"}],"wp:term":[{"taxonomy":"product_cat","embeddable":true,"href":"https:\/\/www.e2b-consulting.com\/en\/wp-json\/wp\/v2\/product_cat?post=2648"},{"taxonomy":"product_tag","embeddable":true,"href":"https:\/\/www.e2b-consulting.com\/en\/wp-json\/wp\/v2\/product_tag?post=2648"}],"curies":[{"name":"wp","href":"https:\/\/api.w.org\/{rel}","templated":true}]}}