{"id":4539,"date":"2020-09-24T12:50:53","date_gmt":"2020-09-24T10:50:53","guid":{"rendered":"https:\/\/www.e2b-consulting.com\/?post_type=product&#038;p=4539"},"modified":"2025-03-06T23:05:11","modified_gmt":"2025-03-06T22:05:11","slug":"maitriser-la-publicite-sur-google-ads-niveau-2","status":"publish","type":"product","link":"https:\/\/www.e2b-consulting.com\/en\/formations\/langues\/francais\/maitriser-la-publicite-sur-google-ads-niveau-2\/","title":{"rendered":"Formation google ads: Ma\u00eetriser la Publicit\u00e9 sur Google Ads niveau 2"},"content":{"rendered":"<h2><strong>Ma\u00eetriser la Publicit\u00e9 sur Google Ads<\/strong><\/h2>\n<p><span style=\"font-weight: 400;\">Gr\u00e2ce \u00e0 <a href=\"https:\/\/ads.google.com\/intl\/fr_tn\/home\/\">Google Ads<\/a>, vous pouvez mettre en avant les sp\u00e9cificit\u00e9s de votre entreprise afin de toucher les internautes qui recherchent vos produits ou services.<\/span><\/p>\n<p><span style=\"font-weight: 400;\">Google AdWords vous permet de vous promouvoir et d&rsquo;am\u00e9liorer votre notori\u00e9t\u00e9. En effet, avec vos annonces, les utilisateurs pourront tomber sur vos produits et votre site, qui pourraient les int\u00e9resser. De plus, vous pourrez vous d\u00e9marquer au-dessus de vos concurrents gr\u00e2ce au r\u00e9f\u00e9rencement payant de Google AdWords et \u00e0 la qualit\u00e9 de vos annonces.<\/span><\/p>\n<p><span style=\"font-weight: 400;\">Prenez en main l&rsquo;interface de Google Ads (Anciennement appel\u00e9e Google AdWords) et <a href=\"https:\/\/www.e2b-consulting.com\/en\/cinq-astuces-pour-booster-votre-campagne-publicitaire\/\">lancez votre premi\u00e8re campagne de publicit\u00e9s<\/a> en quelques minutes.<\/span><\/p>\n<p><span style=\"font-weight: 400;\">Apprenez comment d\u00e9tecter des mots cl\u00e9s qui vous co\u00fbtent de l&rsquo;argent et optimiser vos campagnes pour obtenir un retour sur investissement maximal.<\/span><\/p>\n<p>&nbsp;<\/p>\n<h2>Les objectifs de la formation:<\/h2>\n<p>&#8211; La formation google ads vous permet de ma\u00eetriser la publicit\u00e9 sur Google Ads pour cr\u00e9er des campagnes efficaces.<\/p>\n<p>&#8211; Analyser les raports et optimiser les campagnes<\/p>\n<p>&#8211; Lancer des campagnes de retargeting<\/p>\n<p>&nbsp;<\/p>\n<h2>le programme de la formation google ads:<\/h2>\n<h4>1\/ Pr\u00e9sentation:<\/h4>\n<ul>\n<li>Pr\u00e9sentation de Google Ads<\/li>\n<li>Pr\u00e9sentation des r\u00e9seaux search et display<\/li>\n<\/ul>\n<h4>2\/ Statistique :<\/h4>\n<ul>\n<li>Indicateur s de suivi : CTR, CPM, CPA, entonnoir d\u2019acquisition, port\u00e9e, impression<\/li>\n<li>Calcul d\u2019un budget de campagne<\/li>\n<li>Fixer le cpc max<\/li>\n<\/ul>\n<h4>3\/ Strat\u00e9gie :<\/h4>\n<ul>\n<li>Marketing, s\u00e9mantique, budget, conversion<\/li>\n<li>R\u00e9seaux search Vs R\u00e9seaux Display<\/li>\n<li>Choisir les mots cl\u00e9s : Pr\u00e9sentation du planificateur des mots cl\u00e9s de Google<\/li>\n<li>Identifier le volume de recherche pour un mot cl\u00e9 avec Google Key words planner<\/li>\n<\/ul>\n<h4>4\/ Gestion d\u2019un compte Google Ads :<\/h4>\n<ul>\n<li>Facturation et administration<\/li>\n<li>Moyens de paiement<\/li>\n<\/ul>\n<h4>5\/ Lancer votre 1er campagne sur Google Ads words sur le r\u00e9seau search :<\/h4>\n<ul>\n<li>Choisir une campagne<\/li>\n<li>S\u00e9lectionner votre audience<\/li>\n<li>Param\u00e9trage de l\u2019ench\u00e8re<\/li>\n<li>Utiliser les ads extension<\/li>\n<li>Param\u00e9trage avanc\u00e9 d\u2019une campagne<\/li>\n<li>Ecrire votre texte<\/li>\n<li>Cr\u00e9er un ensemble publicitaire<\/li>\n<\/ul>\n<h4>6\/ Lancer votre 1er campagne sur Google Ads sur le r\u00e9seau display :<\/h4>\n<ul>\n<li>Choisir une campagne<\/li>\n<li>S\u00e9lectionner votre audience<\/li>\n<li>Param\u00e9trage de l\u2019ench\u00e8re<\/li>\n<li>Utiliser les ads extension<\/li>\n<li>Param\u00e9trage avanc\u00e9 d\u2019une campagne<\/li>\n<li>Ecrire votre texte<\/li>\n<li>Cr\u00e9er un ensemble publicitaire<\/li>\n<\/ul>\n<h4>7\/ Lancer votre 1er campagne sur Google Ads sur youtube :<\/h4>\n<ul>\n<li>Choisir une campagne<\/li>\n<li>S\u00e9lectionner votre audience<\/li>\n<li>Param\u00e9trage des ench\u00e8res<\/li>\n<li>Utiliser les ads extension<\/li>\n<li>Param\u00e9trage avanc\u00e9 d\u2019une campagne<\/li>\n<li>Ecrire votre texte<\/li>\n<li>Cr\u00e9er un ensemble publicitaire<\/li>\n<\/ul>\n<h4>8\/ Audit et analyse des rapports :<\/h4>\n<ul>\n<li>Indicateurs cl\u00e9s<\/li>\n<li>Cr\u00e9ation de rapports<\/li>\n<li>connect\u00e9 Google analytics<\/li>\n<li>Calcul ROI<\/li>\n<\/ul>\n<h4>9\/ comprendre le fonctionnement du remarketing :<\/h4>\n<ul>\n<li>Introduction<\/li>\n<li>Elaborer une liste de remarketing avec Google ads et Google Analytics<\/li>\n<li>Diff\u00e9rents types de remarketing<\/li>\n<li>Impact du remarketing sur le Chiffres d\u2019affaires et le ROI<\/li>\n<\/ul>\n<h4>10\/ Lancer sa campagne de remarketing :<\/h4>\n<ul>\n<li>Lier Google ads \u00e0 Google analytics<\/li>\n<li>Explication des tags de remarketing<\/li>\n<li>Les r\u00e8gles \u00e0 respecter<\/li>\n<li>Utiliser Google analytics et ads<\/li>\n<li>Mise \u00e0 jour des tags<\/li>\n<li>Cr\u00e9ation des audiences pour du remarketing dynmaiques<\/li>\n<li>Installation d\u2019une campagne RLSA. Cr\u00e9ation des audiences<\/li>\n<\/ul>\n<h4>11\/ Calcul du budget de remarketing:<\/h4>\n<ul>\n<li>\u00c9laborer un budget<\/li>\n<li>Utiliser des combinaisons avanc\u00e9es<\/li>\n<li>Remarketing bas\u00e9e sur le funnel et remarketing bas\u00e9 sur les caract\u00e9ristiques<\/li>\n<\/ul>\n<h4>12\/ Atelier pratique:<\/h4>\n<ul>\n<li>Installation des tags<\/li>\n<li>Mise en place des campagnes de retargeting<\/li>\n<li>Accompagnement pour le lancement des campagnes des remarketing sur Google Ads<\/li>\n<\/ul>\n<h4>13\/ Test final<\/h4>\n<ul>\n<li>Test final<\/li>\n<li>Octroi des certificats<\/li>\n<\/ul>\n<p>&nbsp;<\/p>","protected":false},"excerpt":{"rendered":"<p><span style=\"font-weight: 400;\">Une formation compl\u00e8te vous permettra d\u2019installer le google tag au sein de votre site web gr\u00e2ce auquel vous pourrez mesurer, optimiser et cr\u00e9er des audiences dans le cadre de vos campagnes publicitaires. Vous pouvez aussi relancer vos prospects de cette fa\u00e7on a pour but ultime de les ramener vers votre site afin de g\u00e9n\u00e9rer la conversion d\u00e9sir\u00e9e (l\u2019action \u2013 achat, t\u00e9l\u00e9chargement, compl\u00e9tion de formulaire, etc. \u2013 que vous souhaitez qu\u2019ils posent). Notre formation vous apprend comment utiliser cette strat\u00e9gie qui augmente vos chances d\u2019atteindre vos objectifs.<\/span><\/p>\n<p><strong>Certification training\u00a0<\/strong><\/p>\n<p><strong>Dur\u00e9e: 10 heures<\/strong><\/p>\n<p><strong>Choisissez la solution la plus adapt\u00e9e \u00e0 votre situation: Horaires\/ m\u00e9thode (en ligne &amp; en salle)<\/strong><\/p>\n<p><strong>Enregistrement de la formation \u00e0 la demande<\/strong><\/p>\n<p><strong>Si vous souhaitez avoir des informations sur n\u2019importe quels services:\u00a0<\/strong><\/p>\n<ul>\n<li style=\"font-weight: 400;\" aria-level=\"1\"><span style=\"font-weight: 400;\">Vous pouvez \u00e9galement nous contacter par t\u00e9l\u00e9phone : <strong>(+216) 36 361 552<\/strong><br \/>\n<strong>(+216) 21 233 192<\/strong><\/span><\/li>\n<li style=\"font-weight: 400;\" aria-level=\"1\">Ou n&rsquo;h\u00e9sitez pas \u00e0 remplir le formulaire : <strong><a href=\"https:\/\/www.e2b-consulting.com\/en\/agence-growth-hacking-contactez-nous\/\">CONTACTEZ-NOUS.<\/a><\/strong><\/li>\n<\/ul>","protected":false},"featured_media":7642,"template":"","meta":[],"product_cat":[56,62,57,51],"product_tag":[],"class_list":{"0":"post-4539","1":"product","2":"type-product","3":"status-publish","4":"has-post-thumbnail","6":"product_cat-formations","7":"product_cat-francais","8":"product_cat-kais-khnine","9":"product_cat-marketing","11":"first","12":"instock","13":"shipping-taxable","14":"product-type-simple"},"aioseo_notices":[],"_links":{"self":[{"href":"https:\/\/www.e2b-consulting.com\/en\/wp-json\/wp\/v2\/product\/4539"}],"collection":[{"href":"https:\/\/www.e2b-consulting.com\/en\/wp-json\/wp\/v2\/product"}],"about":[{"href":"https:\/\/www.e2b-consulting.com\/en\/wp-json\/wp\/v2\/types\/product"}],"wp:featuredmedia":[{"embeddable":true,"href":"https:\/\/www.e2b-consulting.com\/en\/wp-json\/wp\/v2\/media\/7642"}],"wp:attachment":[{"href":"https:\/\/www.e2b-consulting.com\/en\/wp-json\/wp\/v2\/media?parent=4539"}],"wp:term":[{"taxonomy":"product_cat","embeddable":true,"href":"https:\/\/www.e2b-consulting.com\/en\/wp-json\/wp\/v2\/product_cat?post=4539"},{"taxonomy":"product_tag","embeddable":true,"href":"https:\/\/www.e2b-consulting.com\/en\/wp-json\/wp\/v2\/product_tag?post=4539"}],"curies":[{"name":"wp","href":"https:\/\/api.w.org\/{rel}","templated":true}]}}