{"id":4625,"date":"2020-10-02T16:16:44","date_gmt":"2020-10-02T14:16:44","guid":{"rendered":"https:\/\/www.e2b-consulting.com\/?post_type=product&#038;p=4625"},"modified":"2025-03-06T22:29:03","modified_gmt":"2025-03-06T21:29:03","slug":"administration-dun-site-web-avec-le-cms-wordpress","status":"publish","type":"product","link":"https:\/\/www.e2b-consulting.com\/en\/formations\/formations\/administration-dun-site-web-avec-le-cms-wordpress\/","title":{"rendered":"wordpress training: Administration of a website with the wordpress CMS"},"content":{"rendered":"<p><span style=\"font-weight: 400;\">La formation WordPress, permet la cr\u00e9ation et l&rsquo;administration d\u2019un site web sur le CMS WP a pour but de permettre \u00e0 un utilisateur de cr\u00e9er et d&rsquo;administrer un site web complet \u00e0 mission professionnelle.<\/span><\/p>\n<p><span style=\"font-weight: 400;\">Avec cette formation vous n&rsquo;avez pas besoin d&rsquo;engager un d\u00e9veloppeur pour r\u00e9aliser un site internet qui cartonne avec la formation WordPress de <\/span><span style=\"font-weight: 400;\">e2b consulting<\/span><span style=\"font-weight: 400;\">.<\/span><\/p>\n<p><span style=\"font-weight: 400;\">Vous apprendrez \u00e0 cr\u00e9er un site internet professionnel avec le CMS WordPress, sans avoir besoin de coder.<\/span><\/p>\n<p>&nbsp;<\/p>\n<h2><strong>Les objectifs de la formation<\/strong><strong>:<\/strong><\/h2>\n<p><a href=\"https:\/\/www.e2b-consulting.com\/en\/catalogue-de-formation-marketing-digital-2022\/\">Les objectifs de la formation<\/a> d&rsquo;administration d\u2019un site web avec le CMS <a href=\"https:\/\/www.youtube.com\/watch?v=YEJxtPKkbyA&amp;t=5s\">wordpress<\/a> sont d\u2019acqu\u00e9rir les comp\u00e9tences suivantes:<\/p>\n<ul>\n<li>Comprendre la structure d\u2019administration d\u2019un site web avec wordpress<\/li>\n<li>Gestion des r\u00f4les et des acc\u00e8s<\/li>\n<li>Mise \u00e0 jour du contenu<\/li>\n<li>Gestion des plugins et des mises \u00e0 jour<\/li>\n<\/ul>\n<h3><strong>Le programme de la formation wordpress:<\/strong><\/h3>\n<h4>1- Pr\u00e9sentation de la <strong>in community<\/strong>:<\/h4>\n<ul>\n<li>Qu\u2019est-ce que WordPress?<\/li>\n<li>Avantages et inconv\u00e9nients<\/li>\n<li>La communaut\u00e9.<\/li>\n<\/ul>\n<p>&nbsp;<\/p>\n<h4>2- D\u00e9couverte de l\u2019interface de WordPress<\/h4>\n<ul>\n<li>Le tableau de bord<\/li>\n<li>Les articles<\/li>\n<li>Les m\u00e9dias<\/li>\n<li>Les liens<\/li>\n<li>Les pages<\/li>\n<li>Les commentaires<\/li>\n<li>L\u2019apparence<\/li>\n<\/ul>\n<p>&nbsp;<\/p>\n<h4>3-\u00a0 G\u00e9rer le contenu d\u2019un site avec wordpress:<\/h4>\n<ul>\n<li>Ajouter\/\u00e9diter un article<\/li>\n<li>Ajouter\/\u00e9diter une page<\/li>\n<li>\u00c9crire et g\u00e9rer les liens et les cat\u00e9gories de liens<\/li>\n<li>Gestion et param\u00e9trage des commentaires<\/li>\n<li>Gestion des utilisateurs<\/li>\n<li>Diff\u00e9rents param\u00e9trages du site<\/li>\n<\/ul>\n<p>&nbsp;<\/p>\n<h4>4-\u00a0 Administration WordPress<\/h4>\n<ul>\n<li>Mise \u00e0 jour WordPress<\/li>\n<li>Utilisation des Widgets<\/li>\n<li>Utilisation et gestion des extensions<\/li>\n<\/ul>\n<p>&nbsp;<\/p>\n<h4>5-\u00a0 Gestion des plugins<\/h4>\n<ul>\n<li>Des banni\u00e8res<\/li>\n<li><a href=\"https:\/\/www.e2b-consulting.com\/en\/comment-etre-en-premiere-position-sur-google\/\">Du r\u00e9f\u00e9rencement naturel<\/a><\/li>\n<li>Gestion et installation des plugins<\/li>\n<\/ul>\n<p>&nbsp;<\/p>\n<h4>6-\u00a0 Atelier pratique dans la formation wordpress<\/h4>\n<p>&nbsp;<\/p>\n<p>En cons\u00e9quence, fin de la formation et octroi\u00a0<strong>des certificats de participation.<\/strong><\/p>\n<p>Cette formation\u00a0est fait pour vous.<\/p>","protected":false},"excerpt":{"rendered":"<p><span style=\"font-weight: 400;\">Une formation la plus compl\u00e8te et la plus aboutie pour apprendre \u00e0 faire des sites WordPress admirablement con\u00e7us et optimis\u00e9s SEO. De l\u2019installation \u00e0 la cr\u00e9ation du contenu, nos experts WordPress vous r\u00e9v\u00e8lent les secrets et la puissance de ce CMS.<\/span><\/p>\n<p><strong>Certification training<\/strong><\/p>\n<p><strong>Dur\u00e9e: 17 heures<\/strong><\/p>\n<p><strong>Choisissez la solution la plus adapt\u00e9e \u00e0 votre situation: Horaires\/ m\u00e9thode (en ligne &amp; en salle)<\/strong><\/p>\n<p><strong>Enregistrement de la formation \u00e0 la demande<\/strong><\/p>\n<p>&nbsp;<\/p>\n<p><strong>Si vous souhaitez avoir des informations sur n\u2019importe quels services:\u00a0<\/strong><\/p>\n<ul>\n<li style=\"font-weight: 400;\" aria-level=\"1\"><span style=\"font-weight: 400;\">Vous pouvez \u00e9galement nous contacter par t\u00e9l\u00e9phone <strong>: (+216) 36 361 552<br \/>\n(+216) 21 233 192<\/strong><\/span><\/li>\n<li style=\"font-weight: 400;\" aria-level=\"1\">Ou n&rsquo;h\u00e9sitez pas \u00e0 remplir le formulaire : <strong><a href=\"https:\/\/www.e2b-consulting.com\/en\/agence-growth-hacking-contactez-nous\/\">CONTACTEZ-NOUS.<\/a><\/strong><\/li>\n<\/ul>","protected":false},"featured_media":7664,"template":"","meta":[],"product_cat":[56],"product_tag":[],"class_list":{"0":"post-4625","1":"product","2":"type-product","3":"status-publish","4":"has-post-thumbnail","6":"product_cat-formations","8":"first","9":"instock","10":"shipping-taxable","11":"product-type-simple"},"aioseo_notices":[],"_links":{"self":[{"href":"https:\/\/www.e2b-consulting.com\/en\/wp-json\/wp\/v2\/product\/4625"}],"collection":[{"href":"https:\/\/www.e2b-consulting.com\/en\/wp-json\/wp\/v2\/product"}],"about":[{"href":"https:\/\/www.e2b-consulting.com\/en\/wp-json\/wp\/v2\/types\/product"}],"wp:featuredmedia":[{"embeddable":true,"href":"https:\/\/www.e2b-consulting.com\/en\/wp-json\/wp\/v2\/media\/7664"}],"wp:attachment":[{"href":"https:\/\/www.e2b-consulting.com\/en\/wp-json\/wp\/v2\/media?parent=4625"}],"wp:term":[{"taxonomy":"product_cat","embeddable":true,"href":"https:\/\/www.e2b-consulting.com\/en\/wp-json\/wp\/v2\/product_cat?post=4625"},{"taxonomy":"product_tag","embeddable":true,"href":"https:\/\/www.e2b-consulting.com\/en\/wp-json\/wp\/v2\/product_tag?post=4625"}],"curies":[{"name":"wp","href":"https:\/\/api.w.org\/{rel}","templated":true}]}}