{"id":4626,"date":"2020-10-02T16:21:40","date_gmt":"2020-10-02T14:21:40","guid":{"rendered":"https:\/\/www.e2b-consulting.com\/?post_type=product&#038;p=4626"},"modified":"2025-03-06T22:37:06","modified_gmt":"2025-03-06T21:37:06","slug":"administration-dun-site-web-avec-le-cms-joomla","status":"publish","type":"product","link":"https:\/\/www.e2b-consulting.com\/en\/formations\/type\/formation-en-linge\/administration-dun-site-web-avec-le-cms-joomla\/","title":{"rendered":"Training: Administration of a website with the Joomla CMS"},"content":{"rendered":"<p><span style=\"font-weight: 400;\">La formation, <a href=\"https:\/\/www.web-eau.net\/cms-joomla\/parcours-de-formation\/qu-est-ce-qu-un-cms-et-pourquoi-joomla\">administration d\u2019un site web<\/a> avec le CMS Joomla, visant \u00e0 ma\u00eetriser toutes ses allures.<\/span><\/p>\n<p><span style=\"font-weight: 400;\"> D&rsquo;abord, de l&rsquo;installation, la mise en production et la configuration, jusqu&rsquo;\u00e0 l&rsquo;administration de chaque fonctionnalit\u00e9 de Joomla.\u00a0<\/span><\/p>\n<p><span style=\"font-weight: 400;\">En fait, l\u2019objectif d\u2019exercer le r\u00f4le de super administrateur Joomla. Par ailleurs, toutes les fonctions de Joomla sont expliqu\u00e9es et mises en pratique.<\/span><\/p>\n<p><span style=\"font-weight: 400;\"> Premi\u00e8rement, la gestion des contenus et le param\u00e9trage des menus et des utilisateurs, deuxi\u00e8mement\u00a0 la conception d\u2019un Template est finalement l\u2019administration des extensions additionnelles.<\/span><\/p>\n<p><span style=\"font-weight: 400;\">En revanche , devenir administrateur Joomla, cette <a href=\"https:\/\/www.e2b-consulting.com\/en\/formations\/\">in community<\/a> est fait pour vous. <\/span><\/p>\n<h2><strong>Les objectifs de la formation joomla:<\/strong><\/h2>\n<ul>\n<li>Gestion des r\u00f4les et des acc\u00e8s<\/li>\n<li>Mise \u00e0 jour du contenu<\/li>\n<li>Gestion des plugins et des mises \u00e0 jour<\/li>\n<\/ul>\n<p>&nbsp;<\/p>\n<h2><strong>Le programme de la formation cms joomla:<\/strong><\/h2>\n<h3><strong>1- Pr\u00e9sentation du HTML et de CSS 3<\/strong><\/h3>\n<ul>\n<li>Pr\u00e9sentation<\/li>\n<li>Les balises<\/li>\n<li>Modification des fichiers<\/li>\n<\/ul>\n<p>&nbsp;<\/p>\n<h4><strong>\u00a0A- G\u00e9n\u00e9ralit\u00e9s du HTML<\/strong><\/h4>\n<ul>\n<li>Structure type d&rsquo;une page HTML<\/li>\n<li>Format des commandes<\/li>\n<li>Exemple de message<\/li>\n<\/ul>\n<p>&nbsp;<\/p>\n<h4><strong>\u00a0B- Structure d&rsquo;un document HTML<\/strong><\/h4>\n<ul>\n<li>Les balises principales HTML<\/li>\n<li>L&rsquo;instruction !DOCTYPE<\/li>\n<li>Les balises BDO, INS et DEL<\/li>\n<\/ul>\n<p>&nbsp;<\/p>\n<h4><strong>C- L&rsquo;en-t\u00eate HTML<\/strong><\/h4>\n<ul>\n<li>la balise META<\/li>\n<li>La reconnaissance par les moteurs de recherche<\/li>\n<\/ul>\n<p>&nbsp;<\/p>\n<h4><strong>D- Les styles de Paragraphe<\/strong><\/h4>\n<ul>\n<li>Les en-t\u00eates de paragraphe<\/li>\n<li>Les sauts de paragraphe<\/li>\n<li>Formatage des textes<\/li>\n<li>Les balises DIV et SPAN<\/li>\n<li>Le formatage des textes par balises<\/li>\n<li>Les s\u00e9parateurs graphiques<\/li>\n<\/ul>\n<p>&nbsp;<\/p>\n<h4><strong>E- Les hyperliens<\/strong><\/h4>\n<ul>\n<li>Les liens hypertexte<\/li>\n<li>Les autres types de liens<\/li>\n<\/ul>\n<p>&nbsp;<\/p>\n<h4><strong>F- Travaux pratiques<\/strong><\/h4>\n<p>&nbsp;<\/p>\n<h3><strong>2- D\u00e9couverte de l\u2019interface:<\/strong><\/h3>\n<ul>\n<li>Le tableau de bord<\/li>\n<li>Les articles<\/li>\n<li>Les m\u00e9dias<\/li>\n<li>Les liens<\/li>\n<li>Les pages<\/li>\n<li>Les commentaires<\/li>\n<\/ul>\n<p>&nbsp;<\/p>\n<h3><strong>3- G\u00e9rer le contenu d\u2019un site:<\/strong><\/h3>\n<ul>\n<li>Ajouter\/\u00e9diter un article<\/li>\n<li>Ajouter\/\u00e9diter une page<\/li>\n<li>\u00c9crire et g\u00e9rer les liens et les cat\u00e9gories de liens<\/li>\n<li>Gestion et param\u00e9trage des commentaires<\/li>\n<li>Gestion des utilisateurs<\/li>\n<\/ul>\n<p><strong>\u00a0<\/strong><\/p>\n<h3><strong>4- Administration Joomla:<\/strong><\/h3>\n<ul>\n<li>Mise \u00e0 jour Joomla<\/li>\n<li>Utilisation des Widgets<\/li>\n<li>Utilisation et gestion des extensions<\/li>\n<\/ul>\n<p>&nbsp;<\/p>\n<h3><strong>5- Gestion des plugins:<\/strong><\/h3>\n<ul>\n<li>Plugin des banni\u00e8res<\/li>\n<li>Natural SEO<\/li>\n<li>Gestion et installation des plugins<\/li>\n<\/ul>\n<p>&nbsp;<\/p>\n<h3><strong>6- Exercice pratique:<\/strong><\/h3>\n<ul>\n<li>Application et test pratique<\/li>\n<\/ul>\n<p><strong>\u00a0<\/strong><\/p>","protected":false},"excerpt":{"rendered":"<p><span class=\"corrected-phrase corrected-phrase_synonyms-mode ng-star-inserted\" data-end=\"3\" data-originaltext=\"Vous\" data-start=\"0\" data-text=\"\"><span class=\"corrected-phrase__displayed-text corrected-phrase__displayed-text_no-correction corrected-phrase__displayed-text_synonyms-mode ng-star-inserted\">Vous<\/span><\/span> <span class=\"corrected-phrase corrected-phrase_synonyms-mode ng-star-inserted\" data-end=\"8\" data-originaltext=\"\u00eates\" data-start=\"5\" data-text=\"\"><span class=\"corrected-phrase__displayed-text corrected-phrase__displayed-text_no-correction corrected-phrase__displayed-text_synonyms-mode ng-star-inserted\">\u00eates<\/span><\/span> <span class=\"corrected-phrase corrected-phrase_synonyms-mode ng-star-inserted\" data-end=\"11\" data-originaltext=\"un\" data-start=\"10\" data-text=\"\"><span class=\"corrected-phrase__displayed-text corrected-phrase__displayed-text_no-correction corrected-phrase__displayed-text_synonyms-mode ng-star-inserted\">un<\/span><\/span> <span class=\"corrected-phrase corrected-phrase_synonyms-mode ng-star-inserted\" data-end=\"21\" data-originaltext=\"webmaster\" data-start=\"13\" data-text=\"\"><span class=\"corrected-phrase__displayed-text corrected-phrase__displayed-text_no-correction corrected-phrase__displayed-text_synonyms-mode ng-star-inserted\">webmaster<\/span><\/span><span class=\"corrected-phrase ng-star-inserted\" data-end=\"22\" data-originaltext=\",\" data-start=\"22\" data-text=\"\"><span class=\"corrected-phrase__displayed-text corrected-phrase__displayed-text_no-correction ng-star-inserted\">,<\/span><\/span> <span class=\"corrected-phrase corrected-phrase_synonyms-mode ng-star-inserted\" data-end=\"32\" data-originaltext=\"d\u00e9sormais\" data-start=\"24\" data-text=\"\"><span class=\"corrected-phrase__displayed-text corrected-phrase__displayed-text_no-correction corrected-phrase__displayed-text_synonyms-mode ng-star-inserted\">d\u00e9sormais<\/span><\/span> <span class=\"corrected-phrase corrected-phrase_synonyms-mode ng-star-inserted\" data-end=\"37\" data-originaltext=\"avec\" data-start=\"34\" data-text=\"\"><span class=\"corrected-phrase__displayed-text corrected-phrase__displayed-text_no-correction corrected-phrase__displayed-text_synonyms-mode ng-star-inserted\">avec<\/span><\/span> <span class=\"corrected-phrase corrected-phrase_synonyms-mode ng-star-inserted\" data-end=\"41\" data-originaltext=\"nos\" data-start=\"39\" data-text=\"\"><span class=\"corrected-phrase__displayed-text corrected-phrase__displayed-text_no-correction corrected-phrase__displayed-text_synonyms-mode ng-star-inserted\">nos<\/span><\/span> <span class=\"corrected-phrase corrected-phrase_synonyms-mode ng-star-inserted\" data-end=\"52\" data-originaltext=\"formations\" data-start=\"43\" data-text=\"\"><span class=\"corrected-phrase__displayed-text corrected-phrase__displayed-text_no-correction corrected-phrase__displayed-text_synonyms-mode ng-star-inserted\">trainings<\/span><\/span> <span class=\"corrected-phrase corrected-phrase_synonyms-mode ng-star-inserted\" data-end=\"62\" data-originaltext=\"pratiques\" data-start=\"54\" data-text=\"\"><span class=\"corrected-phrase__displayed-text corrected-phrase__displayed-text_no-correction corrected-phrase__displayed-text_synonyms-mode ng-star-inserted\">pratiques<\/span><\/span><span class=\"corrected-phrase ng-star-inserted\" data-end=\"63\" data-originaltext=\",\" data-start=\"63\" data-text=\"\"><span class=\"corrected-phrase__displayed-text corrected-phrase__displayed-text_no-correction ng-star-inserted\">,<\/span><\/span> <span class=\"corrected-phrase corrected-phrase_synonyms-mode ng-star-inserted\" data-end=\"68\" data-originaltext=\"vous\" data-start=\"65\" data-text=\"\"><span class=\"corrected-phrase__displayed-text corrected-phrase__displayed-text_no-correction corrected-phrase__displayed-text_synonyms-mode ng-star-inserted\">vous<\/span><\/span> <span class=\"corrected-phrase corrected-phrase_synonyms-mode ng-star-inserted\" data-end=\"74\" data-originaltext=\"allez\" data-start=\"70\" data-text=\"\"><span class=\"corrected-phrase__displayed-text corrected-phrase__displayed-text_no-correction corrected-phrase__displayed-text_synonyms-mode ng-star-inserted\">allez<\/span><\/span> <span class=\"corrected-phrase corrected-phrase_synonyms-mode ng-star-inserted\" data-end=\"84\" data-originaltext=\"ma\u00eetriser\" data-start=\"76\" data-text=\"\"><span class=\"corrected-phrase__displayed-text corrected-phrase__displayed-text_no-correction corrected-phrase__displayed-text_synonyms-mode ng-star-inserted\">ma\u00eetriser<\/span><\/span> <span class=\"corrected-phrase corrected-phrase_synonyms-mode ng-star-inserted\" data-end=\"100\" data-originaltext=\"l'environnement\" data-start=\"86\" data-text=\"\"><span class=\"corrected-phrase__displayed-text corrected-phrase__displayed-text_no-correction corrected-phrase__displayed-text_synonyms-mode ng-star-inserted\">l<\/span><span class=\"corrected-phrase__displayed-text corrected-phrase__displayed-text_no-correction ng-star-inserted\">&lsquo;<\/span><span class=\"corrected-phrase__displayed-text corrected-phrase__displayed-text_no-correction corrected-phrase__displayed-text_synonyms-mode ng-star-inserted\">environnement<\/span><\/span> <span class=\"corrected-phrase corrected-phrase_synonyms-mode ng-star-inserted\" data-end=\"103\" data-originaltext=\"du\" data-start=\"102\" data-text=\"\"><span class=\"corrected-phrase__displayed-text corrected-phrase__displayed-text_no-correction corrected-phrase__displayed-text_synonyms-mode ng-star-inserted\">du<\/span><\/span> <span class=\"corrected-phrase corrected-phrase_synonyms-mode ng-star-inserted\" data-end=\"107\" data-originaltext=\"CMS\" data-start=\"105\" data-text=\"\"><span class=\"corrected-phrase__displayed-text corrected-phrase__displayed-text_no-correction corrected-phrase__displayed-text_synonyms-mode ng-star-inserted\">CMS<\/span><\/span> <span class=\"corrected-phrase corrected-phrase_synonyms-mode ng-star-inserted\" data-end=\"114\" data-originaltext=\"Joomla\" data-start=\"109\" data-text=\"\"><span class=\"corrected-phrase__displayed-text corrected-phrase__displayed-text_no-correction corrected-phrase__displayed-text_synonyms-mode ng-star-inserted\">Joomla<\/span><\/span><span class=\"corrected-phrase ng-star-inserted\" data-end=\"115\" data-originaltext=\".\" data-start=\"115\" data-text=\"\"><span class=\"corrected-phrase__displayed-text corrected-phrase__displayed-text_no-correction ng-star-inserted\">.<\/span><\/span> <span class=\"corrected-phrase corrected-phrase_synonyms-mode ng-star-inserted\" data-end=\"122\" data-originaltext=\"Toutes\" data-start=\"117\" data-text=\"\"><span class=\"corrected-phrase__displayed-text corrected-phrase__displayed-text_no-correction corrected-phrase__displayed-text_synonyms-mode ng-star-inserted\">Toutes<\/span><\/span> <span class=\"corrected-phrase corrected-phrase_synonyms-mode ng-star-inserted\" data-end=\"126\" data-originaltext=\"les\" data-start=\"124\" data-text=\"\"><span class=\"corrected-phrase__displayed-text corrected-phrase__displayed-text_no-correction corrected-phrase__displayed-text_synonyms-mode ng-star-inserted\">les<\/span><\/span> <span class=\"corrected-phrase corrected-phrase_synonyms-mode ng-star-inserted\" data-end=\"142\" data-originaltext=\"fonctionnalit\u00e9s\" data-start=\"128\" data-text=\"\"><span class=\"corrected-phrase__displayed-text corrected-phrase__displayed-text_no-correction corrected-phrase__displayed-text_synonyms-mode ng-star-inserted\">fonctionnalit\u00e9s<\/span><\/span> <span class=\"corrected-phrase corrected-phrase_synonyms-mode ng-star-inserted\" data-end=\"145\" data-originaltext=\"et\" data-start=\"144\" data-text=\"\"><span class=\"corrected-phrase__displayed-text corrected-phrase__displayed-text_no-correction corrected-phrase__displayed-text_synonyms-mode ng-star-inserted\">et<\/span><\/span> <span class=\"corrected-phrase corrected-phrase_synonyms-mode ng-star-inserted\" data-end=\"149\" data-originaltext=\"les\" data-start=\"147\" data-text=\"\"><span class=\"corrected-phrase__displayed-text corrected-phrase__displayed-text_no-correction corrected-phrase__displayed-text_synonyms-mode ng-star-inserted\">les<\/span><\/span> <span class=\"corrected-phrase corrected-phrase_synonyms-mode ng-star-inserted\" data-end=\"160\" data-originaltext=\"extensions\" data-start=\"151\" data-text=\"\"><span class=\"corrected-phrase__displayed-text corrected-phrase__displayed-text_no-correction corrected-phrase__displayed-text_synonyms-mode ng-star-inserted\">extensions<\/span><\/span> <span class=\"corrected-phrase corrected-phrase_synonyms-mode ng-star-inserted\" data-end=\"167\" data-originaltext=\"seront\" data-start=\"162\" data-text=\"\"><span class=\"corrected-phrase__displayed-text corrected-phrase__displayed-text_no-correction corrected-phrase__displayed-text_synonyms-mode ng-star-inserted\">seront<\/span><\/span> <span class=\"corrected-phrase corrected-phrase_synonyms-mode ng-star-inserted\" data-end=\"176\" data-originaltext=\"\u00e9tudi\u00e9es\" data-start=\"169\" data-text=\"\"><span class=\"corrected-phrase__displayed-text corrected-phrase__displayed-text_no-correction corrected-phrase__displayed-text_synonyms-mode ng-star-inserted\">\u00e9tudi\u00e9es<\/span><\/span> <span class=\"corrected-phrase corrected-phrase_synonyms-mode ng-star-inserted\" data-end=\"181\" data-originaltext=\"dans\" data-start=\"178\" data-text=\"\"><span class=\"corrected-phrase__displayed-text corrected-phrase__displayed-text_no-correction corrected-phrase__displayed-text_synonyms-mode ng-star-inserted\">dans<\/span><\/span> <span class=\"corrected-phrase corrected-phrase_synonyms-mode ng-star-inserted\" data-end=\"186\" data-originaltext=\"leur\" data-start=\"183\" data-text=\"\"><span class=\"corrected-phrase__displayed-text corrected-phrase__displayed-text_no-correction corrected-phrase__displayed-text_synonyms-mode ng-star-inserted\">leur<\/span><\/span> <span class=\"corrected-phrase corrected-phrase_synonyms-mode ng-star-inserted\" data-end=\"193\" data-originaltext=\"d\u00e9tail\" data-start=\"188\" data-text=\"\"><span class=\"corrected-phrase__displayed-text corrected-phrase__displayed-text_no-correction corrected-phrase__displayed-text_synonyms-mode ng-star-inserted\">d\u00e9tail<\/span><\/span> <span class=\"corrected-phrase corrected-phrase_synonyms-mode ng-star-inserted\" data-end=\"197\" data-originaltext=\"les\" data-start=\"195\" data-text=\"\"><span class=\"corrected-phrase__displayed-text corrected-phrase__displayed-text_no-correction corrected-phrase__displayed-text_synonyms-mode ng-star-inserted\">les<\/span><\/span> <span class=\"corrected-phrase corrected-phrase_synonyms-mode ng-star-inserted\" data-end=\"202\" data-originaltext=\"plus\" data-start=\"199\" data-text=\"\"><span class=\"corrected-phrase__displayed-text corrected-phrase__displayed-text_no-correction corrected-phrase__displayed-text_synonyms-mode ng-star-inserted\">plus<\/span><\/span> <span class=\"corrected-phrase corrected-phrase_synonyms-mode ng-star-inserted\" data-end=\"214\" data-originaltext=\"compliqu\u00e9es\" data-start=\"204\" data-text=\"\"><span class=\"corrected-phrase__displayed-text corrected-phrase__displayed-text_no-correction corrected-phrase__displayed-text_synonyms-mode ng-star-inserted\">compliqu\u00e9es<\/span><\/span><span class=\"corrected-phrase ng-star-inserted\" data-end=\"215\" data-originaltext=\".\" data-start=\"215\" data-text=\"\"><span class=\"corrected-phrase__displayed-text corrected-phrase__displayed-text_no-correction ng-star-inserted\">.<\/span><\/span><\/p>\n<p><strong>Certification training<\/strong><\/p>\n<p><strong>Dur\u00e9e: 17 heures<\/strong><\/p>\n<p><strong>Choisissez la solution la plus adapt\u00e9e \u00e0 votre situation: Horaires\/ m\u00e9thode <\/strong>(en ligne &amp; en salle)<\/p>\n<p><strong>Examen final<\/strong><\/p>\n<p><strong>Enregistrement de la formation \u00e0 la demande<\/strong><\/p>\n<p>&nbsp;<\/p>\n<p><strong>Si vous souhaitez avoir des informations sur n\u2019importe quels services:\u00a0<\/strong><\/p>\n<ul>\n<li style=\"font-weight: 400;\" aria-level=\"1\"><span style=\"font-weight: 400;\">Vous pouvez \u00e9galement nous contacter par t\u00e9l\u00e9phone : <strong>(+216) 36 361 552<\/strong><br \/>\n<strong>(+216) 21 233 192<\/strong><\/span><\/li>\n<li style=\"font-weight: 400;\" aria-level=\"1\">Ou n&rsquo;h\u00e9sitez pas \u00e0 remplir le formulaire : <strong><a href=\"https:\/\/www.e2b-consulting.com\/en\/agence-growth-hacking-contactez-nous\/\">CONTACTEZ-NOUS.<\/a><\/strong><\/li>\n<\/ul>","protected":false},"featured_media":7663,"template":"","meta":[],"product_cat":[56,62,66,53],"product_tag":[],"class_list":{"0":"post-4626","1":"product","2":"type-product","3":"status-publish","4":"has-post-thumbnail","6":"product_cat-formations","7":"product_cat-francais","8":"product_cat-formation-en-linge","9":"product_cat-development","11":"first","12":"instock","13":"shipping-taxable","14":"product-type-simple"},"aioseo_notices":[],"_links":{"self":[{"href":"https:\/\/www.e2b-consulting.com\/en\/wp-json\/wp\/v2\/product\/4626"}],"collection":[{"href":"https:\/\/www.e2b-consulting.com\/en\/wp-json\/wp\/v2\/product"}],"about":[{"href":"https:\/\/www.e2b-consulting.com\/en\/wp-json\/wp\/v2\/types\/product"}],"wp:featuredmedia":[{"embeddable":true,"href":"https:\/\/www.e2b-consulting.com\/en\/wp-json\/wp\/v2\/media\/7663"}],"wp:attachment":[{"href":"https:\/\/www.e2b-consulting.com\/en\/wp-json\/wp\/v2\/media?parent=4626"}],"wp:term":[{"taxonomy":"product_cat","embeddable":true,"href":"https:\/\/www.e2b-consulting.com\/en\/wp-json\/wp\/v2\/product_cat?post=4626"},{"taxonomy":"product_tag","embeddable":true,"href":"https:\/\/www.e2b-consulting.com\/en\/wp-json\/wp\/v2\/product_tag?post=4626"}],"curies":[{"name":"wp","href":"https:\/\/api.w.org\/{rel}","templated":true}]}}