{"id":4627,"date":"2020-10-02T16:29:48","date_gmt":"2020-10-02T14:29:48","guid":{"rendered":"https:\/\/www.e2b-consulting.com\/?post_type=product&#038;p=4627"},"modified":"2025-03-06T22:42:27","modified_gmt":"2025-03-06T21:42:27","slug":"acculturation-digitale","status":"publish","type":"product","link":"https:\/\/www.e2b-consulting.com\/en\/formations\/type\/formation-en-linge\/acculturation-digitale\/","title":{"rendered":"Training: Digital Acculturation"},"content":{"rendered":"<h2><strong>Programme de la formation: <\/strong>Acculturation digitale<\/h2>\n<p><span style=\"font-weight: 400;\">Acculturation digitale, en fait cette <a href=\"https:\/\/www.e2b-consulting.com\/en\/catalogue-de-formation-marketing-digital-2022\/\">in community<\/a> est faite pour vous. <\/span><span style=\"font-weight: 400;\">En premier lieu, vous allez d\u00e9couvrir la culture digitale, <\/span><span style=\"font-weight: 400;\">et comment r\u00e9aliser <a href=\"https:\/\/www.hpe.com\/fr\/fr\/what-is\/digital-transformation.html#:~:text=La%20transformation%20digitale%20est%20le,et%20pas%20seulement%20les%20technologies.\">une transformation digitale<\/a> efficace <\/span><span style=\"font-weight: 400;\">pour votre entreprise.<\/span><\/p>\n<p><span style=\"font-weight: 400;\">En deuxi\u00e8me lieu, vous permet de ma\u00eetriser les bonnes pratiques et les principaux concepts de la culture digitale <\/span>pour devenir plus capable au quotidien et favoriser l\u2019engagement.<\/p>\n<h3>1\/ Contexte actuel de la transformation digitale:<\/h3>\n<ul>\n<li>Chiffres cl\u00e9s<\/li>\n<li>Impact de la technologie dans le monde actuel<\/li>\n<li>Pr\u00e9sentation de l\u2019\u00e9volution technologique<\/li>\n<\/ul>\n<p>&nbsp;<\/p>\n<h3>2\/Pr\u00e9sentation du Cloud computing :<\/h3>\n<ul>\n<li>IaaS: Infrastructures as a Service<\/li>\n<li>SaaS: Software as a Service<\/li>\n<li>PaaS: Platform as a Service<\/li>\n<\/ul>\n<p>&nbsp;<\/p>\n<h3><strong>3\/ Big data:<\/strong><\/h3>\n<ul>\n<li>Int\u00e9r\u00eat de la Big Data<\/li>\n<li>Sources d\u2019acquisition de donn\u00e9es<\/li>\n<li>Business intelligence<\/li>\n<li>Techniques de traitement des donn\u00e9es ainsi Machine learning et Data Mining<\/li>\n<\/ul>\n<p>&nbsp;<\/p>\n<h3><strong>4\/ Intelligence artificielle :<\/strong><\/h3>\n<ul>\n<li>Comprendre le fonctionnement de l\u2019Intelligence artificielle<strong> \u00a0<\/strong><\/li>\n<li>Application de l\u2019Intelligence artificielle<strong> \u00a0<\/strong><\/li>\n<li>Les grands acteurs de l\u2019intelligence artificielle<\/li>\n<li>Impact de l\u2019Intelligence artificielle<strong> \u00a0<\/strong><\/li>\n<\/ul>\n<p>&nbsp;<\/p>\n<h3><strong>5\/ Internet of Things:<\/strong><\/h3>\n<ul>\n<li>Typologie d\u2019objets connect\u00e9s<\/li>\n<li>Les technologies n\u00e9cessaires au fonctionnement de l\u2019IOT<\/li>\n<li>Impact de l\u2019IOT sur l\u2019agriculture, les banques, et le transport, ainsi plusieurs autres domaine<\/li>\n<\/ul>\n<p>&nbsp;<\/p>\n<h3><strong>6\/ Blockchain<\/strong><\/h3>\n<ul>\n<li>Fonctionnement de la blockchain<\/li>\n<li>Les principales fonctionnalit\u00e9s<\/li>\n<li>Les architectures et les technologies de la blockchain<\/li>\n<li>Les usages de la blockchain: (bitcoin et partage des informations)<\/li>\n<\/ul>\n<p>&nbsp;<\/p>\n<h3><strong>7\/ Cybers\u00e9curit\u00e9<\/strong><\/h3>\n<ul>\n<li>\u00c9volution de la cybercriminalit\u00e9 dans le monde<\/li>\n<li>Les solutions organisationnelles de la cybers\u00e9curit\u00e9<\/li>\n<li>Les outils techniques<\/li>\n<li>Comprendre les aspects juridiques<\/li>\n<\/ul>\n<p>&nbsp;<\/p>\n<h3><strong>8\/ Protection de la vie priv\u00e9e:<\/strong><\/h3>\n<ul>\n<li>\u00c9volution du cadre r\u00e9glementaire<\/li>\n<li>Pr\u00e9sentation du RGPD<\/li>\n<li>Outils et terminologies<\/li>\n<li>Impact sur l\u2019entreprise<\/li>\n<li>\u00c9volution future<\/li>\n<\/ul>\n<p>&nbsp;<\/p>\n<h3><strong>9\/Travail collaboratif et BYOD:<\/strong><\/h3>\n<ul>\n<li>Fondamentaux et b\u00e9n\u00e9fices<\/li>\n<li>Limites du travail collaboratif<\/li>\n<li>Les principaux outils du travail collaboratif<\/li>\n<\/ul>\n<p>&nbsp;<\/p>\n<h3><strong>10\/ Mise en place d\u2019une strat\u00e9gie de transformation digitale:<\/strong><\/h3>\n<ul>\n<li>Analyse des donn\u00e9es<\/li>\n<li>R\u00e9ing\u00e9nierie des processus, ainsi les nouveaux paradigmes d\u2019architecture informatique<\/li>\n<li>La culture de la transformations digitale ainsi l&rsquo;analyse<\/li>\n<li>Principaux KPI de suivi<\/li>\n<\/ul>\n<p>&nbsp;<\/p>\n<h3><strong>11\/ Test final\u00a0<\/strong><\/h3>\n<p><span style=\"font-weight: 400;\">En cons\u00e9quence, fin de la formation et octroi <strong>des certificats de participation.<\/strong><\/span><\/p>\n<p>&nbsp;<\/p>\n<p>&nbsp;<\/p>\n<p>&nbsp;<\/p>\n<p><strong>\u00a0<\/strong><\/p>\n<p>&nbsp;<\/p>\n<p>&nbsp;<\/p>","protected":false},"excerpt":{"rendered":"<p><span style=\"font-weight: 400;\">Posez la premi\u00e8re brique de votre transformation digitale, en identifiant les points-cl\u00e9s et le processus \u00e0 adopter. Des changements qui appellent l\u2019expertise de nos consultants pour vous accompagner dans la transformation digitale de votre entreprise. Par cette formation certifi\u00e9e, vous serez capable de mener les changements n\u00e9cessaires au sein de votre organisation et transmettre la culture digitale.<\/span><\/p>\n<p><strong>Certification training<\/strong><\/p>\n<p><strong>Choisissez la solution la plus adapt\u00e9e \u00e0 votre situation: Horaires\/ m\u00e9thode<\/strong> (en ligne &amp;<br \/>\nen salle)<\/p>\n<p><strong>Dur\u00e9e: 14 heures<\/strong><\/p>\n<p><strong>Enregistrement de la formation \u00e0 la demande<\/strong><\/p>\n<p><strong>Si vous souhaitez avoir des informations sur n\u2019importe quels services:\u00a0<\/strong><\/p>\n<ul>\n<li style=\"font-weight: 400;\" aria-level=\"1\"><span style=\"font-weight: 400;\">Vous pouvez \u00e9galement nous contacter par t\u00e9l\u00e9phone : <strong>(+216) 36 361 552<\/strong><br \/>\n<strong>(+216) 21 233 192<\/strong><\/span><\/li>\n<li style=\"font-weight: 400;\" aria-level=\"1\">Ou n&rsquo;h\u00e9sitez pas \u00e0 remplir le formulaire : <strong><a href=\"https:\/\/www.e2b-consulting.com\/en\/agence-growth-hacking-contactez-nous\/\">CONTACTEZ-NOUS.<\/a><\/strong><\/li>\n<\/ul>","protected":false},"featured_media":7639,"template":"","meta":[],"product_cat":[55,56,62,57,66,51],"product_tag":[],"class_list":{"0":"post-4627","1":"product","2":"type-product","3":"status-publish","4":"has-post-thumbnail","6":"product_cat-formateurs","7":"product_cat-formations","8":"product_cat-francais","9":"product_cat-kais-khnine","10":"product_cat-formation-en-linge","11":"product_cat-marketing","13":"first","14":"instock","15":"virtual","16":"product-type-simple"},"aioseo_notices":[],"_links":{"self":[{"href":"https:\/\/www.e2b-consulting.com\/en\/wp-json\/wp\/v2\/product\/4627"}],"collection":[{"href":"https:\/\/www.e2b-consulting.com\/en\/wp-json\/wp\/v2\/product"}],"about":[{"href":"https:\/\/www.e2b-consulting.com\/en\/wp-json\/wp\/v2\/types\/product"}],"wp:featuredmedia":[{"embeddable":true,"href":"https:\/\/www.e2b-consulting.com\/en\/wp-json\/wp\/v2\/media\/7639"}],"wp:attachment":[{"href":"https:\/\/www.e2b-consulting.com\/en\/wp-json\/wp\/v2\/media?parent=4627"}],"wp:term":[{"taxonomy":"product_cat","embeddable":true,"href":"https:\/\/www.e2b-consulting.com\/en\/wp-json\/wp\/v2\/product_cat?post=4627"},{"taxonomy":"product_tag","embeddable":true,"href":"https:\/\/www.e2b-consulting.com\/en\/wp-json\/wp\/v2\/product_tag?post=4627"}],"curies":[{"name":"wp","href":"https:\/\/api.w.org\/{rel}","templated":true}]}}