{"id":5348,"date":"2021-01-08T10:13:23","date_gmt":"2021-01-08T09:13:23","guid":{"rendered":"https:\/\/www.e2b-consulting.com\/?post_type=product&#038;p=5348"},"modified":"2025-03-06T22:41:13","modified_gmt":"2025-03-06T21:41:13","slug":"formation-mise-en-place-dun-plan-daction-digital-marketing","status":"publish","type":"product","link":"https:\/\/www.e2b-consulting.com\/en\/formations\/langues\/francais\/formation-mise-en-place-dun-plan-daction-digital-marketing\/","title":{"rendered":"Formation: Mise en place d&rsquo;un plan d&rsquo;action digital marketing"},"content":{"rendered":"<h2>Formation plan d&rsquo;action digital:<\/h2>\n<p><span style=\"font-weight: 400;\">Tout d\u2019abord la formation de la mise en place d&rsquo;un plan d&rsquo;action digital, vous permettra de conna\u00eetre tous les leviers du digital marketing <\/span><span style=\"font-weight: 400;\">afin de b\u00e2tir une strat\u00e9gie et un plan d\u2019action pour votre entreprise. <\/span><\/p>\n<p><span style=\"font-weight: 400;\">En premier lieu, la formation plan d&rsquo;action digitale vous donne la capacit\u00e9 de mettre en \u0153uvre un plan d\u2019action en coh\u00e9rence avec la strat\u00e9gie marketing d&rsquo;une entreprise. En deuxi\u00e8me lieu,<\/span><span style=\"font-weight: 400;\"> vous aider \u00e0 mettre en \u0153uvre un plan d&rsquo;action de communication<\/span><\/p>\n<p><span style=\"font-weight: 400;\">Ainsi, cette formation va vous aider \u00e0 mettre en \u0153uvre un plan d&rsquo;action de communication digitale en coh\u00e9rence avec la strat\u00e9gie marketing de l&rsquo;entreprise.<\/span><\/p>\n<h2>Objectifs de la formation: Formation plan d&rsquo;action digital<\/h2>\n<ul>\n<li>Mettre en place un Plan d&rsquo;action digital de votre entreprise<\/li>\n<li>Assimilate the particularities of digital marketing<\/li>\n<li>Connaitre les particularit\u00e9s de chaque axe de communication digital<\/li>\n<li>Know the latest trends in terms of digital marketing<\/li>\n<li>Savoir \u00e9valuer l&rsquo;int\u00e9r\u00eat de l&rsquo;utilisation d&rsquo;un axe plut\u00f4t qu&rsquo;un autre<\/li>\n<li>Savoir Mesurer les r\u00e9sultats de ses actions digitales<\/li>\n<li>Synchroniser les actions digitales sur les R\u00e9seaux sociaux<\/li>\n<\/ul>\n<h3>Programme de la formation plan d&rsquo;action digital:<\/h3>\n<h4>1 Introduction:<\/h4>\n<ul>\n<li>Pr\u00e9sentation<\/li>\n<li>Avantages du digital marketing<\/li>\n<\/ul>\n<h4>2 Analytics et calcul des ROI :<\/h4>\n<ul>\n<li>Fixation des objectifs mesurables<\/li>\n<li>D\u00e9finir les indicateurs de r\u00e9seaux<\/li>\n<\/ul>\n<h4>3 Commencer par un site web :<\/h4>\n<ul>\n<li>Qu\u2019est ce qui rend un site web efficace<\/li>\n<li>R\u00e8gles de d\u00e9veloppement et design<\/li>\n<li>Donn\u00e9es de mesure et d&rsquo;analyse de performance d\u2019un site web<\/li>\n<\/ul>\n<h4>4 Le Search et le Display Marketing :<\/h4>\n<ul>\n<li>Le search Marketing : les atouts pour la prospection digitale<\/li>\n<li>Comment \u00eatre visible sur les moteurs de recherche : SEO + SEA<\/li>\n<li>Le Display Marketing : les avantages pour la prospection digitale<\/li>\n<\/ul>\n<h4>5 Social Media Marketing : (Le marketing sur les r\u00e9seaux sociaux):<\/h4>\n<p>&nbsp;<\/p>\n<ul>\n<li>Pourquoi le contenu est roi ? :<\/li>\n<li>Elaborer un plan d\u2019action digital<\/li>\n<li>Le marketing sur Facebook et Instagram<\/li>\n<li>Le marketing sur Linkedin \u2026<\/li>\n<li>Le vid\u00e9o Marketing : impact des vid\u00e9os dans la publicit\u00e9<\/li>\n<li>Aper\u00e7u sur le m\u00e9tier du Community Manager<\/li>\n<\/ul>\n<h4>6 E-mail Marketing :<\/h4>\n<ul>\n<li>Comprendre l\u2019e-mail marketing<\/li>\n<li>Cr\u00e9er un e-mail marketing plan<\/li>\n<li>Les outils pour le lancement d\u2019une campagne d\u2019e-mailing r\u00e9ussie<\/li>\n<li>Les mesures de performance d\u2019une campagne d\u2019e-mailing<\/li>\n<\/ul>\n<h4>7 Content Marketing : le Marketing de Contenu<\/h4>\n<ul>\n<li>C\u2019est quoi le marketing de contenu ?<\/li>\n<li>comment cr\u00e9er votre strat\u00e9gie digital ?<\/li>\n<li>Cr\u00e9er un mod\u00e8le de planification de contenu<\/li>\n<li>Cr\u00e9er un blog : avantages 7. Mobile Marketing :<\/li>\n<li>C\u2019est quoi le mobile marketing ?<\/li>\n<li>Objectif : pourquoi l\u2019utiliser ?<\/li>\n<\/ul>\n<h4>8 Mise en place d&rsquo;un budget digital marketing :<\/h4>\n<ul>\n<li>Calculer un <a href=\"https:\/\/www.e2b-consulting.com\/en\/webinar-comment-calculer-budget-digital-marketing\/\">budget digital Marketing<\/a><\/li>\n<li>Calcul des ench\u00e8res<\/li>\n<\/ul>\n<h4>9 E-mail Marketing :<\/h4>\n<ul>\n<li>Comprendre l\u2019e-mail marketing<\/li>\n<li>Cr\u00e9er un e-mail marketing plan<\/li>\n<li>Les outils pour le lancement d\u2019une campagne d\u2019e-mailing r\u00e9ussie<\/li>\n<li>Les mesures de performance d\u2019une campagne d\u2019e-mailing<\/li>\n<li>Augmenter la conversion<\/li>\n<\/ul>\n<h4>10 Content Marketing : le Marketing de Contenu<\/h4>\n<ul>\n<li>Comment \u00e9laborer votre plan d&rsquo;action digital<\/li>\n<li>C\u2019est quoi le marketing de contenu ?<\/li>\n<li>Cr\u00e9er un mod\u00e8le de planification de contenu<\/li>\n<li>Cr\u00e9er un blog : avantages<\/li>\n<\/ul>\n<h4>11 Mobile Marketing :<\/h4>\n<ul>\n<li>C\u2019est quoi le mobile marketing ?<\/li>\n<li>Objectif : pourquoi l\u2019utiliser ?<\/li>\n<li>Comment l\u2019utiliser<\/li>\n<\/ul>\n<h4>12 Mise en place d&rsquo;un plan d&rsquo;action digital marketing :<\/h4>\n<ul>\n<li>Elaborer un plan d&rsquo;action communication digitale en coh\u00e9rence avec la strat\u00e9gie marketing\u00a0 de votre entreprise ou projet de e-commerce.<\/li>\n<\/ul>\n<p>Consultez le CV du formateur sur <a href=\"https:\/\/www.linkedin.com\/in\/kais-khenine-digital-marketing-facebook-e-commerce-formation-tunisie\/\">Linkedin<\/a><\/p>\n<p><script type=\"application\/ld+json\">\n    {\n      \"@context\": \"https:\/\/schema.org\",\n      \"@type\": \"Course\",\n      \"name\": \"les fondamentaux du marketing digital\",\n      \"description\": \"Ce cours vous permettra de ma\u00eetriser les fondamentaux du marketing num\u00e9rique. Concevoir et piloter une strat\u00e9gie marketing digital performante.\",\n      \"provider\": {\n        \"@type\": \"Organization\",\n        \"name\": \"E2b consulting and training\",\n        \"sameAs\": \"https:\/\/www.e2b-consulting.com\/\"\n      }\n    }\n    <\/script><\/p>","protected":false},"excerpt":{"rendered":"<p>Un plan d\u2019action est mat\u00e9rialis\u00e9 par des diff\u00e9rentes \u00e9tapes d\u2019analyse \u00e0 court et moyen terme, afin de d\u00e9finir des objectifs qualitatifs et quantitatifs, tout en tenant compte des canaux et m\u00e9dias pertinents pour votre cible.<\/p>\n<p><strong>Certification training<\/strong><\/p>\n<p><strong>Dur\u00e9e: 14 heures<\/strong><\/p>\n<p><strong>Choisissez la solution la plus adapt\u00e9e \u00e0 votre situation: Horaires\/ m\u00e9thode <\/strong>(En ligne &amp;<br \/>\nEn salle)<\/p>\n<p><strong>Enregistrement de la formation \u00e0 la demande<\/strong><\/p>\n<p>&nbsp;<\/p>\n<p><span style=\"font-weight: 400;\"><strong>Si vous souhaitez avoir des informations sur n\u2019importe quels services:<\/strong>\u00a0<\/span><\/p>\n<ul>\n<li style=\"font-weight: 400;\" aria-level=\"1\"><span style=\"font-weight: 400;\">Vous pouvez \u00e9galement nous contacter par t\u00e9l\u00e9phone : <strong>(+216) 36 361 552<\/strong><br \/>\n<strong>(+216) 21 233 192<\/strong><\/span><\/li>\n<li style=\"font-weight: 400;\" aria-level=\"1\">Ou n&rsquo;h\u00e9sitez pas \u00e0 remplir le formulaire : <strong><a href=\"https:\/\/www.e2b-consulting.com\/en\/agence-growth-hacking-contactez-nous\/\">CONTACTEZ-NOUS.<\/a><\/strong><\/li>\n<\/ul>","protected":false},"featured_media":7638,"template":"","meta":[],"product_cat":[62,57,65,51],"product_tag":[],"class_list":{"0":"post-5348","1":"product","2":"type-product","3":"status-publish","4":"has-post-thumbnail","6":"product_cat-francais","7":"product_cat-kais-khnine","8":"product_cat-type","9":"product_cat-marketing","11":"first","12":"instock","13":"virtual","14":"product-type-simple"},"aioseo_notices":[],"_links":{"self":[{"href":"https:\/\/www.e2b-consulting.com\/en\/wp-json\/wp\/v2\/product\/5348"}],"collection":[{"href":"https:\/\/www.e2b-consulting.com\/en\/wp-json\/wp\/v2\/product"}],"about":[{"href":"https:\/\/www.e2b-consulting.com\/en\/wp-json\/wp\/v2\/types\/product"}],"wp:featuredmedia":[{"embeddable":true,"href":"https:\/\/www.e2b-consulting.com\/en\/wp-json\/wp\/v2\/media\/7638"}],"wp:attachment":[{"href":"https:\/\/www.e2b-consulting.com\/en\/wp-json\/wp\/v2\/media?parent=5348"}],"wp:term":[{"taxonomy":"product_cat","embeddable":true,"href":"https:\/\/www.e2b-consulting.com\/en\/wp-json\/wp\/v2\/product_cat?post=5348"},{"taxonomy":"product_tag","embeddable":true,"href":"https:\/\/www.e2b-consulting.com\/en\/wp-json\/wp\/v2\/product_tag?post=5348"}],"curies":[{"name":"wp","href":"https:\/\/api.w.org\/{rel}","templated":true}]}}