{"id":5393,"date":"2021-02-23T15:45:37","date_gmt":"2021-02-23T14:45:37","guid":{"rendered":"https:\/\/www.e2b-consulting.com\/?post_type=product&#038;p=5393"},"modified":"2025-03-06T22:39:47","modified_gmt":"2025-03-06T21:39:47","slug":"parcours-certifiant-traffic-manager","status":"publish","type":"product","link":"https:\/\/www.e2b-consulting.com\/en\/formations\/langues\/francais\/parcours-certifiant-traffic-manager\/","title":{"rendered":"Training : Traffic Manager certification course"},"content":{"rendered":"<h2>Description:<\/h2>\n<p><span style=\"font-weight: 400;\">First of all, in this traffic manager certification course, composed of 3 levels, in addition to <a href=\"https:\/\/www.facebook.com\/business\/learn\">certify Facebook Blueprint<\/a>. <\/span><span style=\"font-weight: 400;\">Although, in this Trafic Manager certification course you will learn <a href=\"https:\/\/www.e2b-consulting.com\/en\/les-sources-dacquisition-des-clients-sur-le-web\/\">how to generate traffic on a website<\/a>The main levers of the market and also how to monitor and measure their performance: <a href=\"https:\/\/www.e2b-consulting.com\/en\/comment-etre-en-premiere-position-sur-google\/\">SEO<\/a>SEA, affiliation, emailing, marketplaces, comparison shopping, growth hacking, social networks, or influence marketing.<\/span><\/p>\n<h3><strong>Training content: Traffic Manager certification course<\/strong><\/h3>\n<h4><strong>Level1:<\/strong><\/h4>\n<p>As a last resort:<\/p>\n<ul>\n<li>Assimilate the particularities of digital marketing<\/li>\n<li>Know the latest trends in terms of digital marketing<\/li>\n<li>The content strategy<\/li>\n<li>Identify the place of the Community Manager<\/li>\n<li>Statistics and monitoring indicators: Case study<\/li>\n<li>Facebook Business manager<\/li>\n<li>Optimization of the Facebook page<\/li>\n<li>Analytics and ROI calculation<\/li>\n<li>Facebook ads manager<\/li>\n<\/ul>\n<h4><strong>Level 2:<\/strong><\/h4>\n<p>Secondly:<\/p>\n<ul>\n<li>Master the panorama of advertising on social networks and their specificities<\/li>\n<li>Learn about the different campaigns available for Facebook &amp; Instagram: bidding strategies, formats, targeting and locations<\/li>\n<li>\u00a0Programming your advertising with the advertising tools: Ad Manager, Power Editor, Creative Hub<\/li>\n<li>\u00a0Setting up an advertising campaign on social networks: budget, campaign period, bidding, ads<\/li>\n<li>\u00a0Practical workshop: creating a Facebook campaign step by step<\/li>\n<\/ul>\n<h4>Level 3:<\/h4>\n<p>Thirdly:<\/p>\n<ul>\n<li>Controlling the installation of pixels on websites<\/li>\n<li>Setting up events<\/li>\n<li>Creation of audiences from pixels: URL and website<\/li>\n<li>Implementation of a retargeting strategy<\/li>\n<li>Setting up monitoring reports<\/li>\n<li>Analyze conversions<\/li>\n<li>Using Facebook Analytics Practical workshop: Assistance in setting up and configuring pixels<\/li>\n<\/ul>\n<h3>Facebook Blueprint Certification:<\/h3>\n<p>In fact, Facebook takes its certification very seriously, so you can go beyond the proposed program and get your Blueprint certification and become certified by Facebook.<\/p>\n<p>In addition, the Blueprint certification attests to your advanced advertising skills on Facebook.<\/p>\n<h3>Ad Value:<\/h3>\n<p>In addition, the main strength of this program is the weekly sessions with a qualified trainer, although learners have the opportunity to ask questions specific to their company or sector, or to get help with any tricky topic.<\/p>","protected":false},"excerpt":{"rendered":"<p><span style=\"font-weight: 400;\">Apprenez \u00e0 d\u00e9celer les opportunit\u00e9s de votre march\u00e9 pour vendre plus, faire \u00e9voluer le flux et le chiffre d&rsquo;affaires. Simplement en ma\u00eetrisant la publicit\u00e9 sur Google Ads. Notre formation google Ads est une opportunit\u00e9 pour apprendre \u00e0 :<\/span><\/p>\n<p><span style=\"font-weight: 400;\">G\u00e9rer en toute autonomie vos campagnes \/ Trouver de nouveaux prospects \/ Utiliser les outils Google Ads \/ G\u00e9rer les emplacements propos\u00e9s par Google Ads \/ Ma\u00eetriser l\u2019interface Google Ads \/ Mesurer vos campagnes Ads avec Google Analytics etc.<\/span><\/p>\n<p><strong>Certification training<\/strong><\/p>\n<p><strong>Dur\u00e9e : 20H<\/strong><\/p>\n<p><strong>Choisissez la solution la plus adapt\u00e9e \u00e0 votre situation: Horaires\/ m\u00e9thode <\/strong>(en ligne &amp;<br \/>\nen salle)<\/p>\n<p><strong>Enregistrement de la formation \u00e0 la demande<\/strong><\/p>\n<p>&nbsp;<\/p>\n<p><strong>Si vous souhaitez avoir des informations sur n\u2019importe quels services:\u00a0<\/strong><\/p>\n<ul>\n<li style=\"font-weight: 400;\" aria-level=\"1\"><span style=\"font-weight: 400;\">Vous pouvez \u00e9galement nous contacter par t\u00e9l\u00e9phone : <strong>(+216) 36 361 552<\/strong><br \/>\n<strong>(+216) 21 233 192<\/strong><\/span><\/li>\n<li style=\"font-weight: 400;\" aria-level=\"1\"><span style=\"font-weight: 400;\">Ou n&rsquo;h\u00e9sitez pas \u00e0 remplir le formulaire : <\/span><strong><a href=\"https:\/\/www.e2b-consulting.com\/en\/agence-growth-hacking-contactez-nous\/\">CONTACT US<\/a><\/strong><\/li>\n<\/ul>\n<p>&nbsp;<\/p>","protected":false},"featured_media":7637,"template":"","meta":[],"product_cat":[62,57,65,51],"product_tag":[],"class_list":{"0":"post-5393","1":"product","2":"type-product","3":"status-publish","4":"has-post-thumbnail","6":"product_cat-francais","7":"product_cat-kais-khnine","8":"product_cat-type","9":"product_cat-marketing","11":"first","12":"instock","13":"virtual","14":"product-type-simple"},"aioseo_notices":[],"_links":{"self":[{"href":"https:\/\/www.e2b-consulting.com\/en\/wp-json\/wp\/v2\/product\/5393"}],"collection":[{"href":"https:\/\/www.e2b-consulting.com\/en\/wp-json\/wp\/v2\/product"}],"about":[{"href":"https:\/\/www.e2b-consulting.com\/en\/wp-json\/wp\/v2\/types\/product"}],"wp:featuredmedia":[{"embeddable":true,"href":"https:\/\/www.e2b-consulting.com\/en\/wp-json\/wp\/v2\/media\/7637"}],"wp:attachment":[{"href":"https:\/\/www.e2b-consulting.com\/en\/wp-json\/wp\/v2\/media?parent=5393"}],"wp:term":[{"taxonomy":"product_cat","embeddable":true,"href":"https:\/\/www.e2b-consulting.com\/en\/wp-json\/wp\/v2\/product_cat?post=5393"},{"taxonomy":"product_tag","embeddable":true,"href":"https:\/\/www.e2b-consulting.com\/en\/wp-json\/wp\/v2\/product_tag?post=5393"}],"curies":[{"name":"wp","href":"https:\/\/api.w.org\/{rel}","templated":true}]}}