{"id":5815,"date":"2021-11-03T15:06:00","date_gmt":"2021-11-03T14:06:00","guid":{"rendered":"https:\/\/www.e2b-consulting.com\/?post_type=product&#038;p=5815"},"modified":"2025-03-06T22:57:53","modified_gmt":"2025-03-06T21:57:53","slug":"formation-parcours-certifiant-les-fondamentaux-du-marketing-digital","status":"publish","type":"product","link":"https:\/\/www.e2b-consulting.com\/en\/formations\/langues\/francais\/formation-parcours-certifiant-les-fondamentaux-du-marketing-digital\/","title":{"rendered":"Training : Digital Marketing Fundamentals Certification Course"},"content":{"rendered":"<p><span style=\"font-weight: 400;\">La certification des fondamentaux du marketing num\u00e9rique permet de vous donner les comp\u00e9tences de diriger \u00e0 l\u2019\u00e8re digitale et d&rsquo;\u00eatre capables de concevoir et de mettre en \u0153uvre des strat\u00e9gies innovantes et des plans d&rsquo;action de communication digitale.<\/span><\/p>\n<p><span style=\"font-weight: 400;\">Tout d\u2019abord, le<\/span><a href=\"https:\/\/www.journaldunet.fr\/web-tech\/dictionnaire-du-webmastering\/1203541-referencement-definition-traduction\/\"> <span style=\"font-weight: 400;\">r\u00e9f\u00e9rencement<\/span><\/a><span style=\"font-weight: 400;\">, l&rsquo; emailing, l&rsquo;achat des mots-cl\u00e9s, les banni\u00e8res et les m\u00e9dias sociaux, sont des leviers de marketing digital ainsi il peut \u00eatre difficile de savoir quoi choisir et comment. Mais, en tant que professionnel vous \u00eates amen\u00e9 \u00e0 savoir utiliser les bons axes du digital marketing et de s\u2019organiser pour am\u00e9liorer ses performances.<\/span><\/p>\n<p><span style=\"font-weight: 400;\">D&rsquo;ailleurs, cette formation, vous permettra de comprendre l\u2019ensemble des leviers du digital marketing. Ainsi de pouvoir choisir quelles actions pour atteindre votre objectif, Toutefois en ma\u00eetrisant son budget.<\/span><\/p>\n<p><span style=\"font-weight: 400;\">En revanche les objectifs de la formation parcours certifiant des fondamentaux du marketing digital sont:<\/span><\/p>\n<p><span style=\"font-weight: 400;\">Assimiler les particularit\u00e9s du marketing digital et conna\u00eetre les particularit\u00e9s de chaque axe de communication digital. En suite, connaitre les derni\u00e8res tendances en termes de Marketing digital et savoir mesurer les r\u00e9sultats de ses actions digitales.<\/span><\/p>\n<h2>Parcours certifiant des fondamentaux du marketing digital<\/h2>\n<div class=\"bt_bb_wrapper\">\n<p>Voici le programme de la formation:<\/p>\n<p>&nbsp;<\/p>\n<\/div>\n<div class=\"bt_bb_wrapper\">\n<h3>1\/ Introduction:<\/h3>\n<ul>\n<li>Pr\u00e9sentation des fondamentaux du marketing num\u00e9rique<\/li>\n<li>Avantages\u00a0des fondamentaux du marketing num\u00e9rique<\/li>\n<\/ul>\n<p>&nbsp;<\/p>\n<h3>2\/ Analytics et calcul des ROI :<\/h3>\n<ul>\n<li>Fixation des objectifs mesurables<\/li>\n<li>D\u00e9finir les indicateurs de r\u00e9seaux<\/li>\n<\/ul>\n<p>&nbsp;<\/p>\n<h3>3\/ Commencer par un site web :<\/h3>\n<ul>\n<li>Qu\u2019est ce qui rend un site web efficace<\/li>\n<li>R\u00e8gles de d\u00e9veloppement et design<\/li>\n<li>Donn\u00e9es de mesure et d\u2019analyse de performance d\u2019un site web<\/li>\n<\/ul>\n<p>&nbsp;<\/p>\n<h3>4\/ Le Search et le Display Marketing :<\/h3>\n<ul>\n<li>Le search Marketing, les atouts pour la prospection digitale<\/li>\n<li>Comment \u00eatre visible sur les moteurs de recherche : SEO + SEA<\/li>\n<li>Le Display Marketing, les avantages pour la prospection digitale<\/li>\n<\/ul>\n<p>&nbsp;<\/p>\n<h3>5\/ Social Media Marketing :<\/h3>\n<p>Le marketing sur les r\u00e9seaux sociaux comme, Facebook, Instagram et LinkedIn&#8230;<\/p>\n<ul>\n<li>Pourquoi le contenu est roi ?<\/li>\n<li>Elaborer un plan d&rsquo;action de communication digitale<\/li>\n<li>Le vid\u00e9o Marketing ainsi l&rsquo;impact des vid\u00e9os dans la publicit\u00e9<\/li>\n<li>Aper\u00e7u sur le m\u00e9tier du Community Manager<\/li>\n<\/ul>\n<p>&nbsp;<\/p>\n<h3>6\/ E-mail Marketing :<\/h3>\n<ul>\n<li>Comprendre l\u2019e-mail marketing<\/li>\n<li>Cr\u00e9er un e-mail marketing plan<\/li>\n<li>Les outils pour le lancement d\u2019une campagne d\u2019e-mailing r\u00e9ussie<\/li>\n<li>Les mesures de performance d\u2019une campagne d\u2019e-mailing<\/li>\n<\/ul>\n<p>&nbsp;<\/p>\n<h3>7\/ Content Marketing :<\/h3>\n<ul>\n<li>C\u2019est quoi le marketing de contenu ?<\/li>\n<li>Cr\u00e9er un mod\u00e8le de planification de contenu<\/li>\n<li>Cr\u00e9er un blog<\/li>\n<\/ul>\n<p>&nbsp;<\/p>\n<h3>8\/ Mise en place d\u2019un budget digital marketing :<\/h3>\n<ul>\n<li>Calculer le <a href=\"https:\/\/www.e2b-consulting.com\/en\/webinar-comment-calculer-budget-digital-marketing\/\">budget du digital Marketing<\/a><\/li>\n<li>Calcul des ench\u00e8res<\/li>\n<\/ul>\n<p>&nbsp;<\/p>\n<h3>9\/ E-mail Marketing :<\/h3>\n<ul>\n<li>Cr\u00e9er un e-mail marketing plan<\/li>\n<li>Les outils pour le lancement d\u2019une campagne d\u2019e-mailing r\u00e9ussie<\/li>\n<li>Les mesures de performance d\u2019une campagne d\u2019e-mailing<\/li>\n<\/ul>\n<p>&nbsp;<\/p>\n<h3>10\/ Content Marketing :<\/h3>\n<ul>\n<li>C\u2019est quoi le marketing de contenu ?<\/li>\n<li>Cr\u00e9er un mod\u00e8le de planification de contenu<\/li>\n<li>Cr\u00e9er un blog : avantages<\/li>\n<\/ul>\n<p>&nbsp;<\/p>\n<h3>11\/ Mobile Marketing :<\/h3>\n<ul>\n<li>C\u2019est quoi le mobile marketing ?<\/li>\n<li>Objectif du mobile marketing: pourquoi l\u2019utiliser ?<\/li>\n<li>Comment utiliser le mobile marketing<\/li>\n<\/ul>\n<p>&nbsp;<\/p>\n<h3>12\/ Finalement: La mise en place d\u2019un budget du plan d&rsquo;action de communication digitale<\/h3>\n<ul>\n<li>Calculer le budget du plan d&rsquo;action de communication digitale<\/li>\n<li>Calcul des ench\u00e8res<\/li>\n<\/ul>\n<\/div>","protected":false},"excerpt":{"rendered":"<p><span style=\"font-weight: 400;\">Ancr\u00e9 dans la pratique, mettre en place une strat\u00e9gie marketing, commence par adopter une d\u00e9marche digitale B2B et B2C au moyen d\u2019outils marketing afin de d\u00e9velopper et am\u00e9liorer les performances de votre activit\u00e9 gr\u00e2ce \u00e0 diverses m\u00e9thodologies pratiques tel que : r\u00e9f\u00e9rencement, mailing, achat de mots-cl\u00e9s, banni\u00e8res, m\u00e9dias sociaux, cr\u00e9ation de contenu, community management.<\/span><\/p>\n<p><strong>Certification training<\/strong><\/p>\n<p><strong>Choisissez la solution la plus adapt\u00e9e \u00e0 votre situation: Horaire\/ m\u00e9thode <\/strong>(En ligne &amp;<br \/>\nEn salle)<\/p>\n<p><strong>Dur\u00e9e : 20H<\/strong><\/p>\n<p><strong>Enregistrement de la formation \u00e0 la demande<\/strong><\/p>\n<p>&nbsp;<\/p>\n<header class=\"bt_bb_headline bt_bb_size_normal bt_bb_superheadline\" data-bt-override-class=\"{}\"><span style=\"font-weight: 400;\"><strong>Si vous souhaitez avoir des informations sur n\u2019importe quels services:<\/strong>\u00a0<\/span><\/p>\n<ul>\n<li style=\"font-weight: 400;\" aria-level=\"1\"><span style=\"font-weight: 400;\">Vous pouvez \u00e9galement nous contacter par t\u00e9l\u00e9phone : <strong>(+216) 36 361 552<\/strong><br \/>\n<strong>(+216) 21 233 192<\/strong><\/span><\/li>\n<li style=\"font-weight: 400;\" aria-level=\"1\">Ou n&rsquo;h\u00e9sitez pas \u00e0 remplir le formulaire : <strong><a href=\"https:\/\/www.e2b-consulting.com\/en\/agence-growth-hacking-contactez-nous\/\">CONTACTEZ-NOUS.<\/a><\/strong><\/li>\n<\/ul>\n<\/header>","protected":false},"featured_media":7636,"template":"","meta":[],"product_cat":[62,57,65,51],"product_tag":[],"class_list":{"0":"post-5815","1":"product","2":"type-product","3":"status-publish","4":"has-post-thumbnail","6":"product_cat-francais","7":"product_cat-kais-khnine","8":"product_cat-type","9":"product_cat-marketing","11":"first","12":"instock","13":"virtual","14":"product-type-simple"},"aioseo_notices":[],"_links":{"self":[{"href":"https:\/\/www.e2b-consulting.com\/en\/wp-json\/wp\/v2\/product\/5815"}],"collection":[{"href":"https:\/\/www.e2b-consulting.com\/en\/wp-json\/wp\/v2\/product"}],"about":[{"href":"https:\/\/www.e2b-consulting.com\/en\/wp-json\/wp\/v2\/types\/product"}],"wp:featuredmedia":[{"embeddable":true,"href":"https:\/\/www.e2b-consulting.com\/en\/wp-json\/wp\/v2\/media\/7636"}],"wp:attachment":[{"href":"https:\/\/www.e2b-consulting.com\/en\/wp-json\/wp\/v2\/media?parent=5815"}],"wp:term":[{"taxonomy":"product_cat","embeddable":true,"href":"https:\/\/www.e2b-consulting.com\/en\/wp-json\/wp\/v2\/product_cat?post=5815"},{"taxonomy":"product_tag","embeddable":true,"href":"https:\/\/www.e2b-consulting.com\/en\/wp-json\/wp\/v2\/product_tag?post=5815"}],"curies":[{"name":"wp","href":"https:\/\/api.w.org\/{rel}","templated":true}]}}