{"id":6087,"date":"2022-02-09T13:24:30","date_gmt":"2022-02-09T12:24:30","guid":{"rendered":"https:\/\/www.e2b-consulting.com\/?post_type=product&#038;p=6087"},"modified":"2025-04-01T21:45:04","modified_gmt":"2025-04-01T19:45:04","slug":"formation-google-analytics-ameliorez-votre-site-et-s-en-rentabilisez-vos-actions","status":"publish","type":"product","link":"https:\/\/www.e2b-consulting.com\/en\/formations\/langues\/francais\/formation-google-analytics-ameliorez-votre-site-et-s-en-rentabilisez-vos-actions\/","title":{"rendered":"Formation : Google Analytics 4: am\u00e9liorez votre site et rentabilisez vos actions"},"content":{"rendered":"<h2><strong>Contenu \u00a0de formation\u00a0:<\/strong><\/h2>\n<p>Cette formation <a href=\"https:\/\/www.pure-illusion.com\/lexique\/definition-de-google-analytics\">Google analytics<\/a> vous permet de comprendre et d&rsquo;interpr\u00e9ter les r\u00e9sultats de la mesure d&rsquo;audience pour renforcer l&rsquo;efficacit\u00e9 de vos <a href=\"https:\/\/www.e2b-consulting.com\/en\/cinq-astuces-pour-booster-votre-campagne-publicitaire\/\">campagnes on-line, <\/a>savoir comment les internautes arrivent sur votre site, tracer leur parcours et voir ce qui les int\u00e9resse, pour am\u00e9liorer le trafic et rentabiliser votre site.<\/p>\n<p>Voil\u00e0 l&rsquo;enjeu du web analytics : qualifier vos visiteurs et transformer vos prospects en clients. Cette formation sera \u00e9galement une aide utile en vue de passer la certification Google analytics.<\/p>\n<p>&nbsp;<\/p>\n<h2>Objectifs de la formation :<\/h2>\n<ul>\n<li>Exploiter Google Analytics pour am\u00e9liorer les performances de son site Web.<\/li>\n<li>D\u00e9finir les Indicateurs Cl\u00e9s de Performance (KPI).<\/li>\n<\/ul>\n<h2>Programme de la formation :<\/h2>\n<h3>1. Introduction:<\/h3>\n<ul>\n<li>AvantUn autodiagnostic.Pendant- En groupe 1 \u2013* Les Indicateurs Cl\u00e9s de Performance (KPI)<\/li>\n<li>D\u00e9finir les objectifs.<\/li>\n<li>Les indicateurs de performance.<\/li>\n<li>Calcul du Retour sur Investissement<\/li>\n<\/ul>\n<h3>2.\u00a0D\u00e9ploiement de l&rsquo;outil Google Analytics :<\/h3>\n<ul>\n<li>\u00a0Marquage des contenus, des actions, des conversions.<\/li>\n<li>Marquage des campagnes publicitaires ; des r\u00e9seaux sociaux ; des sites et applications mobiles.<\/li>\n<\/ul>\n<h3>3. Google Analytics G4 :<\/h3>\n<ul>\n<li>Google Analytics G4 : un outil centr\u00e9 sur le cycle de vie du client.<\/li>\n<li>Passer de Universal Analytics \u00e0 G4.<\/li>\n<li>Les nouveaux outils de tracking.<\/li>\n<li>Le temps r\u00e9el.<\/li>\n<\/ul>\n<h3>4. Fonctionnalit\u00e9s avanc\u00e9es :<\/h3>\n<ul>\n<li>Plan de taggage.<\/li>\n<li>Segments personnalis\u00e9s ; alertes ; vues et filtres.<\/li>\n<li>Variables et valeurs personnalis\u00e9es ; DataLayers.<\/li>\n<\/ul>\n<h3>5. Mise en place du reporting :<\/h3>\n<ul>\n<li>Rapports automatiques, tableaux de bord.<\/li>\n<li>Format, fr\u00e9quence d&rsquo;envoi, p\u00e9riode d&rsquo;analyse.<\/li>\n<li>Personnaliser les reportings<\/li>\n<\/ul>\n<h3>6. Statistiques et actions correctives :<\/h3>\n<ul>\n<li>Optimiser ses campagnes.<\/li>\n<li>Augmenter le taux de conversion et le funnel.<\/li>\n<li>Apr\u00e8s &#8211; Mise en \u0153uvre en situation de travail.<\/li>\n<\/ul>\n<h3>12. Evalution :<\/h3>\n<ul>\n<li>\u00c9valuation des comp\u00e9tences acquises via un questionnaire int\u00e9grant des mises en situation.<\/li>\n<\/ul>\n<h4 class=\"bt_bb_wrapper\">Les points forts de la formation :<\/h4>\n<ul>\n<li>Une s\u00e9lection des meilleures solutions de web analytics.<\/li>\n<li>Une formation tr\u00e8s op\u00e9rationnelle : vous exploitez imm\u00e9diatement les techniques de la mesure d&rsquo;audience.<\/li>\n<\/ul>\n<h4>Public Cible :<\/h4>\n<ul>\n<li>Responsable marketing et communication<\/li>\n<li>Toute personne en charge d\u2019un site ou d\u2019une activit\u00e9 sur le web<\/li>\n<\/ul>\n<p>&nbsp;<\/p>\n<p><span style=\"font-weight: 400;\">Nous vous recontacterons dans les plus brefs d\u00e9lais.<\/span><\/p>\n<ul>\n<li><span style=\"font-weight: 400;\">Contactez-nous par t\u00e9l\u00e9phone : (+216) 36 361 552<br \/>\n(+216) 21 233 192<\/span><\/li>\n<\/ul>","protected":false},"excerpt":{"rendered":"<p><strong>Certification training<\/strong><\/p>\n<p><strong>Dur\u00e9e : 20 heures\u00a0<\/strong><\/p>\n<p><strong>Choisissez la solution la plus adapt\u00e9e \u00e0 votre situation: <\/strong>Horaire\/ m\u00e9thode (en ligne &amp; en salle)<\/p>\n<p>&nbsp;<\/p>\n<header class=\"bt_bb_headline bt_bb_size_normal bt_bb_superheadline\" data-bt-override-class=\"{}\"><strong>Si vous souhaitez avoir des informations sur n\u2019importe quels services:\u00a0<\/strong><\/p>\n<ul>\n<li style=\"font-weight: 400;\" aria-level=\"1\"><span style=\"font-weight: 400;\">Vous pouvez \u00e9galement nous contacter par t\u00e9l\u00e9phone : <strong>(+216) 36 361 552<\/strong><br \/>\n<strong>(+216) 21 233 192<\/strong><\/span><\/li>\n<li style=\"font-weight: 400;\" aria-level=\"1\">Ou n&rsquo;h\u00e9sitez pas \u00e0 remplir le formulaire : <strong><a href=\"https:\/\/www.e2b-consulting.com\/en\/agence-growth-hacking-contactez-nous\/\">CONTACTEZ-NOUS.<\/a><\/strong><\/li>\n<\/ul>\n<p>&nbsp;<\/p>\n<\/header>","protected":false},"featured_media":7572,"template":"","meta":[],"product_cat":[62,57,65,51],"product_tag":[],"class_list":{"0":"post-6087","1":"product","2":"type-product","3":"status-publish","4":"has-post-thumbnail","6":"product_cat-francais","7":"product_cat-kais-khnine","8":"product_cat-type","9":"product_cat-marketing","11":"first","12":"instock","13":"virtual","14":"purchasable","15":"product-type-simple"},"aioseo_notices":[],"_links":{"self":[{"href":"https:\/\/www.e2b-consulting.com\/en\/wp-json\/wp\/v2\/product\/6087"}],"collection":[{"href":"https:\/\/www.e2b-consulting.com\/en\/wp-json\/wp\/v2\/product"}],"about":[{"href":"https:\/\/www.e2b-consulting.com\/en\/wp-json\/wp\/v2\/types\/product"}],"wp:featuredmedia":[{"embeddable":true,"href":"https:\/\/www.e2b-consulting.com\/en\/wp-json\/wp\/v2\/media\/7572"}],"wp:attachment":[{"href":"https:\/\/www.e2b-consulting.com\/en\/wp-json\/wp\/v2\/media?parent=6087"}],"wp:term":[{"taxonomy":"product_cat","embeddable":true,"href":"https:\/\/www.e2b-consulting.com\/en\/wp-json\/wp\/v2\/product_cat?post=6087"},{"taxonomy":"product_tag","embeddable":true,"href":"https:\/\/www.e2b-consulting.com\/en\/wp-json\/wp\/v2\/product_tag?post=6087"}],"curies":[{"name":"wp","href":"https:\/\/api.w.org\/{rel}","templated":true}]}}